{"id":914,"date":"2026-04-07T01:31:59","date_gmt":"2026-04-07T01:31:59","guid":{"rendered":"https:\/\/www.segasanitary.com\/?post_type=product&#038;p=914"},"modified":"2026-04-07T01:50:19","modified_gmt":"2026-04-07T01:50:19","slug":"black-bathroom-wash-basin-wholesale","status":"publish","type":"product","link":"https:\/\/www.segasanitary.com\/pt\/product\/black-bathroom-wash-basin-wholesale\/","title":{"rendered":"Lavat\u00f3rio de casa de banho preto por atacado, lavat\u00f3rio de casa de banho com textura de diamante patenteado para Boutique Fornecedor de hot\u00e9is"},"content":{"rendered":"<div class=\"wp-block-columns is-layout-flex wp-container-core-columns-is-layout-9d6595d7 wp-block-columns-is-layout-flex\">\n<div class=\"wp-block-column is-vertically-aligned-center is-layout-flow wp-block-column-is-layout-flow\">\n<h2 class=\"wp-block-heading\">Lavat\u00f3rio de casa de banho preto Carater\u00edsticas:<\/h2>\n\n\n\n<p><strong>Solu\u00e7\u00e3o de instala\u00e7\u00e3o flutuante suspensa na parede:<\/strong> A estrutura de montagem oculta aumenta a abertura do espa\u00e7o e simplifica a limpeza do ch\u00e3o, tornando-a ideal para espa\u00e7os compactos e casas de banho comerciais modernas.<\/p>\n\n\n\n<p><strong>Esmalte anti-manchas preto mate avan\u00e7ado:<\/strong> Superf\u00edcie mate refinada com excelente resist\u00eancia a impress\u00f5es digitais, calc\u00e1rio e marcas de \u00e1gua - resolvendo os problemas de manuten\u00e7\u00e3o comuns dos produtos de cer\u00e2mica escura.<\/p>\n\n\n\n<p><strong>Fachada geom\u00e9trica patenteada com corte de diamante:<\/strong> O design facetado 3D distinto cria uma forte presen\u00e7a arquitet\u00f3nica, ajudando os seus produtos a destacarem-se e a evitarem a concorr\u00eancia de baixo pre\u00e7o, ao mesmo tempo que suportam margens de retalho mais elevadas.<\/p>\n\n\n\n<p><strong>Constru\u00e7\u00e3o refor\u00e7ada com paredes espessas:<\/strong> A espessura actualizada da bacia melhora a estabilidade estrutural e o desempenho de suporte de carga, garantindo a fiabilidade a longo prazo ap\u00f3s a instala\u00e7\u00e3o na parede.<\/p>\n\n\n\n<p><strong>Arestas lisas maquinadas com precis\u00e3o:<\/strong> Os pormenores dos bordos afiados, mas arredondados, proporcionam tens\u00e3o visual e seguran\u00e7a para o utilizador, reflectindo a elevada precis\u00e3o dos moldes e a qualidade artesanal.<\/p>\n\n\n\n<p><strong>Pre\u00e7os por atacado diretos da f\u00e1brica:<\/strong> Elimine os custos interm\u00e9dios e melhore as suas margens de lucro com pre\u00e7os competitivos a granel diretamente do fabricante de lou\u00e7a sanit\u00e1ria SEGA.<\/p>\n<\/div>\n\n\n\n<div class=\"wp-block-column is-layout-flow wp-block-column-is-layout-flow\">\n<figure class=\"wp-block-image size-full\"><img decoding=\"async\" width=\"800\" height=\"800\" src=\"https:\/\/www.segasanitary.com\/wp-content\/uploads\/2026\/04\/Black-Bathroom-Wash-Basin-Wholesale-Patent-Diamond-Textured-Bathroom-Sink-for-Boutique-Supplier-Hotels-P-7074W.webp\" alt=\"Lavat\u00f3rio de casa de banho preto Lavat\u00f3rio de casa de banho com textura de diamante patenteado para hot\u00e9is fornecedores de boutique P-7074W\" class=\"wp-image-916\" srcset=\"https:\/\/www.segasanitary.com\/wp-content\/uploads\/2026\/04\/Black-Bathroom-Wash-Basin-Wholesale-Patent-Diamond-Textured-Bathroom-Sink-for-Boutique-Supplier-Hotels-P-7074W.webp 800w, https:\/\/www.segasanitary.com\/wp-content\/uploads\/2026\/04\/Black-Bathroom-Wash-Basin-Wholesale-Patent-Diamond-Textured-Bathroom-Sink-for-Boutique-Supplier-Hotels-P-7074W-300x300.webp 300w, https:\/\/www.segasanitary.com\/wp-content\/uploads\/2026\/04\/Black-Bathroom-Wash-Basin-Wholesale-Patent-Diamond-Textured-Bathroom-Sink-for-Boutique-Supplier-Hotels-P-7074W-150x150.webp 150w, https:\/\/www.segasanitary.com\/wp-content\/uploads\/2026\/04\/Black-Bathroom-Wash-Basin-Wholesale-Patent-Diamond-Textured-Bathroom-Sink-for-Boutique-Supplier-Hotels-P-7074W-768x768.webp 768w, https:\/\/www.segasanitary.com\/wp-content\/uploads\/2026\/04\/Black-Bathroom-Wash-Basin-Wholesale-Patent-Diamond-Textured-Bathroom-Sink-for-Boutique-Supplier-Hotels-P-7074W-12x12.webp 12w, https:\/\/www.segasanitary.com\/wp-content\/uploads\/2026\/04\/Black-Bathroom-Wash-Basin-Wholesale-Patent-Diamond-Textured-Bathroom-Sink-for-Boutique-Supplier-Hotels-P-7074W-600x600.webp 600w, https:\/\/www.segasanitary.com\/wp-content\/uploads\/2026\/04\/Black-Bathroom-Wash-Basin-Wholesale-Patent-Diamond-Textured-Bathroom-Sink-for-Boutique-Supplier-Hotels-P-7074W-100x100.webp 100w\" sizes=\"(max-width: 800px) 100vw, 800px\" \/><\/figure>\n<\/div>\n<\/div>","protected":false},"excerpt":{"rendered":"<p>Lavat\u00f3rio de casa de banho preto por atacado com esmalte mate anti-impress\u00e3o digital, design de montagem na parede e estrutura de f\u00e1cil limpeza, reduzindo a manuten\u00e7\u00e3o para ambientes de tr\u00e1fego intenso. Fornecimento do fabricante SEGA. Contacte-nos para obter or\u00e7amentos por grosso e op\u00e7\u00f5es de personaliza\u00e7\u00e3o.<\/p>\n<h2>Especifica\u00e7\u00f5es do produto:<\/h2>\n<table>\n<tbody>\n<tr>\n<td><strong>Atributo<\/strong><\/td>\n<td>\u00a0<span data-path-to-node=\"13,0,1,0\">Especifica\u00e7\u00e3o<\/span><\/td>\n<\/tr>\n<tr>\n<td><strong>Modelo<\/strong><\/td>\n<td>\u00a0P-7074W<\/td>\n<\/tr>\n<tr>\n<td><strong>Tipo de produto<\/strong><\/td>\n<td>\u00a0<span data-path-to-node=\"21,1,1,0\">Lavat\u00f3rio suspenso \/ lavat\u00f3rio flutuante<\/span><\/td>\n<\/tr>\n<tr>\n<td><strong>Material<\/strong><\/td>\n<td>\u00a0Cer\u00e2mica<\/td>\n<\/tr>\n<tr>\n<td><strong>Cor<\/strong><\/td>\n<td>\u00a0Preto mate (cores personalizadas dispon\u00edveis)<\/td>\n<\/tr>\n<tr>\n<td><strong>Instala\u00e7\u00e3o<\/strong><\/td>\n<td>\u00a0Montagem na parede<\/td>\n<\/tr>\n<tr>\n<td><strong>Tamanho do produto<\/strong><\/td>\n<td>\u00a0420 \u00d7 360 \u00d7 430 mm<\/td>\n<\/tr>\n<\/tbody>\n<\/table>","protected":false},"featured_media":915,"comment_status":"closed","ping_status":"closed","template":"","meta":{"_acf_changed":false},"product_brand":[],"product_cat":[49],"product_tag":[],"class_list":{"0":"post-914","1":"product","2":"type-product","3":"status-publish","4":"has-post-thumbnail","6":"product_cat-designer-sanitary-ware","8":"first","9":"instock","10":"shipping-taxable","11":"product-type-simple"},"acf":[],"_links":{"self":[{"href":"https:\/\/www.segasanitary.com\/pt\/wp-json\/wp\/v2\/product\/914","targetHints":{"allow":["GET"]}}],"collection":[{"href":"https:\/\/www.segasanitary.com\/pt\/wp-json\/wp\/v2\/product"}],"about":[{"href":"https:\/\/www.segasanitary.com\/pt\/wp-json\/wp\/v2\/types\/product"}],"replies":[{"embeddable":true,"href":"https:\/\/www.segasanitary.com\/pt\/wp-json\/wp\/v2\/comments?post=914"}],"wp:featuredmedia":[{"embeddable":true,"href":"https:\/\/www.segasanitary.com\/pt\/wp-json\/wp\/v2\/media\/915"}],"wp:attachment":[{"href":"https:\/\/www.segasanitary.com\/pt\/wp-json\/wp\/v2\/media?parent=914"}],"wp:term":[{"taxonomy":"product_brand","embeddable":true,"href":"https:\/\/www.segasanitary.com\/pt\/wp-json\/wp\/v2\/product_brand?post=914"},{"taxonomy":"product_cat","embeddable":true,"href":"https:\/\/www.segasanitary.com\/pt\/wp-json\/wp\/v2\/product_cat?post=914"},{"taxonomy":"product_tag","embeddable":true,"href":"https:\/\/www.segasanitary.com\/pt\/wp-json\/wp\/v2\/product_tag?post=914"}],"curies":[{"name":"wp","href":"https:\/\/api.w.org\/{rel}","templated":true}]}}