{"id":910,"date":"2026-04-07T01:07:45","date_gmt":"2026-04-07T01:07:45","guid":{"rendered":"https:\/\/www.segasanitary.com\/?post_type=product&#038;p=910"},"modified":"2026-04-07T01:24:33","modified_gmt":"2026-04-07T01:24:33","slug":"custom-black-one-piece-toilet","status":"publish","type":"product","link":"https:\/\/www.segasanitary.com\/pt\/product\/custom-black-one-piece-toilet\/","title":{"rendered":"Sanita monobloco preta personalizada, sanita sif\u00f3nica mate de luxo a granel"},"content":{"rendered":"<div class=\"wp-block-columns is-layout-flex wp-container-core-columns-is-layout-9d6595d7 wp-block-columns-is-layout-flex\">\n<div class=\"wp-block-column is-vertically-aligned-center is-layout-flow wp-block-column-is-layout-flow\">\n<h2 class=\"wp-block-heading\">Sanita de uma pe\u00e7a preta Carater\u00edsticas:<\/h2>\n\n\n\n<p><strong>Desenho geom\u00e9trico poli\u00e9drico patenteado<\/strong>: Um exterior 3D \u00fanico com facetas de diamante aumenta a profundidade visual e a exclusividade, ajudando os seus produtos a destacarem-se em mercados competitivos.<\/p>\n\n\n\n<p><strong>Nano Glaze grafite mate<\/strong>: Esmalte mate de alta temperatura com uma textura tipo pedra que resiste a impress\u00f5es digitais, manchas de \u00e1gua e marcas de \u00f3leo - ideal para casas de banho de tons escuros.<\/p>\n\n\n\n<p><strong>Sistema de lavagem sif\u00f3nico Jet<\/strong>: O sif\u00e3o assistido por jato de grande di\u00e2metro permite uma remo\u00e7\u00e3o potente, eficaz e completa dos res\u00edduos com um risco reduzido de entupimento.<\/p>\n\n\n\n<p><strong>Corpo em cer\u00e2mica totalmente vitrificada<\/strong>: A cer\u00e2mica ultra-densa com baixa absor\u00e7\u00e3o de \u00e1gua garante uma durabilidade a longo prazo, anti-rachaduras e resist\u00eancia ao odor.<\/p>\n\n\n\n<p><strong>UF Cobertura de assento de fecho suave:<\/strong> Assento dur\u00e1vel em ureia-formalde\u00eddo com resist\u00eancia a riscos e fun\u00e7\u00e3o silenciosa de fecho suave para maior conforto e longevidade do utilizador.<\/p>\n\n\n\n<p><strong>Sistema de controlo de qualidade rigoroso:<\/strong> O processo abrangente de controlo de qualidade da SEGA, desde as mat\u00e9rias-primas at\u00e9 aos produtos acabados, garante uma qualidade consistente, durabilidade e conformidade com as normas internacionais.<\/p>\n\n\n\n<p><\/p>\n<\/div>\n\n\n\n<div class=\"wp-block-column is-layout-flow wp-block-column-is-layout-flow\">\n<figure class=\"wp-block-image size-full\"><img decoding=\"async\" width=\"800\" height=\"800\" src=\"https:\/\/www.segasanitary.com\/wp-content\/uploads\/2026\/04\/Custom-Black-One-Piece-Toilet-Luxury-Matte-Siphonic-Toilet-in-Bulk-M-9174-1.webp\" alt=\"Sanita monobloco preta personalizada, sanita sif\u00f3nica mate de luxo a granel M-9174\" class=\"wp-image-912\" srcset=\"https:\/\/www.segasanitary.com\/wp-content\/uploads\/2026\/04\/Custom-Black-One-Piece-Toilet-Luxury-Matte-Siphonic-Toilet-in-Bulk-M-9174-1.webp 800w, https:\/\/www.segasanitary.com\/wp-content\/uploads\/2026\/04\/Custom-Black-One-Piece-Toilet-Luxury-Matte-Siphonic-Toilet-in-Bulk-M-9174-1-300x300.webp 300w, https:\/\/www.segasanitary.com\/wp-content\/uploads\/2026\/04\/Custom-Black-One-Piece-Toilet-Luxury-Matte-Siphonic-Toilet-in-Bulk-M-9174-1-150x150.webp 150w, https:\/\/www.segasanitary.com\/wp-content\/uploads\/2026\/04\/Custom-Black-One-Piece-Toilet-Luxury-Matte-Siphonic-Toilet-in-Bulk-M-9174-1-768x768.webp 768w, https:\/\/www.segasanitary.com\/wp-content\/uploads\/2026\/04\/Custom-Black-One-Piece-Toilet-Luxury-Matte-Siphonic-Toilet-in-Bulk-M-9174-1-12x12.webp 12w, https:\/\/www.segasanitary.com\/wp-content\/uploads\/2026\/04\/Custom-Black-One-Piece-Toilet-Luxury-Matte-Siphonic-Toilet-in-Bulk-M-9174-1-600x600.webp 600w, https:\/\/www.segasanitary.com\/wp-content\/uploads\/2026\/04\/Custom-Black-One-Piece-Toilet-Luxury-Matte-Siphonic-Toilet-in-Bulk-M-9174-1-100x100.webp 100w\" sizes=\"(max-width: 800px) 100vw, 800px\" \/><\/figure>\n<\/div>\n<\/div>","protected":false},"excerpt":{"rendered":"<p>Sanita preta personalizada de uma s\u00f3 pe\u00e7a com design geom\u00e9trico patenteado, acabamento em grafite mate e descarga sif\u00f3nica potente para um desempenho superior. Ideal para hot\u00e9is de luxo e projectos comerciais. Contacte-nos agora para obter pre\u00e7os diretos de f\u00e1brica e solu\u00e7\u00f5es personalizadas.<\/p>\n<h2>Especifica\u00e7\u00f5es do produto:<\/h2>\n<table>\n<tbody>\n<tr>\n<td><strong>Atributo<\/strong><\/td>\n<td>\u00a0<span data-path-to-node=\"13,0,1,0\">Especifica\u00e7\u00e3o<\/span><\/td>\n<\/tr>\n<tr>\n<td><strong>Modelo<\/strong><\/td>\n<td><span data-path-to-node=\"13,1,1,0\">\u00a0M-9174<\/span><\/td>\n<\/tr>\n<tr>\n<td><strong>Tipo de produto<\/strong><\/td>\n<td><span data-path-to-node=\"22,1,1,0\">\u00a0Sanita de uma pe\u00e7a sem rebordo<\/span><\/td>\n<\/tr>\n<tr>\n<td><strong>Material<\/strong><\/td>\n<td>\u00a0Cer\u00e2mica<\/td>\n<\/tr>\n<tr>\n<td><strong>Cor<\/strong><\/td>\n<td>\u00a0Preto mate (cores personalizadas dispon\u00edveis)<\/td>\n<\/tr>\n<tr>\n<td><strong>Sistema de lavagem<\/strong><\/td>\n<td>\u00a0<span data-path-to-node=\"13,9,1,0\">Lavagem sem aro<\/span><\/td>\n<\/tr>\n<tr>\n<td><strong>Tamanho do produto<\/strong><\/td>\n<td>\u00a0620 \u00d7 355 \u00d7 800 mm<\/td>\n<\/tr>\n<tr>\n<td><strong>Centros de fixa\u00e7\u00e3o<\/strong><\/td>\n<td>\n<p>S-trap,250mm Desbaste<\/p>\n<p>Coletor em P, 180 mm Desbaste<\/p>\n<\/td>\n<\/tr>\n<tr>\n<td><strong>Tipo de instala\u00e7\u00e3o<\/strong><\/td>\n<td>\u00a0<span data-path-to-node=\"13,9,1,0\">Montagem no ch\u00e3o<\/span><\/td>\n<\/tr>\n<\/tbody>\n<\/table>","protected":false},"featured_media":911,"comment_status":"closed","ping_status":"closed","template":"","meta":{"_acf_changed":false},"product_brand":[],"product_cat":[49],"product_tag":[],"class_list":{"0":"post-910","1":"product","2":"type-product","3":"status-publish","4":"has-post-thumbnail","6":"product_cat-designer-sanitary-ware","8":"first","9":"instock","10":"shipping-taxable","11":"product-type-simple"},"acf":[],"_links":{"self":[{"href":"https:\/\/www.segasanitary.com\/pt\/wp-json\/wp\/v2\/product\/910","targetHints":{"allow":["GET"]}}],"collection":[{"href":"https:\/\/www.segasanitary.com\/pt\/wp-json\/wp\/v2\/product"}],"about":[{"href":"https:\/\/www.segasanitary.com\/pt\/wp-json\/wp\/v2\/types\/product"}],"replies":[{"embeddable":true,"href":"https:\/\/www.segasanitary.com\/pt\/wp-json\/wp\/v2\/comments?post=910"}],"wp:featuredmedia":[{"embeddable":true,"href":"https:\/\/www.segasanitary.com\/pt\/wp-json\/wp\/v2\/media\/911"}],"wp:attachment":[{"href":"https:\/\/www.segasanitary.com\/pt\/wp-json\/wp\/v2\/media?parent=910"}],"wp:term":[{"taxonomy":"product_brand","embeddable":true,"href":"https:\/\/www.segasanitary.com\/pt\/wp-json\/wp\/v2\/product_brand?post=910"},{"taxonomy":"product_cat","embeddable":true,"href":"https:\/\/www.segasanitary.com\/pt\/wp-json\/wp\/v2\/product_cat?post=910"},{"taxonomy":"product_tag","embeddable":true,"href":"https:\/\/www.segasanitary.com\/pt\/wp-json\/wp\/v2\/product_tag?post=910"}],"curies":[{"name":"wp","href":"https:\/\/api.w.org\/{rel}","templated":true}]}}