{"id":907,"date":"2026-04-06T06:09:19","date_gmt":"2026-04-06T06:09:19","guid":{"rendered":"https:\/\/www.segasanitary.com\/?post_type=product&#038;p=907"},"modified":"2026-04-07T01:06:38","modified_gmt":"2026-04-07T01:06:38","slug":"wall-mount-toilet-wholesale","status":"publish","type":"product","link":"https:\/\/www.segasanitary.com\/pt\/product\/wall-mount-toilet-wholesale\/","title":{"rendered":"Sanita de montagem na parede por atacado, sanita de cer\u00e2mica com textura de diamante com acabamento mate para fornecedores de projectos"},"content":{"rendered":"<div class=\"wp-block-columns is-layout-flex wp-container-core-columns-is-layout-9d6595d7 wp-block-columns-is-layout-flex\">\n<div class=\"wp-block-column is-vertically-aligned-center is-layout-flow wp-block-column-is-layout-flow\">\n<h2 class=\"wp-block-heading\">Sanita de montagem na parede Carater\u00edsticas:<\/h2>\n\n\n\n<p><strong>Corpo com geometria de diamante patenteada exclusiva:<\/strong> O exterior geom\u00e9trico 3D cria uma est\u00e9tica industrial impressionante, elevando o design da casa de banho e evitando a concorr\u00eancia de pre\u00e7os baixos.<\/p>\n\n\n\n<p><strong>Esmalte de veludo preto mate de qualidade superior:<\/strong> O acabamento mate suave complementa os interiores modernos de estilo escuro ou de cimento, resistindo a impress\u00f5es digitais e manchas.<\/p>\n\n\n\n<p><strong>Potente sistema de descarga sif\u00f3nica:<\/strong> O jato de sif\u00e3o de alta efici\u00eancia garante uma remo\u00e7\u00e3o r\u00e1pida, silenciosa e completa dos res\u00edduos com um risco m\u00ednimo de entupimento.<\/p>\n\n\n\n<p><strong>Cer\u00e2mica totalmente vitrificada a alta temperatura:<\/strong> A cer\u00e2mica ultra-densa com baixa absor\u00e7\u00e3o de \u00e1gua garante uma durabilidade a longo prazo, resist\u00eancia \u00e0s manchas e preven\u00e7\u00e3o de fissuras.<\/p>\n\n\n\n<p><strong>Design de saia completa f\u00e1cil de limpar:<\/strong> A saia de uma s\u00f3 pe\u00e7a sem costuras esconde o al\u00e7ap\u00e3o, elimina os cantos de sujidade e reduz o tempo de limpeza para hot\u00e9is e espa\u00e7os p\u00fablicos.<\/p>\n\n\n\n<p><strong>Suporte \u00e0 personaliza\u00e7\u00e3o do fabricante:<\/strong> Fornecimento direto da f\u00e1brica com op\u00e7\u00f5es OEM\/ODM para tamanho, cor, log\u00f3tipo e embalagem para satisfazer os requisitos do projeto e da marca.<\/p>\n<\/div>\n\n\n\n<div class=\"wp-block-column is-layout-flow wp-block-column-is-layout-flow\">\n<figure class=\"wp-block-image size-full\"><img decoding=\"async\" width=\"800\" height=\"800\" src=\"https:\/\/www.segasanitary.com\/wp-content\/uploads\/2026\/04\/Toilet-One-Piece-Wholesale-Matte-Finish-Diamond-Textured-Ceramic-Toilet-for-Projects-Supplier-D-4174W.webp\" alt=\"Sanita de uma pe\u00e7a por atacado, sanita de cer\u00e2mica com acabamento mate e textura de diamante para projectos Fornecedor D-4174W\" class=\"wp-image-908\" srcset=\"https:\/\/www.segasanitary.com\/wp-content\/uploads\/2026\/04\/Toilet-One-Piece-Wholesale-Matte-Finish-Diamond-Textured-Ceramic-Toilet-for-Projects-Supplier-D-4174W.webp 800w, https:\/\/www.segasanitary.com\/wp-content\/uploads\/2026\/04\/Toilet-One-Piece-Wholesale-Matte-Finish-Diamond-Textured-Ceramic-Toilet-for-Projects-Supplier-D-4174W-300x300.webp 300w, https:\/\/www.segasanitary.com\/wp-content\/uploads\/2026\/04\/Toilet-One-Piece-Wholesale-Matte-Finish-Diamond-Textured-Ceramic-Toilet-for-Projects-Supplier-D-4174W-150x150.webp 150w, https:\/\/www.segasanitary.com\/wp-content\/uploads\/2026\/04\/Toilet-One-Piece-Wholesale-Matte-Finish-Diamond-Textured-Ceramic-Toilet-for-Projects-Supplier-D-4174W-768x768.webp 768w, https:\/\/www.segasanitary.com\/wp-content\/uploads\/2026\/04\/Toilet-One-Piece-Wholesale-Matte-Finish-Diamond-Textured-Ceramic-Toilet-for-Projects-Supplier-D-4174W-12x12.webp 12w, https:\/\/www.segasanitary.com\/wp-content\/uploads\/2026\/04\/Toilet-One-Piece-Wholesale-Matte-Finish-Diamond-Textured-Ceramic-Toilet-for-Projects-Supplier-D-4174W-600x600.webp 600w, https:\/\/www.segasanitary.com\/wp-content\/uploads\/2026\/04\/Toilet-One-Piece-Wholesale-Matte-Finish-Diamond-Textured-Ceramic-Toilet-for-Projects-Supplier-D-4174W-100x100.webp 100w\" sizes=\"(max-width: 800px) 100vw, 800px\" \/><\/figure>\n<\/div>\n<\/div>","protected":false},"excerpt":{"rendered":"<p>Sanita de parede por atacado com design patenteado de geometria de diamante, acabamento em veludo cinzento mate, descarga sif\u00f3nica potente e cer\u00e2mica totalmente vitrificada de alta temperatura. Dur\u00e1vel, f\u00e1cil de limpar, ideal para hot\u00e9is e projectos. Contactar para encomendas a granel e personaliza\u00e7\u00e3o.<\/p>\n<h2>Especifica\u00e7\u00f5es do produto:<\/h2>\n<table>\n<tbody>\n<tr>\n<td><strong>Atributo<\/strong><\/td>\n<td>\u00a0<span data-path-to-node=\"13,0,1,0\">Especifica\u00e7\u00e3o<\/span><\/td>\n<\/tr>\n<tr>\n<td><strong>Modelo<\/strong><\/td>\n<td><span data-path-to-node=\"13,1,1,0\">D-4174W<\/span><\/td>\n<\/tr>\n<tr>\n<td><strong>Tipo de produto<\/strong><\/td>\n<td><span data-path-to-node=\"22,1,1,0\">Sanita suspensa \/ flutuante<\/span><\/td>\n<\/tr>\n<tr>\n<td><strong>Material<\/strong><\/td>\n<td>Cer\u00e2mica<\/td>\n<\/tr>\n<tr>\n<td><strong>Cor<\/strong><\/td>\n<td>Preto mate (cores personalizadas dispon\u00edveis)<\/td>\n<\/tr>\n<tr>\n<td><strong>Sistema de lavagem<\/strong><\/td>\n<td>\u00a0<span data-path-to-node=\"13,9,1,0\">Lavagem sem aro<\/span><\/td>\n<\/tr>\n<tr>\n<td><strong>Tamanho do produto<\/strong><\/td>\n<td>520 \u00d7 360 \u00d7 370 mm<\/td>\n<\/tr>\n<tr>\n<td><strong>Centros de fixa\u00e7\u00e3o<\/strong><\/td>\n<td>180 mm (padr\u00e3o)<\/td>\n<\/tr>\n<tr>\n<td><strong>Tipo de instala\u00e7\u00e3o<\/strong><\/td>\n<td>Suspens\u00e3o \/ Montagem na parede<\/td>\n<\/tr>\n<\/tbody>\n<\/table>","protected":false},"featured_media":909,"comment_status":"closed","ping_status":"closed","template":"","meta":{"_acf_changed":false},"product_brand":[],"product_cat":[49],"product_tag":[],"class_list":{"0":"post-907","1":"product","2":"type-product","3":"status-publish","4":"has-post-thumbnail","6":"product_cat-designer-sanitary-ware","8":"first","9":"instock","10":"shipping-taxable","11":"product-type-simple"},"acf":[],"_links":{"self":[{"href":"https:\/\/www.segasanitary.com\/pt\/wp-json\/wp\/v2\/product\/907","targetHints":{"allow":["GET"]}}],"collection":[{"href":"https:\/\/www.segasanitary.com\/pt\/wp-json\/wp\/v2\/product"}],"about":[{"href":"https:\/\/www.segasanitary.com\/pt\/wp-json\/wp\/v2\/types\/product"}],"replies":[{"embeddable":true,"href":"https:\/\/www.segasanitary.com\/pt\/wp-json\/wp\/v2\/comments?post=907"}],"wp:featuredmedia":[{"embeddable":true,"href":"https:\/\/www.segasanitary.com\/pt\/wp-json\/wp\/v2\/media\/909"}],"wp:attachment":[{"href":"https:\/\/www.segasanitary.com\/pt\/wp-json\/wp\/v2\/media?parent=907"}],"wp:term":[{"taxonomy":"product_brand","embeddable":true,"href":"https:\/\/www.segasanitary.com\/pt\/wp-json\/wp\/v2\/product_brand?post=907"},{"taxonomy":"product_cat","embeddable":true,"href":"https:\/\/www.segasanitary.com\/pt\/wp-json\/wp\/v2\/product_cat?post=907"},{"taxonomy":"product_tag","embeddable":true,"href":"https:\/\/www.segasanitary.com\/pt\/wp-json\/wp\/v2\/product_tag?post=907"}],"curies":[{"name":"wp","href":"https:\/\/api.w.org\/{rel}","templated":true}]}}