{"id":904,"date":"2026-04-06T03:05:48","date_gmt":"2026-04-06T03:05:48","guid":{"rendered":"https:\/\/www.segasanitary.com\/?post_type=product&#038;p=904"},"modified":"2026-04-06T03:24:41","modified_gmt":"2026-04-06T03:24:41","slug":"bathroom-wash-basin-wholesale","status":"publish","type":"product","link":"https:\/\/www.segasanitary.com\/pt\/product\/bathroom-wash-basin-wholesale\/","title":{"rendered":"Lavat\u00f3rio de casa de banho por atacado, lavat\u00f3rio de bancada de superf\u00edcie de diamante preto mate de luxo personalizado"},"content":{"rendered":"<div class=\"wp-block-columns is-layout-flex wp-container-core-columns-is-layout-9d6595d7 wp-block-columns-is-layout-flex\">\n<div class=\"wp-block-column is-vertically-aligned-center is-layout-flow wp-block-column-is-layout-flow\">\n<h2 class=\"wp-block-heading\">Lavat\u00f3rio Carater\u00edsticas:<\/h2>\n\n\n\n<p><strong>Design exclusivo e patenteado de corte de diamante:<\/strong> O exterior geom\u00e9trico 3D \u00fanico com facetas semelhantes a diamantes melhora a reflex\u00e3o espacial da luz, ajudando os seus produtos a destacarem-se num mercado de lou\u00e7a sanit\u00e1ria altamente competitivo.<\/p>\n\n\n\n<p><strong>Acabamento Premium em preto mate:<\/strong> O revestimento preto mate de alta qualidade proporciona uma est\u00e9tica moderna e resiste a impress\u00f5es digitais, riscos e desgaste di\u00e1rio.<\/p>\n\n\n\n<p><strong>Cer\u00e2mica cozida a alta temperatura:<\/strong> Produzido com vitrifica\u00e7\u00e3o a alta temperatura para uma dureza superior, baixa absor\u00e7\u00e3o de \u00e1gua, desempenho anti-rachaduras e estabilidade de cor duradoura.<\/p>\n\n\n\n<p><strong>F\u00e1cil instala\u00e7\u00e3o do recipiente:<\/strong> O design acima do balc\u00e3o requer apenas uma abertura de drenagem padr\u00e3o, simplificando a instala\u00e7\u00e3o e exibindo a apar\u00eancia completa da bacia.<\/p>\n\n\n\n<p><strong>Borda fina com estrutura de bacia profunda:<\/strong> As arestas ultra-finas e suaves combinadas com uma profundidade optimizada reduzem os salpicos, mantendo um aspeto limpo e requintado.<\/p>\n\n\n\n<p><strong>Suporte \u00e0 personaliza\u00e7\u00e3o OEM\/ODM:<\/strong> Fabricante direto da f\u00e1brica que oferece personaliza\u00e7\u00e3o flex\u00edvel em termos de tamanho, cor, log\u00f3tipo e embalagem para satisfazer as necessidades de projectos e marcas a granel.<\/p>\n<\/div>\n\n\n\n<div class=\"wp-block-column is-layout-flow wp-block-column-is-layout-flow\">\n<figure class=\"wp-block-image size-full\"><img decoding=\"async\" width=\"800\" height=\"800\" src=\"https:\/\/www.segasanitary.com\/wp-content\/uploads\/2026\/04\/Bathroom-Wash-Basin-Wholesale-Luxury-Matte-Black-Diamond-Surface-Countertop-Basin-Custom-5174.webp\" alt=\"Lavat\u00f3rio de casa de banho por atacado, lavat\u00f3rio de bancada de superf\u00edcie de diamante preto mate de luxo personalizado 5174\" class=\"wp-image-906\" srcset=\"https:\/\/www.segasanitary.com\/wp-content\/uploads\/2026\/04\/Bathroom-Wash-Basin-Wholesale-Luxury-Matte-Black-Diamond-Surface-Countertop-Basin-Custom-5174.webp 800w, https:\/\/www.segasanitary.com\/wp-content\/uploads\/2026\/04\/Bathroom-Wash-Basin-Wholesale-Luxury-Matte-Black-Diamond-Surface-Countertop-Basin-Custom-5174-300x300.webp 300w, https:\/\/www.segasanitary.com\/wp-content\/uploads\/2026\/04\/Bathroom-Wash-Basin-Wholesale-Luxury-Matte-Black-Diamond-Surface-Countertop-Basin-Custom-5174-150x150.webp 150w, https:\/\/www.segasanitary.com\/wp-content\/uploads\/2026\/04\/Bathroom-Wash-Basin-Wholesale-Luxury-Matte-Black-Diamond-Surface-Countertop-Basin-Custom-5174-768x768.webp 768w, https:\/\/www.segasanitary.com\/wp-content\/uploads\/2026\/04\/Bathroom-Wash-Basin-Wholesale-Luxury-Matte-Black-Diamond-Surface-Countertop-Basin-Custom-5174-12x12.webp 12w, https:\/\/www.segasanitary.com\/wp-content\/uploads\/2026\/04\/Bathroom-Wash-Basin-Wholesale-Luxury-Matte-Black-Diamond-Surface-Countertop-Basin-Custom-5174-600x600.webp 600w, https:\/\/www.segasanitary.com\/wp-content\/uploads\/2026\/04\/Bathroom-Wash-Basin-Wholesale-Luxury-Matte-Black-Diamond-Surface-Countertop-Basin-Custom-5174-100x100.webp 100w\" sizes=\"(max-width: 800px) 100vw, 800px\" \/><\/figure>\n<\/div>\n<\/div>\n\n\n\n<p><\/p>","protected":false},"excerpt":{"rendered":"<p>Lavat\u00f3rio de casa de banho por atacado com design patenteado de corte em diamante, acabamento em preto mate e cer\u00e2mica de alta temperatura para maior durabilidade e apelo moderno. Ideal para hot\u00e9is e projectos de topo de gama. Contacte-nos para obter pre\u00e7os a granel e op\u00e7\u00f5es de personaliza\u00e7\u00e3o.\u00a0<\/p>\n<h2>Especifica\u00e7\u00f5es do produto:<\/h2>\n<table>\n<tbody>\n<tr>\n<td><strong>Atributo<\/strong><\/td>\n<td>\u00a0<span data-path-to-node=\"13,0,1,0\">Especifica\u00e7\u00e3o<\/span><\/td>\n<\/tr>\n<tr>\n<td><strong>Modelo<\/strong><\/td>\n<td>5174<\/td>\n<\/tr>\n<tr>\n<td><strong>Tipo de produto<\/strong><\/td>\n<td>\u00a0<span data-path-to-node=\"21,1,1,0\">Lavat\u00f3rio suspenso \/ lavat\u00f3rio flutuante<\/span><\/td>\n<\/tr>\n<tr>\n<td><strong>Material<\/strong><\/td>\n<td>\u00a0Cer\u00e2mica<\/td>\n<\/tr>\n<tr>\n<td><strong>Cor<\/strong><\/td>\n<td>\u00a0Preto mate (cores personalizadas dispon\u00edveis)<\/td>\n<\/tr>\n<tr>\n<td><strong>Instala\u00e7\u00e3o<\/strong><\/td>\n<td>\u00a0Montagem na parede<\/td>\n<\/tr>\n<tr>\n<td><strong>Tamanho do produto<\/strong><\/td>\n<td>\u00a0600 \u00d7 350 \u00d7 110 mm<\/td>\n<\/tr>\n<\/tbody>\n<\/table>","protected":false},"featured_media":905,"comment_status":"closed","ping_status":"closed","template":"","meta":{"_acf_changed":false},"product_brand":[],"product_cat":[49],"product_tag":[],"class_list":{"0":"post-904","1":"product","2":"type-product","3":"status-publish","4":"has-post-thumbnail","6":"product_cat-designer-sanitary-ware","8":"first","9":"instock","10":"shipping-taxable","11":"product-type-simple"},"acf":[],"_links":{"self":[{"href":"https:\/\/www.segasanitary.com\/pt\/wp-json\/wp\/v2\/product\/904","targetHints":{"allow":["GET"]}}],"collection":[{"href":"https:\/\/www.segasanitary.com\/pt\/wp-json\/wp\/v2\/product"}],"about":[{"href":"https:\/\/www.segasanitary.com\/pt\/wp-json\/wp\/v2\/types\/product"}],"replies":[{"embeddable":true,"href":"https:\/\/www.segasanitary.com\/pt\/wp-json\/wp\/v2\/comments?post=904"}],"wp:featuredmedia":[{"embeddable":true,"href":"https:\/\/www.segasanitary.com\/pt\/wp-json\/wp\/v2\/media\/905"}],"wp:attachment":[{"href":"https:\/\/www.segasanitary.com\/pt\/wp-json\/wp\/v2\/media?parent=904"}],"wp:term":[{"taxonomy":"product_brand","embeddable":true,"href":"https:\/\/www.segasanitary.com\/pt\/wp-json\/wp\/v2\/product_brand?post=904"},{"taxonomy":"product_cat","embeddable":true,"href":"https:\/\/www.segasanitary.com\/pt\/wp-json\/wp\/v2\/product_cat?post=904"},{"taxonomy":"product_tag","embeddable":true,"href":"https:\/\/www.segasanitary.com\/pt\/wp-json\/wp\/v2\/product_tag?post=904"}],"curies":[{"name":"wp","href":"https:\/\/api.w.org\/{rel}","templated":true}]}}