{"id":902,"date":"2026-04-02T07:13:12","date_gmt":"2026-04-02T07:13:12","guid":{"rendered":"https:\/\/www.segasanitary.com\/?post_type=product&#038;p=902"},"modified":"2026-04-02T07:32:19","modified_gmt":"2026-04-02T07:32:19","slug":"custom-made-bathroom-mirrors","status":"publish","type":"product","link":"https:\/\/www.segasanitary.com\/pt\/product\/custom-made-bathroom-mirrors\/","title":{"rendered":"Espelhos de casa de banho feitos \u00e0 medida com luzes LED retroiluminadas, Fornecedor de espelhos redondos modernos"},"content":{"rendered":"<div class=\"wp-block-columns is-layout-flex wp-container-core-columns-is-layout-9d6595d7 wp-block-columns-is-layout-flex\">\n<div class=\"wp-block-column is-vertically-aligned-center is-layout-flow wp-block-column-is-layout-flow\">\n<h2 class=\"wp-block-heading\">Espelhos de casa de banho Carater\u00edsticas:<\/h2>\n\n\n\n<p><strong>Design circular cl\u00e1ssico:<\/strong> A forma redonda com linhas simples, oferece uma est\u00e9tica moderna e elegante, perfeita para qualquer disposi\u00e7\u00e3o de casa de banho.<\/p>\n\n\n\n<p><strong>Luz de fundo suave de anel completo:<\/strong> O LED oculto emite uma luz suave e difusa para um efeito flutuante, melhorando o ambiente da casa de banho sem encandeamento.<\/p>\n\n\n\n<p><strong>Espelho prateado sem cobre e amigo do ambiente:<\/strong> O prateado altamente refletor e de cor real com revestimento anti-oxida\u00e7\u00e3o evita os bordos pretos, garantindo a durabilidade em ambientes h\u00famidos.<\/p>\n\n\n\n<p><strong>Ilumina\u00e7\u00e3o anti-embaciamento e regul\u00e1vel com um s\u00f3 toque:<\/strong> Os controlos t\u00e1cteis integrados com pel\u00edcula de aquecimento PET proporcionam um desembaciamento instant\u00e2neo e uma regula\u00e7\u00e3o progressiva da intensidade da luz para uma atmosfera personaliz\u00e1vel.<\/p>\n\n\n\n<p><strong>Seguran\u00e7a Constru\u00e7\u00e3o \u00e0 prova de explos\u00e3o:<\/strong> A pel\u00edcula de seguran\u00e7a de elevada dureza mant\u00e9m os fragmentos de vidro aderentes em caso de impacto, cumprindo as normas de seguran\u00e7a comerciais e de engenharia.<\/p>\n\n\n\n<p><strong>Personaliza\u00e7\u00e3o flex\u00edvel:<\/strong> O fornecimento direto da f\u00e1brica da SEGA suporta a personaliza\u00e7\u00e3o do tamanho, forma, ilumina\u00e7\u00e3o e log\u00f3tipo, permitindo que os compradores B2B criem solu\u00e7\u00f5es de espelhos redondos personalizados de forma eficiente.<\/p>\n<\/div>\n\n\n\n<div class=\"wp-block-column is-layout-flow wp-block-column-is-layout-flow\">\n<figure class=\"wp-block-image size-full\"><img decoding=\"async\" width=\"800\" height=\"800\" src=\"https:\/\/www.segasanitary.com\/wp-content\/uploads\/2026\/04\/custom-made-bathroom-mirrors-with-led-lights-round-supplier-Y-003.webp\" alt=\"espelhos de casa de banho personalizados com luzes LED fornecedor redondo Y-003\" class=\"wp-image-903\" srcset=\"https:\/\/www.segasanitary.com\/wp-content\/uploads\/2026\/04\/custom-made-bathroom-mirrors-with-led-lights-round-supplier-Y-003.webp 800w, https:\/\/www.segasanitary.com\/wp-content\/uploads\/2026\/04\/custom-made-bathroom-mirrors-with-led-lights-round-supplier-Y-003-300x300.webp 300w, https:\/\/www.segasanitary.com\/wp-content\/uploads\/2026\/04\/custom-made-bathroom-mirrors-with-led-lights-round-supplier-Y-003-150x150.webp 150w, https:\/\/www.segasanitary.com\/wp-content\/uploads\/2026\/04\/custom-made-bathroom-mirrors-with-led-lights-round-supplier-Y-003-768x768.webp 768w, https:\/\/www.segasanitary.com\/wp-content\/uploads\/2026\/04\/custom-made-bathroom-mirrors-with-led-lights-round-supplier-Y-003-12x12.webp 12w, https:\/\/www.segasanitary.com\/wp-content\/uploads\/2026\/04\/custom-made-bathroom-mirrors-with-led-lights-round-supplier-Y-003-600x600.webp 600w, https:\/\/www.segasanitary.com\/wp-content\/uploads\/2026\/04\/custom-made-bathroom-mirrors-with-led-lights-round-supplier-Y-003-100x100.webp 100w\" sizes=\"(max-width: 800px) 100vw, 800px\" \/><\/figure>\n<\/div>\n<\/div>","protected":false},"excerpt":{"rendered":"<p>Espelhos de casa de banho personalizados com um design redondo, luz de fundo LED suave, superf\u00edcie anti-oxida\u00e7\u00e3o sem cobre e anti-embaciamento de um toque com ilumina\u00e7\u00e3o regul\u00e1vel. Seguro, dur\u00e1vel e direto da f\u00e1brica com OEM\/ODM, ideal para projectos hoteleiros, dom\u00e9sticos e comerciais. Contacte-nos para obter or\u00e7amentos por grosso!<\/p>\n<h2>Especifica\u00e7\u00f5es do produto:<\/h2>\n<table>\n<tbody>\n<tr>\n<td><strong>Atributo<\/strong><\/td>\n<td>\u00a0<span data-path-to-node=\"13,0,1,0\">Especifica\u00e7\u00e3o<\/span><\/td>\n<\/tr>\n<tr>\n<td><strong>Modelo<\/strong><\/td>\n<td>\u00a0Y-003<\/td>\n<\/tr>\n<tr>\n<td><strong>Tipo de produto<\/strong><\/td>\n<td>\u00a0<span data-path-to-node=\"22,2,1,0\">Espelho de casa de banho LED inteligente<\/span><\/td>\n<\/tr>\n<tr>\n<td><strong>Material<\/strong><\/td>\n<td>\u00a0Espelho HD Silver sem cobre<\/td>\n<\/tr>\n<tr>\n<td><strong>Forma<\/strong><\/td>\n<td>\u00a0Redondo<\/td>\n<\/tr>\n<tr>\n<td><strong>Moldura<\/strong><\/td>\n<td>\u00a0Estrutura em acr\u00edlico \/ Estrutura em liga de alum\u00ednio<\/td>\n<\/tr>\n<tr>\n<td><strong>Modo de ilumina\u00e7\u00e3o<\/strong><\/td>\n<td>\u00a0<span data-path-to-node=\"22,3,1,0\">Ilumina\u00e7\u00e3o frontal + ilumina\u00e7\u00e3o traseira (brilho duplo)<\/span><\/td>\n<\/tr>\n<tr>\n<td><strong>Fun\u00e7\u00f5es<\/strong><\/td>\n<td>Anti-embaciamento, regul\u00e1vel, CCT ajust\u00e1vel<\/td>\n<\/tr>\n<tr>\n<td><strong>\u00c0 prova de \u00e1gua<\/strong><\/td>\n<td>\u00a0<span data-path-to-node=\"22,8,1,0\">Classifica\u00e7\u00e3o IP44<\/span><\/td>\n<\/tr>\n<\/tbody>\n<\/table>","protected":false},"featured_media":903,"comment_status":"closed","ping_status":"closed","template":"","meta":{"_acf_changed":false},"product_brand":[],"product_cat":[19,36,37],"product_tag":[],"class_list":{"0":"post-902","1":"product","2":"type-product","3":"status-publish","4":"has-post-thumbnail","6":"product_cat-wholesale-bathroom-mirror","7":"product_cat-custom-framed-mirror","8":"product_cat-wholesale-round-mirrors","10":"first","11":"instock","12":"shipping-taxable","13":"product-type-simple"},"acf":[],"_links":{"self":[{"href":"https:\/\/www.segasanitary.com\/pt\/wp-json\/wp\/v2\/product\/902","targetHints":{"allow":["GET"]}}],"collection":[{"href":"https:\/\/www.segasanitary.com\/pt\/wp-json\/wp\/v2\/product"}],"about":[{"href":"https:\/\/www.segasanitary.com\/pt\/wp-json\/wp\/v2\/types\/product"}],"replies":[{"embeddable":true,"href":"https:\/\/www.segasanitary.com\/pt\/wp-json\/wp\/v2\/comments?post=902"}],"wp:featuredmedia":[{"embeddable":true,"href":"https:\/\/www.segasanitary.com\/pt\/wp-json\/wp\/v2\/media\/903"}],"wp:attachment":[{"href":"https:\/\/www.segasanitary.com\/pt\/wp-json\/wp\/v2\/media?parent=902"}],"wp:term":[{"taxonomy":"product_brand","embeddable":true,"href":"https:\/\/www.segasanitary.com\/pt\/wp-json\/wp\/v2\/product_brand?post=902"},{"taxonomy":"product_cat","embeddable":true,"href":"https:\/\/www.segasanitary.com\/pt\/wp-json\/wp\/v2\/product_cat?post=902"},{"taxonomy":"product_tag","embeddable":true,"href":"https:\/\/www.segasanitary.com\/pt\/wp-json\/wp\/v2\/product_tag?post=902"}],"curies":[{"name":"wp","href":"https:\/\/api.w.org\/{rel}","templated":true}]}}