{"id":899,"date":"2026-04-02T06:53:51","date_gmt":"2026-04-02T06:53:51","guid":{"rendered":"https:\/\/www.segasanitary.com\/?post_type=product&#038;p=899"},"modified":"2026-04-02T07:08:20","modified_gmt":"2026-04-02T07:08:20","slug":"custom-toilet-one-piece","status":"publish","type":"product","link":"https:\/\/www.segasanitary.com\/pt\/product\/custom-toilet-one-piece\/","title":{"rendered":"Sanita Personalizada Sanita de cer\u00e2mica integrada moderna de uma pe\u00e7a com assento de fecho suave a granel"},"content":{"rendered":"<div class=\"wp-block-columns is-layout-flex wp-container-core-columns-is-layout-9d6595d7 wp-block-columns-is-layout-flex\">\n<div class=\"wp-block-column is-vertically-aligned-center is-layout-flow wp-block-column-is-layout-flow\">\n<h2 class=\"wp-block-heading\">Sanita personalizada de uma s\u00f3 pe\u00e7a Carater\u00edsticas:<\/h2>\n\n\n\n<p><strong>Potente sistema de descarga sif\u00f3nica:<\/strong> A tecnologia avan\u00e7ada de jato sif\u00f3nico proporciona uma descarga forte e silenciosa com uma remo\u00e7\u00e3o eficiente dos res\u00edduos, reduzindo os odores e evitando a acumula\u00e7\u00e3o de res\u00edduos.<\/p>\n\n\n\n<p><strong>Design de uma s\u00f3 pe\u00e7a com saia sem costuras:<\/strong> O corpo totalmente integrado com uma base com rodap\u00e9 elimina os espa\u00e7os dif\u00edceis de limpar, assegurando um aspeto elegante e uma manuten\u00e7\u00e3o exterior f\u00e1cil para utiliza\u00e7\u00e3o comercial.<\/p>\n\n\n\n<p><strong>Constru\u00e7\u00e3o em cer\u00e2mica de alta densidade:<\/strong> Queimado a temperaturas ultra-altas, o corpo cer\u00e2mico apresenta uma baixa absor\u00e7\u00e3o de \u00e1gua, garantindo uma durabilidade duradoura, resist\u00eancia aos odores e um forte desempenho de suporte de carga.<\/p>\n\n\n\n<p><strong>Esmalte Nano Auto-Limpante:<\/strong> Aplicado tanto na ta\u00e7a como nos tubos internos, o nano-esmalte liso minimiza a ader\u00eancia da sujidade e permite uma limpeza eficiente com menor consumo de \u00e1gua.<\/p>\n\n\n\n<p><strong>Cobertura do assento com fecho suave:<\/strong> Equipado com um assento de UF ou PP de qualidade superior com fecho suave, que reduz o ru\u00eddo e evita danos causados por impactos s\u00fabitos durante a utiliza\u00e7\u00e3o di\u00e1ria.<\/p>\n\n\n\n<p><strong>Fornecimento direto do fabricante SEGA:<\/strong> Fornecimento direto da f\u00e1brica com controlo de qualidade rigoroso e capacidade de produ\u00e7\u00e3o est\u00e1vel, oferecendo personaliza\u00e7\u00e3o OEM\/ODM flex\u00edvel para ajudar os compradores B2B a otimizar os custos e a diferencia\u00e7\u00e3o do produto.<\/p>\n<\/div>\n\n\n\n<div class=\"wp-block-column is-layout-flow wp-block-column-is-layout-flow\">\n<figure class=\"wp-block-image size-full\"><img decoding=\"async\" width=\"469\" height=\"696\" src=\"https:\/\/www.segasanitary.com\/wp-content\/uploads\/2026\/04\/custom-toilet-one-piece-M-9026T-parameter.webp\" alt=\"sanita personalizada de uma pe\u00e7a par\u00e2metro M-9026T\" class=\"wp-image-901\" srcset=\"https:\/\/www.segasanitary.com\/wp-content\/uploads\/2026\/04\/custom-toilet-one-piece-M-9026T-parameter.webp 469w, https:\/\/www.segasanitary.com\/wp-content\/uploads\/2026\/04\/custom-toilet-one-piece-M-9026T-parameter-202x300.webp 202w, https:\/\/www.segasanitary.com\/wp-content\/uploads\/2026\/04\/custom-toilet-one-piece-M-9026T-parameter-8x12.webp 8w\" sizes=\"(max-width: 469px) 100vw, 469px\" \/><\/figure>\n<\/div>\n<\/div>","protected":false},"excerpt":{"rendered":"<p>Sanita personalizada de uma s\u00f3 pe\u00e7a com potente descarga sif\u00f3nica, esmalte nano autolimpante e design com contorno sem costuras para higiene e durabilidade. O assento silencioso de fecho suave e a cer\u00e2mica de alta densidade garantem um desempenho a longo prazo. SEGA diretamente da f\u00e1brica com suporte OEM\/ODM. Contacte-nos para obter cota\u00e7\u00f5es a granel!<\/p>\n<h2>Especifica\u00e7\u00f5es do produto:<\/h2>\n<table>\n<tbody>\n<tr>\n<td><strong>Atributo<\/strong><\/td>\n<td>\u00a0<span data-path-to-node=\"13,0,1,0\">Especifica\u00e7\u00e3o<\/span><\/td>\n<\/tr>\n<tr>\n<td><strong>Modelo<\/strong><\/td>\n<td>M-9026T<\/td>\n<\/tr>\n<tr>\n<td><strong>Tipo de produto<\/strong><\/td>\n<td>Sanita de uma s\u00f3 pe\u00e7a<\/td>\n<\/tr>\n<tr>\n<td><strong>Material<\/strong><\/td>\n<td>Cer\u00e2mica<\/td>\n<\/tr>\n<tr>\n<td><strong>Cor<\/strong><\/td>\n<td>Branco (cores personalizadas dispon\u00edveis)<\/td>\n<\/tr>\n<tr>\n<td><strong>Sistema de lavagem<\/strong><\/td>\n<td>Lavagem por v\u00f3rtice<\/td>\n<\/tr>\n<tr>\n<td><strong>Tamanho do produto<\/strong><\/td>\n<td>630 \u00d7 370 \u00d7 830 mm<\/td>\n<\/tr>\n<tr>\n<td><strong>Desbaste<\/strong><\/td>\n<td>\n<p>S-trap: 250 mm, 300 mm<\/p>\n<p>P-trap: 180mm<\/p>\n<\/td>\n<\/tr>\n<tr>\n<td><strong>Tipo de instala\u00e7\u00e3o<\/strong><\/td>\n<td>Montagem no ch\u00e3o<\/td>\n<\/tr>\n<\/tbody>\n<\/table>","protected":false},"featured_media":900,"comment_status":"closed","ping_status":"closed","template":"","meta":{"_acf_changed":false},"product_brand":[],"product_cat":[23,27],"product_tag":[],"class_list":{"0":"post-899","1":"product","2":"type-product","3":"status-publish","4":"has-post-thumbnail","6":"product_cat-wholesale-toilets","7":"product_cat-wholesale-one-piece-toilet","9":"first","10":"instock","11":"shipping-taxable","12":"product-type-simple"},"acf":[],"_links":{"self":[{"href":"https:\/\/www.segasanitary.com\/pt\/wp-json\/wp\/v2\/product\/899","targetHints":{"allow":["GET"]}}],"collection":[{"href":"https:\/\/www.segasanitary.com\/pt\/wp-json\/wp\/v2\/product"}],"about":[{"href":"https:\/\/www.segasanitary.com\/pt\/wp-json\/wp\/v2\/types\/product"}],"replies":[{"embeddable":true,"href":"https:\/\/www.segasanitary.com\/pt\/wp-json\/wp\/v2\/comments?post=899"}],"wp:featuredmedia":[{"embeddable":true,"href":"https:\/\/www.segasanitary.com\/pt\/wp-json\/wp\/v2\/media\/900"}],"wp:attachment":[{"href":"https:\/\/www.segasanitary.com\/pt\/wp-json\/wp\/v2\/media?parent=899"}],"wp:term":[{"taxonomy":"product_brand","embeddable":true,"href":"https:\/\/www.segasanitary.com\/pt\/wp-json\/wp\/v2\/product_brand?post=899"},{"taxonomy":"product_cat","embeddable":true,"href":"https:\/\/www.segasanitary.com\/pt\/wp-json\/wp\/v2\/product_cat?post=899"},{"taxonomy":"product_tag","embeddable":true,"href":"https:\/\/www.segasanitary.com\/pt\/wp-json\/wp\/v2\/product_tag?post=899"}],"curies":[{"name":"wp","href":"https:\/\/api.w.org\/{rel}","templated":true}]}}