{"id":895,"date":"2026-04-02T06:33:00","date_gmt":"2026-04-02T06:33:00","guid":{"rendered":"https:\/\/www.segasanitary.com\/?post_type=product&#038;p=895"},"modified":"2026-04-02T06:44:59","modified_gmt":"2026-04-02T06:44:59","slug":"pedestal-basin-wholesale","status":"publish","type":"product","link":"https:\/\/www.segasanitary.com\/pt\/product\/pedestal-basin-wholesale\/","title":{"rendered":"Bacia de pedestal por atacado, fornecedor de pia de banheiro de coluna cil\u00edndrica minimalista"},"content":{"rendered":"<div class=\"wp-block-columns is-layout-flex wp-container-core-columns-is-layout-9d6595d7 wp-block-columns-is-layout-flex\">\n<div class=\"wp-block-column is-vertically-aligned-center is-layout-flow wp-block-column-is-layout-flow\">\n<h2 class=\"wp-block-heading\">Bacia de pedestal Carater\u00edsticas:<\/h2>\n\n\n\n<p><strong>Design cil\u00edndrico minimalista:<\/strong> Fabricado com uma silhueta cil\u00edndrica sem costuras, este lavat\u00f3rio de pedestal melhora o espa\u00e7o visual vertical e confere uma est\u00e9tica arquitet\u00f3nica moderna e refinada a qualquer ambiente de casa de banho.<\/p>\n\n\n\n<p><strong>Cer\u00e2mica cozida a alta temperatura:<\/strong> Fabricado atrav\u00e9s de cozedura a temperatura ultra-alta, o corpo cer\u00e2mico atinge uma densidade excecional com absor\u00e7\u00e3o de \u00e1gua inferior a 0,5%, garantindo uma resist\u00eancia superior \u00e0 carga, preven\u00e7\u00e3o de fissuras e durabilidade a longo prazo em utiliza\u00e7\u00e3o comercial de elevado tr\u00e1fego.<\/p>\n\n\n\n<p><strong>Esmalte autolimpante de camada tripla Nano:<\/strong> Com um acabamento de esmalte avan\u00e7ado de camada tripla de grau nano, a superf\u00edcie \u00e9 ultra-suave e resistente a manchas, \u00e1cidos e \u00e1lcalis. Isto reduz significativamente a frequ\u00eancia de limpeza e os custos de m\u00e3o de obra em opera\u00e7\u00f5es comerciais.<\/p>\n\n\n\n<p><strong>Estrutura aut\u00f3noma compacta:<\/strong> Concebido para uma utiliza\u00e7\u00e3o eficiente do espa\u00e7o, este lava-loi\u00e7a de pedestal requer uma \u00e1rea de ch\u00e3o m\u00ednima, ao mesmo tempo que oferece uma funcionalidade de lavagem completa, ideal para casas de banho pequenas, lavabos e projectos com limita\u00e7\u00f5es de espa\u00e7o.<\/p>\n\n\n\n<p><strong>Design ergon\u00f3mico da profundidade da bacia:<\/strong> Concebida com uma profundidade de bacia optimizada para minimizar os salpicos de \u00e1gua, garantindo uma experi\u00eancia de utiliza\u00e7\u00e3o mais limpa e confort\u00e1vel, mesmo com o seu perfil fino e elegante.<\/p>\n\n\n\n<p><strong>Fornecimento direto do fabricante:<\/strong> Apoiados por uma f\u00e1brica profissional com linhas de produ\u00e7\u00e3o de cer\u00e2mica avan\u00e7adas, oferecemos um fornecimento est\u00e1vel a granel, um controlo de qualidade rigoroso e uma personaliza\u00e7\u00e3o OEM\/ODM flex\u00edvel. Desde o tamanho, acabamento e log\u00f3tipo at\u00e9 \u00e0s solu\u00e7\u00f5es de embalagem, ajudamos os compradores B2B a criar eficientemente linhas de produtos diferenciadas e a reduzir os custos de aquisi\u00e7\u00e3o.<\/p>\n<\/div>\n\n\n\n<div class=\"wp-block-column is-layout-flow wp-block-column-is-layout-flow\">\n<figure class=\"wp-block-image size-full\"><img decoding=\"async\" width=\"812\" height=\"674\" src=\"https:\/\/www.segasanitary.com\/wp-content\/uploads\/2026\/04\/Pedestal-Wash-Basin-Wholesale-for-Commercial-Projects-P-7006.webp\" alt=\"Lavat\u00f3rio de pedestal por atacado para projectos comerciais P-7006\" class=\"wp-image-898\" srcset=\"https:\/\/www.segasanitary.com\/wp-content\/uploads\/2026\/04\/Pedestal-Wash-Basin-Wholesale-for-Commercial-Projects-P-7006.webp 812w, https:\/\/www.segasanitary.com\/wp-content\/uploads\/2026\/04\/Pedestal-Wash-Basin-Wholesale-for-Commercial-Projects-P-7006-300x249.webp 300w, https:\/\/www.segasanitary.com\/wp-content\/uploads\/2026\/04\/Pedestal-Wash-Basin-Wholesale-for-Commercial-Projects-P-7006-768x637.webp 768w, https:\/\/www.segasanitary.com\/wp-content\/uploads\/2026\/04\/Pedestal-Wash-Basin-Wholesale-for-Commercial-Projects-P-7006-14x12.webp 14w, https:\/\/www.segasanitary.com\/wp-content\/uploads\/2026\/04\/Pedestal-Wash-Basin-Wholesale-for-Commercial-Projects-P-7006-600x498.webp 600w\" sizes=\"(max-width: 812px) 100vw, 812px\" \/><\/figure>\n<\/div>\n<\/div>","protected":false},"excerpt":{"rendered":"<p>Bacia de pedestal por atacado com design cil\u00edndrico minimalista, cer\u00e2mica de alta densidade e esmalte nano autolimpante para maior durabilidade e f\u00e1cil manuten\u00e7\u00e3o. Compacto e economizador de espa\u00e7o, ideal para projectos comerciais. Direto da f\u00e1brica com suporte OEM\/ODM, entre em contato conosco para cota\u00e7\u00f5es.<\/p>\n<h2>Especifica\u00e7\u00f5es do produto:<\/h2>\n<table>\n<tbody>\n<tr>\n<td><strong>Atributo<\/strong><\/td>\n<td>\u00a0<span data-path-to-node=\"13,0,1,0\">Especifica\u00e7\u00e3o<\/span><\/td>\n<\/tr>\n<tr>\n<td><strong>Modelo<\/strong><\/td>\n<td>\u00a0<span data-path-to-node=\"22,1,1,0\">P-7006<\/span><\/td>\n<\/tr>\n<tr>\n<td><strong>Tipo de produto<\/strong><\/td>\n<td>\u00a0<span data-path-to-node=\"22,2,1,0\">Bacia de pedestal de uma pe\u00e7a<\/span><\/td>\n<\/tr>\n<tr>\n<td><strong>Material<\/strong><\/td>\n<td>Cer\u00e2mica<\/td>\n<\/tr>\n<tr>\n<td><strong>Cor<\/strong><\/td>\n<td>Branco (cores personalizadas dispon\u00edveis)<\/td>\n<\/tr>\n<tr>\n<td><strong>Instala\u00e7\u00e3o<\/strong><\/td>\n<td>Independente \/ Fixa\u00e7\u00e3o \u00e0 parede<\/td>\n<\/tr>\n<tr>\n<td><strong>Tamanho<\/strong><\/td>\n<td>\u00a0<span data-path-to-node=\"22,4,1,0\">660 x 480 x 820 mm<\/span><\/td>\n<\/tr>\n<\/tbody>\n<\/table>","protected":false},"featured_media":896,"comment_status":"closed","ping_status":"closed","template":"","meta":{"_acf_changed":false},"product_brand":[],"product_cat":[22,31],"product_tag":[],"class_list":{"0":"post-895","1":"product","2":"type-product","3":"status-publish","4":"has-post-thumbnail","6":"product_cat-wholesale-wash-basin","7":"product_cat-wholesale-pedestal-wah-basin","9":"first","10":"instock","11":"shipping-taxable","12":"product-type-simple"},"acf":[],"_links":{"self":[{"href":"https:\/\/www.segasanitary.com\/pt\/wp-json\/wp\/v2\/product\/895","targetHints":{"allow":["GET"]}}],"collection":[{"href":"https:\/\/www.segasanitary.com\/pt\/wp-json\/wp\/v2\/product"}],"about":[{"href":"https:\/\/www.segasanitary.com\/pt\/wp-json\/wp\/v2\/types\/product"}],"replies":[{"embeddable":true,"href":"https:\/\/www.segasanitary.com\/pt\/wp-json\/wp\/v2\/comments?post=895"}],"wp:featuredmedia":[{"embeddable":true,"href":"https:\/\/www.segasanitary.com\/pt\/wp-json\/wp\/v2\/media\/896"}],"wp:attachment":[{"href":"https:\/\/www.segasanitary.com\/pt\/wp-json\/wp\/v2\/media?parent=895"}],"wp:term":[{"taxonomy":"product_brand","embeddable":true,"href":"https:\/\/www.segasanitary.com\/pt\/wp-json\/wp\/v2\/product_brand?post=895"},{"taxonomy":"product_cat","embeddable":true,"href":"https:\/\/www.segasanitary.com\/pt\/wp-json\/wp\/v2\/product_cat?post=895"},{"taxonomy":"product_tag","embeddable":true,"href":"https:\/\/www.segasanitary.com\/pt\/wp-json\/wp\/v2\/product_tag?post=895"}],"curies":[{"name":"wp","href":"https:\/\/api.w.org\/{rel}","templated":true}]}}