{"id":773,"date":"2026-03-21T08:36:44","date_gmt":"2026-03-21T08:36:44","guid":{"rendered":"https:\/\/www.segasanitary.com\/?post_type=product&#038;p=773"},"modified":"2026-03-21T09:04:29","modified_gmt":"2026-03-21T09:04:29","slug":"wholesale-bathroom-wash-basin","status":"publish","type":"product","link":"https:\/\/www.segasanitary.com\/pt\/product\/wholesale-bathroom-wash-basin\/","title":{"rendered":"Lavat\u00f3rio de casa de banho por atacado, lavat\u00f3rio de casa de banho moderno com textura em relevo de diamante Personalizado"},"content":{"rendered":"<div class=\"wp-block-columns is-layout-flex wp-container-core-columns-is-layout-9d6595d7 wp-block-columns-is-layout-flex\">\n<div class=\"wp-block-column is-vertically-aligned-center is-layout-flow wp-block-column-is-layout-flow\">\n<h2 class=\"wp-block-heading\">Lavat\u00f3rio de casa de banho Carater\u00edsticas:<\/h2>\n\n\n\n<p><strong>Est\u00e9tica 3D distinta:<\/strong> A superf\u00edcie em relevo com padr\u00e3o de diamante cria uma din\u00e2mica de luz e sombra, transformando o lavat\u00f3rio num ponto focal decorativo da casa de banho.<\/p>\n\n\n\n<p><strong>Conce\u00e7\u00e3o espacial optimizada:<\/strong> A estrutura compacta montada na parede liberta espa\u00e7o no ch\u00e3o, elimina zonas mortas de limpeza e inclui um suporte refor\u00e7ado para uma sustenta\u00e7\u00e3o segura da carga.<\/p>\n\n\n\n<p><strong>Qualidade artesanal e durabilidade:<\/strong> Cozido a altas temperaturas para uma vitrifica\u00e7\u00e3o total, com baixa absor\u00e7\u00e3o de \u00e1gua e esmalte autolimpante de alta qualidade, garantindo um desempenho duradouro em ambientes comerciais de elevado tr\u00e1fego.<\/p>\n\n\n\n<p><strong>Solu\u00e7\u00f5es B2B \u00e0 medida:<\/strong> Cores de esmalte personaliz\u00e1veis, incluindo preto mate, cinzento, al\u00e9m de embalagens de exporta\u00e7\u00e3o refor\u00e7adas e apoio \u00e0 conformidade para uma entrega de projectos sem problemas.<\/p>\n\n\n\n<p><strong>Experi\u00eancia em projectos globais<\/strong>: A SEGA oferece uma gama completa de lavat\u00f3rios patenteados com qualidade consistente e log\u00edstica segura, ideais para hot\u00e9is, apartamentos e projectos de engenharia de grande escala.<\/p>\n<\/div>\n\n\n\n<div class=\"wp-block-column is-layout-flow wp-block-column-is-layout-flow\">\n<figure class=\"wp-block-image size-full\"><img decoding=\"async\" width=\"800\" height=\"800\" src=\"https:\/\/www.segasanitary.com\/wp-content\/uploads\/2026\/03\/wholesale-bathroom-wash-basin-P-7074W-2.webp\" alt=\"lavat\u00f3rio de casa de banho por atacado P-7074W (2)\" class=\"wp-image-780\" srcset=\"https:\/\/www.segasanitary.com\/wp-content\/uploads\/2026\/03\/wholesale-bathroom-wash-basin-P-7074W-2.webp 800w, https:\/\/www.segasanitary.com\/wp-content\/uploads\/2026\/03\/wholesale-bathroom-wash-basin-P-7074W-2-300x300.webp 300w, https:\/\/www.segasanitary.com\/wp-content\/uploads\/2026\/03\/wholesale-bathroom-wash-basin-P-7074W-2-150x150.webp 150w, https:\/\/www.segasanitary.com\/wp-content\/uploads\/2026\/03\/wholesale-bathroom-wash-basin-P-7074W-2-768x768.webp 768w, https:\/\/www.segasanitary.com\/wp-content\/uploads\/2026\/03\/wholesale-bathroom-wash-basin-P-7074W-2-600x600.webp 600w, https:\/\/www.segasanitary.com\/wp-content\/uploads\/2026\/03\/wholesale-bathroom-wash-basin-P-7074W-2-100x100.webp 100w\" sizes=\"(max-width: 800px) 100vw, 800px\" \/><\/figure>\n<\/div>\n<\/div>","protected":false},"excerpt":{"rendered":"<p>Lavat\u00f3rio de casa de banho por atacado com design inovador de diamante 3D e estrutura ergon\u00f3mica para montagem na parede. A SEGA fornece apoio total OEM\/ODM e log\u00edstica de exporta\u00e7\u00e3o segura. N\u00e3o hesite em contactar-nos agora para obter cota\u00e7\u00f5es a granel!<\/p>\n<h2>Especifica\u00e7\u00f5es do produto:<\/h2>\n<table>\n<tbody>\n<tr>\n<td><strong>Atributo<\/strong><\/td>\n<td>\u00a0<span data-path-to-node=\"13,0,1,0\">Especifica\u00e7\u00e3o<\/span><\/td>\n<\/tr>\n<tr>\n<td><strong>Modelo<\/strong><\/td>\n<td>\u00a0P-7074W<\/td>\n<\/tr>\n<tr>\n<td><strong>Tipo de produto<\/strong><\/td>\n<td>\u00a0<span data-path-to-node=\"21,1,1,0\">Lavat\u00f3rio suspenso \/ lavat\u00f3rio flutuante<\/span><\/td>\n<\/tr>\n<tr>\n<td><strong>Material<\/strong><\/td>\n<td>\u00a0Cer\u00e2mica<\/td>\n<\/tr>\n<tr>\n<td><strong>Cor<\/strong><\/td>\n<td>\u00a0Branco (cores personalizadas dispon\u00edveis)<\/td>\n<\/tr>\n<tr>\n<td><strong>Instala\u00e7\u00e3o<\/strong><\/td>\n<td>\u00a0Montagem na parede<\/td>\n<\/tr>\n<tr>\n<td><strong>Tamanho do produto<\/strong><\/td>\n<td>\u00a0420 \u00d7 360 \u00d7 430 mm<\/td>\n<\/tr>\n<\/tbody>\n<\/table>","protected":false},"featured_media":779,"comment_status":"closed","ping_status":"closed","template":"","meta":{"_acf_changed":false},"product_brand":[],"product_cat":[49],"product_tag":[],"class_list":{"0":"post-773","1":"product","2":"type-product","3":"status-publish","4":"has-post-thumbnail","6":"product_cat-designer-sanitary-ware","8":"first","9":"instock","10":"shipping-taxable","11":"product-type-simple"},"acf":[],"_links":{"self":[{"href":"https:\/\/www.segasanitary.com\/pt\/wp-json\/wp\/v2\/product\/773","targetHints":{"allow":["GET"]}}],"collection":[{"href":"https:\/\/www.segasanitary.com\/pt\/wp-json\/wp\/v2\/product"}],"about":[{"href":"https:\/\/www.segasanitary.com\/pt\/wp-json\/wp\/v2\/types\/product"}],"replies":[{"embeddable":true,"href":"https:\/\/www.segasanitary.com\/pt\/wp-json\/wp\/v2\/comments?post=773"}],"wp:featuredmedia":[{"embeddable":true,"href":"https:\/\/www.segasanitary.com\/pt\/wp-json\/wp\/v2\/media\/779"}],"wp:attachment":[{"href":"https:\/\/www.segasanitary.com\/pt\/wp-json\/wp\/v2\/media?parent=773"}],"wp:term":[{"taxonomy":"product_brand","embeddable":true,"href":"https:\/\/www.segasanitary.com\/pt\/wp-json\/wp\/v2\/product_brand?post=773"},{"taxonomy":"product_cat","embeddable":true,"href":"https:\/\/www.segasanitary.com\/pt\/wp-json\/wp\/v2\/product_cat?post=773"},{"taxonomy":"product_tag","embeddable":true,"href":"https:\/\/www.segasanitary.com\/pt\/wp-json\/wp\/v2\/product_tag?post=773"}],"curies":[{"name":"wp","href":"https:\/\/api.w.org\/{rel}","templated":true}]}}