{"id":728,"date":"2026-03-21T07:28:52","date_gmt":"2026-03-21T07:28:52","guid":{"rendered":"https:\/\/www.segasanitary.com\/?post_type=product&#038;p=728"},"modified":"2026-03-21T07:49:35","modified_gmt":"2026-03-21T07:49:35","slug":"custom-ceramic-wash-basin-with-cabinet","status":"publish","type":"product","link":"https:\/\/www.segasanitary.com\/pt\/product\/custom-ceramic-wash-basin-with-cabinet\/","title":{"rendered":"Lavat\u00f3rio de cer\u00e2mica personalizado com arm\u00e1rio, lavat\u00f3rio de casa de banho moderno em madeira clara a granel"},"content":{"rendered":"<div class=\"wp-block-columns is-layout-flex wp-container-core-columns-is-layout-9d6595d7 wp-block-columns-is-layout-flex\">\n<div class=\"wp-block-column is-vertically-aligned-center is-layout-flow wp-block-column-is-layout-flow\">\n<h2 class=\"wp-block-heading\">Dimens\u00f5es do lavat\u00f3rio de cer\u00e2mica com arm\u00e1rio:<\/h2>\n\n\n\n<figure class=\"wp-block-table\"><table class=\"has-fixed-layout\"><thead><tr><td><strong>Modelo<\/strong><\/td><td><strong>Dimens\u00f5es (CxLxA)<\/strong><\/td><\/tr><\/thead><tbody><tr><td><strong>9090E<\/strong><\/td><td>900 x 460 x 180 mm<\/td><\/tr><tr><td><strong>9100E<\/strong><\/td><td>1000 x 460 x 180 mm<\/td><\/tr><tr><td><strong>9120E<\/strong><\/td><td>1000 x 460 x 180 mm<\/td><\/tr><tr><td><strong>9150E<\/strong><\/td><td>1500 x 460 x 180 mm<\/td><\/tr><\/tbody><\/table><\/figure>\n<\/div>\n\n\n\n<div class=\"wp-block-column is-layout-flow wp-block-column-is-layout-flow\">\n<figure class=\"wp-block-image size-full\"><img decoding=\"async\" width=\"610\" height=\"800\" src=\"https:\/\/www.segasanitary.com\/wp-content\/uploads\/2026\/03\/custom-ceramic-wash-basin-with-cabinet-thin-edge-basin-series-90E.webp\" alt=\"lavat\u00f3rio de cer\u00e2mica personalizado com arm\u00e1rio lavat\u00f3rio de bordo fino s\u00e9rie 90E\" class=\"wp-image-730\" srcset=\"https:\/\/www.segasanitary.com\/wp-content\/uploads\/2026\/03\/custom-ceramic-wash-basin-with-cabinet-thin-edge-basin-series-90E.webp 610w, https:\/\/www.segasanitary.com\/wp-content\/uploads\/2026\/03\/custom-ceramic-wash-basin-with-cabinet-thin-edge-basin-series-90E-229x300.webp 229w, https:\/\/www.segasanitary.com\/wp-content\/uploads\/2026\/03\/custom-ceramic-wash-basin-with-cabinet-thin-edge-basin-series-90E-600x787.webp 600w\" sizes=\"(max-width: 610px) 100vw, 610px\" \/><\/figure>\n<\/div>\n<\/div>\n\n\n\n<div class=\"wp-block-columns is-layout-flex wp-container-core-columns-is-layout-9d6595d7 wp-block-columns-is-layout-flex\">\n<div class=\"wp-block-column is-layout-flow wp-block-column-is-layout-flow\">\n<figure class=\"wp-block-image size-full\"><img decoding=\"async\" width=\"800\" height=\"800\" src=\"https:\/\/www.segasanitary.com\/wp-content\/uploads\/2026\/03\/custom-ceramic-wash-basin-with-cabinet-90E.webp\" alt=\"lavat\u00f3rio de cer\u00e2mica personalizado com arm\u00e1rio 90E\" class=\"wp-image-729\" srcset=\"https:\/\/www.segasanitary.com\/wp-content\/uploads\/2026\/03\/custom-ceramic-wash-basin-with-cabinet-90E.webp 800w, https:\/\/www.segasanitary.com\/wp-content\/uploads\/2026\/03\/custom-ceramic-wash-basin-with-cabinet-90E-300x300.webp 300w, https:\/\/www.segasanitary.com\/wp-content\/uploads\/2026\/03\/custom-ceramic-wash-basin-with-cabinet-90E-150x150.webp 150w, https:\/\/www.segasanitary.com\/wp-content\/uploads\/2026\/03\/custom-ceramic-wash-basin-with-cabinet-90E-768x768.webp 768w, https:\/\/www.segasanitary.com\/wp-content\/uploads\/2026\/03\/custom-ceramic-wash-basin-with-cabinet-90E-600x600.webp 600w, https:\/\/www.segasanitary.com\/wp-content\/uploads\/2026\/03\/custom-ceramic-wash-basin-with-cabinet-90E-100x100.webp 100w\" sizes=\"(max-width: 800px) 100vw, 800px\" \/><\/figure>\n<\/div>\n\n\n\n<div class=\"wp-block-column is-vertically-aligned-center is-layout-flow wp-block-column-is-layout-flow\">\n<h2 class=\"wp-block-heading\">Carater\u00edsticas do lavat\u00f3rio de cer\u00e2mica com arm\u00e1rio:<\/h2>\n\n\n\n<p><strong>Design de borda fina que define tend\u00eancias:<\/strong> O aro ultrafino cria uma est\u00e9tica elegante e moderna, enquanto a estrutura interna refor\u00e7ada garante uma estabilidade de carga a longo prazo.<\/p>\n\n\n\n<p><strong>Ajuste de precis\u00e3o e compatibilidade:<\/strong> A torneira e os orif\u00edcios de drenagem concebidos com precis\u00e3o garantem uma compatibilidade perfeita com os principais componentes de canaliza\u00e7\u00e3o, simplificando a instala\u00e7\u00e3o.<\/p>\n\n\n\n<p><strong>Nano Glaze de n\u00edvel comercial:<\/strong> A superf\u00edcie de vidro triplo proporciona um toque suave, resist\u00eancia \u00e0s manchas e uma forte durabilidade qu\u00edmica, ideal para utiliza\u00e7\u00e3o residencial e comercial.<\/p>\n\n\n\n<p><strong>Gama de tamanhos vers\u00e1til para projectos:<\/strong> Dispon\u00edveis de 900 mm a 1500 mm, oferecem solu\u00e7\u00f5es flex\u00edveis para diferentes disposi\u00e7\u00f5es sem mudar de fornecedor.<\/p>\n<\/div>\n<\/div>\n\n\n\n<p><\/p>","protected":false},"excerpt":{"rendered":"<div class=\"flex flex-col text-sm pb-25\">\n<section class=\"text-token-text-primary w-full focus:outline-none [--shadow-height:45px] has-data-writing-block:pointer-events-none has-data-writing-block:-mt-(--shadow-height) has-data-writing-block:pt-(--shadow-height) [&amp;:has([data-writing-block])&gt;*]:pointer-events-auto scroll-mt-[calc(var(--header-height)+min(200px,max(70px,20svh)))]\" dir=\"auto\" data-turn-id=\"request-69bd20f6-addc-8333-9467-4454039962d4-19\" data-testid=\"conversation-turn-60\" data-scroll-anchor=\"true\" data-turn=\"assistant\">\n<div class=\"text-base my-auto mx-auto pb-10 [--thread-content-margin:var(--thread-content-margin-xs,calc(var(--spacing)*4))] @w-sm\/main:[--thread-content-margin:var(--thread-content-margin-sm,calc(var(--spacing)*6))] @w-lg\/main:[--thread-content-margin:var(--thread-content-margin-lg,calc(var(--spacing)*16))] px-(--thread-content-margin)\">\n<div class=\"[--thread-content-max-width:40rem] @w-lg\/main:[--thread-content-max-width:48rem] mx-auto max-w-(--thread-content-max-width) flex-1 group\/turn-messages focus-visible:outline-hidden relative flex w-full min-w-0 flex-col agent-turn\">\n<div class=\"flex max-w-full flex-col gap-4 grow\">\n<div class=\"min-h-8 text-message relative flex w-full flex-col items-end gap-2 text-start break-words whitespace-normal outline-none keyboard-focused:focus-ring [.text-message+&amp;]:mt-1\" dir=\"auto\" tabindex=\"0\" data-message-author-role=\"assistant\" data-message-id=\"3a0c950b-70f7-417e-85e8-989aa63ccad7\" data-message-model-slug=\"gpt-5-3\" data-turn-start-message=\"true\">\n<div class=\"flex w-full flex-col gap-1 empty:hidden\">\n<div class=\"markdown prose dark:prose-invert w-full wrap-break-word light markdown-new-styling\">\n<p data-start=\"0\" data-end=\"264\" data-is-last-node=\"\" data-is-only-node=\"\">Custom ceramic wash basin with cabinet featuring a slim-edge design, high-density ceramic, and nano-glazed surface for durability, easy cleaning, and modern aesthetics. Available in multiple sizes for projects. Contact us now for bulk quotes!<\/p>\n<\/div>\n<\/div>\n<\/div>\n<\/div>\n<\/div>\n<\/div>\n<\/section>\n<\/div>\n<h2>Product Specifications:<\/h2>\n<table>\n<tbody>\n<tr>\n<td><strong>Attribute<\/strong><\/td>\n<td>\u00a0<span data-path-to-node=\"13,0,1,0\">Specification<\/span><\/td>\n<\/tr>\n<tr>\n<td><strong>Model<\/strong><\/td>\n<td>90E<\/td>\n<\/tr>\n<tr>\n<td><strong>Product Type<\/strong><\/td>\n<td>Wash Basin inside Cabinet \/ Furniture Basin<\/td>\n<\/tr>\n<tr>\n<td><strong>Material<\/strong><\/td>\n<td>Ceramic<\/td>\n<\/tr>\n<tr>\n<td><strong>Color<\/strong><\/td>\n<td>White (Custom colors available)<\/td>\n<\/tr>\n<tr>\n<td><strong>Installation<\/strong><\/td>\n<td>Drop-in<\/td>\n<\/tr>\n<tr>\n<td><strong>Length<\/strong><\/td>\n<td>900mm, 1000mm, 1500mm<\/td>\n<\/tr>\n<\/tbody>\n<\/table>\n","protected":false},"featured_media":729,"comment_status":"closed","ping_status":"closed","template":"","meta":{"_acf_changed":false},"product_brand":[],"product_cat":[22,34],"product_tag":[],"class_list":{"0":"post-728","1":"product","2":"type-product","3":"status-publish","4":"has-post-thumbnail","6":"product_cat-wholesale-wash-basin","7":"product_cat-wholesale-cabinet-basin","9":"first","10":"instock","11":"shipping-taxable","12":"product-type-simple"},"acf":[],"_links":{"self":[{"href":"https:\/\/www.segasanitary.com\/pt\/wp-json\/wp\/v2\/product\/728","targetHints":{"allow":["GET"]}}],"collection":[{"href":"https:\/\/www.segasanitary.com\/pt\/wp-json\/wp\/v2\/product"}],"about":[{"href":"https:\/\/www.segasanitary.com\/pt\/wp-json\/wp\/v2\/types\/product"}],"replies":[{"embeddable":true,"href":"https:\/\/www.segasanitary.com\/pt\/wp-json\/wp\/v2\/comments?post=728"}],"wp:featuredmedia":[{"embeddable":true,"href":"https:\/\/www.segasanitary.com\/pt\/wp-json\/wp\/v2\/media\/729"}],"wp:attachment":[{"href":"https:\/\/www.segasanitary.com\/pt\/wp-json\/wp\/v2\/media?parent=728"}],"wp:term":[{"taxonomy":"product_brand","embeddable":true,"href":"https:\/\/www.segasanitary.com\/pt\/wp-json\/wp\/v2\/product_brand?post=728"},{"taxonomy":"product_cat","embeddable":true,"href":"https:\/\/www.segasanitary.com\/pt\/wp-json\/wp\/v2\/product_cat?post=728"},{"taxonomy":"product_tag","embeddable":true,"href":"https:\/\/www.segasanitary.com\/pt\/wp-json\/wp\/v2\/product_tag?post=728"}],"curies":[{"name":"wp","href":"https:\/\/api.w.org\/{rel}","templated":true}]}}