{"id":674,"date":"2026-03-21T02:41:25","date_gmt":"2026-03-21T02:41:25","guid":{"rendered":"https:\/\/www.segasanitary.com\/?post_type=product&#038;p=674"},"modified":"2026-03-21T03:13:47","modified_gmt":"2026-03-21T03:13:47","slug":"custom-mirrors-bathroom","status":"publish","type":"product","link":"https:\/\/www.segasanitary.com\/pt\/product\/custom-mirrors-bathroom\/","title":{"rendered":"Espelhos personalizados para casa de banho, Espelho de casa de banho inteligente LED retroiluminado \u201dem forma de urso\" Fornecedor"},"content":{"rendered":"<div class=\"wp-block-columns is-layout-flex wp-container-core-columns-is-layout-9d6595d7 wp-block-columns-is-layout-flex\">\n<div class=\"wp-block-column is-vertically-aligned-center is-layout-flow wp-block-column-is-layout-flow\">\n<h2 class=\"wp-block-heading\">Espelhos Carater\u00edsticas da casa de banho:<\/h2>\n\n\n\n<p><strong>Design bi\u00f3nico \u201cUrsinho\u201d divertido:<\/strong> As curvas suaves e irregulares formam uma ador\u00e1vel silhueta de urso, acrescentando calor e charme e tornando o espa\u00e7o de banho mais envolvente e visualmente apelativo.<\/p>\n\n\n\n<p><strong>Ilumina\u00e7\u00e3o de fundo uniforme a 360\u00b0:<\/strong> O LED com bordas proporciona uma ilumina\u00e7\u00e3o suave e uniforme com um efeito visual flutuante, protegendo os olhos do utilizador do brilho direto e melhorando o ambiente.<\/p>\n\n\n\n<p><strong>Espelho prateado sem cobre e amigo do ambiente de 5 mm:<\/strong> O espelho de alta defini\u00e7\u00e3o garante um reflexo realista, resiste \u00e0 oxida\u00e7\u00e3o das bordas pretas e \u00e9 seguro para ambientes h\u00famidos da casa de banho.<\/p>\n\n\n\n<p><strong>Controlo t\u00e1til inteligente de alta sensibilidade:<\/strong> Os bot\u00f5es t\u00e1cteis brilhantes integrados permitem ligar\/desligar facilmente e regular a intensidade da luz, criando uma experi\u00eancia de utiliza\u00e7\u00e3o intuitiva e divertida para as crian\u00e7as.<\/p>\n\n\n\n<p><strong>Solu\u00e7\u00f5es personalizadas orientadas para a seguran\u00e7a:<\/strong> Os nossos espelhos personalizados possuem suporte \u00e0 prova de explos\u00e3o e personaliza\u00e7\u00e3o total OEM\/ODM, garantindo o fornecimento a granel de produtos seguros e de alta qualidade para escolas, casas e projectos comerciais.<\/p>\n<\/div>\n\n\n\n<div class=\"wp-block-column is-layout-flow wp-block-column-is-layout-flow\">\n<figure class=\"wp-block-image size-full\"><img decoding=\"async\" width=\"800\" height=\"800\" src=\"https:\/\/www.segasanitary.com\/wp-content\/uploads\/2026\/03\/custom-mirrors-bathroom-Z-021.webp\" alt=\"espelhos personalizados para casa de banho Z-021\" class=\"wp-image-679\" srcset=\"https:\/\/www.segasanitary.com\/wp-content\/uploads\/2026\/03\/custom-mirrors-bathroom-Z-021.webp 800w, https:\/\/www.segasanitary.com\/wp-content\/uploads\/2026\/03\/custom-mirrors-bathroom-Z-021-300x300.webp 300w, https:\/\/www.segasanitary.com\/wp-content\/uploads\/2026\/03\/custom-mirrors-bathroom-Z-021-150x150.webp 150w, https:\/\/www.segasanitary.com\/wp-content\/uploads\/2026\/03\/custom-mirrors-bathroom-Z-021-768x768.webp 768w, https:\/\/www.segasanitary.com\/wp-content\/uploads\/2026\/03\/custom-mirrors-bathroom-Z-021-600x600.webp 600w, https:\/\/www.segasanitary.com\/wp-content\/uploads\/2026\/03\/custom-mirrors-bathroom-Z-021-100x100.webp 100w\" sizes=\"(max-width: 800px) 100vw, 800px\" \/><\/figure>\n<\/div>\n<\/div>","protected":false},"excerpt":{"rendered":"<p data-start=\"980\" data-end=\"1217\">Espelhos personalizados para a casa de banho com o design l\u00fadico \u201cLittle Bear\u201d, retroilumina\u00e7\u00e3o LED suave de 360\u00b0, espelho HD sem cobre e regula\u00e7\u00e3o t\u00e1til inteligente. Seguro, elegante e totalmente personaliz\u00e1vel. Perfeito para escolas, casas e projectos comerciais. Contacte-nos agora para obter or\u00e7amentos a granel!<\/p>\n<h2>Especifica\u00e7\u00f5es do produto:<\/h2>\n<table>\n<tbody>\n<tr>\n<td><strong>Atributo<\/strong><\/td>\n<td>\u00a0<span data-path-to-node=\"13,0,1,0\">Especifica\u00e7\u00e3o<\/span><\/td>\n<\/tr>\n<tr>\n<td><strong>Modelo<\/strong><\/td>\n<td>\u00a0Z-021<\/td>\n<\/tr>\n<tr>\n<td><strong>Tipo de produto<\/strong><\/td>\n<td>\u00a0<span data-path-to-node=\"22,2,1,0\">Espelho de casa de banho LED inteligente<\/span><\/td>\n<\/tr>\n<tr>\n<td><strong>Material<\/strong><\/td>\n<td>\u00a0Espelho HD Silver sem cobre<\/td>\n<\/tr>\n<tr>\n<td><strong>Forma<\/strong><\/td>\n<td>\u00a0Irregular<\/td>\n<\/tr>\n<tr>\n<td><strong>Moldura<\/strong><\/td>\n<td>\u00a0Sem moldura \/ Estrutura em liga de alum\u00ednio<\/td>\n<\/tr>\n<tr>\n<td><strong>Modo de ilumina\u00e7\u00e3o<\/strong><\/td>\n<td>\u00a0<span data-path-to-node=\"22,3,1,0\">Ilumina\u00e7\u00e3o frontal + ilumina\u00e7\u00e3o traseira (brilho duplo)<\/span><\/td>\n<\/tr>\n<tr>\n<td><strong>Fun\u00e7\u00f5es<\/strong><\/td>\n<td>\u00a0Anti-embaciamento, regul\u00e1vel, CCT ajust\u00e1vel<\/td>\n<\/tr>\n<tr>\n<td><strong>\u00c0 prova de \u00e1gua<\/strong><\/td>\n<td>\u00a0<span data-path-to-node=\"22,8,1,0\">Classifica\u00e7\u00e3o IP44<\/span><\/td>\n<\/tr>\n<\/tbody>\n<\/table>","protected":false},"featured_media":679,"comment_status":"closed","ping_status":"closed","template":"","meta":{"_acf_changed":false},"product_brand":[],"product_cat":[19,35,40],"product_tag":[],"class_list":{"0":"post-674","1":"product","2":"type-product","3":"status-publish","4":"has-post-thumbnail","6":"product_cat-wholesale-bathroom-mirror","7":"product_cat-custom-frameless-mirror","8":"product_cat-wholesale-irregular-mirror","10":"first","11":"instock","12":"shipping-taxable","13":"product-type-simple"},"acf":[],"_links":{"self":[{"href":"https:\/\/www.segasanitary.com\/pt\/wp-json\/wp\/v2\/product\/674","targetHints":{"allow":["GET"]}}],"collection":[{"href":"https:\/\/www.segasanitary.com\/pt\/wp-json\/wp\/v2\/product"}],"about":[{"href":"https:\/\/www.segasanitary.com\/pt\/wp-json\/wp\/v2\/types\/product"}],"replies":[{"embeddable":true,"href":"https:\/\/www.segasanitary.com\/pt\/wp-json\/wp\/v2\/comments?post=674"}],"wp:featuredmedia":[{"embeddable":true,"href":"https:\/\/www.segasanitary.com\/pt\/wp-json\/wp\/v2\/media\/679"}],"wp:attachment":[{"href":"https:\/\/www.segasanitary.com\/pt\/wp-json\/wp\/v2\/media?parent=674"}],"wp:term":[{"taxonomy":"product_brand","embeddable":true,"href":"https:\/\/www.segasanitary.com\/pt\/wp-json\/wp\/v2\/product_brand?post=674"},{"taxonomy":"product_cat","embeddable":true,"href":"https:\/\/www.segasanitary.com\/pt\/wp-json\/wp\/v2\/product_cat?post=674"},{"taxonomy":"product_tag","embeddable":true,"href":"https:\/\/www.segasanitary.com\/pt\/wp-json\/wp\/v2\/product_tag?post=674"}],"curies":[{"name":"wp","href":"https:\/\/api.w.org\/{rel}","templated":true}]}}