{"id":658,"date":"2026-03-21T02:22:52","date_gmt":"2026-03-21T02:22:52","guid":{"rendered":"https:\/\/www.segasanitary.com\/?post_type=product&#038;p=658"},"modified":"2026-03-21T10:34:41","modified_gmt":"2026-03-21T10:34:41","slug":"custom-mirrors-for-bathroom","status":"publish","type":"product","link":"https:\/\/www.segasanitary.com\/pt\/product\/custom-mirrors-for-bathroom\/","title":{"rendered":"Espelhos personalizados para casa de banho, Espelho LED com textura de m\u00e1rmore e moldura acr\u00edlica radiante a granel"},"content":{"rendered":"<div class=\"wp-block-columns is-layout-flex wp-container-core-columns-is-layout-9d6595d7 wp-block-columns-is-layout-flex\">\n<div class=\"wp-block-column is-vertically-aligned-center is-layout-flow wp-block-column-is-layout-flow\">\n<h2 class=\"wp-block-heading\">Carater\u00edsticas dos espelhos para casa de banho:<\/h2>\n\n\n\n<p><strong>Moldura transl\u00facida exclusiva \u201cGolden Stone\u201d:<\/strong> A moldura em acr\u00edlico de alta qualidade apresenta uma intrincada textura de pedra britada; a luz LED refracta atrav\u00e9s do padr\u00e3o, criando um deslumbrante efeito visual cristalino.<\/p>\n\n\n\n<p><strong>Ilumina\u00e7\u00e3o envolvente uniforme de 360\u00b0:<\/strong> O design com ilumina\u00e7\u00e3o nas extremidades garante uma ilumina\u00e7\u00e3o suave e sem sombras \u00e0 volta de todo o espelho, proporcionando uma ilumina\u00e7\u00e3o de n\u00edvel profissional e agrad\u00e1vel aos olhos para a depila\u00e7\u00e3o.<\/p>\n\n\n\n<p><strong>Espelho prateado sem cobre e amigo do ambiente de 5 mm:<\/strong> O espelho de alta defini\u00e7\u00e3o e n\u00e3o oxidante proporciona um reflexo realista e resiste a arestas negras, sendo ideal para ambientes de casa de banho com elevada humidade.<\/p>\n\n\n\n<p><strong>Toque inteligente e controlos minimalistas:<\/strong> Os bot\u00f5es t\u00e1cteis integrados permitem ligar\/desligar e regular a intensidade luminosa, oferecendo uma experi\u00eancia de utiliza\u00e7\u00e3o elegante, moderna e intuitiva.<\/p>\n\n\n\n<p><strong>Formas personalizadas com suporte a projectos:<\/strong> M\u00faltiplas formas, incluindo redondas e rectangulares, al\u00e9m de personaliza\u00e7\u00e3o OEM\/ODM e fornecimento a granel, apoiando hot\u00e9is, resid\u00eancias e projectos comerciais.<\/p>\n<\/div>\n\n\n\n<div class=\"wp-block-column is-layout-flow wp-block-column-is-layout-flow\">\n<figure class=\"wp-block-image size-full\"><img decoding=\"async\" width=\"600\" height=\"800\" src=\"https:\/\/www.segasanitary.com\/wp-content\/uploads\/2026\/03\/Custom-Mirrors-for-Bathroom-Classic-Marble-Texture-LED-Mirror-with-Radiant-Acrylic-Frame-Multi-Shape-in-Bulk.png\" alt=\"Espelhos personalizados para a casa de banho Espelho LED cl\u00e1ssico com textura de m\u00e1rmore e moldura acr\u00edlica radiante Multi-forma a granel\" class=\"wp-image-660\" srcset=\"https:\/\/www.segasanitary.com\/wp-content\/uploads\/2026\/03\/Custom-Mirrors-for-Bathroom-Classic-Marble-Texture-LED-Mirror-with-Radiant-Acrylic-Frame-Multi-Shape-in-Bulk.png 600w, https:\/\/www.segasanitary.com\/wp-content\/uploads\/2026\/03\/Custom-Mirrors-for-Bathroom-Classic-Marble-Texture-LED-Mirror-with-Radiant-Acrylic-Frame-Multi-Shape-in-Bulk-225x300.png 225w\" sizes=\"(max-width: 600px) 100vw, 600px\" \/><\/figure>\n<\/div>\n<\/div>","protected":false},"excerpt":{"rendered":"<p>Espelhos personalizados para casa de banho com moldura acr\u00edlica exclusiva \u201cGolden Stone\u201d, ilumina\u00e7\u00e3o suave de 360\u00b0 e espelho HD sem cobre. Dispon\u00edvel em v\u00e1rias formas e tamanhos. Suportamos OEM\/ODM. Contacte-nos agora para obter cota\u00e7\u00f5es em massa!<\/p>\n<h2>Especifica\u00e7\u00f5es do produto:<\/h2>\n<table>\n<tbody>\n<tr>\n<td><strong>Atributo<\/strong><\/td>\n<td>\u00a0<span data-path-to-node=\"13,0,1,0\">Especifica\u00e7\u00e3o<\/span><\/td>\n<\/tr>\n<tr>\n<td><strong>Modelo<\/strong><\/td>\n<td>\u00a0MY026<\/td>\n<\/tr>\n<tr>\n<td><strong>Tipo de produto<\/strong><\/td>\n<td>\u00a0<span data-path-to-node=\"22,2,1,0\">Espelho de casa de banho LED inteligente<\/span><\/td>\n<\/tr>\n<tr>\n<td><strong>Material<\/strong><\/td>\n<td>\u00a0Espelho HD Silver sem cobre<\/td>\n<\/tr>\n<tr>\n<td><strong>Forma<\/strong><\/td>\n<td>\u00a0Redondo, Retangular<\/td>\n<\/tr>\n<tr>\n<td><strong>Moldura<\/strong><\/td>\n<td>Estrutura em acr\u00edlico \/ Estrutura em liga de alum\u00ednio<\/td>\n<\/tr>\n<tr>\n<td><strong>Modo de ilumina\u00e7\u00e3o<\/strong><\/td>\n<td>\u00a0<span data-path-to-node=\"22,3,1,0\">Ilumina\u00e7\u00e3o frontal + ilumina\u00e7\u00e3o traseira (brilho duplo)<\/span><\/td>\n<\/tr>\n<tr>\n<td><strong>Fun\u00e7\u00f5es<\/strong><\/td>\n<td>\u00a0Anti-embaciamento, regul\u00e1vel, CCT ajust\u00e1vel<\/td>\n<\/tr>\n<tr>\n<td><strong>\u00c0 prova de \u00e1gua<\/strong><\/td>\n<td>\u00a0<span data-path-to-node=\"22,8,1,0\">Classifica\u00e7\u00e3o IP44<\/span><\/td>\n<\/tr>\n<\/tbody>\n<\/table>","protected":false},"featured_media":659,"comment_status":"closed","ping_status":"closed","template":"","meta":{"_acf_changed":false},"product_brand":[],"product_cat":[19,36,37],"product_tag":[],"class_list":{"0":"post-658","1":"product","2":"type-product","3":"status-publish","4":"has-post-thumbnail","6":"product_cat-wholesale-bathroom-mirror","7":"product_cat-custom-framed-mirror","8":"product_cat-wholesale-round-mirrors","10":"first","11":"instock","12":"shipping-taxable","13":"product-type-simple"},"acf":[],"_links":{"self":[{"href":"https:\/\/www.segasanitary.com\/pt\/wp-json\/wp\/v2\/product\/658","targetHints":{"allow":["GET"]}}],"collection":[{"href":"https:\/\/www.segasanitary.com\/pt\/wp-json\/wp\/v2\/product"}],"about":[{"href":"https:\/\/www.segasanitary.com\/pt\/wp-json\/wp\/v2\/types\/product"}],"replies":[{"embeddable":true,"href":"https:\/\/www.segasanitary.com\/pt\/wp-json\/wp\/v2\/comments?post=658"}],"wp:featuredmedia":[{"embeddable":true,"href":"https:\/\/www.segasanitary.com\/pt\/wp-json\/wp\/v2\/media\/659"}],"wp:attachment":[{"href":"https:\/\/www.segasanitary.com\/pt\/wp-json\/wp\/v2\/media?parent=658"}],"wp:term":[{"taxonomy":"product_brand","embeddable":true,"href":"https:\/\/www.segasanitary.com\/pt\/wp-json\/wp\/v2\/product_brand?post=658"},{"taxonomy":"product_cat","embeddable":true,"href":"https:\/\/www.segasanitary.com\/pt\/wp-json\/wp\/v2\/product_cat?post=658"},{"taxonomy":"product_tag","embeddable":true,"href":"https:\/\/www.segasanitary.com\/pt\/wp-json\/wp\/v2\/product_tag?post=658"}],"curies":[{"name":"wp","href":"https:\/\/api.w.org\/{rel}","templated":true}]}}