{"id":647,"date":"2026-03-21T01:31:21","date_gmt":"2026-03-21T01:31:21","guid":{"rendered":"https:\/\/www.segasanitary.com\/?post_type=product&#038;p=647"},"modified":"2026-03-21T02:03:07","modified_gmt":"2026-03-21T02:03:07","slug":"bathroom-vanities-wholesale","status":"publish","type":"product","link":"https:\/\/www.segasanitary.com\/pt\/product\/bathroom-vanities-wholesale\/","title":{"rendered":"Arm\u00e1rios de casa de banho por atacado Arm\u00e1rios de design de grelha 3D de armazenamento de camada dupla Fornecedor"},"content":{"rendered":"<div class=\"wp-block-columns is-layout-flex wp-container-core-columns-is-layout-9d6595d7 wp-block-columns-is-layout-flex\">\n<div class=\"wp-block-column is-vertically-aligned-center is-layout-flow wp-block-column-is-layout-flow\">\n<h2 class=\"wp-block-heading\">Casas de banho com toucador Carater\u00edsticas:<\/h2>\n\n\n\n<p><strong>Superf\u00edcie s\u00f3lida de alta qualidade sem costuras:<\/strong> Fabricada a partir de uma superf\u00edcie s\u00f3lida de n\u00edvel superior Corian com um composto de alum\u00ednio-resina, oferece uma bacia e uma bancada totalmente integradas, evitando a acumula\u00e7\u00e3o de res\u00edduos e fugas.<\/p>\n\n\n\n<p><strong>Design de grelha vertical arquitet\u00f3nica:<\/strong> As texturas finas da grelha vertical \u00e0 volta do arm\u00e1rio aumentam a profundidade visual, quebrando a monotonia e dando um toque arquitet\u00f3nico moderno \u00e0 casa de banho.<\/p>\n\n\n\n<p><strong>Layout minimalista flutuante de camada dupla:<\/strong> O design aberto de camada dupla proporciona uma ampla arruma\u00e7\u00e3o; a \u00e1rea superior do lavat\u00f3rio para uso di\u00e1rio, a prateleira inferior para toalhas e artigos de higiene, enquanto os suportes ocultos criam um efeito flutuante.<\/p>\n\n\n\n<p><strong>Superf\u00edcie antibacteriana e altamente repar\u00e1vel:<\/strong> A superf\u00edcie densa e n\u00e3o porosa resiste a bact\u00e9rias e bolor; pequenos riscos podem ser facilmente polidos para restaurar o acabamento original, garantindo uma durabilidade a longo prazo para projectos B2B.<\/p>\n\n\n\n<p><strong>Apoio total ao projeto e personaliza\u00e7\u00e3o:<\/strong> Para al\u00e9m da produ\u00e7\u00e3o, oferecemos personaliza\u00e7\u00e3o OEM\/ODM, fornecimento a granel e consultoria profissional para simplificar os projectos de casas de banho de hot\u00e9is, moradias e estabelecimentos comerciais.<\/p>\n<\/div>\n\n\n\n<div class=\"wp-block-column is-layout-flow wp-block-column-is-layout-flow\">\n<figure class=\"wp-block-image size-full\"><img decoding=\"async\" width=\"800\" height=\"800\" src=\"https:\/\/www.segasanitary.com\/wp-content\/uploads\/2026\/03\/Bathroom-Vanities-Wholesale-Double-Layer-Storage-3D-Grille-Design-CR-0043-W.webp\" alt=\"Casa de banho com toucador por atacado Armazenamento de camada dupla Design de grelha 3D CR-0043-W\" class=\"wp-image-649\" srcset=\"https:\/\/www.segasanitary.com\/wp-content\/uploads\/2026\/03\/Bathroom-Vanities-Wholesale-Double-Layer-Storage-3D-Grille-Design-CR-0043-W.webp 800w, https:\/\/www.segasanitary.com\/wp-content\/uploads\/2026\/03\/Bathroom-Vanities-Wholesale-Double-Layer-Storage-3D-Grille-Design-CR-0043-W-300x300.webp 300w, https:\/\/www.segasanitary.com\/wp-content\/uploads\/2026\/03\/Bathroom-Vanities-Wholesale-Double-Layer-Storage-3D-Grille-Design-CR-0043-W-150x150.webp 150w, https:\/\/www.segasanitary.com\/wp-content\/uploads\/2026\/03\/Bathroom-Vanities-Wholesale-Double-Layer-Storage-3D-Grille-Design-CR-0043-W-768x768.webp 768w, https:\/\/www.segasanitary.com\/wp-content\/uploads\/2026\/03\/Bathroom-Vanities-Wholesale-Double-Layer-Storage-3D-Grille-Design-CR-0043-W-600x600.webp 600w, https:\/\/www.segasanitary.com\/wp-content\/uploads\/2026\/03\/Bathroom-Vanities-Wholesale-Double-Layer-Storage-3D-Grille-Design-CR-0043-W-100x100.webp 100w\" sizes=\"(max-width: 800px) 100vw, 800px\" \/><\/figure>\n<\/div>\n<\/div>","protected":false},"excerpt":{"rendered":"<p>Os toucadores de casa de banho por atacado com superf\u00edcie s\u00f3lida sem costuras, design flutuante de camada dupla, detalhes de grelha vertical e um espelho inteligente LED. Dur\u00e1vel, higi\u00e9nico, adequado para hot\u00e9is, apartamentos e outros projectos de casas de banho comerciais. Suporte a OEM\/ODM. Contacte-nos para obter um or\u00e7amento hoje!<\/p>\n<h2>Especifica\u00e7\u00f5es do produto:<\/h2>\n<table>\n<tbody>\n<tr>\n<td><strong>Atributo<\/strong><\/td>\n<td>\u00a0<span data-path-to-node=\"13,0,1,0\">Especifica\u00e7\u00e3o<\/span><\/td>\n<\/tr>\n<tr>\n<td><strong>Modelo<\/strong><\/td>\n<td>\u00a0<span data-path-to-node=\"22,1,1,0\">CR-0043-W<\/span><\/td>\n<\/tr>\n<tr>\n<td><strong>Material do arm\u00e1rio<\/strong><\/td>\n<td>\u00a0Superf\u00edcie s\u00f3lida<\/td>\n<\/tr>\n<tr>\n<td><strong>Material da bacia<\/strong><\/td>\n<td>\u00a0Cer\u00e2mica<\/td>\n<\/tr>\n<tr>\n<td><strong>Tipo de espelho<\/strong><\/td>\n<td><span data-path-to-node=\"22,6,1,0\">\u00a0Espelho sem moldura<\/span><\/td>\n<\/tr>\n<tr>\n<td><strong>Acabamento<\/strong><\/td>\n<td>\u00a0Grelhador vertical 3D<\/td>\n<\/tr>\n<tr>\n<td><strong>Instala\u00e7\u00e3o<\/strong><\/td>\n<td><span data-path-to-node=\"22,4,1,0\">\u00a0Montagem na parede \/ Flutuante<\/span><\/td>\n<\/tr>\n<\/tbody>\n<\/table>","protected":false},"featured_media":649,"comment_status":"closed","ping_status":"closed","template":"","meta":{"_acf_changed":false},"product_brand":[],"product_cat":[20,45],"product_tag":[],"class_list":{"0":"post-647","1":"product","2":"type-product","3":"status-publish","4":"has-post-thumbnail","6":"product_cat-wholesale-bathroom-cabinet","7":"product_cat-custom-solid-surface-vanity","9":"first","10":"instock","11":"shipping-taxable","12":"product-type-simple"},"acf":[],"_links":{"self":[{"href":"https:\/\/www.segasanitary.com\/pt\/wp-json\/wp\/v2\/product\/647","targetHints":{"allow":["GET"]}}],"collection":[{"href":"https:\/\/www.segasanitary.com\/pt\/wp-json\/wp\/v2\/product"}],"about":[{"href":"https:\/\/www.segasanitary.com\/pt\/wp-json\/wp\/v2\/types\/product"}],"replies":[{"embeddable":true,"href":"https:\/\/www.segasanitary.com\/pt\/wp-json\/wp\/v2\/comments?post=647"}],"wp:featuredmedia":[{"embeddable":true,"href":"https:\/\/www.segasanitary.com\/pt\/wp-json\/wp\/v2\/media\/649"}],"wp:attachment":[{"href":"https:\/\/www.segasanitary.com\/pt\/wp-json\/wp\/v2\/media?parent=647"}],"wp:term":[{"taxonomy":"product_brand","embeddable":true,"href":"https:\/\/www.segasanitary.com\/pt\/wp-json\/wp\/v2\/product_brand?post=647"},{"taxonomy":"product_cat","embeddable":true,"href":"https:\/\/www.segasanitary.com\/pt\/wp-json\/wp\/v2\/product_cat?post=647"},{"taxonomy":"product_tag","embeddable":true,"href":"https:\/\/www.segasanitary.com\/pt\/wp-json\/wp\/v2\/product_tag?post=647"}],"curies":[{"name":"wp","href":"https:\/\/api.w.org\/{rel}","templated":true}]}}