{"id":645,"date":"2026-03-21T01:16:40","date_gmt":"2026-03-21T01:16:40","guid":{"rendered":"https:\/\/www.segasanitary.com\/?post_type=product&#038;p=645"},"modified":"2026-03-21T01:30:31","modified_gmt":"2026-03-21T01:30:31","slug":"custom-bathroom-vanity","status":"publish","type":"product","link":"https:\/\/www.segasanitary.com\/pt\/product\/custom-bathroom-vanity\/","title":{"rendered":"Superf\u00edcie s\u00f3lida para casa de banho personalizada com lavat\u00f3rio integrado sem costuras para hotel e projeto a granel"},"content":{"rendered":"<div class=\"wp-block-columns is-layout-flex wp-container-core-columns-is-layout-9d6595d7 wp-block-columns-is-layout-flex\">\n<div class=\"wp-block-column is-vertically-aligned-center is-layout-flow wp-block-column-is-layout-flow\">\n<h2 class=\"wp-block-heading\">Carater\u00edsticas do toucador de casa de banho:<\/h2>\n\n\n\n<p><strong>Constru\u00e7\u00e3o de superf\u00edcie s\u00f3lida de uma s\u00f3 pe\u00e7a sem costuras:<\/strong> O material de superf\u00edcie s\u00f3lida de alta qualidade permite uma integra\u00e7\u00e3o total e perfeita, evitando a acumula\u00e7\u00e3o de bolor e bact\u00e9rias e cumprindo elevados padr\u00f5es de higiene.<\/p>\n\n\n\n<p><strong>Design escultural, org\u00e2nico e curvo:<\/strong> A forma assim\u00e9trica inspirada em ondas acrescenta valor art\u00edstico, transformando o arm\u00e1rio numa pe\u00e7a de refer\u00eancia para espa\u00e7os de banho de luxo.<\/p>\n\n\n\n<p><strong>Sistema de arruma\u00e7\u00e3o flutuante de camada dupla:<\/strong> O design de camada dupla montado na parede aumenta a arruma\u00e7\u00e3o, mantendo um aspeto limpo e arejado e permitindo uma limpeza f\u00e1cil do ch\u00e3o.<\/p>\n\n\n\n<p><strong>Acabamento aveludado mate e durabilidade a longo prazo:<\/strong> A superf\u00edcie mate de toque suave resiste aos raios UV, ao amarelecimento e \u00e0s manchas, sendo f\u00e1cil de polir para restaurar o seu aspeto original.<\/p>\n\n\n\n<p><strong>Apoio integrado a projectos:<\/strong> Desde a personaliza\u00e7\u00e3o do design at\u00e9 aos desenhos t\u00e9cnicos e \u00e0 produ\u00e7\u00e3o em massa, garantimos uma execu\u00e7\u00e3o eficiente para projectos B2B de grande escala.<\/p>\n<\/div>\n\n\n\n<div class=\"wp-block-column is-layout-flow wp-block-column-is-layout-flow\">\n<figure class=\"wp-block-image size-full\"><img decoding=\"async\" width=\"800\" height=\"800\" src=\"https:\/\/www.segasanitary.com\/wp-content\/uploads\/2026\/03\/Custom-Bathroom-Vanity-Soild-SUrface-with-Seamless-Integrated-Basin-for-Hotel-Project-in-Bulk-CR-0042-W.webp\" alt=\"Superf\u00edcie suave de casa de banho personalizada com lavat\u00f3rio integrado sem costuras para hotelaria e projectos a granel CR-0042-W\" class=\"wp-image-646\" srcset=\"https:\/\/www.segasanitary.com\/wp-content\/uploads\/2026\/03\/Custom-Bathroom-Vanity-Soild-SUrface-with-Seamless-Integrated-Basin-for-Hotel-Project-in-Bulk-CR-0042-W.webp 800w, https:\/\/www.segasanitary.com\/wp-content\/uploads\/2026\/03\/Custom-Bathroom-Vanity-Soild-SUrface-with-Seamless-Integrated-Basin-for-Hotel-Project-in-Bulk-CR-0042-W-300x300.webp 300w, https:\/\/www.segasanitary.com\/wp-content\/uploads\/2026\/03\/Custom-Bathroom-Vanity-Soild-SUrface-with-Seamless-Integrated-Basin-for-Hotel-Project-in-Bulk-CR-0042-W-150x150.webp 150w, https:\/\/www.segasanitary.com\/wp-content\/uploads\/2026\/03\/Custom-Bathroom-Vanity-Soild-SUrface-with-Seamless-Integrated-Basin-for-Hotel-Project-in-Bulk-CR-0042-W-768x768.webp 768w, https:\/\/www.segasanitary.com\/wp-content\/uploads\/2026\/03\/Custom-Bathroom-Vanity-Soild-SUrface-with-Seamless-Integrated-Basin-for-Hotel-Project-in-Bulk-CR-0042-W-600x600.webp 600w, https:\/\/www.segasanitary.com\/wp-content\/uploads\/2026\/03\/Custom-Bathroom-Vanity-Soild-SUrface-with-Seamless-Integrated-Basin-for-Hotel-Project-in-Bulk-CR-0042-W-100x100.webp 100w\" sizes=\"(max-width: 800px) 100vw, 800px\" \/><\/figure>\n<\/div>\n<\/div>","protected":false},"excerpt":{"rendered":"<p>M\u00f3vel de casa de banho personalizado, concebido para projectos modernos, com uma superf\u00edcie s\u00f3lida perfeita, design curvo escultural e disposi\u00e7\u00f5es de arruma\u00e7\u00e3o flex\u00edveis. Concebido para durabilidade, higiene e consist\u00eancia de design, com suporte total de OEM\/ODM para encomendas em massa. Contacte-nos agora para obter or\u00e7amentos por grosso!<\/p>\n<h2>Especifica\u00e7\u00f5es do produto:<\/h2>\n<table>\n<tbody>\n<tr>\n<td><strong>Atributo<\/strong><\/td>\n<td>\u00a0<span data-path-to-node=\"13,0,1,0\">Especifica\u00e7\u00e3o<\/span><\/td>\n<\/tr>\n<tr>\n<td><strong>Modelo<\/strong><\/td>\n<td>\u00a0<span data-path-to-node=\"22,1,1,0\">CR-0042-W<\/span><\/td>\n<\/tr>\n<tr>\n<td><strong>Material do arm\u00e1rio<\/strong><\/td>\n<td>\u00a0Superf\u00edcie s\u00f3lida<\/td>\n<\/tr>\n<tr>\n<td><strong>Material da bacia<\/strong><\/td>\n<td>\u00a0Cer\u00e2mica<\/td>\n<\/tr>\n<tr>\n<td><strong>Tipo de espelho<\/strong><\/td>\n<td><span data-path-to-node=\"22,6,1,0\">\u00a0Espelho sem moldura<\/span><\/td>\n<\/tr>\n<tr>\n<td><strong>Acabamento<\/strong><\/td>\n<td>\u00a0Acabamento aveludado mate<\/td>\n<\/tr>\n<tr>\n<td><strong>Instala\u00e7\u00e3o<\/strong><\/td>\n<td><span data-path-to-node=\"22,4,1,0\">\u00a0Montagem na parede \/ Flutuante<\/span><\/td>\n<\/tr>\n<\/tbody>\n<\/table>","protected":false},"featured_media":646,"comment_status":"closed","ping_status":"closed","template":"","meta":{"_acf_changed":false},"product_brand":[],"product_cat":[20,45],"product_tag":[],"class_list":{"0":"post-645","1":"product","2":"type-product","3":"status-publish","4":"has-post-thumbnail","6":"product_cat-wholesale-bathroom-cabinet","7":"product_cat-custom-solid-surface-vanity","9":"first","10":"instock","11":"shipping-taxable","12":"product-type-simple"},"acf":[],"_links":{"self":[{"href":"https:\/\/www.segasanitary.com\/pt\/wp-json\/wp\/v2\/product\/645","targetHints":{"allow":["GET"]}}],"collection":[{"href":"https:\/\/www.segasanitary.com\/pt\/wp-json\/wp\/v2\/product"}],"about":[{"href":"https:\/\/www.segasanitary.com\/pt\/wp-json\/wp\/v2\/types\/product"}],"replies":[{"embeddable":true,"href":"https:\/\/www.segasanitary.com\/pt\/wp-json\/wp\/v2\/comments?post=645"}],"wp:featuredmedia":[{"embeddable":true,"href":"https:\/\/www.segasanitary.com\/pt\/wp-json\/wp\/v2\/media\/646"}],"wp:attachment":[{"href":"https:\/\/www.segasanitary.com\/pt\/wp-json\/wp\/v2\/media?parent=645"}],"wp:term":[{"taxonomy":"product_brand","embeddable":true,"href":"https:\/\/www.segasanitary.com\/pt\/wp-json\/wp\/v2\/product_brand?post=645"},{"taxonomy":"product_cat","embeddable":true,"href":"https:\/\/www.segasanitary.com\/pt\/wp-json\/wp\/v2\/product_cat?post=645"},{"taxonomy":"product_tag","embeddable":true,"href":"https:\/\/www.segasanitary.com\/pt\/wp-json\/wp\/v2\/product_tag?post=645"}],"curies":[{"name":"wp","href":"https:\/\/api.w.org\/{rel}","templated":true}]}}