{"id":641,"date":"2026-03-20T10:17:34","date_gmt":"2026-03-20T10:17:34","guid":{"rendered":"https:\/\/www.segasanitary.com\/?post_type=product&#038;p=641"},"modified":"2026-03-21T00:53:59","modified_gmt":"2026-03-21T00:53:59","slug":"wholesale-marble-bathroom-cabinet","status":"publish","type":"product","link":"https:\/\/www.segasanitary.com\/pt\/product\/wholesale-marble-bathroom-cabinet\/","title":{"rendered":"Arm\u00e1rio de casa de banho em m\u00e1rmore por atacado, Arm\u00e1rio de casa de banho branco montado na parede personalizado"},"content":{"rendered":"<div class=\"wp-block-columns is-layout-flex wp-container-core-columns-is-layout-9d6595d7 wp-block-columns-is-layout-flex\">\n<div class=\"wp-block-column is-vertically-aligned-center is-layout-flow wp-block-column-is-layout-flow\">\n<h2 class=\"wp-block-heading\">M\u00e1rmore Gabinete de casa de banho Carater\u00edsticas:<\/h2>\n\n\n\n<p><strong>Bancada de pedra sinterizada ultra-dur\u00e1vel<\/strong>: Fabricada a partir de uma pe\u00e7a \u00fanica de pedra sinterizada, a bancada resiste a riscos, temperaturas elevadas e manchas, ao mesmo tempo que oferece uma est\u00e9tica natural semelhante \u00e0 do m\u00e1rmore, sem os problemas de fissuras ou infiltra\u00e7\u00f5es da pedra natural.<\/p>\n\n\n\n<p><strong>Design minimalista flutuante de dupla camada<\/strong>: O design exclusivo de montagem na parede apresenta um lavat\u00f3rio superior e uma arruma\u00e7\u00e3o aberta inferior, criando um aspeto leve e moderno, refor\u00e7ado com suportes ocultos para estabilidade em espa\u00e7os minimalistas e de estilo industrial.<\/p>\n\n\n\n<p><strong>Bacia Nano Anti-n\u00f3doas sem costuras<\/strong>: A bacia de pedra sinterizada integrada com inclina\u00e7\u00e3o precisa garante uma drenagem r\u00e1pida e uma acumula\u00e7\u00e3o de \u00e1gua nula, enquanto a densidade de superf\u00edcie de n\u00edvel nano impede a ader\u00eancia de sujidade, reduzindo a manuten\u00e7\u00e3o em hot\u00e9is e espa\u00e7os comerciais.<\/p>\n\n\n\n<p><strong>Espelho inteligente com retroilumina\u00e7\u00e3o LED<\/strong>: O espelho LED de grandes dimens\u00f5es e ret\u00e2ngulo arredondado proporciona uma ilumina\u00e7\u00e3o suave e agrad\u00e1vel aos olhos com fun\u00e7\u00e3o anti-embaciamento, aumentando a comodidade e o ambiente de alta tecnologia na casa de banho.<\/p>\n<\/div>\n\n\n\n<div class=\"wp-block-column is-layout-flow wp-block-column-is-layout-flow\">\n<figure class=\"wp-block-image size-full\"><img decoding=\"async\" width=\"800\" height=\"800\" src=\"https:\/\/www.segasanitary.com\/wp-content\/uploads\/2026\/03\/Wholesale-Marble-Bathroom-Cabinet-C9084-Y.webp\" alt=\"Arm\u00e1rio de casa de banho em m\u00e1rmore por atacado C9084-Y\" class=\"wp-image-642\" srcset=\"https:\/\/www.segasanitary.com\/wp-content\/uploads\/2026\/03\/Wholesale-Marble-Bathroom-Cabinet-C9084-Y.webp 800w, https:\/\/www.segasanitary.com\/wp-content\/uploads\/2026\/03\/Wholesale-Marble-Bathroom-Cabinet-C9084-Y-300x300.webp 300w, https:\/\/www.segasanitary.com\/wp-content\/uploads\/2026\/03\/Wholesale-Marble-Bathroom-Cabinet-C9084-Y-150x150.webp 150w, https:\/\/www.segasanitary.com\/wp-content\/uploads\/2026\/03\/Wholesale-Marble-Bathroom-Cabinet-C9084-Y-768x768.webp 768w, https:\/\/www.segasanitary.com\/wp-content\/uploads\/2026\/03\/Wholesale-Marble-Bathroom-Cabinet-C9084-Y-600x600.webp 600w, https:\/\/www.segasanitary.com\/wp-content\/uploads\/2026\/03\/Wholesale-Marble-Bathroom-Cabinet-C9084-Y-100x100.webp 100w\" sizes=\"(max-width: 800px) 100vw, 800px\" \/><\/figure>\n<\/div>\n<\/div>","protected":false},"excerpt":{"rendered":"<p>Arm\u00e1rio de banheiro de m\u00e1rmore por atacado com bancada de pedra sinterizada ultra-dur\u00e1vel, design minimalista flutuante, bacia anti-manchas perfeita e espelho inteligente LED retroiluminado, tornando-o uma escolha popular para hot\u00e9is modernos e projetos de banheiro de alta qualidade. Fornecimento a granel direto da f\u00e1brica. Contacte-nos para obter um or\u00e7amento agora!<\/p>\n<h2>Especifica\u00e7\u00f5es do produto:<\/h2>\n<table>\n<tbody>\n<tr>\n<td><strong>Atributo<\/strong><\/td>\n<td>\u00a0<span data-path-to-node=\"13,0,1,0\">Especifica\u00e7\u00e3o<\/span><\/td>\n<\/tr>\n<tr>\n<td><strong>Modelo<\/strong><\/td>\n<td>\u00a0C9084-Y<\/td>\n<\/tr>\n<tr>\n<td><strong>Material do arm\u00e1rio<\/strong><\/td>\n<td>\u00a0M\u00e1rmore<\/td>\n<\/tr>\n<tr>\n<td><strong>Material da bacia<\/strong><\/td>\n<td>\u00a0Cer\u00e2mica<\/td>\n<\/tr>\n<tr>\n<td><strong>Tipo de espelho<\/strong><\/td>\n<td><span data-path-to-node=\"22,6,1,0\">\u00a0Espelho LED de 3 cores<\/span><\/td>\n<\/tr>\n<tr>\n<td><strong>Acabamento<\/strong><\/td>\n<td>\u00a0M\u00e1rmore branco<\/td>\n<\/tr>\n<tr>\n<td><strong>Instala\u00e7\u00e3o<\/strong><\/td>\n<td>\u00a0<span data-path-to-node=\"22,4,1,0\">Montagem na parede \/ Flutuante<\/span><\/td>\n<\/tr>\n<\/tbody>\n<\/table>","protected":false},"featured_media":642,"comment_status":"closed","ping_status":"closed","template":"","meta":{"_acf_changed":false},"product_brand":[],"product_cat":[20,47],"product_tag":[],"class_list":{"0":"post-641","1":"product","2":"type-product","3":"status-publish","4":"has-post-thumbnail","6":"product_cat-wholesale-bathroom-cabinet","7":"product_cat-custom-marble-bathroom-cabinet","9":"first","10":"instock","11":"shipping-taxable","12":"product-type-simple"},"acf":[],"_links":{"self":[{"href":"https:\/\/www.segasanitary.com\/pt\/wp-json\/wp\/v2\/product\/641","targetHints":{"allow":["GET"]}}],"collection":[{"href":"https:\/\/www.segasanitary.com\/pt\/wp-json\/wp\/v2\/product"}],"about":[{"href":"https:\/\/www.segasanitary.com\/pt\/wp-json\/wp\/v2\/types\/product"}],"replies":[{"embeddable":true,"href":"https:\/\/www.segasanitary.com\/pt\/wp-json\/wp\/v2\/comments?post=641"}],"wp:featuredmedia":[{"embeddable":true,"href":"https:\/\/www.segasanitary.com\/pt\/wp-json\/wp\/v2\/media\/642"}],"wp:attachment":[{"href":"https:\/\/www.segasanitary.com\/pt\/wp-json\/wp\/v2\/media?parent=641"}],"wp:term":[{"taxonomy":"product_brand","embeddable":true,"href":"https:\/\/www.segasanitary.com\/pt\/wp-json\/wp\/v2\/product_brand?post=641"},{"taxonomy":"product_cat","embeddable":true,"href":"https:\/\/www.segasanitary.com\/pt\/wp-json\/wp\/v2\/product_cat?post=641"},{"taxonomy":"product_tag","embeddable":true,"href":"https:\/\/www.segasanitary.com\/pt\/wp-json\/wp\/v2\/product_tag?post=641"}],"curies":[{"name":"wp","href":"https:\/\/api.w.org\/{rel}","templated":true}]}}