{"id":639,"date":"2026-03-20T09:41:27","date_gmt":"2026-03-20T09:41:27","guid":{"rendered":"https:\/\/www.segasanitary.com\/?post_type=product&#038;p=639"},"modified":"2026-03-21T07:53:00","modified_gmt":"2026-03-21T07:53:00","slug":"custom-led-mirrors","status":"publish","type":"product","link":"https:\/\/www.segasanitary.com\/pt\/product\/custom-led-mirrors\/","title":{"rendered":"Espelhos LED personalizados Espelhos de casa de banho sem moldura a granel"},"content":{"rendered":"<div class=\"wp-block-columns is-layout-flex wp-container-core-columns-is-layout-9d6595d7 wp-block-columns-is-layout-flex\">\n<div class=\"wp-block-column is-vertically-aligned-center is-layout-flow wp-block-column-is-layout-flow\">\n<h2 class=\"wp-block-heading\">Espelhos LED Carater\u00edsticas:<\/h2>\n\n\n\n<p><strong>Design minimalista de c\u00e1psulas<\/strong>: Os elegantes rebordos curvos quebram a rigidez dos espelhos quadrados tradicionais, aumentando visualmente a altura do teto e conferindo fluidez aos espa\u00e7os de banho modernos.<\/p>\n\n\n\n<p><strong>Espelho LED retroiluminado 360\u00b0 sem sombras: <\/strong>As tiras de LED embutidas por tr\u00e1s do espelho proporcionam uma ilumina\u00e7\u00e3o suave e uniforme atrav\u00e9s de \u00e1reas foscas, simulando a luz natural do dia para cuidados profissionais e maquilhagem.<\/p>\n\n\n\n<p><strong>Anti-embaciamento inteligente com um s\u00f3 toque:<\/strong> A pel\u00edcula de aquecimento PET integrada elimina rapidamente o vapor com um simples toque, assegurando que a \u00e1rea central do espelho permanece limpa mesmo ap\u00f3s duches quentes.<\/p>\n\n\n\n<p><strong>Espelho de prata sem cobre e amigo do ambiente de 5 mm<\/strong>: O espelho de alta reflexividade, sem chumbo e sem merc\u00fario, resiste \u00e0 oxida\u00e7\u00e3o, aos bordos negros e ao bolor, mantendo a clareza a longo prazo em ambientes h\u00famidos de casa de banho.<\/p>\n\n\n\n<p><strong>Servi\u00e7o de personaliza\u00e7\u00e3o flex\u00edvel: <\/strong>Suporta diversas op\u00e7\u00f5es de personaliza\u00e7\u00e3o, como o tamanho, a forma, o material do rebordo, o modo de ilumina\u00e7\u00e3o e a funcionalidade de toque, para satisfazer as necessidades personalizadas de projectos e marcas.<\/p>\n<\/div>\n\n\n\n<div class=\"wp-block-column is-layout-flow wp-block-column-is-layout-flow\">\n<figure class=\"wp-block-image size-full\"><img decoding=\"async\" width=\"800\" height=\"800\" src=\"https:\/\/www.segasanitary.com\/wp-content\/uploads\/2026\/03\/custom-led-mirrors-Z-005.webp\" alt=\"espelhos retrovisores personalizados Z-005\" class=\"wp-image-640\" srcset=\"https:\/\/www.segasanitary.com\/wp-content\/uploads\/2026\/03\/custom-led-mirrors-Z-005.webp 800w, https:\/\/www.segasanitary.com\/wp-content\/uploads\/2026\/03\/custom-led-mirrors-Z-005-300x300.webp 300w, https:\/\/www.segasanitary.com\/wp-content\/uploads\/2026\/03\/custom-led-mirrors-Z-005-150x150.webp 150w, https:\/\/www.segasanitary.com\/wp-content\/uploads\/2026\/03\/custom-led-mirrors-Z-005-768x768.webp 768w, https:\/\/www.segasanitary.com\/wp-content\/uploads\/2026\/03\/custom-led-mirrors-Z-005-600x600.webp 600w, https:\/\/www.segasanitary.com\/wp-content\/uploads\/2026\/03\/custom-led-mirrors-Z-005-100x100.webp 100w\" sizes=\"(max-width: 800px) 100vw, 800px\" \/><\/figure>\n<\/div>\n<\/div>","protected":false},"excerpt":{"rendered":"<p data-start=\"980\" data-end=\"1217\">Os espelhos LED personalizados SEGA combinam um design de c\u00e1psula minimalista, LED retroiluminado a 360\u00b0, anti-embaciamento inteligente e vidro prateado ecol\u00f3gico, com suporte total para personaliza\u00e7\u00e3o. Ideal para casas de banho de luxo. Contacte-nos para encomendas a granel e solu\u00e7\u00f5es para projectos.<\/p>\n<h2>Especifica\u00e7\u00f5es do produto:<\/h2>\n<table>\n<tbody>\n<tr>\n<td><strong>Atributo<\/strong><\/td>\n<td>\u00a0<span data-path-to-node=\"13,0,1,0\">Especifica\u00e7\u00e3o<\/span><\/td>\n<\/tr>\n<tr>\n<td><strong>Modelo<\/strong><\/td>\n<td>\u00a0Z-005<\/td>\n<\/tr>\n<tr>\n<td><strong>Tipo de produto<\/strong><\/td>\n<td>\u00a0<span data-path-to-node=\"22,2,1,0\">Espelho de casa de banho LED inteligente<\/span><\/td>\n<\/tr>\n<tr>\n<td><strong>Material<\/strong><\/td>\n<td>\u00a0Espelho HD Silver sem cobre<\/td>\n<\/tr>\n<tr>\n<td><strong>Forma<\/strong><\/td>\n<td>\u00a0Irregular<\/td>\n<\/tr>\n<tr>\n<td><strong>Moldura<\/strong><\/td>\n<td>\u00a0Sem moldura \/ Estrutura em liga de alum\u00ednio<\/td>\n<\/tr>\n<tr>\n<td><strong>Modo de ilumina\u00e7\u00e3o<\/strong><\/td>\n<td>\u00a0<span data-path-to-node=\"22,3,1,0\">Ilumina\u00e7\u00e3o frontal + ilumina\u00e7\u00e3o traseira (brilho duplo)<\/span><\/td>\n<\/tr>\n<tr>\n<td><strong>Fun\u00e7\u00f5es<\/strong><\/td>\n<td>\u00a0Anti-embaciamento, regul\u00e1vel, CCT ajust\u00e1vel<\/td>\n<\/tr>\n<tr>\n<td><strong>\u00c0 prova de \u00e1gua<\/strong><\/td>\n<td>\u00a0<span data-path-to-node=\"22,8,1,0\">Classifica\u00e7\u00e3o IP44<\/span><\/td>\n<\/tr>\n<\/tbody>\n<\/table>","protected":false},"featured_media":640,"comment_status":"closed","ping_status":"closed","template":"","meta":{"_acf_changed":false},"product_brand":[],"product_cat":[19,35,38],"product_tag":[],"class_list":{"0":"post-639","1":"product","2":"type-product","3":"status-publish","4":"has-post-thumbnail","6":"product_cat-wholesale-bathroom-mirror","7":"product_cat-custom-frameless-mirror","8":"product_cat-custom-oval-mirror","10":"first","11":"instock","12":"shipping-taxable","13":"product-type-simple"},"acf":[],"_links":{"self":[{"href":"https:\/\/www.segasanitary.com\/pt\/wp-json\/wp\/v2\/product\/639","targetHints":{"allow":["GET"]}}],"collection":[{"href":"https:\/\/www.segasanitary.com\/pt\/wp-json\/wp\/v2\/product"}],"about":[{"href":"https:\/\/www.segasanitary.com\/pt\/wp-json\/wp\/v2\/types\/product"}],"replies":[{"embeddable":true,"href":"https:\/\/www.segasanitary.com\/pt\/wp-json\/wp\/v2\/comments?post=639"}],"wp:featuredmedia":[{"embeddable":true,"href":"https:\/\/www.segasanitary.com\/pt\/wp-json\/wp\/v2\/media\/640"}],"wp:attachment":[{"href":"https:\/\/www.segasanitary.com\/pt\/wp-json\/wp\/v2\/media?parent=639"}],"wp:term":[{"taxonomy":"product_brand","embeddable":true,"href":"https:\/\/www.segasanitary.com\/pt\/wp-json\/wp\/v2\/product_brand?post=639"},{"taxonomy":"product_cat","embeddable":true,"href":"https:\/\/www.segasanitary.com\/pt\/wp-json\/wp\/v2\/product_cat?post=639"},{"taxonomy":"product_tag","embeddable":true,"href":"https:\/\/www.segasanitary.com\/pt\/wp-json\/wp\/v2\/product_tag?post=639"}],"curies":[{"name":"wp","href":"https:\/\/api.w.org\/{rel}","templated":true}]}}