{"id":632,"date":"2026-03-20T08:49:21","date_gmt":"2026-03-20T08:49:21","guid":{"rendered":"https:\/\/www.segasanitary.com\/?post_type=product&#038;p=632"},"modified":"2026-03-21T02:35:36","modified_gmt":"2026-03-21T02:35:36","slug":"custom-framed-bathroom-mirrors","status":"publish","type":"product","link":"https:\/\/www.segasanitary.com\/pt\/product\/custom-framed-bathroom-mirrors\/","title":{"rendered":"Espelhos de casa de banho com moldura personalizada e luz LED Espelho Oval SEGA Fabricante"},"content":{"rendered":"<div class=\"wp-block-columns is-layout-flex wp-container-core-columns-is-layout-9d6595d7 wp-block-columns-is-layout-flex\">\n<div class=\"wp-block-column is-vertically-aligned-center is-layout-flow wp-block-column-is-layout-flow\">\n<h2 class=\"wp-block-heading\">Espelhos de casa de banho com moldura Carater\u00edsticas:<\/h2>\n\n\n\n<p><strong>Moldura exclusiva em acr\u00edlico com padr\u00e3o de diamante:<\/strong> O material PS\/acr\u00edlico de elevada transpar\u00eancia com uma textura de \u201cdiamante\u201d gravada com precis\u00e3o refracta a luz LED para obter um efeito brilhante e cristalino, aumentando o reconhecimento da marca.<\/p>\n\n\n\n<p><strong>Alum\u00ednio escovado Suportes decorativos:<\/strong> Tr\u00eas fixa\u00e7\u00f5es geom\u00e9tricas em alum\u00ednio escovado seguram o espelho com seguran\u00e7a, combinando a textura met\u00e1lica com uma moldura transparente para uma est\u00e9tica industrial de primeira qualidade.<\/p>\n\n\n\n<p><strong>Espelho prateado sem cobre e amigo do ambiente de 5 mm:<\/strong> O espelho avan\u00e7ado amigo do ambiente com CRI elevado (&gt;90) garante uma reprodu\u00e7\u00e3o de cores realista, resist\u00eancia \u00e0 oxida\u00e7\u00e3o e durabilidade a longo prazo, ideal para espa\u00e7os de cuidados de beleza de topo.<\/p>\n\n\n\n<p><strong>Ilumina\u00e7\u00e3o LED suave envolvente de 360\u00b0:<\/strong> O LED integrado na estrutura acr\u00edlica proporciona uma ilumina\u00e7\u00e3o uniforme e sem sombras atrav\u00e9s de uma difus\u00e3o com padr\u00e3o de diamante, proporcionando uma luz suave e agrad\u00e1vel aos olhos para uma reflex\u00e3o perfeita.<\/p>\n\n\n\n<p><strong>Venda direta da f\u00e1brica por atacado e personaliza\u00e7\u00e3o:<\/strong> Suporta encomendas a granel de espelhos de casa de banho com op\u00e7\u00f5es flex\u00edveis de tamanho, acabamento da moldura e ilumina\u00e7\u00e3o, apoiadas por um rigoroso controlo de qualidade e uma entrega fi\u00e1vel para projectos B2B e de engenharia.<\/p>\n<\/div>\n\n\n\n<div class=\"wp-block-column is-layout-flow wp-block-column-is-layout-flow\">\n<figure class=\"wp-block-image size-full\"><img decoding=\"async\" width=\"600\" height=\"800\" src=\"https:\/\/www.segasanitary.com\/wp-content\/uploads\/2026\/03\/custom-framed-bathroom-mirrors-details.webp\" alt=\"detalhes de espelhos de casa de banho com moldura personalizada\" class=\"wp-image-633\" srcset=\"https:\/\/www.segasanitary.com\/wp-content\/uploads\/2026\/03\/custom-framed-bathroom-mirrors-details.webp 600w, https:\/\/www.segasanitary.com\/wp-content\/uploads\/2026\/03\/custom-framed-bathroom-mirrors-details-225x300.webp 225w\" sizes=\"(max-width: 600px) 100vw, 600px\" \/><\/figure>\n<\/div>\n<\/div>","protected":false},"excerpt":{"rendered":"<p>Bem-vindo \u00e0 compra a granel de espelhos de casa de banho emoldurados personalizados com molduras de acr\u00edlico com padr\u00e3o de diamante, ilumina\u00e7\u00e3o LED suave e suportes de alum\u00ednio escovado de primeira qualidade. Perfeito para hot\u00e9is, apartamentos e projectos de casas de banho. O fabricante SEGA fornece com um controlo de qualidade rigoroso. Informe-se sobre as op\u00e7\u00f5es de venda por grosso.<\/p>\n<h2>Especifica\u00e7\u00f5es do produto:<\/h2>\n<table>\n<tbody>\n<tr>\n<td><strong>Atributo<\/strong><\/td>\n<td>\u00a0<span data-path-to-node=\"13,0,1,0\">Especifica\u00e7\u00e3o<\/span><\/td>\n<\/tr>\n<tr>\n<td><strong>Modelo<\/strong><\/td>\n<td>\u00a0MY005<\/td>\n<\/tr>\n<tr>\n<td><strong>Tipo de produto<\/strong><\/td>\n<td>\u00a0<span data-path-to-node=\"22,2,1,0\">Espelho de casa de banho LED inteligente<\/span><\/td>\n<\/tr>\n<tr>\n<td><strong>Material<\/strong><\/td>\n<td>\u00a0Espelho HD Silver sem cobre<\/td>\n<\/tr>\n<tr>\n<td><strong>Forma<\/strong><\/td>\n<td>\u00a0Redondo<\/td>\n<\/tr>\n<tr>\n<td><strong>Moldura<\/strong><\/td>\n<td>\u00a0Estrutura em acr\u00edlico \/ Estrutura em liga de alum\u00ednio<\/td>\n<\/tr>\n<tr>\n<td><strong>Modo de ilumina\u00e7\u00e3o<\/strong><\/td>\n<td>\u00a0<span data-path-to-node=\"22,3,1,0\">Ilumina\u00e7\u00e3o frontal + ilumina\u00e7\u00e3o traseira (brilho duplo)<\/span><\/td>\n<\/tr>\n<tr>\n<td><strong>Fun\u00e7\u00f5es<\/strong><\/td>\n<td>Anti-embaciamento, regul\u00e1vel, CCT ajust\u00e1vel<\/td>\n<\/tr>\n<tr>\n<td><strong>\u00c0 prova de \u00e1gua<\/strong><\/td>\n<td>\u00a0<span data-path-to-node=\"22,8,1,0\">Classifica\u00e7\u00e3o IP44<\/span><\/td>\n<\/tr>\n<\/tbody>\n<\/table>","protected":false},"featured_media":635,"comment_status":"closed","ping_status":"closed","template":"","meta":{"_acf_changed":false},"product_brand":[],"product_cat":[19,36,37],"product_tag":[],"class_list":{"0":"post-632","1":"product","2":"type-product","3":"status-publish","4":"has-post-thumbnail","6":"product_cat-wholesale-bathroom-mirror","7":"product_cat-custom-framed-mirror","8":"product_cat-wholesale-round-mirrors","10":"first","11":"instock","12":"shipping-taxable","13":"product-type-simple"},"acf":[],"_links":{"self":[{"href":"https:\/\/www.segasanitary.com\/pt\/wp-json\/wp\/v2\/product\/632","targetHints":{"allow":["GET"]}}],"collection":[{"href":"https:\/\/www.segasanitary.com\/pt\/wp-json\/wp\/v2\/product"}],"about":[{"href":"https:\/\/www.segasanitary.com\/pt\/wp-json\/wp\/v2\/types\/product"}],"replies":[{"embeddable":true,"href":"https:\/\/www.segasanitary.com\/pt\/wp-json\/wp\/v2\/comments?post=632"}],"wp:featuredmedia":[{"embeddable":true,"href":"https:\/\/www.segasanitary.com\/pt\/wp-json\/wp\/v2\/media\/635"}],"wp:attachment":[{"href":"https:\/\/www.segasanitary.com\/pt\/wp-json\/wp\/v2\/media?parent=632"}],"wp:term":[{"taxonomy":"product_brand","embeddable":true,"href":"https:\/\/www.segasanitary.com\/pt\/wp-json\/wp\/v2\/product_brand?post=632"},{"taxonomy":"product_cat","embeddable":true,"href":"https:\/\/www.segasanitary.com\/pt\/wp-json\/wp\/v2\/product_cat?post=632"},{"taxonomy":"product_tag","embeddable":true,"href":"https:\/\/www.segasanitary.com\/pt\/wp-json\/wp\/v2\/product_tag?post=632"}],"curies":[{"name":"wp","href":"https:\/\/api.w.org\/{rel}","templated":true}]}}