{"id":623,"date":"2026-03-20T03:29:38","date_gmt":"2026-03-20T03:29:38","guid":{"rendered":"https:\/\/www.segasanitary.com\/?post_type=product&#038;p=623"},"modified":"2026-03-20T06:28:35","modified_gmt":"2026-03-20T06:28:35","slug":"bathroom-cabinets-wholesale","status":"publish","type":"product","link":"https:\/\/www.segasanitary.com\/pt\/product\/bathroom-cabinets-wholesale\/","title":{"rendered":"Arm\u00e1rios de casa de banho por atacado Arm\u00e1rio de casa de banho em a\u00e7o inoxid\u00e1vel com lavat\u00f3rio em cer\u00e2mica personalizado"},"content":{"rendered":"<div class=\"wp-block-columns is-layout-flex wp-container-core-columns-is-layout-9d6595d7 wp-block-columns-is-layout-flex\">\n<div class=\"wp-block-column is-vertically-aligned-center is-layout-flow wp-block-column-is-layout-flow\">\n<h2 class=\"wp-block-heading\">Arm\u00e1rios de casa de banho em a\u00e7o inoxid\u00e1vel Carater\u00edsticas:<\/h2>\n\n\n\n<p><strong>Constru\u00e7\u00e3o totalmente em a\u00e7o inoxid\u00e1vel<\/strong>: Constru\u00eddo com a\u00e7o inoxid\u00e1vel de alta qualidade, oferece um desempenho \u00e0 prova de \u00e1gua, \u00e0 prova de fogo e resistente \u00e0 corros\u00e3o. Ao contr\u00e1rio do MDF ou do PVC, n\u00e3o se deforma, n\u00e3o racha nem se molda, garantindo mais de 20 anos de utiliza\u00e7\u00e3o.<\/p>\n\n\n\n<p><strong>Amigo do ambiente e sem formalde\u00eddo:<\/strong> O a\u00e7o inoxid\u00e1vel de alta qualidade cont\u00e9m revestimentos nocivos, ideal para apartamentos ecol\u00f3gicos e hot\u00e9is ecol\u00f3gicos.<\/p>\n\n\n\n<p><strong>Arm\u00e1rio semi-aberto de alum\u00ednio com espelho inteligente: <\/strong>Inclui um arm\u00e1rio espelhado em alum\u00ednio resistente \u00e0 corros\u00e3o com arruma\u00e7\u00e3o oculta iluminada por LED \u00e0 esquerda e prateleiras abertas de tr\u00eas camadas \u00e0 direita, combinando privacidade com f\u00e1cil acesso aos objectos essenciais do dia a dia.<\/p>\n\n\n\n<p><strong>Grelha de design italiano minimalista<\/strong>: Os pain\u00e9is de grelha lineares de cor clara com arestas arredondadas suavizam o aspeto met\u00e1lico, melhorando o apelo visual e proporcionando uma est\u00e9tica moderna e de alta qualidade.<\/p>\n\n\n\n<p><strong>Lavat\u00f3rio integrado de cer\u00e2mica auto-limpante:<\/strong> Lava-loi\u00e7a de cer\u00e2mica de uma s\u00f3 pe\u00e7a cozida a alta temperatura com esmalte liso e denso e design de bacia profunda, oferecendo uma forte resist\u00eancia a manchas, limpeza f\u00e1cil e preven\u00e7\u00e3o de salpicos.<\/p>\n\n\n\n<p><strong>Solu\u00e7\u00f5es sanit\u00e1rias abrangentes OEM\/ODM<\/strong>: Desde a conce\u00e7\u00e3o e sele\u00e7\u00e3o de materiais at\u00e9 \u00e0 produ\u00e7\u00e3o e controlo de qualidade, o fabricante SEGA oferece um servi\u00e7o completo de personaliza\u00e7\u00e3o e uma entrega B2B fi\u00e1vel para hot\u00e9is, apartamentos e projectos comerciais.<\/p>\n<\/div>\n\n\n\n<div class=\"wp-block-column is-layout-flow wp-block-column-is-layout-flow\">\n<figure class=\"wp-block-image size-full\"><img decoding=\"async\" width=\"600\" height=\"800\" src=\"https:\/\/www.segasanitary.com\/wp-content\/uploads\/2026\/03\/bathroom-cabinets-wholesale-stainless-steel-bathroom-vanity-custom.webp\" alt=\"arm\u00e1rios de casa de banho por atacado m\u00f3veis de casa de banho em a\u00e7o inoxid\u00e1vel personalizados\" class=\"wp-image-625\" srcset=\"https:\/\/www.segasanitary.com\/wp-content\/uploads\/2026\/03\/bathroom-cabinets-wholesale-stainless-steel-bathroom-vanity-custom.webp 600w, https:\/\/www.segasanitary.com\/wp-content\/uploads\/2026\/03\/bathroom-cabinets-wholesale-stainless-steel-bathroom-vanity-custom-225x300.webp 225w\" sizes=\"(max-width: 600px) 100vw, 600px\" \/><\/figure>\n<\/div>\n<\/div>","protected":false},"excerpt":{"rendered":"<p>Os arm\u00e1rios de casa de banho por atacado incluem um espelho inteligente semi-aberto com ilumina\u00e7\u00e3o LED, um lavat\u00f3rio de cer\u00e2mica profundo e prateleiras de v\u00e1rias camadas para uma utiliza\u00e7\u00e3o organizada e conveniente. Fornecimentos diretos da f\u00e1brica de lou\u00e7a sanit\u00e1ria SEGA. Informe-se agora sobre encomendas a granel e personaliza\u00e7\u00e3o de projectos!<\/p>\n<h2>Especifica\u00e7\u00f5es do produto:<\/h2>\n<table>\n<tbody>\n<tr>\n<td><strong>Atributo<\/strong><\/td>\n<td>\u00a0<span data-path-to-node=\"13,0,1,0\">Especifica\u00e7\u00e3o<\/span><\/td>\n<\/tr>\n<tr>\n<td><strong>Modelo<\/strong><\/td>\n<td>\u00a0<span data-path-to-node=\"22,1,1,0\">204-70<\/span><\/td>\n<\/tr>\n<tr>\n<td><strong>Material do arm\u00e1rio<\/strong><\/td>\n<td>\u00a0A\u00e7o inoxid\u00e1vel<\/td>\n<\/tr>\n<tr>\n<td><strong>Material da bacia<\/strong><\/td>\n<td>\u00a0Cer\u00e2mica<\/td>\n<\/tr>\n<tr>\n<td><strong>Tamanho<\/strong><\/td>\n<td><span data-path-to-node=\"22,1,1,0\">\u00a0700 x 400 x 500 mm<\/span><\/td>\n<\/tr>\n<tr>\n<td><strong>Tipo de espelho<\/strong><\/td>\n<td><span data-path-to-node=\"22,6,1,0\">\u00a0Arm\u00e1rio espelhado de parede<\/span><\/td>\n<\/tr>\n<tr>\n<td><strong>Acabamento<\/strong><\/td>\n<td>\u00a0Acabamento moderno da grelha<\/td>\n<\/tr>\n<tr>\n<td><strong>Instala\u00e7\u00e3o<\/strong><\/td>\n<td><span data-path-to-node=\"22,4,1,0\">\u00a0Montagem na parede \/ Flutuante<\/span><\/td>\n<\/tr>\n<\/tbody>\n<\/table>","protected":false},"featured_media":621,"comment_status":"closed","ping_status":"closed","template":"","meta":{"_acf_changed":false},"product_brand":[],"product_cat":[20,46],"product_tag":[],"class_list":{"0":"post-623","1":"product","2":"type-product","3":"status-publish","4":"has-post-thumbnail","6":"product_cat-wholesale-bathroom-cabinet","7":"product_cat-wholesale-stainless-steel-bathroom-cabinet","9":"first","10":"instock","11":"shipping-taxable","12":"product-type-simple"},"acf":[],"_links":{"self":[{"href":"https:\/\/www.segasanitary.com\/pt\/wp-json\/wp\/v2\/product\/623","targetHints":{"allow":["GET"]}}],"collection":[{"href":"https:\/\/www.segasanitary.com\/pt\/wp-json\/wp\/v2\/product"}],"about":[{"href":"https:\/\/www.segasanitary.com\/pt\/wp-json\/wp\/v2\/types\/product"}],"replies":[{"embeddable":true,"href":"https:\/\/www.segasanitary.com\/pt\/wp-json\/wp\/v2\/comments?post=623"}],"wp:featuredmedia":[{"embeddable":true,"href":"https:\/\/www.segasanitary.com\/pt\/wp-json\/wp\/v2\/media\/621"}],"wp:attachment":[{"href":"https:\/\/www.segasanitary.com\/pt\/wp-json\/wp\/v2\/media?parent=623"}],"wp:term":[{"taxonomy":"product_brand","embeddable":true,"href":"https:\/\/www.segasanitary.com\/pt\/wp-json\/wp\/v2\/product_brand?post=623"},{"taxonomy":"product_cat","embeddable":true,"href":"https:\/\/www.segasanitary.com\/pt\/wp-json\/wp\/v2\/product_cat?post=623"},{"taxonomy":"product_tag","embeddable":true,"href":"https:\/\/www.segasanitary.com\/pt\/wp-json\/wp\/v2\/product_tag?post=623"}],"curies":[{"name":"wp","href":"https:\/\/api.w.org\/{rel}","templated":true}]}}