{"id":620,"date":"2026-03-20T03:12:27","date_gmt":"2026-03-20T03:12:27","guid":{"rendered":"https:\/\/www.segasanitary.com\/?post_type=product&#038;p=620"},"modified":"2026-03-20T03:29:19","modified_gmt":"2026-03-20T03:29:19","slug":"wholesale-stainless-steel-bathroom-cabinet","status":"publish","type":"product","link":"https:\/\/www.segasanitary.com\/pt\/product\/wholesale-stainless-steel-bathroom-cabinet\/","title":{"rendered":"Arm\u00e1rio de casa de banho em a\u00e7o inoxid\u00e1vel por atacado, toucador de casa de banho flutuante com espelho personalizado"},"content":{"rendered":"<div class=\"wp-block-columns is-layout-flex wp-container-core-columns-is-layout-9d6595d7 wp-block-columns-is-layout-flex\">\n<div class=\"wp-block-column is-vertically-aligned-center is-layout-flow wp-block-column-is-layout-flow\">\n<h2 class=\"wp-block-heading\">Arm\u00e1rio de casa de banho em a\u00e7o inoxid\u00e1vel Carater\u00edsticas:<\/h2>\n\n\n\n<p><strong>Constru\u00e7\u00e3o em a\u00e7o inoxid\u00e1vel resistente<\/strong>: Constru\u00eddo em a\u00e7o inoxid\u00e1vel 304\/201 de primeira qualidade, o arm\u00e1rio resiste \u00e0 corros\u00e3o, ferrugem e fogo, mantendo-se sem fissuras e deforma\u00e7\u00f5es em ambientes extremamente h\u00famidos.<\/p>\n\n\n\n<p><strong>Grelha moderna e design industrial arredondado<\/strong>: Os pain\u00e9is da grelha de cor clara e as arestas arredondadas suavizam o aspeto met\u00e1lico, melhorando o aspeto visual e a seguran\u00e7a, mantendo uma est\u00e9tica industrial elegante.<\/p>\n\n\n\n<p><strong>Arm\u00e1rio com espelho multifun\u00e7\u00f5es<\/strong>: O arm\u00e1rio espelhado em alum\u00ednio dur\u00e1vel possui uma sec\u00e7\u00e3o inteligente retroiluminada e prateleiras abertas de tr\u00eas camadas, equilibrando a arruma\u00e7\u00e3o oculta com o f\u00e1cil acesso aos artigos essenciais do dia a dia.<\/p>\n\n\n\n<p><strong>Design compacto de 600 mm que poupa espa\u00e7o<\/strong>: Optimizado para pequenos apartamentos, quartos de hotel ou suites comerciais, proporcionando fun\u00e7\u00f5es de lavagem, arruma\u00e7\u00e3o e limpeza de forma eficiente num espa\u00e7o limitado.<\/p>\n\n\n\n<p><strong>Lavat\u00f3rio em cer\u00e2mica de alto brilho sem costuras<\/strong>: Lava-loi\u00e7a de cer\u00e2mica cozida a alta temperatura com esmalte liso, superf\u00edcie anti-manchas, design de transbordo e \u00e1rea de lavagem generosa para maior conforto e durabilidade.<\/p>\n\n\n\n<p><strong>Solu\u00e7\u00f5es de a\u00e7o inoxid\u00e1vel OEM\/ODM de uma paragem<\/strong>: Desde o design e a sele\u00e7\u00e3o de materiais at\u00e9 \u00e0 produ\u00e7\u00e3o e ao controlo de qualidade, oferecemos uma personaliza\u00e7\u00e3o completa do toucador de casa de banho e uma entrega global fi\u00e1vel para clientes B2B.<\/p>\n<\/div>\n\n\n\n<div class=\"wp-block-column is-layout-flow wp-block-column-is-layout-flow\">\n<figure class=\"wp-block-image size-full\"><img decoding=\"async\" width=\"600\" height=\"800\" src=\"https:\/\/www.segasanitary.com\/wp-content\/uploads\/2026\/03\/wholesale-stainless-steel-bathroom-cabinet-204-60.webp\" alt=\"arm\u00e1rio de casa de banho em a\u00e7o inoxid\u00e1vel por atacado 204-60\" class=\"wp-image-622\" srcset=\"https:\/\/www.segasanitary.com\/wp-content\/uploads\/2026\/03\/wholesale-stainless-steel-bathroom-cabinet-204-60.webp 600w, https:\/\/www.segasanitary.com\/wp-content\/uploads\/2026\/03\/wholesale-stainless-steel-bathroom-cabinet-204-60-225x300.webp 225w\" sizes=\"(max-width: 600px) 100vw, 600px\" \/><\/figure>\n<\/div>\n<\/div>","protected":false},"excerpt":{"rendered":"<p>O arm\u00e1rio de casa de banho em a\u00e7o inoxid\u00e1vel por atacado combina um design compacto de 600 mm, lavat\u00f3rio de cer\u00e2mica sem juntas, espelho retroiluminado inteligente e espa\u00e7o de armazenamento m\u00faltiplo. Perfeito para hot\u00e9is, apartamentos e projectos comerciais, contacte-nos para obter pre\u00e7os a granel e personaliza\u00e7\u00e3o.<\/p>\n<h2>Especifica\u00e7\u00f5es do produto:<\/h2>\n<table>\n<tbody>\n<tr>\n<td><strong>Atributo<\/strong><\/td>\n<td>\u00a0<span data-path-to-node=\"13,0,1,0\">Especifica\u00e7\u00e3o<\/span><\/td>\n<\/tr>\n<tr>\n<td><strong>Modelo<\/strong><\/td>\n<td>\u00a0<span data-path-to-node=\"22,1,1,0\">204-60<\/span><\/td>\n<\/tr>\n<tr>\n<td><strong>Material do arm\u00e1rio<\/strong><\/td>\n<td>\u00a0A\u00e7o inoxid\u00e1vel<\/td>\n<\/tr>\n<tr>\n<td><strong>Material da bacia<\/strong><\/td>\n<td>\u00a0Cer\u00e2mica<\/td>\n<\/tr>\n<tr>\n<td><strong>Tamanho<\/strong><\/td>\n<td><span data-path-to-node=\"22,1,1,0\">\u00a0600 x 400 x 500 mm<\/span><\/td>\n<\/tr>\n<tr>\n<td><strong>Tipo de espelho<\/strong><\/td>\n<td><span data-path-to-node=\"22,6,1,0\">\u00a0Arm\u00e1rio espelhado de parede<\/span><\/td>\n<\/tr>\n<tr>\n<td><strong>Acabamento<\/strong><\/td>\n<td>\u00a0Acabamento moderno da grelha<\/td>\n<\/tr>\n<tr>\n<td><strong>Instala\u00e7\u00e3o<\/strong><\/td>\n<td><span data-path-to-node=\"22,4,1,0\">\u00a0Montagem na parede \/ Flutuante<\/span><\/td>\n<\/tr>\n<\/tbody>\n<\/table>","protected":false},"featured_media":621,"comment_status":"closed","ping_status":"closed","template":"","meta":{"_acf_changed":false},"product_brand":[],"product_cat":[20,46],"product_tag":[],"class_list":{"0":"post-620","1":"product","2":"type-product","3":"status-publish","4":"has-post-thumbnail","6":"product_cat-wholesale-bathroom-cabinet","7":"product_cat-wholesale-stainless-steel-bathroom-cabinet","9":"first","10":"instock","11":"shipping-taxable","12":"product-type-simple"},"acf":[],"_links":{"self":[{"href":"https:\/\/www.segasanitary.com\/pt\/wp-json\/wp\/v2\/product\/620","targetHints":{"allow":["GET"]}}],"collection":[{"href":"https:\/\/www.segasanitary.com\/pt\/wp-json\/wp\/v2\/product"}],"about":[{"href":"https:\/\/www.segasanitary.com\/pt\/wp-json\/wp\/v2\/types\/product"}],"replies":[{"embeddable":true,"href":"https:\/\/www.segasanitary.com\/pt\/wp-json\/wp\/v2\/comments?post=620"}],"wp:featuredmedia":[{"embeddable":true,"href":"https:\/\/www.segasanitary.com\/pt\/wp-json\/wp\/v2\/media\/621"}],"wp:attachment":[{"href":"https:\/\/www.segasanitary.com\/pt\/wp-json\/wp\/v2\/media?parent=620"}],"wp:term":[{"taxonomy":"product_brand","embeddable":true,"href":"https:\/\/www.segasanitary.com\/pt\/wp-json\/wp\/v2\/product_brand?post=620"},{"taxonomy":"product_cat","embeddable":true,"href":"https:\/\/www.segasanitary.com\/pt\/wp-json\/wp\/v2\/product_cat?post=620"},{"taxonomy":"product_tag","embeddable":true,"href":"https:\/\/www.segasanitary.com\/pt\/wp-json\/wp\/v2\/product_tag?post=620"}],"curies":[{"name":"wp","href":"https:\/\/api.w.org\/{rel}","templated":true}]}}