{"id":616,"date":"2026-03-20T02:33:24","date_gmt":"2026-03-20T02:33:24","guid":{"rendered":"https:\/\/www.segasanitary.com\/?post_type=product&#038;p=616"},"modified":"2026-03-20T02:49:18","modified_gmt":"2026-03-20T02:49:18","slug":"wholesale-pvc-bathroom-cabinet","status":"publish","type":"product","link":"https:\/\/www.segasanitary.com\/pt\/product\/wholesale-pvc-bathroom-cabinet\/","title":{"rendered":"Arm\u00e1rio de casa de banho em PVC por atacado, toucador de casa de banho moderno com espelho personalizado"},"content":{"rendered":"<div class=\"wp-block-columns is-layout-flex wp-container-core-columns-is-layout-9d6595d7 wp-block-columns-is-layout-flex\">\n<div class=\"wp-block-column is-vertically-aligned-center is-layout-flow wp-block-column-is-layout-flow\">\n<h2 class=\"wp-block-heading\">Arm\u00e1rio de casa de banho em PVC Carater\u00edsticas:<\/h2>\n\n\n\n<p><strong>Constru\u00e7\u00e3o em PVC \u00e0 prova de \u00e1gua<\/strong>: Fabricado em placa de espuma de PVC r\u00edgida de alta densidade com baixa absor\u00e7\u00e3o de \u00e1gua, n\u00e3o provoca incha\u00e7o, apodrecimento ou deforma\u00e7\u00e3o, mesmo em casas de banho h\u00famidas e mal ventiladas.<\/p>\n\n\n\n<p><strong>Espelho LED inteligente anti-embaciamento<\/strong>: Equipado com um espelho prateado de alta defini\u00e7\u00e3o com um espelho LED de 3 cores, controlo t\u00e1til e desembaciamento com um toque, proporcionando uma visibilidade clara e uma ilumina\u00e7\u00e3o profissional para utiliza\u00e7\u00e3o di\u00e1ria.<\/p>\n\n\n\n<p><strong>Bacia de cer\u00e2mica ultra-fina<\/strong>: O lavat\u00f3rio integrado de grande capacidade com superf\u00edcie nano-revestida oferece uma excelente resist\u00eancia a manchas, riscos e impactos, ideal para ambientes comerciais de elevada frequ\u00eancia.<\/p>\n\n\n\n<p><strong>Design flutuante de inspira\u00e7\u00e3o italiana<\/strong>: A estrutura de montagem na parede proporciona um aspeto elegante e minimalista, permitindo simultaneamente uma limpeza f\u00e1cil do ch\u00e3o e o acesso ao aspirador rob\u00f4, cumprindo as normas de higiene modernas.<\/p>\n\n\n\n<p><strong>Constru\u00eddo para uso comercial<\/strong>: Concebida para durabilidade, resist\u00eancia \u00e0 humidade e desempenho a longo prazo, tornando-a uma escolha fi\u00e1vel para hot\u00e9is, apartamentos e projectos residenciais de qualidade superior.<\/p>\n<\/div>\n\n\n\n<div class=\"wp-block-column is-layout-flow wp-block-column-is-layout-flow\">\n<figure class=\"wp-block-image size-full\"><img decoding=\"async\" width=\"800\" height=\"800\" src=\"https:\/\/www.segasanitary.com\/wp-content\/uploads\/2026\/03\/wholesale-PVC-Bathroom-Cabinet-Modern-Bathroom-Vanities-Wholesale-SJ138P1-CJ80.webp\" alt=\"Arm\u00e1rio de casa de banho em PVC para casa de banho por atacado Arm\u00e1rios de casa de banho modernos por atacado SJ138P1-CJ80\" class=\"wp-image-617\" srcset=\"https:\/\/www.segasanitary.com\/wp-content\/uploads\/2026\/03\/wholesale-PVC-Bathroom-Cabinet-Modern-Bathroom-Vanities-Wholesale-SJ138P1-CJ80.webp 800w, https:\/\/www.segasanitary.com\/wp-content\/uploads\/2026\/03\/wholesale-PVC-Bathroom-Cabinet-Modern-Bathroom-Vanities-Wholesale-SJ138P1-CJ80-300x300.webp 300w, https:\/\/www.segasanitary.com\/wp-content\/uploads\/2026\/03\/wholesale-PVC-Bathroom-Cabinet-Modern-Bathroom-Vanities-Wholesale-SJ138P1-CJ80-150x150.webp 150w, https:\/\/www.segasanitary.com\/wp-content\/uploads\/2026\/03\/wholesale-PVC-Bathroom-Cabinet-Modern-Bathroom-Vanities-Wholesale-SJ138P1-CJ80-768x768.webp 768w, https:\/\/www.segasanitary.com\/wp-content\/uploads\/2026\/03\/wholesale-PVC-Bathroom-Cabinet-Modern-Bathroom-Vanities-Wholesale-SJ138P1-CJ80-600x600.webp 600w, https:\/\/www.segasanitary.com\/wp-content\/uploads\/2026\/03\/wholesale-PVC-Bathroom-Cabinet-Modern-Bathroom-Vanities-Wholesale-SJ138P1-CJ80-100x100.webp 100w\" sizes=\"(max-width: 800px) 100vw, 800px\" \/><\/figure>\n<\/div>\n<\/div>","protected":false},"excerpt":{"rendered":"<p>O arm\u00e1rio de banheiro de PVC por atacado apresenta um design flutuante moderno, uma constru\u00e7\u00e3o \u00e0 prova d'\u00e1gua, um espelho LED inteligente e um arm\u00e1rio que economiza espa\u00e7o, f\u00e1cil de manter. O estilo minimalista moderno \u00e9 projetado para hot\u00e9is e apartamentos. Contacte-nos para encomendas a granel e personaliza\u00e7\u00e3o.<\/p>\n<h2>Especifica\u00e7\u00f5es do produto:<\/h2>\n<table>\n<tbody>\n<tr>\n<td><strong>Atributo<\/strong><\/td>\n<td>\u00a0<span data-path-to-node=\"13,0,1,0\">Especifica\u00e7\u00e3o<\/span><\/td>\n<\/tr>\n<tr>\n<td><strong>Modelo<\/strong><\/td>\n<td>\u00a0<span data-path-to-node=\"22,1,1,0\">SJ138P1-CJ80<\/span><\/td>\n<\/tr>\n<tr>\n<td><strong>Material do arm\u00e1rio<\/strong><\/td>\n<td>PVC<\/td>\n<\/tr>\n<tr>\n<td><strong>Material da bacia<\/strong><\/td>\n<td>Cer\u00e2mica<\/td>\n<\/tr>\n<tr>\n<td><strong>Tipo de espelho<\/strong><\/td>\n<td><span data-path-to-node=\"22,6,1,0\">Arm\u00e1rio espelhado de parede<\/span><\/td>\n<\/tr>\n<tr>\n<td><strong>Acabamento<\/strong><\/td>\n<td>Acabamento em PVC mate<\/td>\n<\/tr>\n<tr>\n<td><strong>Instala\u00e7\u00e3o<\/strong><\/td>\n<td><span data-path-to-node=\"22,4,1,0\">Montagem na parede \/ Flutuante<\/span><\/td>\n<\/tr>\n<\/tbody>\n<\/table>","protected":false},"featured_media":617,"comment_status":"closed","ping_status":"closed","template":"","meta":{"_acf_changed":false},"product_brand":[],"product_cat":[20,41],"product_tag":[],"class_list":{"0":"post-616","1":"product","2":"type-product","3":"status-publish","4":"has-post-thumbnail","6":"product_cat-wholesale-bathroom-cabinet","7":"product_cat-wholesale-pvc-bathroom-cabinet","9":"first","10":"instock","11":"shipping-taxable","12":"product-type-simple"},"acf":[],"_links":{"self":[{"href":"https:\/\/www.segasanitary.com\/pt\/wp-json\/wp\/v2\/product\/616","targetHints":{"allow":["GET"]}}],"collection":[{"href":"https:\/\/www.segasanitary.com\/pt\/wp-json\/wp\/v2\/product"}],"about":[{"href":"https:\/\/www.segasanitary.com\/pt\/wp-json\/wp\/v2\/types\/product"}],"replies":[{"embeddable":true,"href":"https:\/\/www.segasanitary.com\/pt\/wp-json\/wp\/v2\/comments?post=616"}],"wp:featuredmedia":[{"embeddable":true,"href":"https:\/\/www.segasanitary.com\/pt\/wp-json\/wp\/v2\/media\/617"}],"wp:attachment":[{"href":"https:\/\/www.segasanitary.com\/pt\/wp-json\/wp\/v2\/media?parent=616"}],"wp:term":[{"taxonomy":"product_brand","embeddable":true,"href":"https:\/\/www.segasanitary.com\/pt\/wp-json\/wp\/v2\/product_brand?post=616"},{"taxonomy":"product_cat","embeddable":true,"href":"https:\/\/www.segasanitary.com\/pt\/wp-json\/wp\/v2\/product_cat?post=616"},{"taxonomy":"product_tag","embeddable":true,"href":"https:\/\/www.segasanitary.com\/pt\/wp-json\/wp\/v2\/product_tag?post=616"}],"curies":[{"name":"wp","href":"https:\/\/api.w.org\/{rel}","templated":true}]}}