{"id":613,"date":"2026-03-20T00:59:28","date_gmt":"2026-03-20T00:59:28","guid":{"rendered":"https:\/\/www.segasanitary.com\/?post_type=product&#038;p=613"},"modified":"2026-03-20T07:03:40","modified_gmt":"2026-03-20T07:03:40","slug":"bathroom-cabinet-wholesale","status":"publish","type":"product","link":"https:\/\/www.segasanitary.com\/pt\/product\/bathroom-cabinet-wholesale\/","title":{"rendered":"Arm\u00e1rio de casa de banho por atacado MDF flutuante para casa de banho com lavat\u00f3rio Fornecedor"},"content":{"rendered":"<div class=\"wp-block-columns is-layout-flex wp-container-core-columns-is-layout-9d6595d7 wp-block-columns-is-layout-flex\">\n<div class=\"wp-block-column is-vertically-aligned-center is-layout-flow wp-block-column-is-layout-flow\">\n<h2 class=\"wp-block-heading\">MDF Arm\u00e1rio de casa de banho Carater\u00edsticas:<\/h2>\n\n\n\n<p><strong>Design flutuante para montagem na parede<\/strong>: A estrutura moderna montada na parede cria um aspeto flutuante limpo e minimalista, facilitando a limpeza do ch\u00e3o - ideal para projectos de hot\u00e9is e apartamentos com muito tr\u00e1fego.<\/p>\n\n\n\n<p><strong>MDF de grau E1 com acabamento melam\u00ednico<\/strong>: Constru\u00eddo a partir de MDF E1 de alta densidade com tratamento resistente \u00e0 humidade, combinado com uma superf\u00edcie de melamina de gr\u00e3o de madeira clara que oferece durabilidade, resist\u00eancia a riscos e desempenho anti-impress\u00e3o digital.<\/p>\n\n\n\n<p><strong>Lavat\u00f3rio de cer\u00e2mica integrado<\/strong>: Equipado com um lava-loi\u00e7a de uma s\u00f3 pe\u00e7a em cer\u00e2mica cozida a alta temperatura, com uma superf\u00edcie vidrada lisa e de baixa absor\u00e7\u00e3o de \u00e1gua que garante uma limpeza a longo prazo e resist\u00eancia \u00e0s manchas e ao amarelecimento.<\/p>\n\n\n\n<p><strong>Solu\u00e7\u00e3o inteligente de arruma\u00e7\u00e3o de espelhos<\/strong>: O arm\u00e1rio com espelho inclui uma prateleira aberta para os objectos essenciais do dia a dia e compartimentos ocultos para uma arruma\u00e7\u00e3o organizada, melhorando a funcionalidade e o aspeto visual.<\/p>\n\n\n\n<p><strong>Design de grande capacidade optimizado em termos de espa\u00e7o<\/strong>: A disposi\u00e7\u00e3o interna cuidadosamente concebida maximiza a efici\u00eancia da arruma\u00e7\u00e3o, tornando-a adequada tanto para casas de banho compactas como para ambientes comerciais.<\/p>\n\n\n\n<p><strong>Op\u00e7\u00f5es de personaliza\u00e7\u00e3o flex\u00edveis<\/strong>: Suporta ajustes de tamanho, v\u00e1rios acabamentos (gr\u00e3o de madeira ou cores mate) e configura\u00e7\u00f5es personalizadas para corresponder a diferentes prefer\u00eancias de mercado e requisitos de projeto.<\/p>\n<\/div>\n\n\n\n<div class=\"wp-block-column is-layout-flow wp-block-column-is-layout-flow\">\n<figure class=\"wp-block-image size-full\"><img decoding=\"async\" width=\"800\" height=\"800\" src=\"https:\/\/www.segasanitary.com\/wp-content\/uploads\/2026\/03\/bathroom-cabinet-wholesale-floating-bathroom-vanity-with-sink-supplier-SJ005.webp\" alt=\"arm\u00e1rio de casa de banho por atacado flutuante para casa de banho com lavat\u00f3rio fornecedor SJ005\" class=\"wp-image-614\" srcset=\"https:\/\/www.segasanitary.com\/wp-content\/uploads\/2026\/03\/bathroom-cabinet-wholesale-floating-bathroom-vanity-with-sink-supplier-SJ005.webp 800w, https:\/\/www.segasanitary.com\/wp-content\/uploads\/2026\/03\/bathroom-cabinet-wholesale-floating-bathroom-vanity-with-sink-supplier-SJ005-300x300.webp 300w, https:\/\/www.segasanitary.com\/wp-content\/uploads\/2026\/03\/bathroom-cabinet-wholesale-floating-bathroom-vanity-with-sink-supplier-SJ005-150x150.webp 150w, https:\/\/www.segasanitary.com\/wp-content\/uploads\/2026\/03\/bathroom-cabinet-wholesale-floating-bathroom-vanity-with-sink-supplier-SJ005-768x768.webp 768w, https:\/\/www.segasanitary.com\/wp-content\/uploads\/2026\/03\/bathroom-cabinet-wholesale-floating-bathroom-vanity-with-sink-supplier-SJ005-600x600.webp 600w, https:\/\/www.segasanitary.com\/wp-content\/uploads\/2026\/03\/bathroom-cabinet-wholesale-floating-bathroom-vanity-with-sink-supplier-SJ005-100x100.webp 100w\" sizes=\"(max-width: 800px) 100vw, 800px\" \/><\/figure>\n<\/div>\n<\/div>","protected":false},"excerpt":{"rendered":"<p>Arm\u00e1rio de casa de banho por atacado concebido para hot\u00e9is, apartamentos e projectos comerciais, oferecendo uma constru\u00e7\u00e3o em MDF duradoura, designs modernos montados na parede, espa\u00e7o de armazenamento m\u00faltiplo e personaliza\u00e7\u00e3o OEM completa. Contacte-nos para obter pre\u00e7os a granel e apoio a projectos.<\/p>\n<h2>Especifica\u00e7\u00f5es do produto:<\/h2>\n<table>\n<tbody>\n<tr>\n<td><strong>Atributo<\/strong><\/td>\n<td>\u00a0<span data-path-to-node=\"13,0,1,0\">Especifica\u00e7\u00e3o<\/span><\/td>\n<\/tr>\n<tr>\n<td><strong>Modelo<\/strong><\/td>\n<td>\u00a0<span data-path-to-node=\"22,1,1,0\">SJ005<\/span><\/td>\n<\/tr>\n<tr>\n<td><strong>Material do arm\u00e1rio<\/strong><\/td>\n<td>MDF<\/td>\n<\/tr>\n<tr>\n<td><strong>Material da bacia<\/strong><\/td>\n<td>Cer\u00e2mica<\/td>\n<\/tr>\n<tr>\n<td><strong>Tipo de espelho<\/strong><\/td>\n<td><span data-path-to-node=\"22,6,1,0\">Arm\u00e1rio espelhado com prateleiras abertas<\/span><\/td>\n<\/tr>\n<tr>\n<td><strong>Acabamento<\/strong><\/td>\n<td>Gr\u00e3o de madeira natural<\/td>\n<\/tr>\n<tr>\n<td><strong>Instala\u00e7\u00e3o<\/strong><\/td>\n<td><span data-path-to-node=\"22,4,1,0\">Montagem na parede \/ Flutuante<\/span><\/td>\n<\/tr>\n<\/tbody>\n<\/table>","protected":false},"featured_media":614,"comment_status":"closed","ping_status":"closed","template":"","meta":{"_acf_changed":false},"product_brand":[],"product_cat":[20,43],"product_tag":[],"class_list":{"0":"post-613","1":"product","2":"type-product","3":"status-publish","4":"has-post-thumbnail","6":"product_cat-wholesale-bathroom-cabinet","7":"product_cat-wholesale-mdf-bathroom-cabinet","9":"first","10":"instock","11":"shipping-taxable","12":"product-type-simple"},"acf":[],"_links":{"self":[{"href":"https:\/\/www.segasanitary.com\/pt\/wp-json\/wp\/v2\/product\/613","targetHints":{"allow":["GET"]}}],"collection":[{"href":"https:\/\/www.segasanitary.com\/pt\/wp-json\/wp\/v2\/product"}],"about":[{"href":"https:\/\/www.segasanitary.com\/pt\/wp-json\/wp\/v2\/types\/product"}],"replies":[{"embeddable":true,"href":"https:\/\/www.segasanitary.com\/pt\/wp-json\/wp\/v2\/comments?post=613"}],"wp:featuredmedia":[{"embeddable":true,"href":"https:\/\/www.segasanitary.com\/pt\/wp-json\/wp\/v2\/media\/614"}],"wp:attachment":[{"href":"https:\/\/www.segasanitary.com\/pt\/wp-json\/wp\/v2\/media?parent=613"}],"wp:term":[{"taxonomy":"product_brand","embeddable":true,"href":"https:\/\/www.segasanitary.com\/pt\/wp-json\/wp\/v2\/product_brand?post=613"},{"taxonomy":"product_cat","embeddable":true,"href":"https:\/\/www.segasanitary.com\/pt\/wp-json\/wp\/v2\/product_cat?post=613"},{"taxonomy":"product_tag","embeddable":true,"href":"https:\/\/www.segasanitary.com\/pt\/wp-json\/wp\/v2\/product_tag?post=613"}],"curies":[{"name":"wp","href":"https:\/\/api.w.org\/{rel}","templated":true}]}}