{"id":605,"date":"2026-03-19T09:26:12","date_gmt":"2026-03-19T09:26:12","guid":{"rendered":"https:\/\/www.segasanitary.com\/?post_type=product&#038;p=605"},"modified":"2026-03-21T07:54:25","modified_gmt":"2026-03-21T07:54:25","slug":"wall-mounted-toilet-wholesale","status":"publish","type":"product","link":"https:\/\/www.segasanitary.com\/pt\/product\/wall-mounted-toilet-wholesale\/","title":{"rendered":"Vaso sanit\u00e1rio montado na parede por atacado, vaso sanit\u00e1rio de cer\u00e2mica com padr\u00e3o de diamante de designer personalizado"},"content":{"rendered":"<div class=\"wp-block-columns is-layout-flex wp-container-core-columns-is-layout-9d6595d7 wp-block-columns-is-layout-flex\">\n<div class=\"wp-block-column is-vertically-aligned-center is-layout-flow wp-block-column-is-layout-flow\">\n<h2 class=\"wp-block-heading\">Sanita de parede Carater\u00edsticas:<\/h2>\n\n\n\n<p><strong>Design ic\u00f3nico acolchoado com diamantes:<\/strong> O exterior texturizado proporciona um aspeto sofisticado, semelhante ao de um m\u00f3vel de alta qualidade, diferenciando-o das sanitas gen\u00e9ricas de superf\u00edcie lisa existentes no mercado.<\/p>\n\n\n\n<p><strong>Suporte de parede que poupa espa\u00e7o<\/strong>: Ao ocultar o dep\u00f3sito na parede, este design flutuante aumenta significativamente o espa\u00e7o \u00fatil e facilita a limpeza sem esfor\u00e7o da \u00e1rea por baixo da ta\u00e7a.<\/p>\n\n\n\n<p><strong>Desempenho superior de suporte de carga:<\/strong> Concebido para uma utiliza\u00e7\u00e3o comercial de elevado stress, o nosso sistema suspenso na parede foi concebido para suportar capacidades de peso elevadas quando combinado com estruturas de autoclismos ocultos padr\u00e3o.<\/p>\n\n\n\n<p><strong>Fixa\u00e7\u00f5es invis\u00edveis<\/strong>: Apresenta pontos de montagem ocultos para um aspeto limpo e perfeito que real\u00e7a a forma escultural da sanita.<\/p>\n\n\n\n<p><strong>Esmalte nano-autolimpante: <\/strong>O interior \u00e9 tratado com o nosso esmalte ultra-suave patenteado, que impede a ader\u00eancia de res\u00edduos e reduz a necessidade de produtos de limpeza qu\u00edmicos agressivos.<\/p>\n\n\n\n<p><strong>UF Assento de fecho suave:<\/strong> Inclui uma cobertura do assento em Ureia-Formalde\u00eddo (UF) para trabalhos pesados, resistente a riscos e com um mecanismo silencioso de queda lenta.<\/p>\n\n\n\n<p><strong>Fornecimento de toda a gama de produtos<\/strong>: Abrange todos os principais equipamentos de casa de banho, sanitas, bacias, lavat\u00f3rios, torneiras e sistemas de duche, permitindo que os compradores b2b globais obtenham tudo de um fornecedor de lou\u00e7a sanit\u00e1ria SEGA.<\/p>\n<\/div>\n\n\n\n<div class=\"wp-block-column is-layout-flow wp-block-column-is-layout-flow\">\n<figure class=\"wp-block-image size-full\"><img decoding=\"async\" width=\"800\" height=\"800\" src=\"https:\/\/www.segasanitary.com\/wp-content\/uploads\/2026\/03\/Wall-Mounted-Toilet-Wholesale-Designer-Diamond-Pattern-Ceramic-Toilet-Custom-1.webp\" alt=\"Casa de banho de parede por atacado, casa de banho de cer\u00e2mica com padr\u00e3o de diamante personalizado (1)\" class=\"wp-image-608\" srcset=\"https:\/\/www.segasanitary.com\/wp-content\/uploads\/2026\/03\/Wall-Mounted-Toilet-Wholesale-Designer-Diamond-Pattern-Ceramic-Toilet-Custom-1.webp 800w, https:\/\/www.segasanitary.com\/wp-content\/uploads\/2026\/03\/Wall-Mounted-Toilet-Wholesale-Designer-Diamond-Pattern-Ceramic-Toilet-Custom-1-300x300.webp 300w, https:\/\/www.segasanitary.com\/wp-content\/uploads\/2026\/03\/Wall-Mounted-Toilet-Wholesale-Designer-Diamond-Pattern-Ceramic-Toilet-Custom-1-150x150.webp 150w, https:\/\/www.segasanitary.com\/wp-content\/uploads\/2026\/03\/Wall-Mounted-Toilet-Wholesale-Designer-Diamond-Pattern-Ceramic-Toilet-Custom-1-768x768.webp 768w, https:\/\/www.segasanitary.com\/wp-content\/uploads\/2026\/03\/Wall-Mounted-Toilet-Wholesale-Designer-Diamond-Pattern-Ceramic-Toilet-Custom-1-600x600.webp 600w, https:\/\/www.segasanitary.com\/wp-content\/uploads\/2026\/03\/Wall-Mounted-Toilet-Wholesale-Designer-Diamond-Pattern-Ceramic-Toilet-Custom-1-100x100.webp 100w\" sizes=\"(max-width: 800px) 100vw, 800px\" \/><\/figure>\n<\/div>\n<\/div>","protected":false},"excerpt":{"rendered":"<p>A sanita de parede por atacado apresenta um design patenteado acolchoado com diamantes, esmalte nano autolimpante e um assento UF de fecho suave. Perfeita para um projeto de casa de banho topo de gama. Diretamente da f\u00e1brica com uma gama completa de acess\u00f3rios de casa de banho dispon\u00edvel. Contacte-nos para um or\u00e7amento<\/p>\n<h2>Especifica\u00e7\u00f5es do produto:<\/h2>\n<table>\n<tbody>\n<tr>\n<td><strong>Atributo<\/strong><\/td>\n<td>\u00a0<span data-path-to-node=\"13,0,1,0\">Especifica\u00e7\u00e3o<\/span><\/td>\n<\/tr>\n<tr>\n<td><strong>Modelo<\/strong><\/td>\n<td><span data-path-to-node=\"13,1,1,0\">D-4174W<\/span><\/td>\n<\/tr>\n<tr>\n<td><strong>Tipo de produto<\/strong><\/td>\n<td><span data-path-to-node=\"22,1,1,0\">Sanita suspensa \/ flutuante<\/span><\/td>\n<\/tr>\n<tr>\n<td><strong>Material<\/strong><\/td>\n<td>Cer\u00e2mica<\/td>\n<\/tr>\n<tr>\n<td><strong>Cor<\/strong><\/td>\n<td>Branco (cores personalizadas dispon\u00edveis)<\/td>\n<\/tr>\n<tr>\n<td><strong>Sistema de lavagem<\/strong><\/td>\n<td>\u00a0<span data-path-to-node=\"13,9,1,0\">Lavagem sem aro<\/span><\/td>\n<\/tr>\n<tr>\n<td><strong>Tamanho do produto<\/strong><\/td>\n<td>520 \u00d7 360 \u00d7 370 mm<\/td>\n<\/tr>\n<tr>\n<td><strong>Centros de fixa\u00e7\u00e3o<\/strong><\/td>\n<td>180 mm (padr\u00e3o)<\/td>\n<\/tr>\n<tr>\n<td><strong>Tipo de instala\u00e7\u00e3o<\/strong><\/td>\n<td>Suspens\u00e3o \/ Montagem na parede<\/td>\n<\/tr>\n<\/tbody>\n<\/table>","protected":false},"featured_media":608,"comment_status":"closed","ping_status":"closed","template":"","meta":{"_acf_changed":false},"product_brand":[],"product_cat":[49],"product_tag":[],"class_list":{"0":"post-605","1":"product","2":"type-product","3":"status-publish","4":"has-post-thumbnail","6":"product_cat-designer-sanitary-ware","8":"first","9":"instock","10":"shipping-taxable","11":"product-type-simple"},"acf":[],"_links":{"self":[{"href":"https:\/\/www.segasanitary.com\/pt\/wp-json\/wp\/v2\/product\/605","targetHints":{"allow":["GET"]}}],"collection":[{"href":"https:\/\/www.segasanitary.com\/pt\/wp-json\/wp\/v2\/product"}],"about":[{"href":"https:\/\/www.segasanitary.com\/pt\/wp-json\/wp\/v2\/types\/product"}],"replies":[{"embeddable":true,"href":"https:\/\/www.segasanitary.com\/pt\/wp-json\/wp\/v2\/comments?post=605"}],"wp:featuredmedia":[{"embeddable":true,"href":"https:\/\/www.segasanitary.com\/pt\/wp-json\/wp\/v2\/media\/608"}],"wp:attachment":[{"href":"https:\/\/www.segasanitary.com\/pt\/wp-json\/wp\/v2\/media?parent=605"}],"wp:term":[{"taxonomy":"product_brand","embeddable":true,"href":"https:\/\/www.segasanitary.com\/pt\/wp-json\/wp\/v2\/product_brand?post=605"},{"taxonomy":"product_cat","embeddable":true,"href":"https:\/\/www.segasanitary.com\/pt\/wp-json\/wp\/v2\/product_cat?post=605"},{"taxonomy":"product_tag","embeddable":true,"href":"https:\/\/www.segasanitary.com\/pt\/wp-json\/wp\/v2\/product_tag?post=605"}],"curies":[{"name":"wp","href":"https:\/\/api.w.org\/{rel}","templated":true}]}}