{"id":584,"date":"2026-03-19T08:13:36","date_gmt":"2026-03-19T08:13:36","guid":{"rendered":"https:\/\/www.segasanitary.com\/?post_type=product&#038;p=584"},"modified":"2026-03-19T08:38:17","modified_gmt":"2026-03-19T08:38:17","slug":"wholesale-smart-toilets","status":"publish","type":"product","link":"https:\/\/www.segasanitary.com\/pt\/product\/wholesale-smart-toilets\/","title":{"rendered":"Fornecedor grossista de sanitas inteligentes modernas, sanitas inteligentes sem tanque"},"content":{"rendered":"<div class=\"wp-block-columns is-layout-flex wp-container-core-columns-is-layout-9d6595d7 wp-block-columns-is-layout-flex\">\n<div class=\"wp-block-column is-vertically-aligned-center is-layout-flow wp-block-column-is-layout-flow\">\n<h2 class=\"wp-block-heading\">Sanitas inteligentes Carater\u00edsticas:<\/h2>\n\n\n\n<p><strong>Limite de press\u00e3o de \u00e1gua zero<\/strong>: O sistema de refor\u00e7o incorporado garante uma lavagem forte mesmo em condi\u00e7\u00f5es de baixa press\u00e3o ou em edif\u00edcios altos.<\/p>\n\n\n\n<p><strong>Tecnologia de prote\u00e7\u00e3o contra bolhas de ar de 180<\/strong>: Cria uma camada de espuma protetora para evitar salpicos, bloquear odores e reduzir a aerossoliza\u00e7\u00e3o de bact\u00e9rias.<\/p>\n\n\n\n<p><strong>Conjunto de higiene avan\u00e7ada<\/strong>: Inclui um bocal esterilizado por UV, uma haste de pulveriza\u00e7\u00e3o auto-limpante e uma terapia de infravermelhos de qualidade m\u00e9dica para bem-estar e higiene.<\/p>\n\n\n\n<p><strong>Funcionamento sem contacto<\/strong>: Suporta a descarga com sensor de p\u00e9 e a abertura autom\u00e1tica da tampa para minimizar o contacto f\u00edsico e proporcionar uma experi\u00eancia sem germes.<\/p>\n\n\n\n<p><strong>Controlo inteligente da temperatura e do conforto<\/strong>: O aquecimento instant\u00e2neo da \u00e1gua, o assento aquecido e o secador de ar quente proporcionam conforto aos utilizadores finais durante todo o ano.<\/p>\n\n\n\n<p><strong>Integra\u00e7\u00e3o da Aromaterapia<\/strong>: O m\u00f3dulo de aromaterapia incorporado para autom\u00f3veis mant\u00e9m as casas de banho frescas, acrescentando um diferencial de retalho premium.<\/p>\n\n\n\n<p><strong>Apoio total ao projeto<\/strong>: O fabricante de lou\u00e7a sanit\u00e1ria SEGA fornece personaliza\u00e7\u00e3o de log\u00f3tipo, fornecimento a granel, orienta\u00e7\u00e3o de instala\u00e7\u00e3o e produ\u00e7\u00e3o com garantia de qualidade para projectos B2B globais.<\/p>\n<\/div>\n\n\n\n<div class=\"wp-block-column is-layout-flow wp-block-column-is-layout-flow\">\n<figure class=\"wp-block-image size-full\"><img decoding=\"async\" width=\"573\" height=\"800\" src=\"https:\/\/www.segasanitary.com\/wp-content\/uploads\/2026\/03\/wholesale-smart-toilets-tankless-smart-toilet-supplier.webp\" alt=\"grossista de sanitas inteligentes fornecedor de sanitas inteligentes sem dep\u00f3sito\" class=\"wp-image-599\" srcset=\"https:\/\/www.segasanitary.com\/wp-content\/uploads\/2026\/03\/wholesale-smart-toilets-tankless-smart-toilet-supplier.webp 573w, https:\/\/www.segasanitary.com\/wp-content\/uploads\/2026\/03\/wholesale-smart-toilets-tankless-smart-toilet-supplier-215x300.webp 215w\" sizes=\"(max-width: 573px) 100vw, 573px\" \/><\/figure>\n<\/div>\n<\/div>","protected":false},"excerpt":{"rendered":"<p>A sanita inteligente por atacado possui descarga de press\u00e3o zero, escudo de bolhas de 180\u00b0, esteriliza\u00e7\u00e3o UV, opera\u00e7\u00e3o sem contacto e controlo inteligente da temperatura. Fornecimento direto da f\u00e1brica com qualidade rigorosa, certificado CUPC\/CE\/SASO, ideal para hot\u00e9is, apartamentos e projectos comerciais de topo de gama. Bem-vindo a contactar-nos para obter o cat\u00e1logo de produtos!<\/p>\n<h2>Especifica\u00e7\u00f5es do produto:<\/h2>\n<table>\n<tbody>\n<tr>\n<td><strong>Atributo<\/strong><\/td>\n<td>\u00a0<span data-path-to-node=\"13,0,1,0\">Especifica\u00e7\u00e3o<\/span><\/td>\n<\/tr>\n<tr>\n<td><strong>Modelo<\/strong><\/td>\n<td>612<\/td>\n<\/tr>\n<tr>\n<td><strong>Tipo de produto<\/strong><\/td>\n<td>Sanita inteligente<\/td>\n<\/tr>\n<tr>\n<td><strong>Material<\/strong><\/td>\n<td>Cer\u00e2mica<\/td>\n<\/tr>\n<tr>\n<td><strong>Cor<\/strong><\/td>\n<td>Branco (cores personalizadas dispon\u00edveis)<\/td>\n<\/tr>\n<tr>\n<td><strong>Sistema de lavagem<\/strong><\/td>\n<td>Descarga por corte de energia + Descarga Sif\u00f3nica Autom\u00e1tica<\/td>\n<\/tr>\n<tr>\n<td><strong>Tamanho do produto<\/strong><\/td>\n<td>700 \u00d7 430 \u00d7 460 mm<\/td>\n<\/tr>\n<tr>\n<td><strong>Desbaste<\/strong><\/td>\n<td>300 \/ 400 mm<\/td>\n<\/tr>\n<tr>\n<td><strong>Tipo de instala\u00e7\u00e3o<\/strong><\/td>\n<td>Montagem no ch\u00e3o<\/td>\n<\/tr>\n<\/tbody>\n<\/table>","protected":false},"featured_media":600,"comment_status":"closed","ping_status":"closed","template":"","meta":{"_acf_changed":false},"product_brand":[],"product_cat":[23,30],"product_tag":[],"class_list":{"0":"post-584","1":"product","2":"type-product","3":"status-publish","4":"has-post-thumbnail","6":"product_cat-wholesale-toilets","7":"product_cat-wholesale-smart-toilet","9":"first","10":"instock","11":"shipping-taxable","12":"product-type-simple"},"acf":[],"_links":{"self":[{"href":"https:\/\/www.segasanitary.com\/pt\/wp-json\/wp\/v2\/product\/584","targetHints":{"allow":["GET"]}}],"collection":[{"href":"https:\/\/www.segasanitary.com\/pt\/wp-json\/wp\/v2\/product"}],"about":[{"href":"https:\/\/www.segasanitary.com\/pt\/wp-json\/wp\/v2\/types\/product"}],"replies":[{"embeddable":true,"href":"https:\/\/www.segasanitary.com\/pt\/wp-json\/wp\/v2\/comments?post=584"}],"wp:featuredmedia":[{"embeddable":true,"href":"https:\/\/www.segasanitary.com\/pt\/wp-json\/wp\/v2\/media\/600"}],"wp:attachment":[{"href":"https:\/\/www.segasanitary.com\/pt\/wp-json\/wp\/v2\/media?parent=584"}],"wp:term":[{"taxonomy":"product_brand","embeddable":true,"href":"https:\/\/www.segasanitary.com\/pt\/wp-json\/wp\/v2\/product_brand?post=584"},{"taxonomy":"product_cat","embeddable":true,"href":"https:\/\/www.segasanitary.com\/pt\/wp-json\/wp\/v2\/product_cat?post=584"},{"taxonomy":"product_tag","embeddable":true,"href":"https:\/\/www.segasanitary.com\/pt\/wp-json\/wp\/v2\/product_tag?post=584"}],"curies":[{"name":"wp","href":"https:\/\/api.w.org\/{rel}","templated":true}]}}