{"id":572,"date":"2026-03-19T06:52:29","date_gmt":"2026-03-19T06:52:29","guid":{"rendered":"https:\/\/www.segasanitary.com\/?post_type=product&#038;p=572"},"modified":"2026-03-19T07:15:17","modified_gmt":"2026-03-19T07:15:17","slug":"wholesale-wall-mounted-toilet","status":"publish","type":"product","link":"https:\/\/www.segasanitary.com\/pt\/product\/wholesale-wall-mounted-toilet\/","title":{"rendered":"Fornecedores de sanita de parede por atacado, sanita preta sem tanque"},"content":{"rendered":"<div class=\"wp-block-columns is-layout-flex wp-container-core-columns-is-layout-9d6595d7 wp-block-columns-is-layout-flex\">\n<div class=\"wp-block-column is-vertically-aligned-center is-layout-flow wp-block-column-is-layout-flow\">\n<h2 class=\"wp-block-heading\">Sanita de parede Carater\u00edsticas:<\/h2>\n\n\n\n<p><strong>Acabamento Premium em preto mate<\/strong>: Queimado duas vezes a 1280\u00b0C com esmalte de alta qualidade, proporcionando uma superf\u00edcie mate suave que resiste a manchas e impress\u00f5es digitais - ideal para projectos de casas de banho modernas e de alta qualidade.<\/p>\n\n\n\n<p><strong>Design ultra-compacto para pendurar na parede<\/strong>: A proje\u00e7\u00e3o curta de 495 mm maximiza a efici\u00eancia do espa\u00e7o, enquanto a estrutura de montagem na parede melhora a abertura visual e simplifica a limpeza do ch\u00e3o.<\/p>\n\n\n\n<p><strong>Descarga higi\u00e9nica sem rebordo<\/strong>: A tecnologia sem rebordo garante uma cobertura total da bacia sem arestas ocultas, reduzindo a acumula\u00e7\u00e3o de bact\u00e9rias e diminuindo os esfor\u00e7os de limpeza em ambientes comerciais.<\/p>\n\n\n\n<p><strong>Compatibilidade de instala\u00e7\u00e3o universal<\/strong>: A montagem standard de 180 mm e a sa\u00edda de 100 mm adaptam-se perfeitamente aos principais sistemas de autoclismos ocultos, como Geberit e Grohe, garantindo uma f\u00e1cil integra\u00e7\u00e3o em projectos globais.<\/p>\n\n\n\n<p><strong>Desempenho de carga pesada<\/strong>: Concebida para ser resistente, com capacidade de carga at\u00e9 400 kg quando associada a uma estrutura adequada, satisfaz os requisitos de seguran\u00e7a para utiliza\u00e7\u00e3o residencial e comercial.<\/p>\n\n\n\n<p><strong>Apoio fi\u00e1vel ao fabrico OEM\/ODM<\/strong>: A Sega oferece personaliza\u00e7\u00e3o do log\u00f3tipo, controlo de cor consistente em todos os lotes, fornecimento est\u00e1vel a granel e experi\u00eancia de exporta\u00e7\u00e3o a longo prazo com orienta\u00e7\u00e3o de instala\u00e7\u00e3o completa e garantia.<\/p>\n<\/div>\n\n\n\n<div class=\"wp-block-column is-layout-flow wp-block-column-is-layout-flow\">\n<figure class=\"wp-block-image size-full\"><img decoding=\"async\" width=\"800\" height=\"800\" src=\"https:\/\/www.segasanitary.com\/wp-content\/uploads\/2026\/03\/wholesale-wall-mounted-toilet-black-tankless-toilet-suppliers.webp\" alt=\"sanita montada na parede por atacado, fornecedores de sanita preta sem tanque\" class=\"wp-image-577\" srcset=\"https:\/\/www.segasanitary.com\/wp-content\/uploads\/2026\/03\/wholesale-wall-mounted-toilet-black-tankless-toilet-suppliers.webp 800w, https:\/\/www.segasanitary.com\/wp-content\/uploads\/2026\/03\/wholesale-wall-mounted-toilet-black-tankless-toilet-suppliers-300x300.webp 300w, https:\/\/www.segasanitary.com\/wp-content\/uploads\/2026\/03\/wholesale-wall-mounted-toilet-black-tankless-toilet-suppliers-150x150.webp 150w, https:\/\/www.segasanitary.com\/wp-content\/uploads\/2026\/03\/wholesale-wall-mounted-toilet-black-tankless-toilet-suppliers-768x768.webp 768w, https:\/\/www.segasanitary.com\/wp-content\/uploads\/2026\/03\/wholesale-wall-mounted-toilet-black-tankless-toilet-suppliers-600x600.webp 600w, https:\/\/www.segasanitary.com\/wp-content\/uploads\/2026\/03\/wholesale-wall-mounted-toilet-black-tankless-toilet-suppliers-100x100.webp 100w\" sizes=\"(max-width: 800px) 100vw, 800px\" \/><\/figure>\n<\/div>\n<\/div>","protected":false},"excerpt":{"rendered":"<p>A sanita de parede Wholesale apresenta um acabamento preto mate premium, um design compacto de 495 mm e higiene sem rebordo para uma limpeza f\u00e1cil. Ideal para hot\u00e9is, apartamentos e projectos comerciais. A SEGA oferece personaliza\u00e7\u00e3o OEM\/ODM, fornecimento fi\u00e1vel a granel e apoio total \u00e0 instala\u00e7\u00e3o. Contacte-nos para obter um or\u00e7amento por grosso!<\/p>\n<h2>Especifica\u00e7\u00f5es do produto:<\/h2>\n<table>\n<tbody>\n<tr>\n<td><strong>Atributo<\/strong><\/td>\n<td>\u00a0<span data-path-to-node=\"13,0,1,0\">Especifica\u00e7\u00e3o<\/span><\/td>\n<\/tr>\n<tr>\n<td><strong>Modelo<\/strong><\/td>\n<td>K-4881<\/td>\n<\/tr>\n<tr>\n<td><strong>Tipo de produto<\/strong><\/td>\n<td><span data-path-to-node=\"22,1,1,0\">Sanita suspensa \/ flutuante<\/span><\/td>\n<\/tr>\n<tr>\n<td><strong>Material<\/strong><\/td>\n<td>Cer\u00e2mica<\/td>\n<\/tr>\n<tr>\n<td><strong>Cor<\/strong><\/td>\n<td>Preto mate (cores personalizadas dispon\u00edveis)<\/td>\n<\/tr>\n<tr>\n<td><strong>Sistema de lavagem<\/strong><\/td>\n<td>\n<p><span style=\"font-family: inherit; font-size: inherit;\">Lavagem sem aro<\/span><\/p>\n<\/td>\n<\/tr>\n<tr>\n<td><strong>Tamanho do produto<\/strong><\/td>\n<td>495 \u00d7 365 \u00d7 365 mm<\/td>\n<\/tr>\n<tr>\n<td><strong>Centros de fixa\u00e7\u00e3o<\/strong><\/td>\n<td>180 mm (padr\u00e3o)<\/td>\n<\/tr>\n<tr>\n<td><strong>Tipo de instala\u00e7\u00e3o<\/strong><\/td>\n<td>Suspens\u00e3o \/ Montagem na parede<\/td>\n<\/tr>\n<\/tbody>\n<\/table>","protected":false},"featured_media":577,"comment_status":"closed","ping_status":"closed","template":"","meta":{"_acf_changed":false},"product_brand":[],"product_cat":[23,28],"product_tag":[],"class_list":{"0":"post-572","1":"product","2":"type-product","3":"status-publish","4":"has-post-thumbnail","6":"product_cat-wholesale-toilets","7":"product_cat-wholesale-wall-hung-toilet","9":"first","10":"instock","11":"shipping-taxable","12":"product-type-simple"},"acf":[],"_links":{"self":[{"href":"https:\/\/www.segasanitary.com\/pt\/wp-json\/wp\/v2\/product\/572","targetHints":{"allow":["GET"]}}],"collection":[{"href":"https:\/\/www.segasanitary.com\/pt\/wp-json\/wp\/v2\/product"}],"about":[{"href":"https:\/\/www.segasanitary.com\/pt\/wp-json\/wp\/v2\/types\/product"}],"replies":[{"embeddable":true,"href":"https:\/\/www.segasanitary.com\/pt\/wp-json\/wp\/v2\/comments?post=572"}],"wp:featuredmedia":[{"embeddable":true,"href":"https:\/\/www.segasanitary.com\/pt\/wp-json\/wp\/v2\/media\/577"}],"wp:attachment":[{"href":"https:\/\/www.segasanitary.com\/pt\/wp-json\/wp\/v2\/media?parent=572"}],"wp:term":[{"taxonomy":"product_brand","embeddable":true,"href":"https:\/\/www.segasanitary.com\/pt\/wp-json\/wp\/v2\/product_brand?post=572"},{"taxonomy":"product_cat","embeddable":true,"href":"https:\/\/www.segasanitary.com\/pt\/wp-json\/wp\/v2\/product_cat?post=572"},{"taxonomy":"product_tag","embeddable":true,"href":"https:\/\/www.segasanitary.com\/pt\/wp-json\/wp\/v2\/product_tag?post=572"}],"curies":[{"name":"wp","href":"https:\/\/api.w.org\/{rel}","templated":true}]}}