{"id":569,"date":"2026-03-19T06:11:45","date_gmt":"2026-03-19T06:11:45","guid":{"rendered":"https:\/\/www.segasanitary.com\/?post_type=product&#038;p=569"},"modified":"2026-03-19T06:33:18","modified_gmt":"2026-03-19T06:33:18","slug":"two-piece-toilet-custom","status":"publish","type":"product","link":"https:\/\/www.segasanitary.com\/pt\/product\/two-piece-toilet-custom\/","title":{"rendered":"Sanita de duas pe\u00e7as personalizada, sanita de cer\u00e2mica Fabricante"},"content":{"rendered":"<div class=\"wp-block-columns is-layout-flex wp-container-core-columns-is-layout-9d6595d7 wp-block-columns-is-layout-flex\">\n<div class=\"wp-block-column is-vertically-aligned-center is-layout-flow wp-block-column-is-layout-flow\">\n<h2 class=\"wp-block-heading\">Sanita de duas pe\u00e7as Carater\u00edsticas:<\/h2>\n\n\n\n<p><strong>Compatibilidade de drenagem flex\u00edvel:<\/strong> Suporta tanto o sif\u00e3o em S (250 mm) como o sif\u00e3o em P (180 mm), tornando-o adapt\u00e1vel a diversas normas de canaliza\u00e7\u00e3o nos mercados globais e reduzindo a complexidade de SKU para os distribuidores.<\/p>\n\n\n\n<p><strong>Cer\u00e2mica de qualidade comercial Durabilidade:<\/strong> Cozido a 1280\u00b0C com uma absor\u00e7\u00e3o de \u00e1gua inferior a 0,5%, garantindo um corpo denso, resistente a fissuras e que n\u00e3o amarelece, adequado para ambientes comerciais de elevado tr\u00e1fego.<\/p>\n\n\n\n<p><strong>Sistema de lavagem de alta efici\u00eancia<\/strong>: Equipado com uma sa\u00edda de grande di\u00e2metro e uma potente tecnologia de lavagem, combinada com a funcionalidade de dupla descarga para equilibrar um forte desempenho e requisitos de poupan\u00e7a de \u00e1gua.<\/p>\n\n\n\n<p><strong>Design compacto que poupa espa\u00e7o<\/strong>A proje\u00e7\u00e3o curta de 650 mm optimiza a disposi\u00e7\u00e3o das casas de banho, ideal para hot\u00e9is, apartamentos e projectos com espa\u00e7o limitado, sem comprometer o conforto ou a est\u00e9tica.<\/p>\n\n\n\n<p><strong>Superf\u00edcie Nano Glaze de f\u00e1cil limpeza<\/strong>: O avan\u00e7ado esmalte nano-autolimpante resiste a manchas e \u00e0 acumula\u00e7\u00e3o de bact\u00e9rias, reduzindo significativamente a frequ\u00eancia de manuten\u00e7\u00e3o e os custos operacionais.<\/p>\n\n\n\n<p><strong>Forte apoio ao fabrico OEM\/ODM<\/strong>: Fabricante profissional que oferece personaliza\u00e7\u00e3o de log\u00f3tipos, design de embalagens, produ\u00e7\u00e3o a granel e apoio total ao projeto com um rigoroso controlo de qualidade<\/p>\n<\/div>\n\n\n\n<div class=\"wp-block-column is-layout-flow wp-block-column-is-layout-flow\">\n<figure class=\"wp-block-image size-full\"><img decoding=\"async\" width=\"800\" height=\"800\" src=\"https:\/\/www.segasanitary.com\/wp-content\/uploads\/2026\/03\/two-piece-toilet-custom-ceramic-toilet-manufacturers.webp\" alt=\"sanita de duas pe\u00e7as fabricantes de sanitas de cer\u00e2mica personalizadas\" class=\"wp-image-570\" srcset=\"https:\/\/www.segasanitary.com\/wp-content\/uploads\/2026\/03\/two-piece-toilet-custom-ceramic-toilet-manufacturers.webp 800w, https:\/\/www.segasanitary.com\/wp-content\/uploads\/2026\/03\/two-piece-toilet-custom-ceramic-toilet-manufacturers-300x300.webp 300w, https:\/\/www.segasanitary.com\/wp-content\/uploads\/2026\/03\/two-piece-toilet-custom-ceramic-toilet-manufacturers-150x150.webp 150w, https:\/\/www.segasanitary.com\/wp-content\/uploads\/2026\/03\/two-piece-toilet-custom-ceramic-toilet-manufacturers-768x768.webp 768w, https:\/\/www.segasanitary.com\/wp-content\/uploads\/2026\/03\/two-piece-toilet-custom-ceramic-toilet-manufacturers-600x600.webp 600w, https:\/\/www.segasanitary.com\/wp-content\/uploads\/2026\/03\/two-piece-toilet-custom-ceramic-toilet-manufacturers-100x100.webp 100w\" sizes=\"(max-width: 800px) 100vw, 800px\" \/><\/figure>\n<\/div>\n<\/div>","protected":false},"excerpt":{"rendered":"<p>A sanita personalizada de duas pe\u00e7as oferece compatibilidade global com o sif\u00e3o S\/P, cer\u00e2mica dur\u00e1vel de alta combust\u00e3o, descarga dupla eficiente e um design compacto. Apoiado por um fabrico OEM\/ODM fi\u00e1vel, garante uma qualidade consistente e um fornecimento est\u00e1vel a granel. Diretamente da f\u00e1brica, com certifica\u00e7\u00e3o CUPC\/CE\/SASO, contacte-nos para obter uma cota\u00e7\u00e3o competitiva por grosso.<\/p>\n<h2>Especifica\u00e7\u00f5es do produto:<\/h2>\n<table>\n<tbody>\n<tr>\n<td><strong>Atributo<\/strong><\/td>\n<td>\u00a0<span data-path-to-node=\"13,0,1,0\">Especifica\u00e7\u00e3o<\/span><\/td>\n<\/tr>\n<tr>\n<td><strong>Modelo<\/strong><\/td>\n<td>M-5020<\/td>\n<\/tr>\n<tr>\n<td><strong>Tipo de produto<\/strong><\/td>\n<td>Sanita de duas pe\u00e7as<\/td>\n<\/tr>\n<tr>\n<td><strong>Material<\/strong><\/td>\n<td>Cer\u00e2mica<\/td>\n<\/tr>\n<tr>\n<td><strong>Cor<\/strong><\/td>\n<td>Branco (cores personalizadas dispon\u00edveis)<\/td>\n<\/tr>\n<tr>\n<td><strong>Sistema de lavagem<\/strong><\/td>\n<td>Lavagem de \u00e1gua<\/td>\n<\/tr>\n<tr>\n<td><strong>Tamanho do produto<\/strong><\/td>\n<td><span data-path-to-node=\"9,4,1,0\"><span class=\"math-inline\" data-math=\"650 \\times 340 \\times 770mm\" data-index-in-node=\"0\">650 x 340 x 770 mm<\/span><\/span><\/td>\n<\/tr>\n<tr>\n<td><strong>Desbaste<\/strong><\/td>\n<td>\u00a0<span data-path-to-node=\"21,6,1,0\">S-trap: 250mm \/ P-trap: 180mm<\/span><\/td>\n<\/tr>\n<tr>\n<td><strong>Tipo de instala\u00e7\u00e3o<\/strong><\/td>\n<td>Montagem no ch\u00e3o<\/td>\n<\/tr>\n<\/tbody>\n<\/table>","protected":false},"featured_media":570,"comment_status":"closed","ping_status":"closed","template":"","meta":{"_acf_changed":false},"product_brand":[],"product_cat":[23,29],"product_tag":[],"class_list":{"0":"post-569","1":"product","2":"type-product","3":"status-publish","4":"has-post-thumbnail","6":"product_cat-wholesale-toilets","7":"product_cat-wholesale-two-piece-toilet","9":"first","10":"instock","11":"shipping-taxable","12":"product-type-simple"},"acf":[],"_links":{"self":[{"href":"https:\/\/www.segasanitary.com\/pt\/wp-json\/wp\/v2\/product\/569","targetHints":{"allow":["GET"]}}],"collection":[{"href":"https:\/\/www.segasanitary.com\/pt\/wp-json\/wp\/v2\/product"}],"about":[{"href":"https:\/\/www.segasanitary.com\/pt\/wp-json\/wp\/v2\/types\/product"}],"replies":[{"embeddable":true,"href":"https:\/\/www.segasanitary.com\/pt\/wp-json\/wp\/v2\/comments?post=569"}],"wp:featuredmedia":[{"embeddable":true,"href":"https:\/\/www.segasanitary.com\/pt\/wp-json\/wp\/v2\/media\/570"}],"wp:attachment":[{"href":"https:\/\/www.segasanitary.com\/pt\/wp-json\/wp\/v2\/media?parent=569"}],"wp:term":[{"taxonomy":"product_brand","embeddable":true,"href":"https:\/\/www.segasanitary.com\/pt\/wp-json\/wp\/v2\/product_brand?post=569"},{"taxonomy":"product_cat","embeddable":true,"href":"https:\/\/www.segasanitary.com\/pt\/wp-json\/wp\/v2\/product_cat?post=569"},{"taxonomy":"product_tag","embeddable":true,"href":"https:\/\/www.segasanitary.com\/pt\/wp-json\/wp\/v2\/product_tag?post=569"}],"curies":[{"name":"wp","href":"https:\/\/api.w.org\/{rel}","templated":true}]}}