{"id":539,"date":"2026-03-19T01:49:30","date_gmt":"2026-03-19T01:49:30","guid":{"rendered":"https:\/\/www.segasanitary.com\/?post_type=product&#038;p=539"},"modified":"2026-03-19T02:31:10","modified_gmt":"2026-03-19T02:31:10","slug":"wholesale-toilet-seat","status":"publish","type":"product","link":"https:\/\/www.segasanitary.com\/pt\/product\/wholesale-toilet-seat\/","title":{"rendered":"Assento de sanita por atacado, assento de sanita PP inteligente em forma de U com aquecimento inteligente"},"content":{"rendered":"<div class=\"wp-block-columns is-layout-flex wp-container-core-columns-is-layout-9d6595d7 wp-block-columns-is-layout-flex\">\n<div class=\"wp-block-column is-vertically-aligned-center is-layout-flow wp-block-column-is-layout-flow\">\n<h2 class=\"wp-block-heading\">Assento de sanita Snart Carater\u00edsticas:<\/h2>\n\n\n\n<p><strong>Indu\u00e7\u00e3o inteligente e abertura autom\u00e1tica:<\/strong> Equipada com uma fun\u00e7\u00e3o de invers\u00e3o por indu\u00e7\u00e3o, a tampa abre-se automaticamente sem interven\u00e7\u00e3o manual, proporcionando uma experi\u00eancia de higiene verdadeiramente sem contacto.<\/p>\n\n\n\n<p><strong>Aquecimento instant\u00e2neo e controlo da temperatura: <\/strong>Utiliza a tecnologia de aquecimento instant\u00e2neo para fornecer \u00e1gua quente continuamente aquecida para a lavagem. Um visor LED permite aos utilizadores monitorizar as temperaturas da \u00e1gua e do assento em tempo real.<\/p>\n\n\n\n<p><strong>Anel de pedestal aquecido: <\/strong>O anel de assento aquecido suporta v\u00e1rias regula\u00e7\u00f5es de temperatura e possui um sensor de corpo humano, activando-se apenas quando o utilizador est\u00e1 sentado, equilibrando o conforto e a efici\u00eancia energ\u00e9tica.<\/p>\n\n\n\n<p><strong>Bot\u00e3o inteligente de um clique e v\u00e1rios modos de limpeza:<\/strong> Com um bot\u00e3o de um clique na lateral, integra v\u00e1rios modos de limpeza: lavagem posterior, lavagem feminina e lavagem em movimento, e inclui fun\u00e7\u00f5es de ajuste da press\u00e3o da \u00e1gua e da posi\u00e7\u00e3o.<\/p>\n\n\n\n<p><strong>Escudo de espuma e tecnologia \u00e0 prova de salpicos:<\/strong> O inovador <strong>espuma de prote\u00e7\u00e3o<\/strong> A fun\u00e7\u00e3o evita eficazmente os salpicos de \u00e1gua, ao mesmo tempo que actua como uma barreira contra os odores, prevenindo os odores e a ader\u00eancia, melhorando significativamente a limpeza da casa de banho.<\/p>\n\n\n\n<p><strong>Luz nocturna e \u00e0 prova de \u00e1gua IPX4:<\/strong> Uma luz nocturna suave incorporada permite uma utiliza\u00e7\u00e3o conveniente \u00e0 noite, sem necessidade de acender as luzes principais brilhantes. Toda a unidade tem uma classifica\u00e7\u00e3o IPX4 \u00e0 prova de \u00e1gua, garantindo um funcionamento seguro no ambiente h\u00famido da casa de banho.<\/p>\n<\/div>\n\n\n\n<div class=\"wp-block-column is-layout-flow wp-block-column-is-layout-flow\">\n<figure class=\"wp-block-image size-full\"><img decoding=\"async\" width=\"800\" height=\"800\" src=\"https:\/\/www.segasanitary.com\/wp-content\/uploads\/2026\/03\/Wholesale-PP-toilet-seat-2.webp\" alt=\"Assento de sanita PP por atacado\" class=\"wp-image-499\" srcset=\"https:\/\/www.segasanitary.com\/wp-content\/uploads\/2026\/03\/Wholesale-PP-toilet-seat-2.webp 800w, https:\/\/www.segasanitary.com\/wp-content\/uploads\/2026\/03\/Wholesale-PP-toilet-seat-2-300x300.webp 300w, https:\/\/www.segasanitary.com\/wp-content\/uploads\/2026\/03\/Wholesale-PP-toilet-seat-2-150x150.webp 150w, https:\/\/www.segasanitary.com\/wp-content\/uploads\/2026\/03\/Wholesale-PP-toilet-seat-2-768x768.webp 768w, https:\/\/www.segasanitary.com\/wp-content\/uploads\/2026\/03\/Wholesale-PP-toilet-seat-2-600x600.webp 600w, https:\/\/www.segasanitary.com\/wp-content\/uploads\/2026\/03\/Wholesale-PP-toilet-seat-2-100x100.webp 100w\" sizes=\"(max-width: 800px) 100vw, 800px\" \/><\/figure>\n<\/div>\n<\/div>","protected":false},"excerpt":{"rendered":"<p>Assentos sanit\u00e1rios inteligentes por atacado, com um design ultrafino e material PP de primeira qualidade, com um visor de temperatura LED e controlos de bot\u00e3o (assento aquecido, tampa com sensor autom\u00e1tico, etc.). Como um fabricante profissional de lou\u00e7a sanit\u00e1ria, oferecemos solu\u00e7\u00f5es de fornecimento \u00fanico, incluindo servi\u00e7os OEM\/ODM e embalagens personalizadas. Contacte o nosso gestor de projectos hoje mesmo para obter um or\u00e7amento a granel e um cat\u00e1logo de produtos!<\/p>\n<h2>Especifica\u00e7\u00f5es do produto:<\/h2>\n<table>\n<tbody>\n<tr>\n<td><strong>Atributo<\/strong><\/td>\n<td>\u00a0<span data-path-to-node=\"13,0,1,0\">Especifica\u00e7\u00e3o<\/span><\/td>\n<\/tr>\n<tr>\n<td><strong>Nome do produto<\/strong><\/td>\n<td>\u00a0<span data-path-to-node=\"24,1,1,0\">Cobertura do assento sanit\u00e1rio para bid\u00e9 inteligente<\/span><\/td>\n<\/tr>\n<tr>\n<td><strong>Material<\/strong><\/td>\n<td>\u00a0<span data-path-to-node=\"24,2,1,0\">PP (polipropileno) de qualidade superior<\/span><\/td>\n<\/tr>\n<tr>\n<td><strong>Dimens\u00f5es<\/strong><\/td>\n<td>\u00a0<span data-path-to-node=\"24,3,1,0\">495 x 370 x 112 mm<\/span><\/td>\n<\/tr>\n<tr>\n<td><strong>Tens\u00e3o nominal<\/strong><\/td>\n<td>\u00a0<span data-path-to-node=\"24,4,1,0\">220V \/ 50Hz <\/span><\/td>\n<\/tr>\n<tr>\n<td><strong>Pot\u00eancia nominal<\/strong><\/td>\n<td>1200W<\/td>\n<\/tr>\n<tr>\n<td><strong>Classifica\u00e7\u00e3o de impermeabilidade<\/strong><\/td>\n<td>IPX4<\/td>\n<\/tr>\n<tr>\n<td><strong>M\u00e9todo de aquecimento<\/strong><\/td>\n<td>Aquecimento instant\u00e2neo de \u00e1gua quente<\/td>\n<\/tr>\n<tr>\n<td><strong>Fun\u00e7\u00f5es principais<\/strong><\/td>\n<td>Abertura autom\u00e1tica, assento aquecido, secagem com ar quente, ecr\u00e3 LED, prote\u00e7\u00e3o de espuma<\/td>\n<\/tr>\n<\/tbody>\n<\/table>","protected":false},"featured_media":500,"comment_status":"closed","ping_status":"closed","template":"","meta":{"_acf_changed":false},"product_brand":[],"product_cat":[16],"product_tag":[],"class_list":{"0":"post-539","1":"product","2":"type-product","3":"status-publish","4":"has-post-thumbnail","6":"product_cat-wholesale-bathroom-accessories","8":"first","9":"instock","10":"shipping-taxable","11":"product-type-simple"},"acf":[],"_links":{"self":[{"href":"https:\/\/www.segasanitary.com\/pt\/wp-json\/wp\/v2\/product\/539","targetHints":{"allow":["GET"]}}],"collection":[{"href":"https:\/\/www.segasanitary.com\/pt\/wp-json\/wp\/v2\/product"}],"about":[{"href":"https:\/\/www.segasanitary.com\/pt\/wp-json\/wp\/v2\/types\/product"}],"replies":[{"embeddable":true,"href":"https:\/\/www.segasanitary.com\/pt\/wp-json\/wp\/v2\/comments?post=539"}],"wp:featuredmedia":[{"embeddable":true,"href":"https:\/\/www.segasanitary.com\/pt\/wp-json\/wp\/v2\/media\/500"}],"wp:attachment":[{"href":"https:\/\/www.segasanitary.com\/pt\/wp-json\/wp\/v2\/media?parent=539"}],"wp:term":[{"taxonomy":"product_brand","embeddable":true,"href":"https:\/\/www.segasanitary.com\/pt\/wp-json\/wp\/v2\/product_brand?post=539"},{"taxonomy":"product_cat","embeddable":true,"href":"https:\/\/www.segasanitary.com\/pt\/wp-json\/wp\/v2\/product_cat?post=539"},{"taxonomy":"product_tag","embeddable":true,"href":"https:\/\/www.segasanitary.com\/pt\/wp-json\/wp\/v2\/product_tag?post=539"}],"curies":[{"name":"wp","href":"https:\/\/api.w.org\/{rel}","templated":true}]}}