{"id":538,"date":"2026-03-19T01:28:50","date_gmt":"2026-03-19T01:28:50","guid":{"rendered":"https:\/\/www.segasanitary.com\/?post_type=product&#038;p=538"},"modified":"2026-03-19T02:31:19","modified_gmt":"2026-03-19T02:31:19","slug":"wholesale-mdf-bathroom-cabinet","status":"publish","type":"product","link":"https:\/\/www.segasanitary.com\/pt\/product\/wholesale-mdf-bathroom-cabinet\/","title":{"rendered":"Arm\u00e1rio de casa de banho em MDF por atacado, m\u00f3vel de casa de banho de parede em madeira"},"content":{"rendered":"<div class=\"wp-block-columns is-layout-flex wp-container-core-columns-is-layout-9d6595d7 wp-block-columns-is-layout-flex\">\n<div class=\"wp-block-column is-vertically-aligned-center is-layout-flow wp-block-column-is-layout-flow\">\n<h2 class=\"wp-block-heading\">MDF Arm\u00e1rio de casa de banho Carater\u00edsticas:<\/h2>\n\n\n\n<p><strong>MDF de alto desempenho com textura de gr\u00e3o de madeira: <\/strong>Fabricado em MDF (painel de fibras de m\u00e9dia densidade) de alta qualidade e acabado com um folheado de madeira resistente \u00e0 humidade. Oferece a textura visual da madeira maci\u00e7a, sendo ao mesmo tempo resistente \u00e0 humidade e \u00e0 fissura\u00e7\u00e3o ou deforma\u00e7\u00e3o.<\/p>\n\n\n\n<p><strong>Sistema de armazenamento duplo eficiente:<\/strong> <br><strong>Arm\u00e1rio principal: <\/strong>O design espa\u00e7oso de porta dupla permite arrumar facilmente grandes acess\u00f3rios de casa de banho, mantendo o espa\u00e7o arrumado.<br><strong>Arm\u00e1rio com espelho: <\/strong>Combina uma unidade de arruma\u00e7\u00e3o oculta espelhada com prateleiras abertas para um acesso f\u00e1cil aos produtos de cuidados da pele utilizados frequentemente.<\/p>\n\n\n\n<p><strong>Ferragens de fecho suave: <\/strong>A configura\u00e7\u00e3o standard inclui dobradi\u00e7as de fecho suave de alta qualidade. Isto garante uma abertura e fecho silenciosos das portas dos arm\u00e1rios, prolonga a sua vida \u00fatil e cumpre os requisitos de qualidade dos projectos de engenharia de topo.<\/p>\n\n\n\n<p><strong>Lavat\u00f3rio de cer\u00e2mica minimalista com rebordo fino:<\/strong> Bacia de cer\u00e2mica SEGA de rebordo fino a condizer, com um esmalte suave e uniforme que \u00e9 altamente resistente a manchas, criando um contraste marcante com os arm\u00e1rios de gr\u00e3o de madeira escura e apresentando uma est\u00e9tica moderna e minimalista.<\/p>\n\n\n\n<p><strong>Design economizador de espa\u00e7o suspenso:<\/strong> O design montado na parede torna o espa\u00e7o mais aberto e elimina os cantos dif\u00edceis de limpar, facilitando a limpeza.<\/p>\n<\/div>\n\n\n\n<div class=\"wp-block-column is-layout-flow wp-block-column-is-layout-flow\">\n<figure class=\"wp-block-image size-full\"><img decoding=\"async\" width=\"800\" height=\"800\" src=\"https:\/\/www.segasanitary.com\/wp-content\/uploads\/2026\/03\/wholesale-MDF-bathroom-cabinet-SJ002.webp\" alt=\"arm\u00e1rio de casa de banho em MDF por atacado\" class=\"wp-image-495\" srcset=\"https:\/\/www.segasanitary.com\/wp-content\/uploads\/2026\/03\/wholesale-MDF-bathroom-cabinet-SJ002.webp 800w, https:\/\/www.segasanitary.com\/wp-content\/uploads\/2026\/03\/wholesale-MDF-bathroom-cabinet-SJ002-300x300.webp 300w, https:\/\/www.segasanitary.com\/wp-content\/uploads\/2026\/03\/wholesale-MDF-bathroom-cabinet-SJ002-150x150.webp 150w, https:\/\/www.segasanitary.com\/wp-content\/uploads\/2026\/03\/wholesale-MDF-bathroom-cabinet-SJ002-768x768.webp 768w, https:\/\/www.segasanitary.com\/wp-content\/uploads\/2026\/03\/wholesale-MDF-bathroom-cabinet-SJ002-600x600.webp 600w, https:\/\/www.segasanitary.com\/wp-content\/uploads\/2026\/03\/wholesale-MDF-bathroom-cabinet-SJ002-100x100.webp 100w\" sizes=\"(max-width: 800px) 100vw, 800px\" \/><\/figure>\n<\/div>\n<\/div>","protected":false},"excerpt":{"rendered":"<p>Os lavabos de MDF para casa de banho s\u00e3o feitos de MDF de alta qualidade com um acabamento de gr\u00e3o de madeira resistente \u00e0 humidade. Os arm\u00e1rios espelhados a condizer proporcionam um amplo espa\u00e7o de arruma\u00e7\u00e3o, tornando-os uma escolha popular para hot\u00e9is modernos e projectos residenciais. A personaliza\u00e7\u00e3o OEM \u00e9 suportada. Fornecimento a granel direto da f\u00e1brica. Obtenha o melhor pre\u00e7o agora!<\/p>\n<h2>Especifica\u00e7\u00f5es do produto:<\/h2>\n<table>\n<tbody>\n<tr>\n<td><strong>Atributo<\/strong><\/td>\n<td>\u00a0<span data-path-to-node=\"13,0,1,0\">Especifica\u00e7\u00e3o<\/span><\/td>\n<\/tr>\n<tr>\n<td><strong>Modelo<\/strong><\/td>\n<td>\u00a0<span data-path-to-node=\"22,1,1,0\">SJ002<\/span><\/td>\n<\/tr>\n<tr>\n<td><strong>Material do arm\u00e1rio<\/strong><\/td>\n<td>MDF<\/td>\n<\/tr>\n<tr>\n<td><strong>Material da bacia<\/strong><\/td>\n<td>Cer\u00e2mica<\/td>\n<\/tr>\n<tr>\n<td><strong>Tipo de espelho<\/strong><\/td>\n<td><span data-path-to-node=\"22,6,1,0\">Arm\u00e1rio espelhado com prateleiras abertas<\/span><\/td>\n<\/tr>\n<tr>\n<td><strong>Acabamento<\/strong><\/td>\n<td>Nogueira escura \/ Gr\u00e3o de madeira natural<\/td>\n<\/tr>\n<tr>\n<td><strong>Instala\u00e7\u00e3o<\/strong><\/td>\n<td>\u00a0<span data-path-to-node=\"22,4,1,0\">Montagem na parede \/ Flutuante<\/span><\/td>\n<\/tr>\n<\/tbody>\n<\/table>","protected":false},"featured_media":495,"comment_status":"closed","ping_status":"closed","template":"","meta":{"_acf_changed":false},"product_brand":[],"product_cat":[20,43],"product_tag":[],"class_list":{"0":"post-538","1":"product","2":"type-product","3":"status-publish","4":"has-post-thumbnail","6":"product_cat-wholesale-bathroom-cabinet","7":"product_cat-wholesale-mdf-bathroom-cabinet","9":"first","10":"instock","11":"shipping-taxable","12":"product-type-simple"},"acf":[],"_links":{"self":[{"href":"https:\/\/www.segasanitary.com\/pt\/wp-json\/wp\/v2\/product\/538","targetHints":{"allow":["GET"]}}],"collection":[{"href":"https:\/\/www.segasanitary.com\/pt\/wp-json\/wp\/v2\/product"}],"about":[{"href":"https:\/\/www.segasanitary.com\/pt\/wp-json\/wp\/v2\/types\/product"}],"replies":[{"embeddable":true,"href":"https:\/\/www.segasanitary.com\/pt\/wp-json\/wp\/v2\/comments?post=538"}],"wp:featuredmedia":[{"embeddable":true,"href":"https:\/\/www.segasanitary.com\/pt\/wp-json\/wp\/v2\/media\/495"}],"wp:attachment":[{"href":"https:\/\/www.segasanitary.com\/pt\/wp-json\/wp\/v2\/media?parent=538"}],"wp:term":[{"taxonomy":"product_brand","embeddable":true,"href":"https:\/\/www.segasanitary.com\/pt\/wp-json\/wp\/v2\/product_brand?post=538"},{"taxonomy":"product_cat","embeddable":true,"href":"https:\/\/www.segasanitary.com\/pt\/wp-json\/wp\/v2\/product_cat?post=538"},{"taxonomy":"product_tag","embeddable":true,"href":"https:\/\/www.segasanitary.com\/pt\/wp-json\/wp\/v2\/product_tag?post=538"}],"curies":[{"name":"wp","href":"https:\/\/api.w.org\/{rel}","templated":true}]}}