{"id":483,"date":"2026-03-18T09:59:22","date_gmt":"2026-03-18T09:59:22","guid":{"rendered":"https:\/\/www.segasanitary.com\/?post_type=product&#038;p=483"},"modified":"2026-03-19T02:31:34","modified_gmt":"2026-03-19T02:31:34","slug":"custom-bathroom-mirror","status":"publish","type":"product","link":"https:\/\/www.segasanitary.com\/pt\/product\/custom-bathroom-mirror\/","title":{"rendered":"Espelho para casa de banho personalizado, Espelho retangular LED inteligente por atacado"},"content":{"rendered":"<div class=\"wp-block-columns is-layout-flex wp-container-core-columns-is-layout-9d6595d7 wp-block-columns-is-layout-flex\">\n<div class=\"wp-block-column is-vertically-aligned-center is-layout-flow wp-block-column-is-layout-flow\">\n<h2 class=\"wp-block-heading\">Espelho de casa de banho Carater\u00edsticas:<\/h2>\n\n\n\n<p><strong>Design de ilumina\u00e7\u00e3o dupla (frontal e retroiluminada)<\/strong><br>O F-007 possui um sistema inovador de ilumina\u00e7\u00e3o dupla: uma faixa frontal fosca de alto brilho garante uma ilumina\u00e7\u00e3o desobstru\u00edda durante a aplica\u00e7\u00e3o da maquilhagem e o barbear; o design retroiluminado cria um ambiente suave, elevando instantaneamente o estilo da casa de banho.<\/p>\n\n\n\n<p><strong>Tecnologia anti-embaciamento inteligente<\/strong><br>A tecnologia inteligente anti-embaciamento incorporada aquece suavemente o espelho, garantindo que permanece n\u00edtido mesmo depois de um duche quente.<\/p>\n\n\n\n<p><strong>Controlo de toque inteligente e regula\u00e7\u00e3o da intensidade da luz<\/strong><br>Equipado com dois bot\u00f5es sens\u00edveis ao toque: um bot\u00e3o controla o desembaciamento, enquanto uma press\u00e3o prolongada ajusta a luminosidade (10% - 100%). Suporta tr\u00eas temperaturas de cor (3000K\/4000K\/6000K) para se adaptar a diferentes necessidades.<\/p>\n\n\n\n<p><strong>Espelho de prata HD sem cobre<\/strong><br>Utiliza um espelho de prata de 5 mm sem cobre e amigo do ambiente. Em compara\u00e7\u00e3o com os espelhos tradicionais, n\u00e3o s\u00f3 reflecte as imagens de forma mais clara e natural, como tamb\u00e9m tem uma excelente resist\u00eancia \u00e0 corros\u00e3o e \u00e0 oxida\u00e7\u00e3o e uma vida \u00fatil mais longa em ambientes h\u00famidos.<\/p>\n<\/div>\n\n\n\n<div class=\"wp-block-column is-layout-flow wp-block-column-is-layout-flow\">\n<figure class=\"wp-block-image size-full\"><img decoding=\"async\" width=\"800\" height=\"595\" src=\"https:\/\/www.segasanitary.com\/wp-content\/uploads\/2026\/03\/custom-bathroom-mirror-F-007-2.webp\" alt=\"espelho de casa de banho personalizado\" class=\"wp-image-494\" srcset=\"https:\/\/www.segasanitary.com\/wp-content\/uploads\/2026\/03\/custom-bathroom-mirror-F-007-2.webp 800w, https:\/\/www.segasanitary.com\/wp-content\/uploads\/2026\/03\/custom-bathroom-mirror-F-007-2-300x223.webp 300w, https:\/\/www.segasanitary.com\/wp-content\/uploads\/2026\/03\/custom-bathroom-mirror-F-007-2-768x571.webp 768w, https:\/\/www.segasanitary.com\/wp-content\/uploads\/2026\/03\/custom-bathroom-mirror-F-007-2-600x446.webp 600w\" sizes=\"(max-width: 800px) 100vw, 800px\" \/><\/figure>\n<\/div>\n<\/div>","protected":false},"excerpt":{"rendered":"<p>Os espelhos de casa de banho por atacado e personalizados, espelhos LED sem cobre com design frontal e retroiluminado e um sistema anti-embaciamento inteligente, s\u00e3o ideais para hot\u00e9is e resid\u00eancias modernas. Como fabricante de espelhos de casa de banho, oferecemos servi\u00e7os OEM\/ODM e pre\u00e7os competitivos. Contacte-nos agora!<\/p>\n<h2>Especifica\u00e7\u00f5es do produto:<\/h2>\n<table>\n<tbody>\n<tr>\n<td><strong>Atributo<\/strong><\/td>\n<td>\u00a0<span data-path-to-node=\"13,0,1,0\">Especifica\u00e7\u00e3o<\/span><\/td>\n<\/tr>\n<tr>\n<td><strong>Modelo<\/strong><\/td>\n<td>\u00a0<span data-path-to-node=\"22,1,1,0\">F-007<\/span><\/td>\n<\/tr>\n<tr>\n<td><strong>Tipo de produto<\/strong><\/td>\n<td>\u00a0<span data-path-to-node=\"22,2,1,0\">Espelho de casa de banho LED inteligente<\/span><\/td>\n<\/tr>\n<tr>\n<td><strong>Material<\/strong><\/td>\n<td>Espelho HD Silver sem cobre<\/td>\n<\/tr>\n<tr>\n<td><strong>Forma<\/strong><\/td>\n<td>Retangular<\/td>\n<\/tr>\n<tr>\n<td><strong>Moldura<\/strong><\/td>\n<td>Sem moldura \/ Estrutura em liga de alum\u00ednio<\/td>\n<\/tr>\n<tr>\n<td><strong>Modo de ilumina\u00e7\u00e3o<\/strong><\/td>\n<td>\u00a0<span data-path-to-node=\"22,3,1,0\">Ilumina\u00e7\u00e3o frontal + ilumina\u00e7\u00e3o traseira (brilho duplo)<\/span><\/td>\n<\/tr>\n<tr>\n<td><strong>Fun\u00e7\u00f5es<\/strong><\/td>\n<td>Anti-embaciamento, regul\u00e1vel, CCT ajust\u00e1vel<\/td>\n<\/tr>\n<tr>\n<td><strong>\u00c0 prova de \u00e1gua<\/strong><\/td>\n<td>\u00a0<span data-path-to-node=\"22,8,1,0\">Classifica\u00e7\u00e3o IP44<\/span><\/td>\n<\/tr>\n<\/tbody>\n<\/table>","protected":false},"featured_media":493,"comment_status":"closed","ping_status":"closed","template":"","meta":{"_acf_changed":false},"product_brand":[],"product_cat":[19,35,39],"product_tag":[],"class_list":{"0":"post-483","1":"product","2":"type-product","3":"status-publish","4":"has-post-thumbnail","6":"product_cat-wholesale-bathroom-mirror","7":"product_cat-custom-frameless-mirror","8":"product_cat-custom-rectangular-mirror","10":"first","11":"instock","12":"shipping-taxable","13":"product-type-simple"},"acf":[],"_links":{"self":[{"href":"https:\/\/www.segasanitary.com\/pt\/wp-json\/wp\/v2\/product\/483","targetHints":{"allow":["GET"]}}],"collection":[{"href":"https:\/\/www.segasanitary.com\/pt\/wp-json\/wp\/v2\/product"}],"about":[{"href":"https:\/\/www.segasanitary.com\/pt\/wp-json\/wp\/v2\/types\/product"}],"replies":[{"embeddable":true,"href":"https:\/\/www.segasanitary.com\/pt\/wp-json\/wp\/v2\/comments?post=483"}],"wp:featuredmedia":[{"embeddable":true,"href":"https:\/\/www.segasanitary.com\/pt\/wp-json\/wp\/v2\/media\/493"}],"wp:attachment":[{"href":"https:\/\/www.segasanitary.com\/pt\/wp-json\/wp\/v2\/media?parent=483"}],"wp:term":[{"taxonomy":"product_brand","embeddable":true,"href":"https:\/\/www.segasanitary.com\/pt\/wp-json\/wp\/v2\/product_brand?post=483"},{"taxonomy":"product_cat","embeddable":true,"href":"https:\/\/www.segasanitary.com\/pt\/wp-json\/wp\/v2\/product_cat?post=483"},{"taxonomy":"product_tag","embeddable":true,"href":"https:\/\/www.segasanitary.com\/pt\/wp-json\/wp\/v2\/product_tag?post=483"}],"curies":[{"name":"wp","href":"https:\/\/api.w.org\/{rel}","templated":true}]}}