{"id":383,"date":"2026-03-18T06:50:13","date_gmt":"2026-03-18T06:50:13","guid":{"rendered":"https:\/\/www.segasanitary.com\/?post_type=product&#038;p=383"},"modified":"2026-03-19T02:34:53","modified_gmt":"2026-03-19T02:34:53","slug":"wholesale-two-piece-toilet","status":"publish","type":"product","link":"https:\/\/www.segasanitary.com\/pt\/product\/wholesale-two-piece-toilet\/","title":{"rendered":"Fornecedor grossista de sanita de duas pe\u00e7as, sanita de lavagem"},"content":{"rendered":"<div class=\"wp-block-columns is-layout-flex wp-container-core-columns-is-layout-9d6595d7 wp-block-columns-is-layout-flex\">\n<div class=\"wp-block-column is-vertically-aligned-center is-layout-flow wp-block-column-is-layout-flow\">\n<h2 class=\"wp-block-heading\">Sanita de duas pe\u00e7as Carater\u00edsticas:<\/h2>\n\n\n\n<p><strong>Design elegante e contempor\u00e2neo:<\/strong> O M-5019 apresenta um design com saia completa que oculta os tubos de drenagem. As suas linhas elegantes n\u00e3o s\u00f3 aumentam o seu apelo est\u00e9tico, como tamb\u00e9m eliminam as zonas mortas de limpeza, tornando-a uma escolha popular para projectos residenciais e comerciais modernos.<\/p>\n\n\n\n<p><strong>Tecnologia de lavagem superior: <\/strong>Equipado com um sistema de dupla descarga de alta efici\u00eancia, o potente fluxo de \u00e1gua garante um enxaguamento completo, reduzindo significativamente o consumo de \u00e1gua, cumprindo as normas de certifica\u00e7\u00e3o ambiental e de poupan\u00e7a de \u00e1gua.<\/p>\n\n\n\n<p><strong>Material cer\u00e2mico de qualidade superior: <\/strong>Fabricado com argila de alta qualidade cozida a 1280\u00b0C, o que resulta numa absor\u00e7\u00e3o de \u00e1gua extremamente baixa. A superf\u00edcie \u00e9 coberta com um nano-esmalte autolimpante, que oferece uma resist\u00eancia antibacteriana, resistente a n\u00f3doas e a cores duradouras.<\/p>\n\n\n\n<p><strong>Funcionamento ergon\u00f3mico e silencioso:<\/strong> Com uma tampa ultrafina de conce\u00e7\u00e3o ergon\u00f3mica e um assento normalizado de UF\/PP de fecho suave, evita eficazmente o ru\u00eddo e os danos provocados por impactos na tampa.<\/p>\n\n\n\n<p><strong>Concebida para mercados globais:<\/strong><\/p>\n\n\n\n<ul class=\"wp-block-list\">\n<li><strong>Instala\u00e7\u00e3o f\u00e1cil:<\/strong> Conce\u00e7\u00e3o standard de desbaste, compat\u00edvel com os c\u00f3digos de constru\u00e7\u00e3o da maioria dos pa\u00edses e regi\u00f5es.<\/li>\n\n\n\n<li><strong>Fiabilidade B2B:<\/strong> Optimizado para exporta\u00e7\u00f5es a granel com embalagem em caixa de cart\u00e3o ondulado de 5 camadas espessas para exporta\u00e7\u00e3o, garantindo a seguran\u00e7a do produto durante a log\u00edstica transfronteiri\u00e7a.<\/li>\n<\/ul>\n<\/div>\n\n\n\n<div class=\"wp-block-column is-layout-flow wp-block-column-is-layout-flow\">\n<figure class=\"wp-block-image size-full\"><img decoding=\"async\" width=\"500\" height=\"500\" src=\"https:\/\/www.segasanitary.com\/wp-content\/uploads\/2026\/03\/wholesale-two-piece-toilet-M-5019-2.jpg\" alt=\"sanita de duas pe\u00e7as por atacado\" class=\"wp-image-385\" srcset=\"https:\/\/www.segasanitary.com\/wp-content\/uploads\/2026\/03\/wholesale-two-piece-toilet-M-5019-2.jpg 500w, https:\/\/www.segasanitary.com\/wp-content\/uploads\/2026\/03\/wholesale-two-piece-toilet-M-5019-2-300x300.jpg 300w, https:\/\/www.segasanitary.com\/wp-content\/uploads\/2026\/03\/wholesale-two-piece-toilet-M-5019-2-150x150.jpg 150w, https:\/\/www.segasanitary.com\/wp-content\/uploads\/2026\/03\/wholesale-two-piece-toilet-M-5019-2-100x100.jpg 100w\" sizes=\"(max-width: 500px) 100vw, 500px\" \/><\/figure>\n<\/div>\n<\/div>","protected":false},"excerpt":{"rendered":"<p>A sanita de duas pe\u00e7as M-5019, por atacado, apresenta um aspeto elegante e moderno e uma engenharia robusta, equipada com um sistema de descarga dupla e um design de montagem na parede. Fabricado de acordo com padr\u00f5es de qualidade internacionais, \u00e9 ideal para empreiteiros de hot\u00e9is e grossistas de casas de banho que procuram fiabilidade e um estilo moderno. Fornecimento direto da f\u00e1brica, certificado CUPC\/CE\/SASO, informe-se agora sobre os pre\u00e7os!<\/p>\n<h2>Especifica\u00e7\u00f5es do produto:<\/h2>\n<table>\n<tbody>\n<tr>\n<td><strong>Atributo<\/strong><\/td>\n<td>\u00a0<span data-path-to-node=\"13,0,1,0\">Especifica\u00e7\u00e3o<\/span><\/td>\n<\/tr>\n<tr>\n<td><strong>Modelo<\/strong><\/td>\n<td>M-5019<\/td>\n<\/tr>\n<tr>\n<td><strong>Tipo de produto<\/strong><\/td>\n<td>Sanita de duas pe\u00e7as<\/td>\n<\/tr>\n<tr>\n<td><strong>Material<\/strong><\/td>\n<td>Cer\u00e2mica<\/td>\n<\/tr>\n<tr>\n<td><strong>Cor<\/strong><\/td>\n<td>Branco (cores personalizadas dispon\u00edveis)<\/td>\n<\/tr>\n<tr>\n<td><strong>Sistema de lavagem<\/strong><\/td>\n<td>Lavagem de \u00e1gua<\/td>\n<\/tr>\n<tr>\n<td><strong>Tamanho do produto<\/strong><\/td>\n<td>650 \u00d7 340 \u00d7 770 mm<\/td>\n<\/tr>\n<tr>\n<td><strong>Desbaste<\/strong><\/td>\n<td>\u00a0<span data-path-to-node=\"21,6,1,0\">S-trap 250\/300mm<\/span><\/td>\n<\/tr>\n<tr>\n<td><strong>Tipo de instala\u00e7\u00e3o<\/strong><\/td>\n<td>Montagem no ch\u00e3o<\/td>\n<\/tr>\n<\/tbody>\n<\/table>","protected":false},"featured_media":384,"comment_status":"closed","ping_status":"closed","template":"","meta":{"_acf_changed":false},"product_brand":[],"product_cat":[23,29],"product_tag":[],"class_list":{"0":"post-383","1":"product","2":"type-product","3":"status-publish","4":"has-post-thumbnail","6":"product_cat-wholesale-toilets","7":"product_cat-wholesale-two-piece-toilet","9":"first","10":"instock","11":"shipping-taxable","12":"product-type-simple"},"acf":[],"_links":{"self":[{"href":"https:\/\/www.segasanitary.com\/pt\/wp-json\/wp\/v2\/product\/383","targetHints":{"allow":["GET"]}}],"collection":[{"href":"https:\/\/www.segasanitary.com\/pt\/wp-json\/wp\/v2\/product"}],"about":[{"href":"https:\/\/www.segasanitary.com\/pt\/wp-json\/wp\/v2\/types\/product"}],"replies":[{"embeddable":true,"href":"https:\/\/www.segasanitary.com\/pt\/wp-json\/wp\/v2\/comments?post=383"}],"wp:featuredmedia":[{"embeddable":true,"href":"https:\/\/www.segasanitary.com\/pt\/wp-json\/wp\/v2\/media\/384"}],"wp:attachment":[{"href":"https:\/\/www.segasanitary.com\/pt\/wp-json\/wp\/v2\/media?parent=383"}],"wp:term":[{"taxonomy":"product_brand","embeddable":true,"href":"https:\/\/www.segasanitary.com\/pt\/wp-json\/wp\/v2\/product_brand?post=383"},{"taxonomy":"product_cat","embeddable":true,"href":"https:\/\/www.segasanitary.com\/pt\/wp-json\/wp\/v2\/product_cat?post=383"},{"taxonomy":"product_tag","embeddable":true,"href":"https:\/\/www.segasanitary.com\/pt\/wp-json\/wp\/v2\/product_tag?post=383"}],"curies":[{"name":"wp","href":"https:\/\/api.w.org\/{rel}","templated":true}]}}