{"id":914,"date":"2026-04-07T01:31:59","date_gmt":"2026-04-07T01:31:59","guid":{"rendered":"https:\/\/www.segasanitary.com\/?post_type=product&#038;p=914"},"modified":"2026-04-07T01:50:19","modified_gmt":"2026-04-07T01:50:19","slug":"black-bathroom-wash-basin-wholesale","status":"publish","type":"product","link":"https:\/\/www.segasanitary.com\/fr\/product\/black-bathroom-wash-basin-wholesale\/","title":{"rendered":"Lavabo noir pour salle de bains Wholesale, Patent Diamond Textured Bathroom Sink for Boutique Supplier Hotels Supplier"},"content":{"rendered":"<div class=\"wp-block-columns is-layout-flex wp-container-core-columns-is-layout-9d6595d7 wp-block-columns-is-layout-flex\">\n<div class=\"wp-block-column is-vertically-aligned-center is-layout-flow wp-block-column-is-layout-flow\">\n<h2 class=\"wp-block-heading\">Lavabo de salle de bains noir Caract\u00e9ristiques :<\/h2>\n\n\n\n<p><strong>Solution d'installation flottante murale :<\/strong> La structure de montage dissimul\u00e9e am\u00e9liore l'ouverture de l'espace et simplifie le nettoyage du sol, ce qui en fait la solution id\u00e9ale pour les espaces compacts et les salles de bains commerciales modernes.<\/p>\n\n\n\n<p><strong>Glacis anti-t\u00e2ches Advanced Matte Black :<\/strong> Surface mate raffin\u00e9e offrant une excellente r\u00e9sistance aux empreintes digitales, au calcaire et aux marques d'eau, ce qui permet de r\u00e9soudre les probl\u00e8mes d'entretien courants des produits en c\u00e9ramique fonc\u00e9e.<\/p>\n\n\n\n<p><strong>Fa\u00e7ade g\u00e9om\u00e9trique brevet\u00e9e, taill\u00e9e en diamant :<\/strong> Le design distinctif \u00e0 facettes en 3D cr\u00e9e une forte pr\u00e9sence architecturale, aidant vos produits \u00e0 se d\u00e9marquer et \u00e0 \u00e9viter la concurrence \u00e0 bas prix tout en soutenant des marges de vente au d\u00e9tail plus \u00e9lev\u00e9es.<\/p>\n\n\n\n<p><strong>Construction \u00e0 parois \u00e9paisses renforc\u00e9es :<\/strong> L'\u00e9paisseur accrue du bassin am\u00e9liore la stabilit\u00e9 structurelle et la capacit\u00e9 de charge, garantissant une fiabilit\u00e9 \u00e0 long terme apr\u00e8s une installation murale.<\/p>\n\n\n\n<p><strong>Bords lisses usin\u00e9s avec pr\u00e9cision :<\/strong> Les ar\u00eates vives mais arrondies assurent \u00e0 la fois la tension visuelle et la s\u00e9curit\u00e9 de l'utilisateur, refl\u00e9tant une grande pr\u00e9cision des moules et un savoir-faire de premier ordre.<\/p>\n\n\n\n<p><strong>Prix de gros direct de l'usine :<\/strong> \u00c9liminez les co\u00fbts interm\u00e9diaires et am\u00e9liorez vos marges b\u00e9n\u00e9ficiaires gr\u00e2ce \u00e0 des prix de gros comp\u00e9titifs provenant directement du fabricant d'appareils sanitaires SEGA.<\/p>\n<\/div>\n\n\n\n<div class=\"wp-block-column is-layout-flow wp-block-column-is-layout-flow\">\n<figure class=\"wp-block-image size-full\"><img decoding=\"async\" width=\"800\" height=\"800\" src=\"https:\/\/www.segasanitary.com\/wp-content\/uploads\/2026\/04\/Black-Bathroom-Wash-Basin-Wholesale-Patent-Diamond-Textured-Bathroom-Sink-for-Boutique-Supplier-Hotels-P-7074W.webp\" alt=\"Lavabo noir pour salle de bains Lavabo de salle de bains textur\u00e9 en diamant pour Boutique Fournisseur H\u00f4tels P-7074W\" class=\"wp-image-916\" srcset=\"https:\/\/www.segasanitary.com\/wp-content\/uploads\/2026\/04\/Black-Bathroom-Wash-Basin-Wholesale-Patent-Diamond-Textured-Bathroom-Sink-for-Boutique-Supplier-Hotels-P-7074W.webp 800w, https:\/\/www.segasanitary.com\/wp-content\/uploads\/2026\/04\/Black-Bathroom-Wash-Basin-Wholesale-Patent-Diamond-Textured-Bathroom-Sink-for-Boutique-Supplier-Hotels-P-7074W-300x300.webp 300w, https:\/\/www.segasanitary.com\/wp-content\/uploads\/2026\/04\/Black-Bathroom-Wash-Basin-Wholesale-Patent-Diamond-Textured-Bathroom-Sink-for-Boutique-Supplier-Hotels-P-7074W-150x150.webp 150w, https:\/\/www.segasanitary.com\/wp-content\/uploads\/2026\/04\/Black-Bathroom-Wash-Basin-Wholesale-Patent-Diamond-Textured-Bathroom-Sink-for-Boutique-Supplier-Hotels-P-7074W-768x768.webp 768w, https:\/\/www.segasanitary.com\/wp-content\/uploads\/2026\/04\/Black-Bathroom-Wash-Basin-Wholesale-Patent-Diamond-Textured-Bathroom-Sink-for-Boutique-Supplier-Hotels-P-7074W-12x12.webp 12w, https:\/\/www.segasanitary.com\/wp-content\/uploads\/2026\/04\/Black-Bathroom-Wash-Basin-Wholesale-Patent-Diamond-Textured-Bathroom-Sink-for-Boutique-Supplier-Hotels-P-7074W-600x600.webp 600w, https:\/\/www.segasanitary.com\/wp-content\/uploads\/2026\/04\/Black-Bathroom-Wash-Basin-Wholesale-Patent-Diamond-Textured-Bathroom-Sink-for-Boutique-Supplier-Hotels-P-7074W-100x100.webp 100w\" sizes=\"(max-width: 800px) 100vw, 800px\" \/><\/figure>\n<\/div>\n<\/div>","protected":false},"excerpt":{"rendered":"<p>Lavabo de salle de bain noir en gros avec gla\u00e7age mat anti-traces de doigts, design de montage mural et structure facile \u00e0 nettoyer, r\u00e9duisant l'entretien pour les environnements \u00e0 fort trafic. Fourni par le fabricant SEGA. Contactez-nous pour un devis en gros et des options de personnalisation.<\/p>\n<h2>Sp\u00e9cifications du produit :<\/h2>\n<table>\n<tbody>\n<tr>\n<td><strong>Attribut<\/strong><\/td>\n<td>\u00a0<span data-path-to-node=\"13,0,1,0\">Sp\u00e9cifications<\/span><\/td>\n<\/tr>\n<tr>\n<td><strong>Mod\u00e8le<\/strong><\/td>\n<td>\u00a0P-7074W<\/td>\n<\/tr>\n<tr>\n<td><strong>Type de produit<\/strong><\/td>\n<td>\u00a0<span data-path-to-node=\"21,1,1,0\">Lavabo suspendu \/ Evier flottant<\/span><\/td>\n<\/tr>\n<tr>\n<td><strong>Mat\u00e9riau<\/strong><\/td>\n<td>\u00a0C\u00e9ramique<\/td>\n<\/tr>\n<tr>\n<td><strong>Couleur<\/strong><\/td>\n<td>\u00a0Noir mat (couleurs personnalis\u00e9es disponibles)<\/td>\n<\/tr>\n<tr>\n<td><strong>Installation<\/strong><\/td>\n<td>\u00a0Montage mural<\/td>\n<\/tr>\n<tr>\n<td><strong>Taille du produit<\/strong><\/td>\n<td>\u00a0420 \u00d7 360 \u00d7 430 mm<\/td>\n<\/tr>\n<\/tbody>\n<\/table>","protected":false},"featured_media":915,"comment_status":"closed","ping_status":"closed","template":"","meta":{"_acf_changed":false},"product_brand":[],"product_cat":[49],"product_tag":[],"class_list":{"0":"post-914","1":"product","2":"type-product","3":"status-publish","4":"has-post-thumbnail","6":"product_cat-designer-sanitary-ware","8":"first","9":"instock","10":"shipping-taxable","11":"product-type-simple"},"acf":[],"_links":{"self":[{"href":"https:\/\/www.segasanitary.com\/fr\/wp-json\/wp\/v2\/product\/914","targetHints":{"allow":["GET"]}}],"collection":[{"href":"https:\/\/www.segasanitary.com\/fr\/wp-json\/wp\/v2\/product"}],"about":[{"href":"https:\/\/www.segasanitary.com\/fr\/wp-json\/wp\/v2\/types\/product"}],"replies":[{"embeddable":true,"href":"https:\/\/www.segasanitary.com\/fr\/wp-json\/wp\/v2\/comments?post=914"}],"wp:featuredmedia":[{"embeddable":true,"href":"https:\/\/www.segasanitary.com\/fr\/wp-json\/wp\/v2\/media\/915"}],"wp:attachment":[{"href":"https:\/\/www.segasanitary.com\/fr\/wp-json\/wp\/v2\/media?parent=914"}],"wp:term":[{"taxonomy":"product_brand","embeddable":true,"href":"https:\/\/www.segasanitary.com\/fr\/wp-json\/wp\/v2\/product_brand?post=914"},{"taxonomy":"product_cat","embeddable":true,"href":"https:\/\/www.segasanitary.com\/fr\/wp-json\/wp\/v2\/product_cat?post=914"},{"taxonomy":"product_tag","embeddable":true,"href":"https:\/\/www.segasanitary.com\/fr\/wp-json\/wp\/v2\/product_tag?post=914"}],"curies":[{"name":"wp","href":"https:\/\/api.w.org\/{rel}","templated":true}]}}