{"id":910,"date":"2026-04-07T01:07:45","date_gmt":"2026-04-07T01:07:45","guid":{"rendered":"https:\/\/www.segasanitary.com\/?post_type=product&#038;p=910"},"modified":"2026-04-07T01:24:33","modified_gmt":"2026-04-07T01:24:33","slug":"custom-black-one-piece-toilet","status":"publish","type":"product","link":"https:\/\/www.segasanitary.com\/fr\/product\/custom-black-one-piece-toilet\/","title":{"rendered":"Toilette monobloc noire sur mesure, Toilette siphonique mate de luxe en vrac"},"content":{"rendered":"<div class=\"wp-block-columns is-layout-flex wp-container-core-columns-is-layout-9d6595d7 wp-block-columns-is-layout-flex\">\n<div class=\"wp-block-column is-vertically-aligned-center is-layout-flow wp-block-column-is-layout-flow\">\n<h2 class=\"wp-block-heading\">Toilette monobloc noire Caract\u00e9ristiques :<\/h2>\n\n\n\n<p><strong>Design g\u00e9om\u00e9trique poly\u00e9drique brevet\u00e9<\/strong>: Un ext\u00e9rieur 3D unique \u00e0 facettes diamant\u00e9es renforce la profondeur visuelle et l'exclusivit\u00e9, aidant vos produits \u00e0 se d\u00e9marquer sur les march\u00e9s concurrentiels.<\/p>\n\n\n\n<p><strong>Graphite mat Nano Glaze<\/strong>: \u00c9mail mat \u00e0 haute temp\u00e9rature avec une texture semblable \u00e0 celle de la pierre qui r\u00e9siste aux empreintes digitales, aux taches d'eau et aux marques d'huile - id\u00e9al pour les salles de bains aux tons fonc\u00e9s.<\/p>\n\n\n\n<p><strong>Syst\u00e8me de rin\u00e7age siphonique Jet<\/strong>: Le siphon \u00e0 jet assist\u00e9 de grand diam\u00e8tre permet une \u00e9limination puissante, efficace et compl\u00e8te des d\u00e9chets avec un risque de colmatage r\u00e9duit.<\/p>\n\n\n\n<p><strong>Corps en c\u00e9ramique enti\u00e8rement vitrifi\u00e9e<\/strong>: La c\u00e9ramique ultra-dense \u00e0 faible absorption d'eau garantit une durabilit\u00e9 \u00e0 long terme, une r\u00e9sistance aux fissures et aux odeurs.<\/p>\n\n\n\n<p><strong>Housse de si\u00e8ge UF Soft-Close :<\/strong> Si\u00e8ge durable en ur\u00e9e-formald\u00e9hyde, r\u00e9sistant aux rayures et dot\u00e9 d'une fonction de fermeture douce silencieuse pour un confort d'utilisation accru et une plus grande long\u00e9vit\u00e9.<\/p>\n\n\n\n<p><strong>Syst\u00e8me strict de contr\u00f4le de la qualit\u00e9 :<\/strong> Le processus complet de contr\u00f4le qualit\u00e9 de SEGA, des mati\u00e8res premi\u00e8res aux produits finis, garantit une qualit\u00e9 constante, une durabilit\u00e9 et une conformit\u00e9 aux normes internationales.<\/p>\n\n\n\n<p><\/p>\n<\/div>\n\n\n\n<div class=\"wp-block-column is-layout-flow wp-block-column-is-layout-flow\">\n<figure class=\"wp-block-image size-full\"><img decoding=\"async\" width=\"800\" height=\"800\" src=\"https:\/\/www.segasanitary.com\/wp-content\/uploads\/2026\/04\/Custom-Black-One-Piece-Toilet-Luxury-Matte-Siphonic-Toilet-in-Bulk-M-9174-1.webp\" alt=\"Toilette monobloc noire sur mesure, Toilette siphonique mate de luxe en vrac M-9174\" class=\"wp-image-912\" srcset=\"https:\/\/www.segasanitary.com\/wp-content\/uploads\/2026\/04\/Custom-Black-One-Piece-Toilet-Luxury-Matte-Siphonic-Toilet-in-Bulk-M-9174-1.webp 800w, https:\/\/www.segasanitary.com\/wp-content\/uploads\/2026\/04\/Custom-Black-One-Piece-Toilet-Luxury-Matte-Siphonic-Toilet-in-Bulk-M-9174-1-300x300.webp 300w, https:\/\/www.segasanitary.com\/wp-content\/uploads\/2026\/04\/Custom-Black-One-Piece-Toilet-Luxury-Matte-Siphonic-Toilet-in-Bulk-M-9174-1-150x150.webp 150w, https:\/\/www.segasanitary.com\/wp-content\/uploads\/2026\/04\/Custom-Black-One-Piece-Toilet-Luxury-Matte-Siphonic-Toilet-in-Bulk-M-9174-1-768x768.webp 768w, https:\/\/www.segasanitary.com\/wp-content\/uploads\/2026\/04\/Custom-Black-One-Piece-Toilet-Luxury-Matte-Siphonic-Toilet-in-Bulk-M-9174-1-12x12.webp 12w, https:\/\/www.segasanitary.com\/wp-content\/uploads\/2026\/04\/Custom-Black-One-Piece-Toilet-Luxury-Matte-Siphonic-Toilet-in-Bulk-M-9174-1-600x600.webp 600w, https:\/\/www.segasanitary.com\/wp-content\/uploads\/2026\/04\/Custom-Black-One-Piece-Toilet-Luxury-Matte-Siphonic-Toilet-in-Bulk-M-9174-1-100x100.webp 100w\" sizes=\"(max-width: 800px) 100vw, 800px\" \/><\/figure>\n<\/div>\n<\/div>","protected":false},"excerpt":{"rendered":"<p>Toilettes monoblocs noires personnalis\u00e9es avec design g\u00e9om\u00e9trique brevet\u00e9, finition graphite mat et chasse d'eau siphonique puissante pour des performances sup\u00e9rieures. Id\u00e9al pour les h\u00f4tels haut de gamme et les projets commerciaux. Contactez-nous d\u00e8s maintenant pour obtenir des prix directs d'usine et des solutions sur mesure.<\/p>\n<h2>Sp\u00e9cifications du produit :<\/h2>\n<table>\n<tbody>\n<tr>\n<td><strong>Attribut<\/strong><\/td>\n<td>\u00a0<span data-path-to-node=\"13,0,1,0\">Sp\u00e9cifications<\/span><\/td>\n<\/tr>\n<tr>\n<td><strong>Mod\u00e8le<\/strong><\/td>\n<td><span data-path-to-node=\"13,1,1,0\">\u00a0M-9174<\/span><\/td>\n<\/tr>\n<tr>\n<td><strong>Type de produit<\/strong><\/td>\n<td><span data-path-to-node=\"22,1,1,0\">\u00a0Toilette monobloc sans rebord<\/span><\/td>\n<\/tr>\n<tr>\n<td><strong>Mat\u00e9riau<\/strong><\/td>\n<td>\u00a0C\u00e9ramique<\/td>\n<\/tr>\n<tr>\n<td><strong>Couleur<\/strong><\/td>\n<td>\u00a0Noir mat (couleurs personnalis\u00e9es disponibles)<\/td>\n<\/tr>\n<tr>\n<td><strong>Syst\u00e8me de rin\u00e7age<\/strong><\/td>\n<td>\u00a0<span data-path-to-node=\"13,9,1,0\">Lavage \u00e0 sec<\/span><\/td>\n<\/tr>\n<tr>\n<td><strong>Taille du produit<\/strong><\/td>\n<td>\u00a0620 \u00d7 355\u00d7 800 mm<\/td>\n<\/tr>\n<tr>\n<td><strong>Centres de r\u00e9paration<\/strong><\/td>\n<td>\n<p>Pi\u00e8ge en S, 250 mm d'\u00e9bauche<\/p>\n<p>Purgeur en P, brut de 180 mm<\/p>\n<\/td>\n<\/tr>\n<tr>\n<td><strong>Type d'installation<\/strong><\/td>\n<td>\u00a0<span data-path-to-node=\"13,9,1,0\">Montage au sol<\/span><\/td>\n<\/tr>\n<\/tbody>\n<\/table>","protected":false},"featured_media":911,"comment_status":"closed","ping_status":"closed","template":"","meta":{"_acf_changed":false},"product_brand":[],"product_cat":[49],"product_tag":[],"class_list":{"0":"post-910","1":"product","2":"type-product","3":"status-publish","4":"has-post-thumbnail","6":"product_cat-designer-sanitary-ware","8":"first","9":"instock","10":"shipping-taxable","11":"product-type-simple"},"acf":[],"_links":{"self":[{"href":"https:\/\/www.segasanitary.com\/fr\/wp-json\/wp\/v2\/product\/910","targetHints":{"allow":["GET"]}}],"collection":[{"href":"https:\/\/www.segasanitary.com\/fr\/wp-json\/wp\/v2\/product"}],"about":[{"href":"https:\/\/www.segasanitary.com\/fr\/wp-json\/wp\/v2\/types\/product"}],"replies":[{"embeddable":true,"href":"https:\/\/www.segasanitary.com\/fr\/wp-json\/wp\/v2\/comments?post=910"}],"wp:featuredmedia":[{"embeddable":true,"href":"https:\/\/www.segasanitary.com\/fr\/wp-json\/wp\/v2\/media\/911"}],"wp:attachment":[{"href":"https:\/\/www.segasanitary.com\/fr\/wp-json\/wp\/v2\/media?parent=910"}],"wp:term":[{"taxonomy":"product_brand","embeddable":true,"href":"https:\/\/www.segasanitary.com\/fr\/wp-json\/wp\/v2\/product_brand?post=910"},{"taxonomy":"product_cat","embeddable":true,"href":"https:\/\/www.segasanitary.com\/fr\/wp-json\/wp\/v2\/product_cat?post=910"},{"taxonomy":"product_tag","embeddable":true,"href":"https:\/\/www.segasanitary.com\/fr\/wp-json\/wp\/v2\/product_tag?post=910"}],"curies":[{"name":"wp","href":"https:\/\/api.w.org\/{rel}","templated":true}]}}