{"id":907,"date":"2026-04-06T06:09:19","date_gmt":"2026-04-06T06:09:19","guid":{"rendered":"https:\/\/www.segasanitary.com\/?post_type=product&#038;p=907"},"modified":"2026-04-07T01:06:38","modified_gmt":"2026-04-07T01:06:38","slug":"wall-mount-toilet-wholesale","status":"publish","type":"product","link":"https:\/\/www.segasanitary.com\/fr\/product\/wall-mount-toilet-wholesale\/","title":{"rendered":"Toilettes \u00e0 montage mural Wholesale, Matte Finish Diamond Textured Ceramic Toilet for Projects Supplier"},"content":{"rendered":"<div class=\"wp-block-columns is-layout-flex wp-container-core-columns-is-layout-9d6595d7 wp-block-columns-is-layout-flex\">\n<div class=\"wp-block-column is-vertically-aligned-center is-layout-flow wp-block-column-is-layout-flow\">\n<h2 class=\"wp-block-heading\">Toilettes \u00e0 montage mural Caract\u00e9ristiques :<\/h2>\n\n\n\n<p><strong>Corps exclusif brevet\u00e9 \u00e0 g\u00e9om\u00e9trie diamant\u00e9e :<\/strong> L'ext\u00e9rieur g\u00e9om\u00e9trique en 3D cr\u00e9e une esth\u00e9tique industrielle frappante, \u00e9levant le design de la salle de bains et \u00e9vitant la concurrence \u00e0 bas prix.<\/p>\n\n\n\n<p><strong>Gla\u00e7age velout\u00e9 noir mat de premi\u00e8re qualit\u00e9 :<\/strong> La finition lisse et mate s'harmonise avec les int\u00e9rieurs modernes, sombres ou en ciment, tout en r\u00e9sistant aux empreintes digitales et aux bavures.<\/p>\n\n\n\n<p><strong>Syst\u00e8me de chasse d'eau siphonique puissant :<\/strong> Le siphon \u00e0 haute efficacit\u00e9 assure une \u00e9vacuation rapide, silencieuse et compl\u00e8te des d\u00e9chets avec un risque minimal de colmatage.<\/p>\n\n\n\n<p><strong>C\u00e9ramique enti\u00e8rement vitrifi\u00e9e \u00e0 haute temp\u00e9rature :<\/strong> La c\u00e9ramique ultra-dense \u00e0 faible absorption d'eau garantit une durabilit\u00e9 \u00e0 long terme, une r\u00e9sistance aux taches et une pr\u00e9vention des fissures.<\/p>\n\n\n\n<p><strong>Conception de la jupe compl\u00e8te facile \u00e0 nettoyer :<\/strong> La jupe d'une seule pi\u00e8ce sans soudure dissimule la trappe, \u00e9limine les coins de salet\u00e9 et r\u00e9duit le temps de nettoyage dans les h\u00f4tels et les espaces publics.<\/p>\n\n\n\n<p><strong>Support de personnalisation du fabricant :<\/strong> Fourniture directe \u00e0 l'usine avec options OEM\/ODM pour la taille, la couleur, le logo et l'emballage afin de r\u00e9pondre aux exigences du projet et de la marque.<\/p>\n<\/div>\n\n\n\n<div class=\"wp-block-column is-layout-flow wp-block-column-is-layout-flow\">\n<figure class=\"wp-block-image size-full\"><img decoding=\"async\" width=\"800\" height=\"800\" src=\"https:\/\/www.segasanitary.com\/wp-content\/uploads\/2026\/04\/Toilet-One-Piece-Wholesale-Matte-Finish-Diamond-Textured-Ceramic-Toilet-for-Projects-Supplier-D-4174W.webp\" alt=\"Toilette en une seule pi\u00e8ce Wholesale, Toilette en c\u00e9ramique mate avec texture en diamant pour les projets Fournisseur D-4174W\" class=\"wp-image-908\" srcset=\"https:\/\/www.segasanitary.com\/wp-content\/uploads\/2026\/04\/Toilet-One-Piece-Wholesale-Matte-Finish-Diamond-Textured-Ceramic-Toilet-for-Projects-Supplier-D-4174W.webp 800w, https:\/\/www.segasanitary.com\/wp-content\/uploads\/2026\/04\/Toilet-One-Piece-Wholesale-Matte-Finish-Diamond-Textured-Ceramic-Toilet-for-Projects-Supplier-D-4174W-300x300.webp 300w, https:\/\/www.segasanitary.com\/wp-content\/uploads\/2026\/04\/Toilet-One-Piece-Wholesale-Matte-Finish-Diamond-Textured-Ceramic-Toilet-for-Projects-Supplier-D-4174W-150x150.webp 150w, https:\/\/www.segasanitary.com\/wp-content\/uploads\/2026\/04\/Toilet-One-Piece-Wholesale-Matte-Finish-Diamond-Textured-Ceramic-Toilet-for-Projects-Supplier-D-4174W-768x768.webp 768w, https:\/\/www.segasanitary.com\/wp-content\/uploads\/2026\/04\/Toilet-One-Piece-Wholesale-Matte-Finish-Diamond-Textured-Ceramic-Toilet-for-Projects-Supplier-D-4174W-12x12.webp 12w, https:\/\/www.segasanitary.com\/wp-content\/uploads\/2026\/04\/Toilet-One-Piece-Wholesale-Matte-Finish-Diamond-Textured-Ceramic-Toilet-for-Projects-Supplier-D-4174W-600x600.webp 600w, https:\/\/www.segasanitary.com\/wp-content\/uploads\/2026\/04\/Toilet-One-Piece-Wholesale-Matte-Finish-Diamond-Textured-Ceramic-Toilet-for-Projects-Supplier-D-4174W-100x100.webp 100w\" sizes=\"(max-width: 800px) 100vw, 800px\" \/><\/figure>\n<\/div>\n<\/div>","protected":false},"excerpt":{"rendered":"<p>WC mural en gros avec design brevet\u00e9 \u00e0 g\u00e9om\u00e9trie en diamant, finition velours gris mat, chasse d'eau siphonique puissante et c\u00e9ramique vitrifi\u00e9e haute temp\u00e9rature. Durable, facile \u00e0 nettoyer, id\u00e9al pour les h\u00f4tels et les projets. Contactez-nous pour les commandes en gros et la personnalisation.<\/p>\n<h2>Sp\u00e9cifications du produit :<\/h2>\n<table>\n<tbody>\n<tr>\n<td><strong>Attribut<\/strong><\/td>\n<td>\u00a0<span data-path-to-node=\"13,0,1,0\">Sp\u00e9cifications<\/span><\/td>\n<\/tr>\n<tr>\n<td><strong>Mod\u00e8le<\/strong><\/td>\n<td><span data-path-to-node=\"13,1,1,0\">D-4174W<\/span><\/td>\n<\/tr>\n<tr>\n<td><strong>Type de produit<\/strong><\/td>\n<td><span data-path-to-node=\"22,1,1,0\">Toilettes suspendues \/ flottantes<\/span><\/td>\n<\/tr>\n<tr>\n<td><strong>Mat\u00e9riau<\/strong><\/td>\n<td>C\u00e9ramique<\/td>\n<\/tr>\n<tr>\n<td><strong>Couleur<\/strong><\/td>\n<td>Noir mat (couleurs personnalis\u00e9es disponibles)<\/td>\n<\/tr>\n<tr>\n<td><strong>Syst\u00e8me de rin\u00e7age<\/strong><\/td>\n<td>\u00a0<span data-path-to-node=\"13,9,1,0\">Lavage \u00e0 sec<\/span><\/td>\n<\/tr>\n<tr>\n<td><strong>Taille du produit<\/strong><\/td>\n<td>520 \u00d7 360 \u00d7 370 mm<\/td>\n<\/tr>\n<tr>\n<td><strong>Centres de r\u00e9paration<\/strong><\/td>\n<td>180 mm (standard)<\/td>\n<\/tr>\n<tr>\n<td><strong>Type d'installation<\/strong><\/td>\n<td>Accrochage mural \/ Montage mural<\/td>\n<\/tr>\n<\/tbody>\n<\/table>","protected":false},"featured_media":909,"comment_status":"closed","ping_status":"closed","template":"","meta":{"_acf_changed":false},"product_brand":[],"product_cat":[49],"product_tag":[],"class_list":{"0":"post-907","1":"product","2":"type-product","3":"status-publish","4":"has-post-thumbnail","6":"product_cat-designer-sanitary-ware","8":"first","9":"instock","10":"shipping-taxable","11":"product-type-simple"},"acf":[],"_links":{"self":[{"href":"https:\/\/www.segasanitary.com\/fr\/wp-json\/wp\/v2\/product\/907","targetHints":{"allow":["GET"]}}],"collection":[{"href":"https:\/\/www.segasanitary.com\/fr\/wp-json\/wp\/v2\/product"}],"about":[{"href":"https:\/\/www.segasanitary.com\/fr\/wp-json\/wp\/v2\/types\/product"}],"replies":[{"embeddable":true,"href":"https:\/\/www.segasanitary.com\/fr\/wp-json\/wp\/v2\/comments?post=907"}],"wp:featuredmedia":[{"embeddable":true,"href":"https:\/\/www.segasanitary.com\/fr\/wp-json\/wp\/v2\/media\/909"}],"wp:attachment":[{"href":"https:\/\/www.segasanitary.com\/fr\/wp-json\/wp\/v2\/media?parent=907"}],"wp:term":[{"taxonomy":"product_brand","embeddable":true,"href":"https:\/\/www.segasanitary.com\/fr\/wp-json\/wp\/v2\/product_brand?post=907"},{"taxonomy":"product_cat","embeddable":true,"href":"https:\/\/www.segasanitary.com\/fr\/wp-json\/wp\/v2\/product_cat?post=907"},{"taxonomy":"product_tag","embeddable":true,"href":"https:\/\/www.segasanitary.com\/fr\/wp-json\/wp\/v2\/product_tag?post=907"}],"curies":[{"name":"wp","href":"https:\/\/api.w.org\/{rel}","templated":true}]}}