{"id":904,"date":"2026-04-06T03:05:48","date_gmt":"2026-04-06T03:05:48","guid":{"rendered":"https:\/\/www.segasanitary.com\/?post_type=product&#038;p=904"},"modified":"2026-04-06T03:24:41","modified_gmt":"2026-04-06T03:24:41","slug":"bathroom-wash-basin-wholesale","status":"publish","type":"product","link":"https:\/\/www.segasanitary.com\/fr\/product\/bathroom-wash-basin-wholesale\/","title":{"rendered":"Lavabo de salle de bain Wholesale, Luxury Matte Black Diamond Surface Countertop Basin Custom"},"content":{"rendered":"<div class=\"wp-block-columns is-layout-flex wp-container-core-columns-is-layout-9d6595d7 wp-block-columns-is-layout-flex\">\n<div class=\"wp-block-column is-vertically-aligned-center is-layout-flow wp-block-column-is-layout-flow\">\n<h2 class=\"wp-block-heading\">Lavabo Caract\u00e9ristiques :<\/h2>\n\n\n\n<p><strong>Design exclusif brevet\u00e9 de coupe de diamant :<\/strong> L'ext\u00e9rieur g\u00e9om\u00e9trique unique en 3D avec des facettes en forme de diamant am\u00e9liore la r\u00e9flexion de la lumi\u00e8re dans l'espace, ce qui permet \u00e0 vos produits de se d\u00e9marquer sur le march\u00e9 tr\u00e8s concurrentiel des appareils sanitaires.<\/p>\n\n\n\n<p><strong>Finition noire mate de qualit\u00e9 sup\u00e9rieure :<\/strong> Le rev\u00eatement noir mat haut de gamme offre une esth\u00e9tique moderne tout en r\u00e9sistant aux empreintes digitales, aux rayures et \u00e0 l'usure quotidienne.<\/p>\n\n\n\n<p><strong>C\u00e9ramique cuite \u00e0 haute temp\u00e9rature :<\/strong> Produit par vitrification \u00e0 haute temp\u00e9rature pour une duret\u00e9 sup\u00e9rieure, une faible absorption d'eau, une performance anti-fissuration et une stabilit\u00e9 durable de la couleur.<\/p>\n\n\n\n<p><strong>Installation facile du navire :<\/strong> La conception au-dessus du comptoir ne n\u00e9cessite qu'une ouverture de vidange standard, ce qui simplifie l'installation et met en valeur l'aspect complet du bassin.<\/p>\n\n\n\n<p><strong>Bord mince avec structure de bassin profonde :<\/strong> Les bords lisses ultrafins combin\u00e9s \u00e0 une profondeur optimis\u00e9e r\u00e9duisent les \u00e9claboussures tout en conservant un aspect propre et raffin\u00e9.<\/p>\n\n\n\n<p><strong>Support de personnalisation OEM\/ODM :<\/strong> Fabricant direct en usine offrant une personnalisation flexible de la taille, de la couleur, du logo et de l'emballage pour r\u00e9pondre aux besoins des projets en vrac et de l'image de marque.<\/p>\n<\/div>\n\n\n\n<div class=\"wp-block-column is-layout-flow wp-block-column-is-layout-flow\">\n<figure class=\"wp-block-image size-full\"><img decoding=\"async\" width=\"800\" height=\"800\" src=\"https:\/\/www.segasanitary.com\/wp-content\/uploads\/2026\/04\/Bathroom-Wash-Basin-Wholesale-Luxury-Matte-Black-Diamond-Surface-Countertop-Basin-Custom-5174.webp\" alt=\"Lavabo de salle de bain Wholesale, Luxury Matte Black Diamond Surface Countertop Basin Custom 5174\" class=\"wp-image-906\" srcset=\"https:\/\/www.segasanitary.com\/wp-content\/uploads\/2026\/04\/Bathroom-Wash-Basin-Wholesale-Luxury-Matte-Black-Diamond-Surface-Countertop-Basin-Custom-5174.webp 800w, https:\/\/www.segasanitary.com\/wp-content\/uploads\/2026\/04\/Bathroom-Wash-Basin-Wholesale-Luxury-Matte-Black-Diamond-Surface-Countertop-Basin-Custom-5174-300x300.webp 300w, https:\/\/www.segasanitary.com\/wp-content\/uploads\/2026\/04\/Bathroom-Wash-Basin-Wholesale-Luxury-Matte-Black-Diamond-Surface-Countertop-Basin-Custom-5174-150x150.webp 150w, https:\/\/www.segasanitary.com\/wp-content\/uploads\/2026\/04\/Bathroom-Wash-Basin-Wholesale-Luxury-Matte-Black-Diamond-Surface-Countertop-Basin-Custom-5174-768x768.webp 768w, https:\/\/www.segasanitary.com\/wp-content\/uploads\/2026\/04\/Bathroom-Wash-Basin-Wholesale-Luxury-Matte-Black-Diamond-Surface-Countertop-Basin-Custom-5174-12x12.webp 12w, https:\/\/www.segasanitary.com\/wp-content\/uploads\/2026\/04\/Bathroom-Wash-Basin-Wholesale-Luxury-Matte-Black-Diamond-Surface-Countertop-Basin-Custom-5174-600x600.webp 600w, https:\/\/www.segasanitary.com\/wp-content\/uploads\/2026\/04\/Bathroom-Wash-Basin-Wholesale-Luxury-Matte-Black-Diamond-Surface-Countertop-Basin-Custom-5174-100x100.webp 100w\" sizes=\"(max-width: 800px) 100vw, 800px\" \/><\/figure>\n<\/div>\n<\/div>\n\n\n\n<p><\/p>","protected":false},"excerpt":{"rendered":"<p>Lavabo de salle de bains en gros avec design brevet\u00e9 de coupe en diamant, finition noire mate et c\u00e9ramique haute temp\u00e9rature pour une durabilit\u00e9 et un attrait moderne. Id\u00e9al pour les h\u00f4tels et les projets haut de gamme. Contactez-nous pour des prix de gros et des options de personnalisation.\u00a0<\/p>\n<h2>Sp\u00e9cifications du produit :<\/h2>\n<table>\n<tbody>\n<tr>\n<td><strong>Attribut<\/strong><\/td>\n<td>\u00a0<span data-path-to-node=\"13,0,1,0\">Sp\u00e9cifications<\/span><\/td>\n<\/tr>\n<tr>\n<td><strong>Mod\u00e8le<\/strong><\/td>\n<td>5174<\/td>\n<\/tr>\n<tr>\n<td><strong>Type de produit<\/strong><\/td>\n<td>\u00a0<span data-path-to-node=\"21,1,1,0\">Lavabo suspendu \/ Evier flottant<\/span><\/td>\n<\/tr>\n<tr>\n<td><strong>Mat\u00e9riau<\/strong><\/td>\n<td>\u00a0C\u00e9ramique<\/td>\n<\/tr>\n<tr>\n<td><strong>Couleur<\/strong><\/td>\n<td>\u00a0Noir mat (couleurs personnalis\u00e9es disponibles)<\/td>\n<\/tr>\n<tr>\n<td><strong>Installation<\/strong><\/td>\n<td>\u00a0Montage mural<\/td>\n<\/tr>\n<tr>\n<td><strong>Taille du produit<\/strong><\/td>\n<td>\u00a0600 \u00d7 350 \u00d7 110 mm<\/td>\n<\/tr>\n<\/tbody>\n<\/table>","protected":false},"featured_media":905,"comment_status":"closed","ping_status":"closed","template":"","meta":{"_acf_changed":false},"product_brand":[],"product_cat":[49],"product_tag":[],"class_list":{"0":"post-904","1":"product","2":"type-product","3":"status-publish","4":"has-post-thumbnail","6":"product_cat-designer-sanitary-ware","8":"first","9":"instock","10":"shipping-taxable","11":"product-type-simple"},"acf":[],"_links":{"self":[{"href":"https:\/\/www.segasanitary.com\/fr\/wp-json\/wp\/v2\/product\/904","targetHints":{"allow":["GET"]}}],"collection":[{"href":"https:\/\/www.segasanitary.com\/fr\/wp-json\/wp\/v2\/product"}],"about":[{"href":"https:\/\/www.segasanitary.com\/fr\/wp-json\/wp\/v2\/types\/product"}],"replies":[{"embeddable":true,"href":"https:\/\/www.segasanitary.com\/fr\/wp-json\/wp\/v2\/comments?post=904"}],"wp:featuredmedia":[{"embeddable":true,"href":"https:\/\/www.segasanitary.com\/fr\/wp-json\/wp\/v2\/media\/905"}],"wp:attachment":[{"href":"https:\/\/www.segasanitary.com\/fr\/wp-json\/wp\/v2\/media?parent=904"}],"wp:term":[{"taxonomy":"product_brand","embeddable":true,"href":"https:\/\/www.segasanitary.com\/fr\/wp-json\/wp\/v2\/product_brand?post=904"},{"taxonomy":"product_cat","embeddable":true,"href":"https:\/\/www.segasanitary.com\/fr\/wp-json\/wp\/v2\/product_cat?post=904"},{"taxonomy":"product_tag","embeddable":true,"href":"https:\/\/www.segasanitary.com\/fr\/wp-json\/wp\/v2\/product_tag?post=904"}],"curies":[{"name":"wp","href":"https:\/\/api.w.org\/{rel}","templated":true}]}}