{"id":741,"date":"2026-03-21T08:06:37","date_gmt":"2026-03-21T08:06:37","guid":{"rendered":"https:\/\/www.segasanitary.com\/?post_type=product&#038;p=741"},"modified":"2026-03-21T08:28:39","modified_gmt":"2026-03-21T08:28:39","slug":"wholesale-wash-basin","status":"publish","type":"product","link":"https:\/\/www.segasanitary.com\/fr\/product\/wholesale-wash-basin\/","title":{"rendered":"Wholesale Wash Basin Rectangular, Luxury Diamond Texture Embossed Art Basin Supplier"},"content":{"rendered":"<div class=\"wp-block-columns is-layout-flex wp-container-core-columns-is-layout-9d6595d7 wp-block-columns-is-layout-flex\">\n<div class=\"wp-block-column is-vertically-aligned-center is-layout-flow wp-block-column-is-layout-flow\">\n<h2 class=\"wp-block-heading\">Lavabo Caract\u00e9ristiques :<\/h2>\n\n\n\n<p><strong>Texture unique en forme de diamant<\/strong>: L'\u00e9l\u00e9gant motif de diamant gaufr\u00e9 cr\u00e9e un point focal visuel luxueux pour les salles de bains haut de gamme.<\/p>\n\n\n\n<p><strong>Jante mince avec grande capacit\u00e9 :<\/strong> La conception avanc\u00e9e \u00e0 bords fins maximise le volume int\u00e9rieur tout en maintenant une empreinte compacte, avec une profondeur optimis\u00e9e pour r\u00e9duire les \u00e9claboussures d'eau.<\/p>\n\n\n\n<p><strong>Construction en une seule pi\u00e8ce :<\/strong> Le processus de cuisson int\u00e9gr\u00e9 garantit une structure sans faille, sans risque d'\u00e9caillage ou d'accumulation de salet\u00e9s, tandis que la nano-vitrification int\u00e9rieure maintient les surfaces lisses et faciles \u00e0 nettoyer.<\/p>\n\n\n\n<p><strong>Performance de qualit\u00e9 commerciale<\/strong>: Con\u00e7u pour une utilisation \u00e0 long terme, il combine la r\u00e9sistance aux rayures et aux taches et une int\u00e9grit\u00e9 structurelle stable dans les environnements \u00e0 fort trafic.<\/p>\n\n\n\n<p><strong>SEGA Fourniture du fabricant :<\/strong> La production constante de moules garantit une texture et des dimensions uniformes, avec un emballage renforc\u00e9 pour minimiser les dommages lors de l'exp\u00e9dition dans le monde entier.<\/p>\n<\/div>\n\n\n\n<div class=\"wp-block-column is-layout-flow wp-block-column-is-layout-flow\">\n<figure class=\"wp-block-image size-full\"><img decoding=\"async\" width=\"800\" height=\"800\" src=\"https:\/\/www.segasanitary.com\/wp-content\/uploads\/2026\/03\/wholesale-wash-basin-5174.webp\" alt=\"lavabo en gros 5174\" class=\"wp-image-748\" srcset=\"https:\/\/www.segasanitary.com\/wp-content\/uploads\/2026\/03\/wholesale-wash-basin-5174.webp 800w, https:\/\/www.segasanitary.com\/wp-content\/uploads\/2026\/03\/wholesale-wash-basin-5174-300x300.webp 300w, https:\/\/www.segasanitary.com\/wp-content\/uploads\/2026\/03\/wholesale-wash-basin-5174-150x150.webp 150w, https:\/\/www.segasanitary.com\/wp-content\/uploads\/2026\/03\/wholesale-wash-basin-5174-768x768.webp 768w, https:\/\/www.segasanitary.com\/wp-content\/uploads\/2026\/03\/wholesale-wash-basin-5174-600x600.webp 600w, https:\/\/www.segasanitary.com\/wp-content\/uploads\/2026\/03\/wholesale-wash-basin-5174-100x100.webp 100w\" sizes=\"(max-width: 800px) 100vw, 800px\" \/><\/figure>\n<\/div>\n<\/div>","protected":false},"excerpt":{"rendered":"<p>Lavabo en gros dot\u00e9 d'un design innovant en forme de diamant et d'une construction ergonomique \u00e0 bords fins. SEGA, fabricant leader d'articles sanitaires, fournit une gamme compl\u00e8te de produits sanitaires brevet\u00e9s. Contactez-nous d\u00e8s maintenant pour un devis en gros !<\/p>\n<h2>Sp\u00e9cifications du produit :<\/h2>\n<table>\n<tbody>\n<tr>\n<td><strong>Attribut<\/strong><\/td>\n<td>\u00a0<span data-path-to-node=\"13,0,1,0\">Sp\u00e9cifications<\/span><\/td>\n<\/tr>\n<tr>\n<td><strong>Mod\u00e8le<\/strong><\/td>\n<td>\u00a0P-7008W<\/td>\n<\/tr>\n<tr>\n<td><strong>Type de produit<\/strong><\/td>\n<td>\u00a0<span data-path-to-node=\"21,1,1,0\">Lavabo suspendu \/ Evier flottant<\/span><\/td>\n<\/tr>\n<tr>\n<td><strong>Mat\u00e9riau<\/strong><\/td>\n<td>\u00a0C\u00e9ramique<\/td>\n<\/tr>\n<tr>\n<td><strong>Couleur<\/strong><\/td>\n<td>\u00a0Blanc (couleurs personnalis\u00e9es disponibles)<\/td>\n<\/tr>\n<tr>\n<td><strong>Installation<\/strong><\/td>\n<td>\u00a0Montage mural<\/td>\n<\/tr>\n<tr>\n<td><strong>Taille du produit<\/strong><\/td>\n<td>\u00a0600 \u00d7 350 \u00d7 110 mm<\/td>\n<\/tr>\n<\/tbody>\n<\/table>","protected":false},"featured_media":749,"comment_status":"closed","ping_status":"closed","template":"","meta":{"_acf_changed":false},"product_brand":[],"product_cat":[49],"product_tag":[],"class_list":{"0":"post-741","1":"product","2":"type-product","3":"status-publish","4":"has-post-thumbnail","6":"product_cat-designer-sanitary-ware","8":"first","9":"instock","10":"shipping-taxable","11":"product-type-simple"},"acf":[],"_links":{"self":[{"href":"https:\/\/www.segasanitary.com\/fr\/wp-json\/wp\/v2\/product\/741","targetHints":{"allow":["GET"]}}],"collection":[{"href":"https:\/\/www.segasanitary.com\/fr\/wp-json\/wp\/v2\/product"}],"about":[{"href":"https:\/\/www.segasanitary.com\/fr\/wp-json\/wp\/v2\/types\/product"}],"replies":[{"embeddable":true,"href":"https:\/\/www.segasanitary.com\/fr\/wp-json\/wp\/v2\/comments?post=741"}],"wp:featuredmedia":[{"embeddable":true,"href":"https:\/\/www.segasanitary.com\/fr\/wp-json\/wp\/v2\/media\/749"}],"wp:attachment":[{"href":"https:\/\/www.segasanitary.com\/fr\/wp-json\/wp\/v2\/media?parent=741"}],"wp:term":[{"taxonomy":"product_brand","embeddable":true,"href":"https:\/\/www.segasanitary.com\/fr\/wp-json\/wp\/v2\/product_brand?post=741"},{"taxonomy":"product_cat","embeddable":true,"href":"https:\/\/www.segasanitary.com\/fr\/wp-json\/wp\/v2\/product_cat?post=741"},{"taxonomy":"product_tag","embeddable":true,"href":"https:\/\/www.segasanitary.com\/fr\/wp-json\/wp\/v2\/product_tag?post=741"}],"curies":[{"name":"wp","href":"https:\/\/api.w.org\/{rel}","templated":true}]}}