{"id":711,"date":"2026-03-21T06:26:49","date_gmt":"2026-03-21T06:26:49","guid":{"rendered":"https:\/\/www.segasanitary.com\/?post_type=product&#038;p=711"},"modified":"2026-03-21T06:46:41","modified_gmt":"2026-03-21T06:46:41","slug":"wholesale-countertop-basin","status":"publish","type":"product","link":"https:\/\/www.segasanitary.com\/fr\/product\/wholesale-countertop-basin\/","title":{"rendered":"Wholesale Countertop Basin, Floating Bathroom Sink Supplier"},"content":{"rendered":"<div class=\"wp-block-columns is-layout-flex wp-container-core-columns-is-layout-9d6595d7 wp-block-columns-is-layout-flex\">\n<div class=\"wp-block-column is-vertically-aligned-center is-layout-flow wp-block-column-is-layout-flow\">\n<h2 class=\"wp-block-heading\">Caract\u00e9ristiques du bassin de comptoir :<\/h2>\n\n\n\n<p><strong>Durabilit\u00e9 sup\u00e9rieure :<\/strong> Con\u00e7u avec une faible absorption d'eau et un corps en c\u00e9ramique de haute densit\u00e9, il garantit une r\u00e9sistance \u00e0 la fissuration, au jaunissement et aux chocs dans des environnements \u00e0 forte humidit\u00e9 \u00e0 long terme.<\/p>\n\n\n\n<p><strong>Design minimaliste et polyvalent :<\/strong> Les courbes lisses et sans raccord am\u00e9liorent l'attrait visuel tout en \u00e9liminant les zones mortes de nettoyage ; la taille compacte s'adapte \u00e0 divers mat\u00e9riaux de comptoir tels que la pierre, le bois ou le m\u00e9tal.<\/p>\n\n\n\n<p><strong>Id\u00e9al pour une utilisation commerciale :<\/strong> Con\u00e7u pour r\u00e9sister \u00e0 une utilisation quotidienne fr\u00e9quente, il est id\u00e9al pour les h\u00f4tels, les bureaux et les espaces publics tr\u00e8s fr\u00e9quent\u00e9s qui requi\u00e8rent durabilit\u00e9 et coh\u00e9rence.<\/p>\n\n\n\n<p><strong>Personnalisation esth\u00e9tique flexible :<\/strong> Disponible dans de multiples finitions telles que le noir mat, le blanc mat et le gla\u00e7age m\u00e9tallique pour s'adapter \u00e0 divers concepts d'am\u00e9nagement int\u00e9rieur.<\/p>\n\n\n\n<p><strong>Production en vrac fiable et livraison \u00e0 l'\u00e9chelle mondiale :<\/strong> La production automatis\u00e9e en usine garantit une qualit\u00e9 constante et des d\u00e9lais de livraison stables, avec un emballage de qualit\u00e9 export pour une exp\u00e9dition internationale en toute s\u00e9curit\u00e9.<\/p>\n<\/div>\n\n\n\n<div class=\"wp-block-column is-layout-flow wp-block-column-is-layout-flow\">\n<figure class=\"wp-block-image size-full\"><img decoding=\"async\" width=\"500\" height=\"833\" src=\"https:\/\/www.segasanitary.com\/wp-content\/uploads\/2026\/03\/wholesale-countertop-basin-2-1.webp\" alt=\"bassin de comptoir en gros (2)\" class=\"wp-image-716\" srcset=\"https:\/\/www.segasanitary.com\/wp-content\/uploads\/2026\/03\/wholesale-countertop-basin-2-1.webp 500w, https:\/\/www.segasanitary.com\/wp-content\/uploads\/2026\/03\/wholesale-countertop-basin-2-1-180x300.webp 180w\" sizes=\"(max-width: 500px) 100vw, 500px\" \/><\/figure>\n<\/div>\n<\/div>","protected":false},"excerpt":{"rendered":"<p>Vasque de comptoir en gros fabriqu\u00e9e en c\u00e9ramique de haute densit\u00e9 avec une faible absorption d'eau et une gla\u00e7ure lisse et facile \u00e0 nettoyer, offrant une durabilit\u00e9 et un design minimaliste \u00e9l\u00e9gant. Id\u00e9al pour les h\u00f4tels, les appartements et les projets commerciaux. Possibilit\u00e9 d'OEM\/ODM. Contactez-nous d\u00e8s maintenant pour des devis en gros !<\/p>\n<h2>Sp\u00e9cifications du produit :<\/h2>\n<table>\n<tbody>\n<tr>\n<td><strong>Attribut<\/strong><\/td>\n<td>\u00a0<span data-path-to-node=\"13,0,1,0\">Sp\u00e9cifications<\/span><\/td>\n<\/tr>\n<tr>\n<td><strong>Mod\u00e8le<\/strong><\/td>\n<td>\u00a05001<\/td>\n<\/tr>\n<tr>\n<td><strong>Type de produit<\/strong><\/td>\n<td>\u00a0<span data-path-to-node=\"22,2,1,0\">Bassin de comptoir<\/span><\/td>\n<\/tr>\n<tr>\n<td><strong>Mat\u00e9riau<\/strong><\/td>\n<td>\u00a0C\u00e9ramique<\/td>\n<\/tr>\n<tr>\n<td><strong>Couleur<\/strong><\/td>\n<td>\u00a0Blanc (couleurs personnalis\u00e9es disponibles)<\/td>\n<\/tr>\n<tr>\n<td><strong>Installation<\/strong><\/td>\n<td>\u00a0Autonome \/ Fixation au mur<\/td>\n<\/tr>\n<tr>\n<td><strong>Taille<\/strong><\/td>\n<td>\u00a0<span data-path-to-node=\"22,4,1,0\">415 x 415 x 135 mm<\/span><\/td>\n<\/tr>\n<\/tbody>\n<\/table>","protected":false},"featured_media":715,"comment_status":"closed","ping_status":"closed","template":"","meta":{"_acf_changed":false},"product_brand":[],"product_cat":[22,33],"product_tag":[],"class_list":{"0":"post-711","1":"product","2":"type-product","3":"status-publish","4":"has-post-thumbnail","6":"product_cat-wholesale-wash-basin","7":"product_cat-wholesale-art-basin","9":"first","10":"instock","11":"shipping-taxable","12":"product-type-simple"},"acf":[],"_links":{"self":[{"href":"https:\/\/www.segasanitary.com\/fr\/wp-json\/wp\/v2\/product\/711","targetHints":{"allow":["GET"]}}],"collection":[{"href":"https:\/\/www.segasanitary.com\/fr\/wp-json\/wp\/v2\/product"}],"about":[{"href":"https:\/\/www.segasanitary.com\/fr\/wp-json\/wp\/v2\/types\/product"}],"replies":[{"embeddable":true,"href":"https:\/\/www.segasanitary.com\/fr\/wp-json\/wp\/v2\/comments?post=711"}],"wp:featuredmedia":[{"embeddable":true,"href":"https:\/\/www.segasanitary.com\/fr\/wp-json\/wp\/v2\/media\/715"}],"wp:attachment":[{"href":"https:\/\/www.segasanitary.com\/fr\/wp-json\/wp\/v2\/media?parent=711"}],"wp:term":[{"taxonomy":"product_brand","embeddable":true,"href":"https:\/\/www.segasanitary.com\/fr\/wp-json\/wp\/v2\/product_brand?post=711"},{"taxonomy":"product_cat","embeddable":true,"href":"https:\/\/www.segasanitary.com\/fr\/wp-json\/wp\/v2\/product_cat?post=711"},{"taxonomy":"product_tag","embeddable":true,"href":"https:\/\/www.segasanitary.com\/fr\/wp-json\/wp\/v2\/product_tag?post=711"}],"curies":[{"name":"wp","href":"https:\/\/api.w.org\/{rel}","templated":true}]}}