{"id":686,"date":"2026-03-21T03:23:09","date_gmt":"2026-03-21T03:23:09","guid":{"rendered":"https:\/\/www.segasanitary.com\/?post_type=product&#038;p=686"},"modified":"2026-03-21T08:31:15","modified_gmt":"2026-03-21T08:31:15","slug":"custom-wash-basin","status":"publish","type":"product","link":"https:\/\/www.segasanitary.com\/fr\/product\/custom-wash-basin\/","title":{"rendered":"Lavabo mural Minimaliste sur mesure, Fabricant d'\u00e9vier de salle de bain en Chine"},"content":{"rendered":"<div class=\"wp-block-columns is-layout-flex wp-container-core-columns-is-layout-9d6595d7 wp-block-columns-is-layout-flex\">\n<div class=\"wp-block-column is-vertically-aligned-center is-layout-flow wp-block-column-is-layout-flow\">\n<h2 class=\"wp-block-heading\">Lavabo Caract\u00e9ristiques :<\/h2>\n\n\n\n<p><strong>Ing\u00e9nierie sup\u00e9rieure :<\/strong> Cuit \u00e0 haute temp\u00e9rature pour une vitrification compl\u00e8te, ce lavabo en c\u00e9ramique de haute densit\u00e9 atteint une absorption d'eau &lt;0,5%, \u00e9vitant les fissures et les odeurs tout en garantissant une durabilit\u00e9 \u00e0 long terme.<\/p>\n\n\n\n<p><strong>Nano Easy-Clean Glaze (gla\u00e7age facile \u00e0 nettoyer)<\/strong>: Surface lisse et non poreuse qui r\u00e9siste aux bact\u00e9ries et aux taches, ce qui permet de r\u00e9duire les co\u00fbts d'entretien et de maintenir des normes d'hygi\u00e8ne \u00e9lev\u00e9es dans les espaces commerciaux et r\u00e9sidentiels.<\/p>\n\n\n\n<p><strong>Conception flottante peu encombrante :<\/strong> La structure murale maximise l'espace au sol et \u00e9limine les coins difficiles \u00e0 nettoyer, avec un support renforc\u00e9 pour la stabilit\u00e9 dans les environnements tr\u00e8s fr\u00e9quent\u00e9s tels que les h\u00f4tels et les bureaux.<\/p>\n\n\n\n<p><strong>Personnalisation B2B et approvisionnement en vrac<\/strong>: Elle prend en charge le marquage, l'emballage et les ajustements techniques des OEM\/ODM, avec des lignes de production robustes garantissant une livraison dans les d\u00e9lais pour les projets \u00e0 grande \u00e9chelle.<\/p>\n\n\n\n<p><strong>Emballage pr\u00eat pour l'exportation et soutien mondial :<\/strong> Emball\u00e9s professionnellement dans des cartons ondul\u00e9s \u00e0 5 couches et soutenus par une cha\u00eene d'approvisionnement exp\u00e9riment\u00e9e, ils sont id\u00e9aux pour les h\u00f4tels internationaux, les appartements et les commandes en gros.<\/p>\n<\/div>\n\n\n\n<div class=\"wp-block-column is-layout-flow wp-block-column-is-layout-flow\">\n<figure class=\"wp-block-image size-full\"><img decoding=\"async\" width=\"800\" height=\"526\" src=\"https:\/\/www.segasanitary.com\/wp-content\/uploads\/2026\/03\/custom-wash-basin-P-7008W.webp\" alt=\"lavabo sur mesure P-7008W\" class=\"wp-image-691\" srcset=\"https:\/\/www.segasanitary.com\/wp-content\/uploads\/2026\/03\/custom-wash-basin-P-7008W.webp 800w, https:\/\/www.segasanitary.com\/wp-content\/uploads\/2026\/03\/custom-wash-basin-P-7008W-300x197.webp 300w, https:\/\/www.segasanitary.com\/wp-content\/uploads\/2026\/03\/custom-wash-basin-P-7008W-768x505.webp 768w, https:\/\/www.segasanitary.com\/wp-content\/uploads\/2026\/03\/custom-wash-basin-P-7008W-600x395.webp 600w\" sizes=\"(max-width: 800px) 100vw, 800px\" \/><\/figure>\n<\/div>\n<\/div>","protected":false},"excerpt":{"rendered":"<p>Lavabo personnalis\u00e9 en c\u00e9ramique haute densit\u00e9 avec \u00e9mail nano facile \u00e0 nettoyer et design flottant ergonomique, parfait pour les h\u00f4tels, les appartements et les r\u00e9sidences de luxe. OEM\/ODM pris en charge, contactez-nous d\u00e8s maintenant pour des devis en gros !<\/p>\n<h2>Sp\u00e9cifications du produit :<\/h2>\n<table>\n<tbody>\n<tr>\n<td><strong>Attribut<\/strong><\/td>\n<td>\u00a0<span data-path-to-node=\"13,0,1,0\">Sp\u00e9cifications<\/span><\/td>\n<\/tr>\n<tr>\n<td><strong>Mod\u00e8le<\/strong><\/td>\n<td>\u00a0P-7008W<\/td>\n<\/tr>\n<tr>\n<td><strong>Type de produit<\/strong><\/td>\n<td>\u00a0<span data-path-to-node=\"21,1,1,0\">Lavabo suspendu \/ Evier flottant<\/span><\/td>\n<\/tr>\n<tr>\n<td><strong>Mat\u00e9riau<\/strong><\/td>\n<td>\u00a0C\u00e9ramique<\/td>\n<\/tr>\n<tr>\n<td><strong>Couleur<\/strong><\/td>\n<td>\u00a0Blanc (couleurs personnalis\u00e9es disponibles)<\/td>\n<\/tr>\n<tr>\n<td><strong>Installation<\/strong><\/td>\n<td>\u00a0Montage mural<\/td>\n<\/tr>\n<tr>\n<td><strong>Taille du produit<\/strong><\/td>\n<td>\u00a0555 \u00d7 435 \u00d7 400 mm<\/td>\n<\/tr>\n<\/tbody>\n<\/table>","protected":false},"featured_media":768,"comment_status":"closed","ping_status":"closed","template":"","meta":{"_acf_changed":false},"product_brand":[],"product_cat":[22,32],"product_tag":[],"class_list":{"0":"post-686","1":"product","2":"type-product","3":"status-publish","4":"has-post-thumbnail","6":"product_cat-wholesale-wash-basin","7":"product_cat-wholesale-wall-hung-wash-basin","9":"first","10":"instock","11":"shipping-taxable","12":"product-type-simple"},"acf":[],"_links":{"self":[{"href":"https:\/\/www.segasanitary.com\/fr\/wp-json\/wp\/v2\/product\/686","targetHints":{"allow":["GET"]}}],"collection":[{"href":"https:\/\/www.segasanitary.com\/fr\/wp-json\/wp\/v2\/product"}],"about":[{"href":"https:\/\/www.segasanitary.com\/fr\/wp-json\/wp\/v2\/types\/product"}],"replies":[{"embeddable":true,"href":"https:\/\/www.segasanitary.com\/fr\/wp-json\/wp\/v2\/comments?post=686"}],"wp:featuredmedia":[{"embeddable":true,"href":"https:\/\/www.segasanitary.com\/fr\/wp-json\/wp\/v2\/media\/768"}],"wp:attachment":[{"href":"https:\/\/www.segasanitary.com\/fr\/wp-json\/wp\/v2\/media?parent=686"}],"wp:term":[{"taxonomy":"product_brand","embeddable":true,"href":"https:\/\/www.segasanitary.com\/fr\/wp-json\/wp\/v2\/product_brand?post=686"},{"taxonomy":"product_cat","embeddable":true,"href":"https:\/\/www.segasanitary.com\/fr\/wp-json\/wp\/v2\/product_cat?post=686"},{"taxonomy":"product_tag","embeddable":true,"href":"https:\/\/www.segasanitary.com\/fr\/wp-json\/wp\/v2\/product_tag?post=686"}],"curies":[{"name":"wp","href":"https:\/\/api.w.org\/{rel}","templated":true}]}}