{"id":674,"date":"2026-03-21T02:41:25","date_gmt":"2026-03-21T02:41:25","guid":{"rendered":"https:\/\/www.segasanitary.com\/?post_type=product&#038;p=674"},"modified":"2026-03-21T03:13:47","modified_gmt":"2026-03-21T03:13:47","slug":"custom-mirrors-bathroom","status":"publish","type":"product","link":"https:\/\/www.segasanitary.com\/fr\/product\/custom-mirrors-bathroom\/","title":{"rendered":"Miroirs de salle de bain personnalis\u00e9s, miroir de salle de bain intelligent \u00e0 LED r\u00e9tro\u00e9clair\u00e9 \u201den forme d'ours\" Fournisseur de miroirs de salle de bain personnalis\u00e9s"},"content":{"rendered":"<div class=\"wp-block-columns is-layout-flex wp-container-core-columns-is-layout-9d6595d7 wp-block-columns-is-layout-flex\">\n<div class=\"wp-block-column is-vertically-aligned-center is-layout-flow wp-block-column-is-layout-flow\">\n<h2 class=\"wp-block-heading\">Miroirs Caract\u00e9ristiques de la salle de bains :<\/h2>\n\n\n\n<p><strong>Design bionique ludique \u201cLittle Bear\u201d :<\/strong> Des courbes douces et irr\u00e9guli\u00e8res forment une adorable silhouette d'ours, ajoutant chaleur et charme tout en rendant l'espace de la salle de bains plus attrayant et visuellement s\u00e9duisant.<\/p>\n\n\n\n<p><strong>R\u00e9tro\u00e9clairage uniforme sur 360\u00b0 :<\/strong> Les LED mont\u00e9es sur les bords fournissent un \u00e9clairage doux et uniforme avec un effet visuel flottant, prot\u00e9geant les yeux de l'utilisateur d'un \u00e9blouissement direct tout en am\u00e9liorant l'ambiance.<\/p>\n\n\n\n<p><strong>Miroir argent\u00e9 \u00e9cologique sans cuivre de 5 mm :<\/strong> Le miroir haute d\u00e9finition garantit une r\u00e9flexion fid\u00e8le \u00e0 la r\u00e9alit\u00e9, r\u00e9siste \u00e0 l'oxydation des bords noirs et est sans danger pour les salles de bains humides.<\/p>\n\n\n\n<p><strong>Commande tactile intelligente \u00e0 haute sensibilit\u00e9 :<\/strong> Les boutons tactiles lumineux int\u00e9gr\u00e9s permettent d'allumer et d'\u00e9teindre facilement l'appareil et d'en r\u00e9gler progressivement la luminosit\u00e9, cr\u00e9ant ainsi une exp\u00e9rience d'utilisation intuitive et amusante pour les enfants.<\/p>\n\n\n\n<p><strong>Solutions personnalis\u00e9es ax\u00e9es sur la s\u00e9curit\u00e9 :<\/strong> Nos miroirs personnalis\u00e9s sont dot\u00e9s d'un support antid\u00e9flagrant et sont enti\u00e8rement personnalisables (OEM\/ODM), ce qui garantit un approvisionnement en masse de produits s\u00fbrs et de haute qualit\u00e9 pour les \u00e9coles, les habitations et les projets commerciaux.<\/p>\n<\/div>\n\n\n\n<div class=\"wp-block-column is-layout-flow wp-block-column-is-layout-flow\">\n<figure class=\"wp-block-image size-full\"><img decoding=\"async\" width=\"800\" height=\"800\" src=\"https:\/\/www.segasanitary.com\/wp-content\/uploads\/2026\/03\/custom-mirrors-bathroom-Z-021.webp\" alt=\"miroirs sur mesure salle de bain Z-021\" class=\"wp-image-679\" srcset=\"https:\/\/www.segasanitary.com\/wp-content\/uploads\/2026\/03\/custom-mirrors-bathroom-Z-021.webp 800w, https:\/\/www.segasanitary.com\/wp-content\/uploads\/2026\/03\/custom-mirrors-bathroom-Z-021-300x300.webp 300w, https:\/\/www.segasanitary.com\/wp-content\/uploads\/2026\/03\/custom-mirrors-bathroom-Z-021-150x150.webp 150w, https:\/\/www.segasanitary.com\/wp-content\/uploads\/2026\/03\/custom-mirrors-bathroom-Z-021-768x768.webp 768w, https:\/\/www.segasanitary.com\/wp-content\/uploads\/2026\/03\/custom-mirrors-bathroom-Z-021-600x600.webp 600w, https:\/\/www.segasanitary.com\/wp-content\/uploads\/2026\/03\/custom-mirrors-bathroom-Z-021-100x100.webp 100w\" sizes=\"(max-width: 800px) 100vw, 800px\" \/><\/figure>\n<\/div>\n<\/div>","protected":false},"excerpt":{"rendered":"<p data-start=\"980\" data-end=\"1217\">Miroirs de salle de bains personnalis\u00e9s avec un design ludique \u201cLittle Bear\u201d, un r\u00e9tro\u00e9clairage LED doux \u00e0 360\u00b0, un miroir HD sans cuivre et un syst\u00e8me de gradation tactile intelligent. S\u00fbr, \u00e9l\u00e9gant et enti\u00e8rement personnalisable. Parfait pour les \u00e9coles, les maisons et les projets commerciaux. Contactez-nous d\u00e8s maintenant pour des devis en gros !<\/p>\n<h2>Sp\u00e9cifications du produit :<\/h2>\n<table>\n<tbody>\n<tr>\n<td><strong>Attribut<\/strong><\/td>\n<td>\u00a0<span data-path-to-node=\"13,0,1,0\">Sp\u00e9cifications<\/span><\/td>\n<\/tr>\n<tr>\n<td><strong>Mod\u00e8le<\/strong><\/td>\n<td>\u00a0Z-021<\/td>\n<\/tr>\n<tr>\n<td><strong>Type de produit<\/strong><\/td>\n<td>\u00a0<span data-path-to-node=\"22,2,1,0\">Miroir de salle de bain LED intelligent<\/span><\/td>\n<\/tr>\n<tr>\n<td><strong>Mat\u00e9riau<\/strong><\/td>\n<td>\u00a0Miroir argent\u00e9 HD sans cuivre<\/td>\n<\/tr>\n<tr>\n<td><strong>Forme<\/strong><\/td>\n<td>\u00a0Irr\u00e9gulier<\/td>\n<\/tr>\n<tr>\n<td><strong>Cadre<\/strong><\/td>\n<td>\u00a0Sans cadre \/ Structure en alliage d'aluminium<\/td>\n<\/tr>\n<tr>\n<td><strong>Mode d'\u00e9clairage<\/strong><\/td>\n<td>\u00a0<span data-path-to-node=\"22,3,1,0\">\u00c9clairage frontal + r\u00e9tro\u00e9clairage (Dual Glow)<\/span><\/td>\n<\/tr>\n<tr>\n<td><strong>Fonctions<\/strong><\/td>\n<td>\u00a0Anti-bu\u00e9e, gradable, CCT r\u00e9glable<\/td>\n<\/tr>\n<tr>\n<td><strong>Imperm\u00e9able \u00e0 l'eau<\/strong><\/td>\n<td>\u00a0<span data-path-to-node=\"22,8,1,0\">IP44<\/span><\/td>\n<\/tr>\n<\/tbody>\n<\/table>","protected":false},"featured_media":679,"comment_status":"closed","ping_status":"closed","template":"","meta":{"_acf_changed":false},"product_brand":[],"product_cat":[19,35,40],"product_tag":[],"class_list":{"0":"post-674","1":"product","2":"type-product","3":"status-publish","4":"has-post-thumbnail","6":"product_cat-wholesale-bathroom-mirror","7":"product_cat-custom-frameless-mirror","8":"product_cat-wholesale-irregular-mirror","10":"first","11":"instock","12":"shipping-taxable","13":"product-type-simple"},"acf":[],"_links":{"self":[{"href":"https:\/\/www.segasanitary.com\/fr\/wp-json\/wp\/v2\/product\/674","targetHints":{"allow":["GET"]}}],"collection":[{"href":"https:\/\/www.segasanitary.com\/fr\/wp-json\/wp\/v2\/product"}],"about":[{"href":"https:\/\/www.segasanitary.com\/fr\/wp-json\/wp\/v2\/types\/product"}],"replies":[{"embeddable":true,"href":"https:\/\/www.segasanitary.com\/fr\/wp-json\/wp\/v2\/comments?post=674"}],"wp:featuredmedia":[{"embeddable":true,"href":"https:\/\/www.segasanitary.com\/fr\/wp-json\/wp\/v2\/media\/679"}],"wp:attachment":[{"href":"https:\/\/www.segasanitary.com\/fr\/wp-json\/wp\/v2\/media?parent=674"}],"wp:term":[{"taxonomy":"product_brand","embeddable":true,"href":"https:\/\/www.segasanitary.com\/fr\/wp-json\/wp\/v2\/product_brand?post=674"},{"taxonomy":"product_cat","embeddable":true,"href":"https:\/\/www.segasanitary.com\/fr\/wp-json\/wp\/v2\/product_cat?post=674"},{"taxonomy":"product_tag","embeddable":true,"href":"https:\/\/www.segasanitary.com\/fr\/wp-json\/wp\/v2\/product_tag?post=674"}],"curies":[{"name":"wp","href":"https:\/\/api.w.org\/{rel}","templated":true}]}}