{"id":658,"date":"2026-03-21T02:22:52","date_gmt":"2026-03-21T02:22:52","guid":{"rendered":"https:\/\/www.segasanitary.com\/?post_type=product&#038;p=658"},"modified":"2026-03-21T10:34:41","modified_gmt":"2026-03-21T10:34:41","slug":"custom-mirrors-for-bathroom","status":"publish","type":"product","link":"https:\/\/www.segasanitary.com\/fr\/product\/custom-mirrors-for-bathroom\/","title":{"rendered":"Miroirs personnalis\u00e9s pour la salle de bain, Miroir LED \u00e0 texture marbr\u00e9e avec cadre acrylique rayonnant en vrac"},"content":{"rendered":"<div class=\"wp-block-columns is-layout-flex wp-container-core-columns-is-layout-9d6595d7 wp-block-columns-is-layout-flex\">\n<div class=\"wp-block-column is-vertically-aligned-center is-layout-flow wp-block-column-is-layout-flow\">\n<h2 class=\"wp-block-heading\">Features of Mirrors for Bathroom:<\/h2>\n\n\n\n<p><strong>Exclusive \u201cGolden Stone\u201d Translucent Frame:<\/strong> High-quality acrylic frame features intricate crushed-stone texture; LED light refracts through the pattern, creating a dazzling crystal-like visual effect.<\/p>\n\n\n\n<p><strong>360\u00b0 Uniform Surround Lighting:<\/strong> Edge-lit design ensures soft, shadow-free illumination around the entire mirror, providing professional-grade, eye-friendly lighting for grooming.<\/p>\n\n\n\n<p><strong>Miroir argent\u00e9 \u00e9cologique sans cuivre de 5 mm :<\/strong> High-definition, non-oxidizing mirror delivers true-to-life reflection while resisting black edges, ideal for high-humidity bathroom environments.<\/p>\n\n\n\n<p><strong>Smart Touch &amp; Minimalist Controls:<\/strong> Integrated touch buttons allow responsive on\/off and stepless dimming, offering a sleek, modern, and intuitive user experience.<\/p>\n\n\n\n<p><strong>Custom Shapes with Project Support:<\/strong> Multiple shapes, including round and rectangular, plus OEM\/ODM customization and bulk supply, supporting hotels, residences, and commercial projects.<\/p>\n<\/div>\n\n\n\n<div class=\"wp-block-column is-layout-flow wp-block-column-is-layout-flow\">\n<figure class=\"wp-block-image size-full\"><img decoding=\"async\" width=\"600\" height=\"800\" src=\"https:\/\/www.segasanitary.com\/wp-content\/uploads\/2026\/03\/Custom-Mirrors-for-Bathroom-Classic-Marble-Texture-LED-Mirror-with-Radiant-Acrylic-Frame-Multi-Shape-in-Bulk.png\" alt=\"Custom Mirrors for Bathroom Classic Marble Texture LED Mirror with Radiant Acrylic Frame Multi-Shape in Bulk\" class=\"wp-image-660\" srcset=\"https:\/\/www.segasanitary.com\/wp-content\/uploads\/2026\/03\/Custom-Mirrors-for-Bathroom-Classic-Marble-Texture-LED-Mirror-with-Radiant-Acrylic-Frame-Multi-Shape-in-Bulk.png 600w, https:\/\/www.segasanitary.com\/wp-content\/uploads\/2026\/03\/Custom-Mirrors-for-Bathroom-Classic-Marble-Texture-LED-Mirror-with-Radiant-Acrylic-Frame-Multi-Shape-in-Bulk-225x300.png 225w\" sizes=\"(max-width: 600px) 100vw, 600px\" \/><\/figure>\n<\/div>\n<\/div>","protected":false},"excerpt":{"rendered":"<p>Custom mirrors for bathroom with exclusive \u201cGolden Stone\u201d acrylic frame, 360\u00b0 soft lighting, and HD copper-free mirror. Available in multiple shapes and sizes. OEM\/ODM supported. Contact us now for bulk quotes!<\/p>\n<h2>Sp\u00e9cifications du produit :<\/h2>\n<table>\n<tbody>\n<tr>\n<td><strong>Attribut<\/strong><\/td>\n<td>\u00a0<span data-path-to-node=\"13,0,1,0\">Sp\u00e9cifications<\/span><\/td>\n<\/tr>\n<tr>\n<td><strong>Mod\u00e8le<\/strong><\/td>\n<td>\u00a0MY026<\/td>\n<\/tr>\n<tr>\n<td><strong>Type de produit<\/strong><\/td>\n<td>\u00a0<span data-path-to-node=\"22,2,1,0\">Miroir de salle de bain LED intelligent<\/span><\/td>\n<\/tr>\n<tr>\n<td><strong>Mat\u00e9riau<\/strong><\/td>\n<td>\u00a0Miroir argent\u00e9 HD sans cuivre<\/td>\n<\/tr>\n<tr>\n<td><strong>Forme<\/strong><\/td>\n<td>\u00a0Round, Rectangular<\/td>\n<\/tr>\n<tr>\n<td><strong>Cadre<\/strong><\/td>\n<td>Cadre acrylique \/ Structure en alliage d'aluminium<\/td>\n<\/tr>\n<tr>\n<td><strong>Mode d'\u00e9clairage<\/strong><\/td>\n<td>\u00a0<span data-path-to-node=\"22,3,1,0\">\u00c9clairage frontal + r\u00e9tro\u00e9clairage (Dual Glow)<\/span><\/td>\n<\/tr>\n<tr>\n<td><strong>Fonctions<\/strong><\/td>\n<td>\u00a0Anti-bu\u00e9e, gradable, CCT r\u00e9glable<\/td>\n<\/tr>\n<tr>\n<td><strong>Imperm\u00e9able \u00e0 l'eau<\/strong><\/td>\n<td>\u00a0<span data-path-to-node=\"22,8,1,0\">IP44<\/span><\/td>\n<\/tr>\n<\/tbody>\n<\/table>","protected":false},"featured_media":659,"comment_status":"closed","ping_status":"closed","template":"","meta":{"_acf_changed":false},"product_brand":[],"product_cat":[19,36,37],"product_tag":[],"class_list":{"0":"post-658","1":"product","2":"type-product","3":"status-publish","4":"has-post-thumbnail","6":"product_cat-wholesale-bathroom-mirror","7":"product_cat-custom-framed-mirror","8":"product_cat-wholesale-round-mirrors","10":"first","11":"instock","12":"shipping-taxable","13":"product-type-simple"},"acf":[],"_links":{"self":[{"href":"https:\/\/www.segasanitary.com\/fr\/wp-json\/wp\/v2\/product\/658","targetHints":{"allow":["GET"]}}],"collection":[{"href":"https:\/\/www.segasanitary.com\/fr\/wp-json\/wp\/v2\/product"}],"about":[{"href":"https:\/\/www.segasanitary.com\/fr\/wp-json\/wp\/v2\/types\/product"}],"replies":[{"embeddable":true,"href":"https:\/\/www.segasanitary.com\/fr\/wp-json\/wp\/v2\/comments?post=658"}],"wp:featuredmedia":[{"embeddable":true,"href":"https:\/\/www.segasanitary.com\/fr\/wp-json\/wp\/v2\/media\/659"}],"wp:attachment":[{"href":"https:\/\/www.segasanitary.com\/fr\/wp-json\/wp\/v2\/media?parent=658"}],"wp:term":[{"taxonomy":"product_brand","embeddable":true,"href":"https:\/\/www.segasanitary.com\/fr\/wp-json\/wp\/v2\/product_brand?post=658"},{"taxonomy":"product_cat","embeddable":true,"href":"https:\/\/www.segasanitary.com\/fr\/wp-json\/wp\/v2\/product_cat?post=658"},{"taxonomy":"product_tag","embeddable":true,"href":"https:\/\/www.segasanitary.com\/fr\/wp-json\/wp\/v2\/product_tag?post=658"}],"curies":[{"name":"wp","href":"https:\/\/api.w.org\/{rel}","templated":true}]}}