{"id":645,"date":"2026-03-21T01:16:40","date_gmt":"2026-03-21T01:16:40","guid":{"rendered":"https:\/\/www.segasanitary.com\/?post_type=product&#038;p=645"},"modified":"2026-03-21T01:30:31","modified_gmt":"2026-03-21T01:30:31","slug":"custom-bathroom-vanity","status":"publish","type":"product","link":"https:\/\/www.segasanitary.com\/fr\/product\/custom-bathroom-vanity\/","title":{"rendered":"Vanit\u00e9 de salle de bain en surface solide avec vasque int\u00e9gr\u00e9e sans soudure pour h\u00f4tel et projet en vrac"},"content":{"rendered":"<div class=\"wp-block-columns is-layout-flex wp-container-core-columns-is-layout-9d6595d7 wp-block-columns-is-layout-flex\">\n<div class=\"wp-block-column is-vertically-aligned-center is-layout-flow wp-block-column-is-layout-flow\">\n<h2 class=\"wp-block-heading\">Vanit\u00e9 de salle de bain Caract\u00e9ristiques :<\/h2>\n\n\n\n<p><strong>Construction en surface solide d'une seule pi\u00e8ce, sans jointure :<\/strong> Le mat\u00e9riau de surface solide de premi\u00e8re qualit\u00e9 permet une int\u00e9gration compl\u00e8te et transparente, emp\u00eachant la formation de moisissures et de bact\u00e9ries tout en r\u00e9pondant aux normes d'hygi\u00e8ne les plus strictes.<\/p>\n\n\n\n<p><strong>Design organique sculptural et incurv\u00e9 :<\/strong> La forme asym\u00e9trique inspir\u00e9e des vagues ajoute une valeur artistique, transformant le meuble en une pi\u00e8ce d'apparat pour les salles de bains de luxe.<\/p>\n\n\n\n<p><strong>Syst\u00e8me de rangement flottant \u00e0 double couche :<\/strong> La conception \u00e0 double couche fix\u00e9e au mur am\u00e9liore le stockage tout en conservant un aspect propre et a\u00e9r\u00e9 et en permettant un nettoyage facile du sol.<\/p>\n\n\n\n<p><strong>Finition velours mat et durabilit\u00e9 \u00e0 long terme :<\/strong> La surface mate au toucher doux r\u00e9siste aux UV, au jaunissement et aux taches, et il est facile de la polir pour lui redonner son aspect d'origine.<\/p>\n\n\n\n<p><strong>Soutien int\u00e9gr\u00e9 aux projets :<\/strong> De la personnalisation de la conception aux dessins techniques et \u00e0 la production en s\u00e9rie, nous assurons une ex\u00e9cution efficace des projets B2B \u00e0 grande \u00e9chelle.<\/p>\n<\/div>\n\n\n\n<div class=\"wp-block-column is-layout-flow wp-block-column-is-layout-flow\">\n<figure class=\"wp-block-image size-full\"><img decoding=\"async\" width=\"800\" height=\"800\" src=\"https:\/\/www.segasanitary.com\/wp-content\/uploads\/2026\/03\/Custom-Bathroom-Vanity-Soild-SUrface-with-Seamless-Integrated-Basin-for-Hotel-Project-in-Bulk-CR-0042-W.webp\" alt=\"Meuble de salle de bain avec vasque int\u00e9gr\u00e9e sans soudure pour h\u00f4tel et projet en vrac CR-0042-W\" class=\"wp-image-646\" srcset=\"https:\/\/www.segasanitary.com\/wp-content\/uploads\/2026\/03\/Custom-Bathroom-Vanity-Soild-SUrface-with-Seamless-Integrated-Basin-for-Hotel-Project-in-Bulk-CR-0042-W.webp 800w, https:\/\/www.segasanitary.com\/wp-content\/uploads\/2026\/03\/Custom-Bathroom-Vanity-Soild-SUrface-with-Seamless-Integrated-Basin-for-Hotel-Project-in-Bulk-CR-0042-W-300x300.webp 300w, https:\/\/www.segasanitary.com\/wp-content\/uploads\/2026\/03\/Custom-Bathroom-Vanity-Soild-SUrface-with-Seamless-Integrated-Basin-for-Hotel-Project-in-Bulk-CR-0042-W-150x150.webp 150w, https:\/\/www.segasanitary.com\/wp-content\/uploads\/2026\/03\/Custom-Bathroom-Vanity-Soild-SUrface-with-Seamless-Integrated-Basin-for-Hotel-Project-in-Bulk-CR-0042-W-768x768.webp 768w, https:\/\/www.segasanitary.com\/wp-content\/uploads\/2026\/03\/Custom-Bathroom-Vanity-Soild-SUrface-with-Seamless-Integrated-Basin-for-Hotel-Project-in-Bulk-CR-0042-W-600x600.webp 600w, https:\/\/www.segasanitary.com\/wp-content\/uploads\/2026\/03\/Custom-Bathroom-Vanity-Soild-SUrface-with-Seamless-Integrated-Basin-for-Hotel-Project-in-Bulk-CR-0042-W-100x100.webp 100w\" sizes=\"(max-width: 800px) 100vw, 800px\" \/><\/figure>\n<\/div>\n<\/div>","protected":false},"excerpt":{"rendered":"<p>Meuble de salle de bains sur mesure, con\u00e7u pour les projets modernes, avec des surfaces massives sans joints, un design incurv\u00e9 sculptural et des rangements flexibles. Con\u00e7u pour la durabilit\u00e9, l'hygi\u00e8ne et la coh\u00e9rence du design, avec un support OEM\/ODM complet pour les commandes en gros. Renseignez-vous d\u00e8s maintenant pour obtenir des devis de vente en gros !<\/p>\n<h2>Sp\u00e9cifications du produit :<\/h2>\n<table>\n<tbody>\n<tr>\n<td><strong>Attribut<\/strong><\/td>\n<td>\u00a0<span data-path-to-node=\"13,0,1,0\">Sp\u00e9cifications<\/span><\/td>\n<\/tr>\n<tr>\n<td><strong>Mod\u00e8le<\/strong><\/td>\n<td>\u00a0<span data-path-to-node=\"22,1,1,0\">CR-0042-W<\/span><\/td>\n<\/tr>\n<tr>\n<td><strong>Mat\u00e9riau de l'armoire<\/strong><\/td>\n<td>\u00a0Surface solide<\/td>\n<\/tr>\n<tr>\n<td><strong>Mat\u00e9riau du bassin<\/strong><\/td>\n<td>\u00a0C\u00e9ramique<\/td>\n<\/tr>\n<tr>\n<td><strong>Type de miroir<\/strong><\/td>\n<td><span data-path-to-node=\"22,6,1,0\">\u00a0Miroir sans cadre<\/span><\/td>\n<\/tr>\n<tr>\n<td><strong>Finition<\/strong><\/td>\n<td>\u00a0Finition velours mat<\/td>\n<\/tr>\n<tr>\n<td><strong>Installation<\/strong><\/td>\n<td><span data-path-to-node=\"22,4,1,0\">\u00a0Fixation murale \/ flottante<\/span><\/td>\n<\/tr>\n<\/tbody>\n<\/table>","protected":false},"featured_media":646,"comment_status":"closed","ping_status":"closed","template":"","meta":{"_acf_changed":false},"product_brand":[],"product_cat":[20,45],"product_tag":[],"class_list":{"0":"post-645","1":"product","2":"type-product","3":"status-publish","4":"has-post-thumbnail","6":"product_cat-wholesale-bathroom-cabinet","7":"product_cat-custom-solid-surface-vanity","9":"first","10":"instock","11":"shipping-taxable","12":"product-type-simple"},"acf":[],"_links":{"self":[{"href":"https:\/\/www.segasanitary.com\/fr\/wp-json\/wp\/v2\/product\/645","targetHints":{"allow":["GET"]}}],"collection":[{"href":"https:\/\/www.segasanitary.com\/fr\/wp-json\/wp\/v2\/product"}],"about":[{"href":"https:\/\/www.segasanitary.com\/fr\/wp-json\/wp\/v2\/types\/product"}],"replies":[{"embeddable":true,"href":"https:\/\/www.segasanitary.com\/fr\/wp-json\/wp\/v2\/comments?post=645"}],"wp:featuredmedia":[{"embeddable":true,"href":"https:\/\/www.segasanitary.com\/fr\/wp-json\/wp\/v2\/media\/646"}],"wp:attachment":[{"href":"https:\/\/www.segasanitary.com\/fr\/wp-json\/wp\/v2\/media?parent=645"}],"wp:term":[{"taxonomy":"product_brand","embeddable":true,"href":"https:\/\/www.segasanitary.com\/fr\/wp-json\/wp\/v2\/product_brand?post=645"},{"taxonomy":"product_cat","embeddable":true,"href":"https:\/\/www.segasanitary.com\/fr\/wp-json\/wp\/v2\/product_cat?post=645"},{"taxonomy":"product_tag","embeddable":true,"href":"https:\/\/www.segasanitary.com\/fr\/wp-json\/wp\/v2\/product_tag?post=645"}],"curies":[{"name":"wp","href":"https:\/\/api.w.org\/{rel}","templated":true}]}}