{"id":643,"date":"2026-03-21T00:51:30","date_gmt":"2026-03-21T00:51:30","guid":{"rendered":"https:\/\/www.segasanitary.com\/?post_type=product&#038;p=643"},"modified":"2026-03-21T01:08:32","modified_gmt":"2026-03-21T01:08:32","slug":"wholesale-luxury-bathroom-cabinet","status":"publish","type":"product","link":"https:\/\/www.segasanitary.com\/fr\/product\/wholesale-luxury-bathroom-cabinet\/","title":{"rendered":"Wholesale Luxury Bathroom Cabinet, Marble Bathroom Vanity with Mirror Custom"},"content":{"rendered":"<div class=\"wp-block-columns is-layout-flex wp-container-core-columns-is-layout-9d6595d7 wp-block-columns-is-layout-flex\">\n<div class=\"wp-block-column is-vertically-aligned-center is-layout-flow wp-block-column-is-layout-flow\">\n<h2 class=\"wp-block-heading\">Marbre Caract\u00e9ristiques du meuble de salle de bains :<\/h2>\n\n\n\n<p><strong>Floating Dual-Layer Minimalist Structure<\/strong>: Wall-mounted design combines an integrated upper basin with an open lower shelf, maximizing floor space while eliminating hygiene dead zones for easier cleaning.<\/p>\n\n\n\n<p><strong>Seamless Nano Anti-Bacterial Basin<\/strong>: Engineered with a seamless sintered stone basin and hidden slope, ensuring fast drainage with no residue, while the dense non-porous surface resists bacteria and stains.<\/p>\n\n\n\n<p><strong>Backlit LED Smart Mirror System<\/strong>: Large, rounded LED mirror features soft backlighting to reduce glare, with touch anti-fog and adjustable brightness for enhanced comfort and premium ambience.<\/p>\n\n\n\n<p><strong>Eco-Safe Material<\/strong>: Made from pure mineral sintered stone without adhesives or wood fibers, delivering 0 formaldehyde emissions\u2014ideal for healthcare, hotels, and high-end residential projects.<\/p>\n\n\n\n<p><strong>One-Stop OEM\/ODM Solutions<\/strong>: As a professional bathroom manufacturer, we offer full customization, stable bulk production, and integrated product solutions to support global B2B projects.<\/p>\n<\/div>\n\n\n\n<div class=\"wp-block-column is-layout-flow wp-block-column-is-layout-flow\">\n<figure class=\"wp-block-image size-full\"><img decoding=\"async\" width=\"800\" height=\"800\" src=\"https:\/\/www.segasanitary.com\/wp-content\/uploads\/2026\/03\/wholesale-luxury-bathroom-cabinets-C9086-Y.webp\" alt=\"grossiste armoires de salle de bain de luxe C9086-Y\" class=\"wp-image-644\" srcset=\"https:\/\/www.segasanitary.com\/wp-content\/uploads\/2026\/03\/wholesale-luxury-bathroom-cabinets-C9086-Y.webp 800w, https:\/\/www.segasanitary.com\/wp-content\/uploads\/2026\/03\/wholesale-luxury-bathroom-cabinets-C9086-Y-300x300.webp 300w, https:\/\/www.segasanitary.com\/wp-content\/uploads\/2026\/03\/wholesale-luxury-bathroom-cabinets-C9086-Y-150x150.webp 150w, https:\/\/www.segasanitary.com\/wp-content\/uploads\/2026\/03\/wholesale-luxury-bathroom-cabinets-C9086-Y-768x768.webp 768w, https:\/\/www.segasanitary.com\/wp-content\/uploads\/2026\/03\/wholesale-luxury-bathroom-cabinets-C9086-Y-600x600.webp 600w, https:\/\/www.segasanitary.com\/wp-content\/uploads\/2026\/03\/wholesale-luxury-bathroom-cabinets-C9086-Y-100x100.webp 100w\" sizes=\"(max-width: 800px) 100vw, 800px\" \/><\/figure>\n<\/div>\n<\/div>","protected":false},"excerpt":{"rendered":"<p>L'armoire de salle de bain de luxe en gros est con\u00e7ue avec de la pierre fritt\u00e9e durable, une structure minimaliste flottante, un bassin anti-t\u00e2ches sans soudure et un miroir intelligent \u00e0 LED, \u00e0 la mode et pratique. Id\u00e9ale pour les projets de salle de bains haut de gamme. Les services OEM\/ODM sont pris en charge. Contactez-nous pour des prix de gros et des personnalisations.<\/p>\n<h2>Sp\u00e9cifications du produit :<\/h2>\n<table>\n<tbody>\n<tr>\n<td><strong>Attribut<\/strong><\/td>\n<td>\u00a0<span data-path-to-node=\"13,0,1,0\">Sp\u00e9cifications<\/span><\/td>\n<\/tr>\n<tr>\n<td><strong>Mod\u00e8le<\/strong><\/td>\n<td>\u00a0C9086-Y<\/td>\n<\/tr>\n<tr>\n<td><strong>Mat\u00e9riau de l'armoire<\/strong><\/td>\n<td>\u00a0Marbre<\/td>\n<\/tr>\n<tr>\n<td><strong>Mat\u00e9riau du bassin<\/strong><\/td>\n<td>\u00a0C\u00e9ramique<\/td>\n<\/tr>\n<tr>\n<td><strong>Type de miroir<\/strong><\/td>\n<td><span data-path-to-node=\"22,6,1,0\">\u00a0Miroir LED<\/span><\/td>\n<\/tr>\n<tr>\n<td><strong>Finition<\/strong><\/td>\n<td>\u00a0Marbre gris<\/td>\n<\/tr>\n<tr>\n<td><strong>Installation<\/strong><\/td>\n<td>\u00a0<span data-path-to-node=\"22,4,1,0\">Fixation murale \/ flottante<\/span><\/td>\n<\/tr>\n<\/tbody>\n<\/table>","protected":false},"featured_media":644,"comment_status":"closed","ping_status":"closed","template":"","meta":{"_acf_changed":false},"product_brand":[],"product_cat":[20,47],"product_tag":[],"class_list":{"0":"post-643","1":"product","2":"type-product","3":"status-publish","4":"has-post-thumbnail","6":"product_cat-wholesale-bathroom-cabinet","7":"product_cat-custom-marble-bathroom-cabinet","9":"first","10":"instock","11":"shipping-taxable","12":"product-type-simple"},"acf":[],"_links":{"self":[{"href":"https:\/\/www.segasanitary.com\/fr\/wp-json\/wp\/v2\/product\/643","targetHints":{"allow":["GET"]}}],"collection":[{"href":"https:\/\/www.segasanitary.com\/fr\/wp-json\/wp\/v2\/product"}],"about":[{"href":"https:\/\/www.segasanitary.com\/fr\/wp-json\/wp\/v2\/types\/product"}],"replies":[{"embeddable":true,"href":"https:\/\/www.segasanitary.com\/fr\/wp-json\/wp\/v2\/comments?post=643"}],"wp:featuredmedia":[{"embeddable":true,"href":"https:\/\/www.segasanitary.com\/fr\/wp-json\/wp\/v2\/media\/644"}],"wp:attachment":[{"href":"https:\/\/www.segasanitary.com\/fr\/wp-json\/wp\/v2\/media?parent=643"}],"wp:term":[{"taxonomy":"product_brand","embeddable":true,"href":"https:\/\/www.segasanitary.com\/fr\/wp-json\/wp\/v2\/product_brand?post=643"},{"taxonomy":"product_cat","embeddable":true,"href":"https:\/\/www.segasanitary.com\/fr\/wp-json\/wp\/v2\/product_cat?post=643"},{"taxonomy":"product_tag","embeddable":true,"href":"https:\/\/www.segasanitary.com\/fr\/wp-json\/wp\/v2\/product_tag?post=643"}],"curies":[{"name":"wp","href":"https:\/\/api.w.org\/{rel}","templated":true}]}}