{"id":641,"date":"2026-03-20T10:17:34","date_gmt":"2026-03-20T10:17:34","guid":{"rendered":"https:\/\/www.segasanitary.com\/?post_type=product&#038;p=641"},"modified":"2026-03-21T00:53:59","modified_gmt":"2026-03-21T00:53:59","slug":"wholesale-marble-bathroom-cabinet","status":"publish","type":"product","link":"https:\/\/www.segasanitary.com\/fr\/product\/wholesale-marble-bathroom-cabinet\/","title":{"rendered":"Wholesale Marble Bathroom Cabinet, White Bathroom Vanity Wall Mounted Custom"},"content":{"rendered":"<div class=\"wp-block-columns is-layout-flex wp-container-core-columns-is-layout-9d6595d7 wp-block-columns-is-layout-flex\">\n<div class=\"wp-block-column is-vertically-aligned-center is-layout-flow wp-block-column-is-layout-flow\">\n<h2 class=\"wp-block-heading\">Marbre Caract\u00e9ristiques du meuble de salle de bains :<\/h2>\n\n\n\n<p><strong>Comptoir en pierre fritt\u00e9e ultra-durable<\/strong>: Fabriqu\u00e9 en pierre fritt\u00e9e d'une seule pi\u00e8ce, le comptoir r\u00e9siste aux rayures, aux temp\u00e9ratures \u00e9lev\u00e9es et aux taches, tout en offrant une esth\u00e9tique naturelle semblable \u00e0 celle du marbre, sans les probl\u00e8mes de fissuration ou d'infiltration de la pierre naturelle.<\/p>\n\n\n\n<p><strong>Design flottant minimaliste \u00e0 double couche<\/strong>: Le design unique de la fixation murale comprend un bassin sup\u00e9rieur et un espace de stockage ouvert inf\u00e9rieur, cr\u00e9ant un look l\u00e9ger et moderne, renforc\u00e9 par des supports cach\u00e9s pour la stabilit\u00e9 dans les espaces minimalistes et de style industriel.<\/p>\n\n\n\n<p><strong>Bassin Nano Anti-Taches sans couture<\/strong>: Le bassin int\u00e9gr\u00e9 en pierre fritt\u00e9e avec une pente pr\u00e9cise assure un drainage rapide et une absence d'accumulation d'eau, tandis que la densit\u00e9 nanom\u00e9trique de la surface emp\u00eache l'adh\u00e9rence de la salet\u00e9, r\u00e9duisant ainsi l'entretien dans les h\u00f4tels et les espaces commerciaux.<\/p>\n\n\n\n<p><strong>Miroir intelligent \u00e0 LED r\u00e9tro\u00e9clair\u00e9<\/strong>: Le miroir LED surdimensionn\u00e9 \u00e0 angle arrondi fournit un \u00e9clairage doux et agr\u00e9able \u00e0 l'\u0153il avec une fonction anti-bu\u00e9e, am\u00e9liorant \u00e0 la fois le confort et l'ambiance high-tech dans la salle de bains.<\/p>\n<\/div>\n\n\n\n<div class=\"wp-block-column is-layout-flow wp-block-column-is-layout-flow\">\n<figure class=\"wp-block-image size-full\"><img decoding=\"async\" width=\"800\" height=\"800\" src=\"https:\/\/www.segasanitary.com\/wp-content\/uploads\/2026\/03\/Wholesale-Marble-Bathroom-Cabinet-C9084-Y.webp\" alt=\"Wholesale Marbleroom Cabinet C9084-Y\" class=\"wp-image-642\" srcset=\"https:\/\/www.segasanitary.com\/wp-content\/uploads\/2026\/03\/Wholesale-Marble-Bathroom-Cabinet-C9084-Y.webp 800w, https:\/\/www.segasanitary.com\/wp-content\/uploads\/2026\/03\/Wholesale-Marble-Bathroom-Cabinet-C9084-Y-300x300.webp 300w, https:\/\/www.segasanitary.com\/wp-content\/uploads\/2026\/03\/Wholesale-Marble-Bathroom-Cabinet-C9084-Y-150x150.webp 150w, https:\/\/www.segasanitary.com\/wp-content\/uploads\/2026\/03\/Wholesale-Marble-Bathroom-Cabinet-C9084-Y-768x768.webp 768w, https:\/\/www.segasanitary.com\/wp-content\/uploads\/2026\/03\/Wholesale-Marble-Bathroom-Cabinet-C9084-Y-600x600.webp 600w, https:\/\/www.segasanitary.com\/wp-content\/uploads\/2026\/03\/Wholesale-Marble-Bathroom-Cabinet-C9084-Y-100x100.webp 100w\" sizes=\"(max-width: 800px) 100vw, 800px\" \/><\/figure>\n<\/div>\n<\/div>","protected":false},"excerpt":{"rendered":"<p>L'armoire de salle de bain en marbre est dot\u00e9e d'un comptoir en pierre fritt\u00e9e ultra-durable, d'un design minimaliste flottant, d'un bassin anti-t\u00e2ches sans soudure et d'un miroir intelligent \u00e0 LED r\u00e9tro-\u00e9clair\u00e9, ce qui en fait un choix populaire pour les h\u00f4tels modernes et les projets de salle de bain haut de gamme. Approvisionnement en vrac direct de l'usine. Contactez-nous pour obtenir un devis !<\/p>\n<h2>Sp\u00e9cifications du produit :<\/h2>\n<table>\n<tbody>\n<tr>\n<td><strong>Attribut<\/strong><\/td>\n<td>\u00a0<span data-path-to-node=\"13,0,1,0\">Sp\u00e9cifications<\/span><\/td>\n<\/tr>\n<tr>\n<td><strong>Mod\u00e8le<\/strong><\/td>\n<td>\u00a0C9084-Y<\/td>\n<\/tr>\n<tr>\n<td><strong>Mat\u00e9riau de l'armoire<\/strong><\/td>\n<td>\u00a0Marbre<\/td>\n<\/tr>\n<tr>\n<td><strong>Mat\u00e9riau du bassin<\/strong><\/td>\n<td>\u00a0C\u00e9ramique<\/td>\n<\/tr>\n<tr>\n<td><strong>Type de miroir<\/strong><\/td>\n<td><span data-path-to-node=\"22,6,1,0\">\u00a0Miroir LED 3 couleurs<\/span><\/td>\n<\/tr>\n<tr>\n<td><strong>Finition<\/strong><\/td>\n<td>\u00a0Marbre blanc<\/td>\n<\/tr>\n<tr>\n<td><strong>Installation<\/strong><\/td>\n<td>\u00a0<span data-path-to-node=\"22,4,1,0\">Fixation murale \/ flottante<\/span><\/td>\n<\/tr>\n<\/tbody>\n<\/table>","protected":false},"featured_media":642,"comment_status":"closed","ping_status":"closed","template":"","meta":{"_acf_changed":false},"product_brand":[],"product_cat":[20,47],"product_tag":[],"class_list":{"0":"post-641","1":"product","2":"type-product","3":"status-publish","4":"has-post-thumbnail","6":"product_cat-wholesale-bathroom-cabinet","7":"product_cat-custom-marble-bathroom-cabinet","9":"first","10":"instock","11":"shipping-taxable","12":"product-type-simple"},"acf":[],"_links":{"self":[{"href":"https:\/\/www.segasanitary.com\/fr\/wp-json\/wp\/v2\/product\/641","targetHints":{"allow":["GET"]}}],"collection":[{"href":"https:\/\/www.segasanitary.com\/fr\/wp-json\/wp\/v2\/product"}],"about":[{"href":"https:\/\/www.segasanitary.com\/fr\/wp-json\/wp\/v2\/types\/product"}],"replies":[{"embeddable":true,"href":"https:\/\/www.segasanitary.com\/fr\/wp-json\/wp\/v2\/comments?post=641"}],"wp:featuredmedia":[{"embeddable":true,"href":"https:\/\/www.segasanitary.com\/fr\/wp-json\/wp\/v2\/media\/642"}],"wp:attachment":[{"href":"https:\/\/www.segasanitary.com\/fr\/wp-json\/wp\/v2\/media?parent=641"}],"wp:term":[{"taxonomy":"product_brand","embeddable":true,"href":"https:\/\/www.segasanitary.com\/fr\/wp-json\/wp\/v2\/product_brand?post=641"},{"taxonomy":"product_cat","embeddable":true,"href":"https:\/\/www.segasanitary.com\/fr\/wp-json\/wp\/v2\/product_cat?post=641"},{"taxonomy":"product_tag","embeddable":true,"href":"https:\/\/www.segasanitary.com\/fr\/wp-json\/wp\/v2\/product_tag?post=641"}],"curies":[{"name":"wp","href":"https:\/\/api.w.org\/{rel}","templated":true}]}}