{"id":639,"date":"2026-03-20T09:41:27","date_gmt":"2026-03-20T09:41:27","guid":{"rendered":"https:\/\/www.segasanitary.com\/?post_type=product&#038;p=639"},"modified":"2026-03-21T07:53:00","modified_gmt":"2026-03-21T07:53:00","slug":"custom-led-mirrors","status":"publish","type":"product","link":"https:\/\/www.segasanitary.com\/fr\/product\/custom-led-mirrors\/","title":{"rendered":"Miroirs LED personnalis\u00e9s Miroirs de salle de bain sans cadre en vrac"},"content":{"rendered":"<div class=\"wp-block-columns is-layout-flex wp-container-core-columns-is-layout-9d6595d7 wp-block-columns-is-layout-flex\">\n<div class=\"wp-block-column is-vertically-aligned-center is-layout-flow wp-block-column-is-layout-flow\">\n<h2 class=\"wp-block-heading\">Miroirs LED Caract\u00e9ristiques :<\/h2>\n\n\n\n<p><strong>Capsule au design minimaliste<\/strong>: Les \u00e9l\u00e9gants bords incurv\u00e9s brisent la rigidit\u00e9 des miroirs carr\u00e9s traditionnels, augmentant visuellement la hauteur du plafond et ajoutant de la fluidit\u00e9 aux espaces modernes de la salle de bains.<\/p>\n\n\n\n<p><strong>Miroir LED r\u00e9tro-\u00e9clair\u00e9 sans ombre sur 360\u00b0 : <\/strong>Les bandes LED int\u00e9gr\u00e9es derri\u00e8re le miroir fournissent un \u00e9clairage doux et uniforme \u00e0 travers les zones d\u00e9polies, simulant la lumi\u00e8re du jour pour les soins professionnels et le maquillage.<\/p>\n\n\n\n<p><strong>Anti-bu\u00e9e Smart One-Touch :<\/strong> Le film chauffant int\u00e9gr\u00e9 en PET \u00e9limine rapidement la vapeur d'eau d'une simple pression, garantissant que la zone centrale du miroir reste claire m\u00eame apr\u00e8s des douches chaudes.<\/p>\n\n\n\n<p><strong>Miroir argent\u00e9 \u00e9cologique sans cuivre de 5 mm<\/strong>: Le miroir \u00e0 haute r\u00e9flectivit\u00e9, sans plomb ni mercure, r\u00e9siste \u00e0 l'oxydation, aux bords noirs et \u00e0 la moisissure, et conserve sa clart\u00e9 \u00e0 long terme dans les salles de bains humides.<\/p>\n\n\n\n<p><strong>Service de personnalisation flexible : <\/strong>Il prend en charge diverses options de personnalisation telles que la taille, la forme, le mat\u00e9riau de la bordure, le mode d'\u00e9clairage et la fonctionnalit\u00e9 tactile afin de r\u00e9pondre aux besoins personnalis\u00e9s des projets et des marques.<\/p>\n<\/div>\n\n\n\n<div class=\"wp-block-column is-layout-flow wp-block-column-is-layout-flow\">\n<figure class=\"wp-block-image size-full\"><img decoding=\"async\" width=\"800\" height=\"800\" src=\"https:\/\/www.segasanitary.com\/wp-content\/uploads\/2026\/03\/custom-led-mirrors-Z-005.webp\" alt=\"r\u00e9troviseurs \u00e0 led personnalis\u00e9s Z-005\" class=\"wp-image-640\" srcset=\"https:\/\/www.segasanitary.com\/wp-content\/uploads\/2026\/03\/custom-led-mirrors-Z-005.webp 800w, https:\/\/www.segasanitary.com\/wp-content\/uploads\/2026\/03\/custom-led-mirrors-Z-005-300x300.webp 300w, https:\/\/www.segasanitary.com\/wp-content\/uploads\/2026\/03\/custom-led-mirrors-Z-005-150x150.webp 150w, https:\/\/www.segasanitary.com\/wp-content\/uploads\/2026\/03\/custom-led-mirrors-Z-005-768x768.webp 768w, https:\/\/www.segasanitary.com\/wp-content\/uploads\/2026\/03\/custom-led-mirrors-Z-005-600x600.webp 600w, https:\/\/www.segasanitary.com\/wp-content\/uploads\/2026\/03\/custom-led-mirrors-Z-005-100x100.webp 100w\" sizes=\"(max-width: 800px) 100vw, 800px\" \/><\/figure>\n<\/div>\n<\/div>","protected":false},"excerpt":{"rendered":"<p data-start=\"980\" data-end=\"1217\">Les miroirs LED personnalis\u00e9s SEGA combinent un design minimaliste, des LED r\u00e9tro\u00e9clair\u00e9es \u00e0 360\u00b0, un anti-bu\u00e9e intelligent et un verre argent\u00e9 respectueux de l'environnement, avec un support de personnalisation complet. Id\u00e9al pour les salles de bains de luxe. Contactez-nous pour des commandes en gros et des solutions de projet.<\/p>\n<h2>Sp\u00e9cifications du produit :<\/h2>\n<table>\n<tbody>\n<tr>\n<td><strong>Attribut<\/strong><\/td>\n<td>\u00a0<span data-path-to-node=\"13,0,1,0\">Sp\u00e9cifications<\/span><\/td>\n<\/tr>\n<tr>\n<td><strong>Mod\u00e8le<\/strong><\/td>\n<td>\u00a0Z-005<\/td>\n<\/tr>\n<tr>\n<td><strong>Type de produit<\/strong><\/td>\n<td>\u00a0<span data-path-to-node=\"22,2,1,0\">Miroir de salle de bain LED intelligent<\/span><\/td>\n<\/tr>\n<tr>\n<td><strong>Mat\u00e9riau<\/strong><\/td>\n<td>\u00a0Miroir argent\u00e9 HD sans cuivre<\/td>\n<\/tr>\n<tr>\n<td><strong>Forme<\/strong><\/td>\n<td>\u00a0Irr\u00e9gulier<\/td>\n<\/tr>\n<tr>\n<td><strong>Cadre<\/strong><\/td>\n<td>\u00a0Sans cadre \/ Structure en alliage d'aluminium<\/td>\n<\/tr>\n<tr>\n<td><strong>Mode d'\u00e9clairage<\/strong><\/td>\n<td>\u00a0<span data-path-to-node=\"22,3,1,0\">\u00c9clairage frontal + r\u00e9tro\u00e9clairage (Dual Glow)<\/span><\/td>\n<\/tr>\n<tr>\n<td><strong>Fonctions<\/strong><\/td>\n<td>\u00a0Anti-bu\u00e9e, gradable, CCT r\u00e9glable<\/td>\n<\/tr>\n<tr>\n<td><strong>Imperm\u00e9able \u00e0 l'eau<\/strong><\/td>\n<td>\u00a0<span data-path-to-node=\"22,8,1,0\">IP44<\/span><\/td>\n<\/tr>\n<\/tbody>\n<\/table>","protected":false},"featured_media":640,"comment_status":"closed","ping_status":"closed","template":"","meta":{"_acf_changed":false},"product_brand":[],"product_cat":[19,35,38],"product_tag":[],"class_list":{"0":"post-639","1":"product","2":"type-product","3":"status-publish","4":"has-post-thumbnail","6":"product_cat-wholesale-bathroom-mirror","7":"product_cat-custom-frameless-mirror","8":"product_cat-custom-oval-mirror","10":"first","11":"instock","12":"shipping-taxable","13":"product-type-simple"},"acf":[],"_links":{"self":[{"href":"https:\/\/www.segasanitary.com\/fr\/wp-json\/wp\/v2\/product\/639","targetHints":{"allow":["GET"]}}],"collection":[{"href":"https:\/\/www.segasanitary.com\/fr\/wp-json\/wp\/v2\/product"}],"about":[{"href":"https:\/\/www.segasanitary.com\/fr\/wp-json\/wp\/v2\/types\/product"}],"replies":[{"embeddable":true,"href":"https:\/\/www.segasanitary.com\/fr\/wp-json\/wp\/v2\/comments?post=639"}],"wp:featuredmedia":[{"embeddable":true,"href":"https:\/\/www.segasanitary.com\/fr\/wp-json\/wp\/v2\/media\/640"}],"wp:attachment":[{"href":"https:\/\/www.segasanitary.com\/fr\/wp-json\/wp\/v2\/media?parent=639"}],"wp:term":[{"taxonomy":"product_brand","embeddable":true,"href":"https:\/\/www.segasanitary.com\/fr\/wp-json\/wp\/v2\/product_brand?post=639"},{"taxonomy":"product_cat","embeddable":true,"href":"https:\/\/www.segasanitary.com\/fr\/wp-json\/wp\/v2\/product_cat?post=639"},{"taxonomy":"product_tag","embeddable":true,"href":"https:\/\/www.segasanitary.com\/fr\/wp-json\/wp\/v2\/product_tag?post=639"}],"curies":[{"name":"wp","href":"https:\/\/api.w.org\/{rel}","templated":true}]}}