{"id":632,"date":"2026-03-20T08:49:21","date_gmt":"2026-03-20T08:49:21","guid":{"rendered":"https:\/\/www.segasanitary.com\/?post_type=product&#038;p=632"},"modified":"2026-03-21T02:35:36","modified_gmt":"2026-03-21T02:35:36","slug":"custom-framed-bathroom-mirrors","status":"publish","type":"product","link":"https:\/\/www.segasanitary.com\/fr\/product\/custom-framed-bathroom-mirrors\/","title":{"rendered":"Miroirs de salle de bain avec \u00e9clairage LED Miroir ovale SEGA fabricant"},"content":{"rendered":"<div class=\"wp-block-columns is-layout-flex wp-container-core-columns-is-layout-9d6595d7 wp-block-columns-is-layout-flex\">\n<div class=\"wp-block-column is-vertically-aligned-center is-layout-flow wp-block-column-is-layout-flow\">\n<h2 class=\"wp-block-heading\">Miroirs de salle de bain encadr\u00e9s Caract\u00e9ristiques :<\/h2>\n\n\n\n<p><strong>Cadre acrylique exclusif \u00e0 motif de diamant :<\/strong> Le mat\u00e9riau PS\/acrylique \u00e0 haute transparence avec texture \u201cdiamant\u201d emboss\u00e9e avec pr\u00e9cision r\u00e9fracte la lumi\u00e8re LED pour un effet \u00e9tincelant et cristallin, am\u00e9liorant ainsi la reconnaissance de la marque.<\/p>\n\n\n\n<p><strong>Aluminium bross\u00e9 Supports d\u00e9coratifs :<\/strong> Trois fixations g\u00e9om\u00e9triques en aluminium bross\u00e9 maintiennent solidement le miroir, combinant une texture m\u00e9tallique avec un cadre transparent pour une esth\u00e9tique industrielle haut de gamme.<\/p>\n\n\n\n<p><strong>Miroir argent\u00e9 \u00e9cologique sans cuivre de 5 mm :<\/strong> Le miroir \u00e9cologique avanc\u00e9 avec un IRC \u00e9lev\u00e9 (&gt;90) garantit un rendu fid\u00e8le des couleurs, une r\u00e9sistance \u00e0 l'oxydation et une durabilit\u00e9 \u00e0 long terme, ce qui est id\u00e9al pour les espaces de toilettage haut de gamme.<\/p>\n\n\n\n<p><strong>\u00c9clairage LED doux \u00e0 360\u00b0 :<\/strong> La LED int\u00e9gr\u00e9e dans le cadre acrylique fournit un \u00e9clairage uniforme et sans ombre gr\u00e2ce \u00e0 une diffusion en forme de diamant, d\u00e9livrant une lumi\u00e8re douce et agr\u00e9able \u00e0 l'\u0153il pour une r\u00e9flexion sans faille.<\/p>\n\n\n\n<p><strong>Vente en gros directe \u00e0 l'usine et personnalisation :<\/strong> Permet de commander des miroirs de salle de bains en gros avec des options flexibles de taille, de finition du cadre et d'\u00e9clairage, avec un contr\u00f4le de qualit\u00e9 strict et une livraison fiable pour les projets B2B et les projets d'ing\u00e9nierie.<\/p>\n<\/div>\n\n\n\n<div class=\"wp-block-column is-layout-flow wp-block-column-is-layout-flow\">\n<figure class=\"wp-block-image size-full\"><img decoding=\"async\" width=\"600\" height=\"800\" src=\"https:\/\/www.segasanitary.com\/wp-content\/uploads\/2026\/03\/custom-framed-bathroom-mirrors-details.webp\" alt=\"miroirs de salle de bain encadr\u00e9s sur mesure d\u00e9tails\" class=\"wp-image-633\" srcset=\"https:\/\/www.segasanitary.com\/wp-content\/uploads\/2026\/03\/custom-framed-bathroom-mirrors-details.webp 600w, https:\/\/www.segasanitary.com\/wp-content\/uploads\/2026\/03\/custom-framed-bathroom-mirrors-details-225x300.webp 225w\" sizes=\"(max-width: 600px) 100vw, 600px\" \/><\/figure>\n<\/div>\n<\/div>","protected":false},"excerpt":{"rendered":"<p>Bienvenue \u00e0 l'achat en vrac de miroirs de salle de bain encadr\u00e9s personnalis\u00e9s avec des cadres en acrylique \u00e0 motif de diamant, un \u00e9clairage LED doux et des supports en aluminium bross\u00e9 de premi\u00e8re qualit\u00e9. Parfait pour les h\u00f4tels, les appartements et les projets de salle de bain. Le fabricant SEGA fournit des miroirs avec un contr\u00f4le de qualit\u00e9 strict. Renseignez-vous sur les options de vente en gros.<\/p>\n<h2>Sp\u00e9cifications du produit :<\/h2>\n<table>\n<tbody>\n<tr>\n<td><strong>Attribut<\/strong><\/td>\n<td>\u00a0<span data-path-to-node=\"13,0,1,0\">Sp\u00e9cifications<\/span><\/td>\n<\/tr>\n<tr>\n<td><strong>Mod\u00e8le<\/strong><\/td>\n<td>\u00a0MY005<\/td>\n<\/tr>\n<tr>\n<td><strong>Type de produit<\/strong><\/td>\n<td>\u00a0<span data-path-to-node=\"22,2,1,0\">Miroir de salle de bain LED intelligent<\/span><\/td>\n<\/tr>\n<tr>\n<td><strong>Mat\u00e9riau<\/strong><\/td>\n<td>\u00a0Miroir argent\u00e9 HD sans cuivre<\/td>\n<\/tr>\n<tr>\n<td><strong>Forme<\/strong><\/td>\n<td>\u00a0Rond<\/td>\n<\/tr>\n<tr>\n<td><strong>Cadre<\/strong><\/td>\n<td>\u00a0Cadre acrylique \/ Structure en alliage d'aluminium<\/td>\n<\/tr>\n<tr>\n<td><strong>Mode d'\u00e9clairage<\/strong><\/td>\n<td>\u00a0<span data-path-to-node=\"22,3,1,0\">\u00c9clairage frontal + r\u00e9tro\u00e9clairage (Dual Glow)<\/span><\/td>\n<\/tr>\n<tr>\n<td><strong>Fonctions<\/strong><\/td>\n<td>Anti-bu\u00e9e, gradable, CCT r\u00e9glable<\/td>\n<\/tr>\n<tr>\n<td><strong>Imperm\u00e9able \u00e0 l'eau<\/strong><\/td>\n<td>\u00a0<span data-path-to-node=\"22,8,1,0\">IP44<\/span><\/td>\n<\/tr>\n<\/tbody>\n<\/table>","protected":false},"featured_media":635,"comment_status":"closed","ping_status":"closed","template":"","meta":{"_acf_changed":false},"product_brand":[],"product_cat":[19,36,37],"product_tag":[],"class_list":{"0":"post-632","1":"product","2":"type-product","3":"status-publish","4":"has-post-thumbnail","6":"product_cat-wholesale-bathroom-mirror","7":"product_cat-custom-framed-mirror","8":"product_cat-wholesale-round-mirrors","10":"first","11":"instock","12":"shipping-taxable","13":"product-type-simple"},"acf":[],"_links":{"self":[{"href":"https:\/\/www.segasanitary.com\/fr\/wp-json\/wp\/v2\/product\/632","targetHints":{"allow":["GET"]}}],"collection":[{"href":"https:\/\/www.segasanitary.com\/fr\/wp-json\/wp\/v2\/product"}],"about":[{"href":"https:\/\/www.segasanitary.com\/fr\/wp-json\/wp\/v2\/types\/product"}],"replies":[{"embeddable":true,"href":"https:\/\/www.segasanitary.com\/fr\/wp-json\/wp\/v2\/comments?post=632"}],"wp:featuredmedia":[{"embeddable":true,"href":"https:\/\/www.segasanitary.com\/fr\/wp-json\/wp\/v2\/media\/635"}],"wp:attachment":[{"href":"https:\/\/www.segasanitary.com\/fr\/wp-json\/wp\/v2\/media?parent=632"}],"wp:term":[{"taxonomy":"product_brand","embeddable":true,"href":"https:\/\/www.segasanitary.com\/fr\/wp-json\/wp\/v2\/product_brand?post=632"},{"taxonomy":"product_cat","embeddable":true,"href":"https:\/\/www.segasanitary.com\/fr\/wp-json\/wp\/v2\/product_cat?post=632"},{"taxonomy":"product_tag","embeddable":true,"href":"https:\/\/www.segasanitary.com\/fr\/wp-json\/wp\/v2\/product_tag?post=632"}],"curies":[{"name":"wp","href":"https:\/\/api.w.org\/{rel}","templated":true}]}}