{"id":630,"date":"2026-03-20T08:12:15","date_gmt":"2026-03-20T08:12:15","guid":{"rendered":"https:\/\/www.segasanitary.com\/?post_type=product&#038;p=630"},"modified":"2026-03-20T08:48:37","modified_gmt":"2026-03-20T08:48:37","slug":"custom-mirrors-for-bathrooms","status":"publish","type":"product","link":"https:\/\/www.segasanitary.com\/fr\/product\/custom-mirrors-for-bathrooms\/","title":{"rendered":"Miroirs personnalis\u00e9s pour salles de bains, miroirs ronds \u00e0 LED pour montage mural en vrac"},"content":{"rendered":"<div class=\"wp-block-columns is-layout-flex wp-container-core-columns-is-layout-9d6595d7 wp-block-columns-is-layout-flex\">\n<div class=\"wp-block-column is-vertically-aligned-center is-layout-flow wp-block-column-is-layout-flow\">\n<h2 class=\"wp-block-heading\">Caract\u00e9ristiques des miroirs pour salles de bains :<\/h2>\n\n\n\n<p><strong>Conception unique de la lumi\u00e8re par tissage g\u00e9om\u00e9trique :<\/strong> Le motif de diamant en couches grav\u00e9 par CNC sur le bord du miroir diffuse la lumi\u00e8re de mani\u00e8re homog\u00e8ne, servant \u00e0 la fois d'\u00e9clairage fonctionnel et de d\u00e9cor de salle de bains.<\/p>\n\n\n\n<p><strong>Miroir argent\u00e9 \u00e9cologique sans cuivre de 5 mm :<\/strong> Le miroir \u00e0 haute r\u00e9flectivit\u00e9 et \u00e0 couleur r\u00e9elle, avec un support anti-\u00e9clats, garantit la s\u00e9curit\u00e9 et la durabilit\u00e9. Il est id\u00e9al pour les h\u00f4tels et les projets commerciaux \u00e0 forte fr\u00e9quentation.<\/p>\n\n\n\n<p><strong>\u00c9clairage LED multicolore de haute qualit\u00e9 :<\/strong> Les bandes de LED \u00e9tanches avec un IRC &gt; 90 fournissent un \u00e9clairage doux et sans scintillement. Configurables en blanc froid, blanc chaud ou lumi\u00e8re naturelle pour r\u00e9pondre aux exigences du projet.<\/p>\n\n\n\n<p><strong>Commande tactile intelligente avec fonction m\u00e9moire :<\/strong> L'interrupteur tactile minimaliste permet d'allumer, d'\u00e9teindre et de faire varier l'intensit\u00e9 lumineuse facilement, avec une fonction de m\u00e9morisation de l'extinction pour des r\u00e9glages d'\u00e9clairage coh\u00e9rents dans les h\u00f4tels de luxe.<\/p>\n\n\n\n<p><strong>Soutien au service de vente en gros et de personnalisation :<\/strong> Les solutions OEM\/ODM directes de l'usine permettent de r\u00e9pondre aux commandes de masse en personnalisant la taille, la finition et l'\u00e9clairage, et sont soutenues par un contr\u00f4le de qualit\u00e9 strict pour une livraison B2B fiable.<\/p>\n<\/div>\n\n\n\n<div class=\"wp-block-column is-layout-flow wp-block-column-is-layout-flow\">\n<figure class=\"wp-block-image size-full\"><img decoding=\"async\" width=\"800\" height=\"800\" src=\"https:\/\/www.segasanitary.com\/wp-content\/uploads\/2026\/03\/custom-mirrors-for-bathrooms-L1133.webp\" alt=\"miroirs personnalis\u00e9s pour salles de bains L1133\" class=\"wp-image-631\" srcset=\"https:\/\/www.segasanitary.com\/wp-content\/uploads\/2026\/03\/custom-mirrors-for-bathrooms-L1133.webp 800w, https:\/\/www.segasanitary.com\/wp-content\/uploads\/2026\/03\/custom-mirrors-for-bathrooms-L1133-300x300.webp 300w, https:\/\/www.segasanitary.com\/wp-content\/uploads\/2026\/03\/custom-mirrors-for-bathrooms-L1133-150x150.webp 150w, https:\/\/www.segasanitary.com\/wp-content\/uploads\/2026\/03\/custom-mirrors-for-bathrooms-L1133-768x768.webp 768w, https:\/\/www.segasanitary.com\/wp-content\/uploads\/2026\/03\/custom-mirrors-for-bathrooms-L1133-600x600.webp 600w, https:\/\/www.segasanitary.com\/wp-content\/uploads\/2026\/03\/custom-mirrors-for-bathrooms-L1133-100x100.webp 100w\" sizes=\"(max-width: 800px) 100vw, 800px\" \/><\/figure>\n<\/div>\n<\/div>","protected":false},"excerpt":{"rendered":"<p data-start=\"980\" data-end=\"1217\">Les miroirs personnalis\u00e9s pour salles de bains offrent des motifs lumineux g\u00e9om\u00e9triques, un verre argent\u00e9 respectueux de l'environnement, un \u00e9clairage LED \u00e9tanche et une commande tactile intelligente. Parfait pour les projets de salle de bain B2B, contactez-nous pour les commandes en gros et la personnalisation.<\/p>\n<h2>Sp\u00e9cifications du produit :<\/h2>\n<table>\n<tbody>\n<tr>\n<td><strong>Attribut<\/strong><\/td>\n<td>\u00a0<span data-path-to-node=\"13,0,1,0\">Sp\u00e9cifications<\/span><\/td>\n<\/tr>\n<tr>\n<td><strong>Mod\u00e8le<\/strong><\/td>\n<td>\u00a0L1133<\/td>\n<\/tr>\n<tr>\n<td><strong>Type de produit<\/strong><\/td>\n<td>\u00a0<span data-path-to-node=\"22,2,1,0\">Miroir de salle de bain LED intelligent<\/span><\/td>\n<\/tr>\n<tr>\n<td><strong>Mat\u00e9riau<\/strong><\/td>\n<td>Miroir argent\u00e9 HD sans cuivre<\/td>\n<\/tr>\n<tr>\n<td><strong>Forme<\/strong><\/td>\n<td>Rond<\/td>\n<\/tr>\n<tr>\n<td><strong>Cadre<\/strong><\/td>\n<td>Sans cadre \/ Structure en alliage d'aluminium<\/td>\n<\/tr>\n<tr>\n<td><strong>Mode d'\u00e9clairage<\/strong><\/td>\n<td>\u00a0<span data-path-to-node=\"22,3,1,0\">\u00c9clairage frontal + r\u00e9tro\u00e9clairage (Dual Glow)<\/span><\/td>\n<\/tr>\n<tr>\n<td><strong>Fonctions<\/strong><\/td>\n<td>Anti-bu\u00e9e, gradable, CCT r\u00e9glable<\/td>\n<\/tr>\n<tr>\n<td><strong>Imperm\u00e9able \u00e0 l'eau<\/strong><\/td>\n<td>\u00a0<span data-path-to-node=\"22,8,1,0\">IP44<\/span><\/td>\n<\/tr>\n<\/tbody>\n<\/table>","protected":false},"featured_media":631,"comment_status":"closed","ping_status":"closed","template":"","meta":{"_acf_changed":false},"product_brand":[],"product_cat":[19,35,37],"product_tag":[],"class_list":{"0":"post-630","1":"product","2":"type-product","3":"status-publish","4":"has-post-thumbnail","6":"product_cat-wholesale-bathroom-mirror","7":"product_cat-custom-frameless-mirror","8":"product_cat-wholesale-round-mirrors","10":"first","11":"instock","12":"shipping-taxable","13":"product-type-simple"},"acf":[],"_links":{"self":[{"href":"https:\/\/www.segasanitary.com\/fr\/wp-json\/wp\/v2\/product\/630","targetHints":{"allow":["GET"]}}],"collection":[{"href":"https:\/\/www.segasanitary.com\/fr\/wp-json\/wp\/v2\/product"}],"about":[{"href":"https:\/\/www.segasanitary.com\/fr\/wp-json\/wp\/v2\/types\/product"}],"replies":[{"embeddable":true,"href":"https:\/\/www.segasanitary.com\/fr\/wp-json\/wp\/v2\/comments?post=630"}],"wp:featuredmedia":[{"embeddable":true,"href":"https:\/\/www.segasanitary.com\/fr\/wp-json\/wp\/v2\/media\/631"}],"wp:attachment":[{"href":"https:\/\/www.segasanitary.com\/fr\/wp-json\/wp\/v2\/media?parent=630"}],"wp:term":[{"taxonomy":"product_brand","embeddable":true,"href":"https:\/\/www.segasanitary.com\/fr\/wp-json\/wp\/v2\/product_brand?post=630"},{"taxonomy":"product_cat","embeddable":true,"href":"https:\/\/www.segasanitary.com\/fr\/wp-json\/wp\/v2\/product_cat?post=630"},{"taxonomy":"product_tag","embeddable":true,"href":"https:\/\/www.segasanitary.com\/fr\/wp-json\/wp\/v2\/product_tag?post=630"}],"curies":[{"name":"wp","href":"https:\/\/api.w.org\/{rel}","templated":true}]}}