{"id":628,"date":"2026-03-20T07:18:14","date_gmt":"2026-03-20T07:18:14","guid":{"rendered":"https:\/\/www.segasanitary.com\/?post_type=product&#038;p=628"},"modified":"2026-03-20T07:41:24","modified_gmt":"2026-03-20T07:41:24","slug":"wholesale-floating-bathroom-vanity","status":"publish","type":"product","link":"https:\/\/www.segasanitary.com\/fr\/product\/wholesale-floating-bathroom-vanity\/","title":{"rendered":"Wholesale Floating Bathroom Vanity, Luxury Bathroom Cabinet Plywood for Hotel Custom (meuble de salle de bain flottant en contreplaqu\u00e9 pour h\u00f4tel)"},"content":{"rendered":"<div class=\"wp-block-columns is-layout-flex wp-container-core-columns-is-layout-9d6595d7 wp-block-columns-is-layout-flex\">\n<div class=\"wp-block-column is-vertically-aligned-center is-layout-flow wp-block-column-is-layout-flow\">\n<h2 class=\"wp-block-heading\">Vanit\u00e9 de salle de bain flottante Caract\u00e9ristiques :<\/h2>\n\n\n\n<p><strong>Solution de rangement de 100 cm de large :<\/strong> Le design spacieux de 100 cm offre un plan de travail plus grand et une capacit\u00e9 de stockage accrue, id\u00e9al pour les salles de bains haut de gamme, les suites d'h\u00f4tel et les appartements modernes.<\/p>\n\n\n\n<p><strong>Construction en contreplaqu\u00e9 \u00e0 haute stabilit\u00e9 :<\/strong> Fabriqu\u00e9 en contreplaqu\u00e9 de bois massif multicouche, il offre une grande stabilit\u00e9 structurelle, une excellente r\u00e9sistance \u00e0 l'humidit\u00e9 et des performances fiables pendant le transport et l'utilisation \u00e0 long terme.<\/p>\n\n\n\n<p><strong>Design \u00e9l\u00e9gant en forme de vague :<\/strong> La base incurv\u00e9e unique, associ\u00e9e \u00e0 une finition laqu\u00e9e mate lisse, cr\u00e9e un aspect raffin\u00e9 et contemporain qui rehausse l'esth\u00e9tique g\u00e9n\u00e9rale de l'int\u00e9rieur.<\/p>\n\n\n\n<p><strong>Armoire de toilette Smart Triple Mirror :<\/strong> L'armoire de toilette \u00e0 3 portes avec \u00e9clairage LED, fonction anti-bu\u00e9e, commande tactile et porte-mouchoirs int\u00e9gr\u00e9 offre une plus grande facilit\u00e9 d'utilisation et un rangement organis\u00e9.<\/p>\n\n\n\n<p><strong>Cuvette int\u00e9gr\u00e9e en c\u00e9ramique sans jointure :<\/strong> La vasque en c\u00e9ramique cuite \u00e0 haute temp\u00e9rature pr\u00e9sente un \u00e9mail lisse et durable, tr\u00e8s r\u00e9sistant aux taches, ce qui garantit un nettoyage facile et un aspect durable.<\/p>\n\n\n\n<p><strong>Approvisionnement direct de l'usine avec des options personnalis\u00e9es :<\/strong> Les commandes en gros peuvent \u00eatre personnalis\u00e9es en fonction de la taille, de la couleur et de la configuration, gr\u00e2ce \u00e0 une capacit\u00e9 de production stable et \u00e0 un contr\u00f4le de la qualit\u00e9 coh\u00e9rent.<\/p>\n<\/div>\n\n\n\n<div class=\"wp-block-column is-layout-flow wp-block-column-is-layout-flow\">\n<figure class=\"wp-block-image size-full\"><img decoding=\"async\" width=\"800\" height=\"800\" src=\"https:\/\/www.segasanitary.com\/wp-content\/uploads\/2026\/03\/wholesale-floating-bathroom-vanity-luxury-bathroom-cabinet-plywood-supplier-3202-100.webp\" alt=\"grossiste meuble de salle de bain flottant meuble de salle de bain luxueux fournisseur de contreplaqu\u00e9 3202-100\" class=\"wp-image-629\" srcset=\"https:\/\/www.segasanitary.com\/wp-content\/uploads\/2026\/03\/wholesale-floating-bathroom-vanity-luxury-bathroom-cabinet-plywood-supplier-3202-100.webp 800w, https:\/\/www.segasanitary.com\/wp-content\/uploads\/2026\/03\/wholesale-floating-bathroom-vanity-luxury-bathroom-cabinet-plywood-supplier-3202-100-300x300.webp 300w, https:\/\/www.segasanitary.com\/wp-content\/uploads\/2026\/03\/wholesale-floating-bathroom-vanity-luxury-bathroom-cabinet-plywood-supplier-3202-100-150x150.webp 150w, https:\/\/www.segasanitary.com\/wp-content\/uploads\/2026\/03\/wholesale-floating-bathroom-vanity-luxury-bathroom-cabinet-plywood-supplier-3202-100-768x768.webp 768w, https:\/\/www.segasanitary.com\/wp-content\/uploads\/2026\/03\/wholesale-floating-bathroom-vanity-luxury-bathroom-cabinet-plywood-supplier-3202-100-600x600.webp 600w, https:\/\/www.segasanitary.com\/wp-content\/uploads\/2026\/03\/wholesale-floating-bathroom-vanity-luxury-bathroom-cabinet-plywood-supplier-3202-100-100x100.webp 100w\" sizes=\"(max-width: 800px) 100vw, 800px\" \/><\/figure>\n<\/div>\n<\/div>","protected":false},"excerpt":{"rendered":"<p>Le meuble de salle de bain flottant Wholesale comprend un miroir LED intelligent, un espace de rangement spacieux et une vasque en c\u00e9ramique sans joint pour une utilisation quotidienne pratique, cr\u00e9ant ainsi un look moderne. Id\u00e9al pour les appartements modernes et les salles de bains des h\u00f4tels de luxe. Contactez-nous pour obtenir des prix de gros d\u00e8s aujourd'hui.<\/p>\n<h2>Sp\u00e9cifications du produit :<\/h2>\n<table>\n<tbody>\n<tr>\n<td><strong>Attribut<\/strong><\/td>\n<td>\u00a0<span data-path-to-node=\"13,0,1,0\">Sp\u00e9cifications<\/span><\/td>\n<\/tr>\n<tr>\n<td><strong>Mod\u00e8le<\/strong><\/td>\n<td>\u00a0<span data-path-to-node=\"22,1,1,0\">3202-100<\/span><\/td>\n<\/tr>\n<tr>\n<td><strong>Mat\u00e9riau de l'armoire<\/strong><\/td>\n<td>\u00a0Armoire de salle de bain en contreplaqu\u00e9<\/td>\n<\/tr>\n<tr>\n<td><strong>Mat\u00e9riau du bassin<\/strong><\/td>\n<td>\u00a0C\u00e9ramique<\/td>\n<\/tr>\n<tr>\n<td><strong>Taille<\/strong><\/td>\n<td><span data-path-to-node=\"22,6,1,0\">\u00a01000 x 500 x 530 mm<\/span><\/td>\n<\/tr>\n<tr>\n<td><strong>Type de miroir<\/strong><\/td>\n<td><span data-path-to-node=\"22,6,1,0\">\u00a0Armoire de toilette avec distributeur de mouchoirs en papier<\/span><\/td>\n<\/tr>\n<tr>\n<td><strong>Finition<\/strong><\/td>\n<td>\u00a0Forme de la fa\u00e7ade festonn\u00e9e<\/td>\n<\/tr>\n<tr>\n<td><strong>Installation<\/strong><\/td>\n<td>\u00a0<span data-path-to-node=\"22,4,1,0\">Fixation murale \/ flottante<\/span><\/td>\n<\/tr>\n<\/tbody>\n<\/table>","protected":false},"featured_media":629,"comment_status":"closed","ping_status":"closed","template":"","meta":{"_acf_changed":false},"product_brand":[],"product_cat":[20,42],"product_tag":[],"class_list":{"0":"post-628","1":"product","2":"type-product","3":"status-publish","4":"has-post-thumbnail","6":"product_cat-wholesale-bathroom-cabinet","7":"product_cat-wholesale-plywood-bathroom-cabinet","9":"first","10":"instock","11":"shipping-taxable","12":"product-type-simple"},"acf":[],"_links":{"self":[{"href":"https:\/\/www.segasanitary.com\/fr\/wp-json\/wp\/v2\/product\/628","targetHints":{"allow":["GET"]}}],"collection":[{"href":"https:\/\/www.segasanitary.com\/fr\/wp-json\/wp\/v2\/product"}],"about":[{"href":"https:\/\/www.segasanitary.com\/fr\/wp-json\/wp\/v2\/types\/product"}],"replies":[{"embeddable":true,"href":"https:\/\/www.segasanitary.com\/fr\/wp-json\/wp\/v2\/comments?post=628"}],"wp:featuredmedia":[{"embeddable":true,"href":"https:\/\/www.segasanitary.com\/fr\/wp-json\/wp\/v2\/media\/629"}],"wp:attachment":[{"href":"https:\/\/www.segasanitary.com\/fr\/wp-json\/wp\/v2\/media?parent=628"}],"wp:term":[{"taxonomy":"product_brand","embeddable":true,"href":"https:\/\/www.segasanitary.com\/fr\/wp-json\/wp\/v2\/product_brand?post=628"},{"taxonomy":"product_cat","embeddable":true,"href":"https:\/\/www.segasanitary.com\/fr\/wp-json\/wp\/v2\/product_cat?post=628"},{"taxonomy":"product_tag","embeddable":true,"href":"https:\/\/www.segasanitary.com\/fr\/wp-json\/wp\/v2\/product_tag?post=628"}],"curies":[{"name":"wp","href":"https:\/\/api.w.org\/{rel}","templated":true}]}}