{"id":623,"date":"2026-03-20T03:29:38","date_gmt":"2026-03-20T03:29:38","guid":{"rendered":"https:\/\/www.segasanitary.com\/?post_type=product&#038;p=623"},"modified":"2026-03-20T06:28:35","modified_gmt":"2026-03-20T06:28:35","slug":"bathroom-cabinets-wholesale","status":"publish","type":"product","link":"https:\/\/www.segasanitary.com\/fr\/product\/bathroom-cabinets-wholesale\/","title":{"rendered":"Armoires de salle de bains Wholesale Inox Vanity with Ceramic Basin Custom"},"content":{"rendered":"<div class=\"wp-block-columns is-layout-flex wp-container-core-columns-is-layout-9d6595d7 wp-block-columns-is-layout-flex\">\n<div class=\"wp-block-column is-vertically-aligned-center is-layout-flow wp-block-column-is-layout-flow\">\n<h2 class=\"wp-block-heading\">Armoires de salle de bains en acier inoxydable Caract\u00e9ristiques :<\/h2>\n\n\n\n<p><strong>Construction enti\u00e8rement en acier inoxydable<\/strong>: Fabriqu\u00e9 en acier inoxydable de haute qualit\u00e9, il est \u00e9tanche, r\u00e9sistant au feu et \u00e0 la corrosion. Contrairement au MDF ou au PVC, il ne se d\u00e9formera pas, ne se fissurera pas et ne moisira pas, garantissant ainsi plus de 20 ans d'utilisation.<\/p>\n\n\n\n<p><strong>Respectueux de l'environnement et sans formald\u00e9hyde :<\/strong> L'acier inoxydable de qualit\u00e9 sup\u00e9rieure ne contient pas de rev\u00eatements nocifs, ce qui est id\u00e9al pour les appartements soucieux de l'environnement et les h\u00f4tels verts.<\/p>\n\n\n\n<p><strong>Armoire de toilette intelligente semi-ouverte en aluminium : <\/strong>L'armoire de toilette en aluminium r\u00e9sistant \u00e0 la corrosion est dot\u00e9e d'un rangement cach\u00e9 \u00e9clair\u00e9 par LED sur la gauche et d'une \u00e9tag\u00e8re ouverte \u00e0 trois niveaux sur la droite, combinant intimit\u00e9 et acc\u00e8s facile aux objets essentiels de la vie quotidienne.<\/p>\n\n\n\n<p><strong>Grille italienne minimaliste<\/strong>: Les panneaux de grille lin\u00e9aire de couleur claire aux bords arrondis adoucissent l'aspect m\u00e9tallique, am\u00e9liorant l'attrait visuel et apportant une esth\u00e9tique moderne et haut de gamme.<\/p>\n\n\n\n<p><strong>Cuvette int\u00e9gr\u00e9e en c\u00e9ramique autonettoyante :<\/strong> \u00c9vier en c\u00e9ramique d'une seule pi\u00e8ce, cuit \u00e0 haute temp\u00e9rature, avec une gla\u00e7ure lisse et dense et un bassin profond, offrant une grande r\u00e9sistance aux taches, un nettoyage facile et une pr\u00e9vention des \u00e9claboussures.<\/p>\n\n\n\n<p><strong>Solutions sanitaires compl\u00e8tes OEM\/ODM<\/strong>: De la conception et de la s\u00e9lection des mat\u00e9riaux \u00e0 la production et au contr\u00f4le de la qualit\u00e9, le fabricant SEGA offre un service complet de personnalisation et de livraison B2B fiable pour les h\u00f4tels, les appartements et les projets commerciaux.<\/p>\n<\/div>\n\n\n\n<div class=\"wp-block-column is-layout-flow wp-block-column-is-layout-flow\">\n<figure class=\"wp-block-image size-full\"><img decoding=\"async\" width=\"600\" height=\"800\" src=\"https:\/\/www.segasanitary.com\/wp-content\/uploads\/2026\/03\/bathroom-cabinets-wholesale-stainless-steel-bathroom-vanity-custom.webp\" alt=\"armoires de salle de bain en gros vanit\u00e9 de salle de bain en acier inoxydable sur mesure\" class=\"wp-image-625\" srcset=\"https:\/\/www.segasanitary.com\/wp-content\/uploads\/2026\/03\/bathroom-cabinets-wholesale-stainless-steel-bathroom-vanity-custom.webp 600w, https:\/\/www.segasanitary.com\/wp-content\/uploads\/2026\/03\/bathroom-cabinets-wholesale-stainless-steel-bathroom-vanity-custom-225x300.webp 225w\" sizes=\"(max-width: 600px) 100vw, 600px\" \/><\/figure>\n<\/div>\n<\/div>","protected":false},"excerpt":{"rendered":"<p>Les armoires de salle de bains en gros sont dot\u00e9es d'un miroir intelligent semi-ouvert avec \u00e9clairage LED, d'une vasque profonde en c\u00e9ramique et d'\u00e9tag\u00e8res \u00e0 plusieurs niveaux pour une utilisation organis\u00e9e et pratique. SEGA sanitary ware factory direct supplies. Renseignez-vous d\u00e8s maintenant pour les commandes en gros et la personnalisation des projets !<\/p>\n<h2>Sp\u00e9cifications du produit :<\/h2>\n<table>\n<tbody>\n<tr>\n<td><strong>Attribut<\/strong><\/td>\n<td>\u00a0<span data-path-to-node=\"13,0,1,0\">Sp\u00e9cifications<\/span><\/td>\n<\/tr>\n<tr>\n<td><strong>Mod\u00e8le<\/strong><\/td>\n<td>\u00a0<span data-path-to-node=\"22,1,1,0\">204-70<\/span><\/td>\n<\/tr>\n<tr>\n<td><strong>Mat\u00e9riau de l'armoire<\/strong><\/td>\n<td>\u00a0Acier inoxydable<\/td>\n<\/tr>\n<tr>\n<td><strong>Mat\u00e9riau du bassin<\/strong><\/td>\n<td>\u00a0C\u00e9ramique<\/td>\n<\/tr>\n<tr>\n<td><strong>Taille<\/strong><\/td>\n<td><span data-path-to-node=\"22,1,1,0\">\u00a0700 x 400 x 500 mm<\/span><\/td>\n<\/tr>\n<tr>\n<td><strong>Type de miroir<\/strong><\/td>\n<td><span data-path-to-node=\"22,6,1,0\">\u00a0Armoire de toilette murale<\/span><\/td>\n<\/tr>\n<tr>\n<td><strong>Finition<\/strong><\/td>\n<td>\u00a0Finition moderne de la grille<\/td>\n<\/tr>\n<tr>\n<td><strong>Installation<\/strong><\/td>\n<td><span data-path-to-node=\"22,4,1,0\">\u00a0Fixation murale \/ flottante<\/span><\/td>\n<\/tr>\n<\/tbody>\n<\/table>","protected":false},"featured_media":621,"comment_status":"closed","ping_status":"closed","template":"","meta":{"_acf_changed":false},"product_brand":[],"product_cat":[20,46],"product_tag":[],"class_list":{"0":"post-623","1":"product","2":"type-product","3":"status-publish","4":"has-post-thumbnail","6":"product_cat-wholesale-bathroom-cabinet","7":"product_cat-wholesale-stainless-steel-bathroom-cabinet","9":"first","10":"instock","11":"shipping-taxable","12":"product-type-simple"},"acf":[],"_links":{"self":[{"href":"https:\/\/www.segasanitary.com\/fr\/wp-json\/wp\/v2\/product\/623","targetHints":{"allow":["GET"]}}],"collection":[{"href":"https:\/\/www.segasanitary.com\/fr\/wp-json\/wp\/v2\/product"}],"about":[{"href":"https:\/\/www.segasanitary.com\/fr\/wp-json\/wp\/v2\/types\/product"}],"replies":[{"embeddable":true,"href":"https:\/\/www.segasanitary.com\/fr\/wp-json\/wp\/v2\/comments?post=623"}],"wp:featuredmedia":[{"embeddable":true,"href":"https:\/\/www.segasanitary.com\/fr\/wp-json\/wp\/v2\/media\/621"}],"wp:attachment":[{"href":"https:\/\/www.segasanitary.com\/fr\/wp-json\/wp\/v2\/media?parent=623"}],"wp:term":[{"taxonomy":"product_brand","embeddable":true,"href":"https:\/\/www.segasanitary.com\/fr\/wp-json\/wp\/v2\/product_brand?post=623"},{"taxonomy":"product_cat","embeddable":true,"href":"https:\/\/www.segasanitary.com\/fr\/wp-json\/wp\/v2\/product_cat?post=623"},{"taxonomy":"product_tag","embeddable":true,"href":"https:\/\/www.segasanitary.com\/fr\/wp-json\/wp\/v2\/product_tag?post=623"}],"curies":[{"name":"wp","href":"https:\/\/api.w.org\/{rel}","templated":true}]}}