{"id":613,"date":"2026-03-20T00:59:28","date_gmt":"2026-03-20T00:59:28","guid":{"rendered":"https:\/\/www.segasanitary.com\/?post_type=product&#038;p=613"},"modified":"2026-03-20T07:03:40","modified_gmt":"2026-03-20T07:03:40","slug":"bathroom-cabinet-wholesale","status":"publish","type":"product","link":"https:\/\/www.segasanitary.com\/fr\/product\/bathroom-cabinet-wholesale\/","title":{"rendered":"Armoire de salle de bains Wholesale MDF Floating Bathroom Vanity with Sink Supplier"},"content":{"rendered":"<div class=\"wp-block-columns is-layout-flex wp-container-core-columns-is-layout-9d6595d7 wp-block-columns-is-layout-flex\">\n<div class=\"wp-block-column is-vertically-aligned-center is-layout-flow wp-block-column-is-layout-flow\">\n<h2 class=\"wp-block-heading\">Armoire de salle de bain en MDF Caract\u00e9ristiques :<\/h2>\n\n\n\n<p><strong>Design mural flottant<\/strong>: La structure murale moderne cr\u00e9e un aspect flottant propre et minimaliste tout en facilitant le nettoyage du sol, ce qui est id\u00e9al pour les projets d'h\u00f4tels et d'appartements tr\u00e8s fr\u00e9quent\u00e9s.<\/p>\n\n\n\n<p><strong>MDF de qualit\u00e9 E1 avec finition m\u00e9lamin\u00e9e<\/strong>: Fabriqu\u00e9 en MDF E1 haute densit\u00e9 avec traitement anti-humidit\u00e9, associ\u00e9 \u00e0 une surface en m\u00e9lamine grain de bois clair qui offre durabilit\u00e9, r\u00e9sistance aux rayures et performances anti-traces de doigts.<\/p>\n\n\n\n<p><strong>Cuvette en c\u00e9ramique int\u00e9gr\u00e9e<\/strong>: \u00c9quip\u00e9 d'un \u00e9vier en c\u00e9ramique d'une seule pi\u00e8ce cuit \u00e0 haute temp\u00e9rature, dot\u00e9 d'une surface \u00e9maill\u00e9e lisse \u00e0 faible absorption d'eau qui garantit une propret\u00e9 \u00e0 long terme et une r\u00e9sistance aux taches et au jaunissement.<\/p>\n\n\n\n<p><strong>Solution de rangement intelligente pour les miroirs<\/strong>: L'armoire de toilette comprend une \u00e9tag\u00e8re ouverte pour les objets quotidiens et des compartiments cach\u00e9s pour un rangement organis\u00e9, am\u00e9liorant ainsi la fonctionnalit\u00e9 et l'attrait visuel.<\/p>\n\n\n\n<p><strong>Conception \u00e0 grande capacit\u00e9 optimis\u00e9e en termes d'espace<\/strong>: L'agencement int\u00e9rieur bien pens\u00e9 maximise l'efficacit\u00e9 du stockage, ce qui le rend adapt\u00e9 aux salles de bains compactes et aux environnements commerciaux.<\/p>\n\n\n\n<p><strong>Options de personnalisation flexibles<\/strong>: Permet des ajustements de taille, des finitions multiples (grain de bois ou couleurs mates) et des configurations sur mesure pour r\u00e9pondre aux diff\u00e9rentes pr\u00e9f\u00e9rences du march\u00e9 et aux exigences du projet.<\/p>\n<\/div>\n\n\n\n<div class=\"wp-block-column is-layout-flow wp-block-column-is-layout-flow\">\n<figure class=\"wp-block-image size-full\"><img decoding=\"async\" width=\"800\" height=\"800\" src=\"https:\/\/www.segasanitary.com\/wp-content\/uploads\/2026\/03\/bathroom-cabinet-wholesale-floating-bathroom-vanity-with-sink-supplier-SJ005.webp\" alt=\"meuble de salle de bain en gros meuble de salle de bain flottant avec lavabo fournisseur SJ005\" class=\"wp-image-614\" srcset=\"https:\/\/www.segasanitary.com\/wp-content\/uploads\/2026\/03\/bathroom-cabinet-wholesale-floating-bathroom-vanity-with-sink-supplier-SJ005.webp 800w, https:\/\/www.segasanitary.com\/wp-content\/uploads\/2026\/03\/bathroom-cabinet-wholesale-floating-bathroom-vanity-with-sink-supplier-SJ005-300x300.webp 300w, https:\/\/www.segasanitary.com\/wp-content\/uploads\/2026\/03\/bathroom-cabinet-wholesale-floating-bathroom-vanity-with-sink-supplier-SJ005-150x150.webp 150w, https:\/\/www.segasanitary.com\/wp-content\/uploads\/2026\/03\/bathroom-cabinet-wholesale-floating-bathroom-vanity-with-sink-supplier-SJ005-768x768.webp 768w, https:\/\/www.segasanitary.com\/wp-content\/uploads\/2026\/03\/bathroom-cabinet-wholesale-floating-bathroom-vanity-with-sink-supplier-SJ005-600x600.webp 600w, https:\/\/www.segasanitary.com\/wp-content\/uploads\/2026\/03\/bathroom-cabinet-wholesale-floating-bathroom-vanity-with-sink-supplier-SJ005-100x100.webp 100w\" sizes=\"(max-width: 800px) 100vw, 800px\" \/><\/figure>\n<\/div>\n<\/div>","protected":false},"excerpt":{"rendered":"<p>Armoire de salle de bain en gros con\u00e7ue pour les h\u00f4tels, les appartements et les projets commerciaux, offrant une construction durable en MDF, des conceptions murales modernes, un espace de stockage multiple et une personnalisation OEM compl\u00e8te. Contactez-nous pour obtenir des prix de gros et une assistance pour vos projets.<\/p>\n<h2>Sp\u00e9cifications du produit :<\/h2>\n<table>\n<tbody>\n<tr>\n<td><strong>Attribut<\/strong><\/td>\n<td>\u00a0<span data-path-to-node=\"13,0,1,0\">Sp\u00e9cifications<\/span><\/td>\n<\/tr>\n<tr>\n<td><strong>Mod\u00e8le<\/strong><\/td>\n<td>\u00a0<span data-path-to-node=\"22,1,1,0\">SJ005<\/span><\/td>\n<\/tr>\n<tr>\n<td><strong>Mat\u00e9riau de l'armoire<\/strong><\/td>\n<td>MDF<\/td>\n<\/tr>\n<tr>\n<td><strong>Mat\u00e9riau du bassin<\/strong><\/td>\n<td>C\u00e9ramique<\/td>\n<\/tr>\n<tr>\n<td><strong>Type de miroir<\/strong><\/td>\n<td><span data-path-to-node=\"22,6,1,0\">Armoire de toilette avec \u00e9tag\u00e8res ouvertes<\/span><\/td>\n<\/tr>\n<tr>\n<td><strong>Finition<\/strong><\/td>\n<td>Grain de bois naturel<\/td>\n<\/tr>\n<tr>\n<td><strong>Installation<\/strong><\/td>\n<td><span data-path-to-node=\"22,4,1,0\">Fixation murale \/ flottante<\/span><\/td>\n<\/tr>\n<\/tbody>\n<\/table>","protected":false},"featured_media":614,"comment_status":"closed","ping_status":"closed","template":"","meta":{"_acf_changed":false},"product_brand":[],"product_cat":[20,43],"product_tag":[],"class_list":{"0":"post-613","1":"product","2":"type-product","3":"status-publish","4":"has-post-thumbnail","6":"product_cat-wholesale-bathroom-cabinet","7":"product_cat-wholesale-mdf-bathroom-cabinet","9":"first","10":"instock","11":"shipping-taxable","12":"product-type-simple"},"acf":[],"_links":{"self":[{"href":"https:\/\/www.segasanitary.com\/fr\/wp-json\/wp\/v2\/product\/613","targetHints":{"allow":["GET"]}}],"collection":[{"href":"https:\/\/www.segasanitary.com\/fr\/wp-json\/wp\/v2\/product"}],"about":[{"href":"https:\/\/www.segasanitary.com\/fr\/wp-json\/wp\/v2\/types\/product"}],"replies":[{"embeddable":true,"href":"https:\/\/www.segasanitary.com\/fr\/wp-json\/wp\/v2\/comments?post=613"}],"wp:featuredmedia":[{"embeddable":true,"href":"https:\/\/www.segasanitary.com\/fr\/wp-json\/wp\/v2\/media\/614"}],"wp:attachment":[{"href":"https:\/\/www.segasanitary.com\/fr\/wp-json\/wp\/v2\/media?parent=613"}],"wp:term":[{"taxonomy":"product_brand","embeddable":true,"href":"https:\/\/www.segasanitary.com\/fr\/wp-json\/wp\/v2\/product_brand?post=613"},{"taxonomy":"product_cat","embeddable":true,"href":"https:\/\/www.segasanitary.com\/fr\/wp-json\/wp\/v2\/product_cat?post=613"},{"taxonomy":"product_tag","embeddable":true,"href":"https:\/\/www.segasanitary.com\/fr\/wp-json\/wp\/v2\/product_tag?post=613"}],"curies":[{"name":"wp","href":"https:\/\/api.w.org\/{rel}","templated":true}]}}