{"id":584,"date":"2026-03-19T08:13:36","date_gmt":"2026-03-19T08:13:36","guid":{"rendered":"https:\/\/www.segasanitary.com\/?post_type=product&#038;p=584"},"modified":"2026-03-19T08:38:17","modified_gmt":"2026-03-19T08:38:17","slug":"wholesale-smart-toilets","status":"publish","type":"product","link":"https:\/\/www.segasanitary.com\/fr\/product\/wholesale-smart-toilets\/","title":{"rendered":"Wholesale Smart Toilets Modern, Tankless Smart Toilet Supplier"},"content":{"rendered":"<div class=\"wp-block-columns is-layout-flex wp-container-core-columns-is-layout-9d6595d7 wp-block-columns-is-layout-flex\">\n<div class=\"wp-block-column is-vertically-aligned-center is-layout-flow wp-block-column-is-layout-flow\">\n<h2 class=\"wp-block-heading\">Toilettes intelligentes Caract\u00e9ristiques :<\/h2>\n\n\n\n<p><strong>Limite de pression d'eau z\u00e9ro<\/strong>: Le syst\u00e8me de surpression int\u00e9gr\u00e9 garantit un rin\u00e7age puissant, m\u00eame en cas de basse pression ou dans les immeubles de grande hauteur.<\/p>\n\n\n\n<p><strong>Technologie du bouclier \u00e0 bulles \u00e0 180<\/strong>: Cr\u00e9e une couche de mousse protectrice pour \u00e9viter les \u00e9claboussures, emprisonner les odeurs et r\u00e9duire l'a\u00e9rosolisation des bact\u00e9ries.<\/p>\n\n\n\n<p><strong>Suite d'hygi\u00e8ne avanc\u00e9e<\/strong>: Comprend une buse st\u00e9rilis\u00e9e aux UV, une tige de pulv\u00e9risation autonettoyante et une th\u00e9rapie infrarouge de qualit\u00e9 m\u00e9dicale pour le bien-\u00eatre et l'hygi\u00e8ne.<\/p>\n\n\n\n<p><strong>Fonctionnement sans contact<\/strong>: La chasse d'eau par capteur de pied et l'ouverture automatique du couvercle minimisent le contact physique pour une exp\u00e9rience sans germes.<\/p>\n\n\n\n<p><strong>Contr\u00f4le intelligent de la temp\u00e9rature et du confort<\/strong>: Le chauffage instantan\u00e9 de l'eau, le si\u00e8ge chauffant et le s\u00e9choir \u00e0 air chaud offrent un confort tout au long de l'ann\u00e9e aux utilisateurs finaux.<\/p>\n\n\n\n<p><strong>Int\u00e9gration de l'aromath\u00e9rapie<\/strong>: Le module d'aromath\u00e9rapie int\u00e9gr\u00e9 de qualit\u00e9 automobile maintient la fra\u00eecheur dans les salles de bains, ajoutant ainsi un \u00e9l\u00e9ment de diff\u00e9renciation au niveau du commerce de d\u00e9tail.<\/p>\n\n\n\n<p><strong>Soutien complet au projet<\/strong>: Le fabricant d'appareils sanitaires SEGA propose la personnalisation de logos, l'approvisionnement en vrac, l'assistance \u00e0 l'installation et une production de qualit\u00e9 pour les projets B2B mondiaux.<\/p>\n<\/div>\n\n\n\n<div class=\"wp-block-column is-layout-flow wp-block-column-is-layout-flow\">\n<figure class=\"wp-block-image size-full\"><img decoding=\"async\" width=\"573\" height=\"800\" src=\"https:\/\/www.segasanitary.com\/wp-content\/uploads\/2026\/03\/wholesale-smart-toilets-tankless-smart-toilet-supplier.webp\" alt=\"toilettes intelligentes en gros toilettes intelligentes sans r\u00e9servoir fournisseur de toilettes intelligentes\" class=\"wp-image-599\" srcset=\"https:\/\/www.segasanitary.com\/wp-content\/uploads\/2026\/03\/wholesale-smart-toilets-tankless-smart-toilet-supplier.webp 573w, https:\/\/www.segasanitary.com\/wp-content\/uploads\/2026\/03\/wholesale-smart-toilets-tankless-smart-toilet-supplier-215x300.webp 215w\" sizes=\"(max-width: 573px) 100vw, 573px\" \/><\/figure>\n<\/div>\n<\/div>","protected":false},"excerpt":{"rendered":"<p>Les toilettes intelligentes en gros sont dot\u00e9es d'une chasse d'eau sans pression, d'une protection contre les bulles d'air \u00e0 180\u00b0, d'une st\u00e9rilisation aux UV, d'un fonctionnement sans contact et d'un contr\u00f4le intelligent de la temp\u00e9rature. Fourniture directe par l'usine avec une qualit\u00e9 stricte, certifi\u00e9e CUPC\/CE\/SASO, id\u00e9ale pour les h\u00f4tels haut de gamme, les appartements et les projets commerciaux. N'h\u00e9sitez pas \u00e0 nous contacter pour obtenir le catalogue des produits !<\/p>\n<h2>Sp\u00e9cifications du produit :<\/h2>\n<table>\n<tbody>\n<tr>\n<td><strong>Attribut<\/strong><\/td>\n<td>\u00a0<span data-path-to-node=\"13,0,1,0\">Sp\u00e9cifications<\/span><\/td>\n<\/tr>\n<tr>\n<td><strong>Mod\u00e8le<\/strong><\/td>\n<td>612<\/td>\n<\/tr>\n<tr>\n<td><strong>Type de produit<\/strong><\/td>\n<td>Toilettes intelligentes<\/td>\n<\/tr>\n<tr>\n<td><strong>Mat\u00e9riau<\/strong><\/td>\n<td>C\u00e9ramique<\/td>\n<\/tr>\n<tr>\n<td><strong>Couleur<\/strong><\/td>\n<td>Blanc (couleurs personnalis\u00e9es disponibles)<\/td>\n<\/tr>\n<tr>\n<td><strong>Syst\u00e8me de rin\u00e7age<\/strong><\/td>\n<td>Rin\u00e7age en cas de panne d'\u00e9lectricit\u00e9 + Rin\u00e7age automatique siphonique<\/td>\n<\/tr>\n<tr>\n<td><strong>Taille du produit<\/strong><\/td>\n<td>700 \u00d7 430 \u00d7 460 mm<\/td>\n<\/tr>\n<tr>\n<td><strong>Rough-in<\/strong><\/td>\n<td>300 \/ 400 mm<\/td>\n<\/tr>\n<tr>\n<td><strong>Type d'installation<\/strong><\/td>\n<td>Montage au sol<\/td>\n<\/tr>\n<\/tbody>\n<\/table>","protected":false},"featured_media":600,"comment_status":"closed","ping_status":"closed","template":"","meta":{"_acf_changed":false},"product_brand":[],"product_cat":[23,30],"product_tag":[],"class_list":{"0":"post-584","1":"product","2":"type-product","3":"status-publish","4":"has-post-thumbnail","6":"product_cat-wholesale-toilets","7":"product_cat-wholesale-smart-toilet","9":"first","10":"instock","11":"shipping-taxable","12":"product-type-simple"},"acf":[],"_links":{"self":[{"href":"https:\/\/www.segasanitary.com\/fr\/wp-json\/wp\/v2\/product\/584","targetHints":{"allow":["GET"]}}],"collection":[{"href":"https:\/\/www.segasanitary.com\/fr\/wp-json\/wp\/v2\/product"}],"about":[{"href":"https:\/\/www.segasanitary.com\/fr\/wp-json\/wp\/v2\/types\/product"}],"replies":[{"embeddable":true,"href":"https:\/\/www.segasanitary.com\/fr\/wp-json\/wp\/v2\/comments?post=584"}],"wp:featuredmedia":[{"embeddable":true,"href":"https:\/\/www.segasanitary.com\/fr\/wp-json\/wp\/v2\/media\/600"}],"wp:attachment":[{"href":"https:\/\/www.segasanitary.com\/fr\/wp-json\/wp\/v2\/media?parent=584"}],"wp:term":[{"taxonomy":"product_brand","embeddable":true,"href":"https:\/\/www.segasanitary.com\/fr\/wp-json\/wp\/v2\/product_brand?post=584"},{"taxonomy":"product_cat","embeddable":true,"href":"https:\/\/www.segasanitary.com\/fr\/wp-json\/wp\/v2\/product_cat?post=584"},{"taxonomy":"product_tag","embeddable":true,"href":"https:\/\/www.segasanitary.com\/fr\/wp-json\/wp\/v2\/product_tag?post=584"}],"curies":[{"name":"wp","href":"https:\/\/api.w.org\/{rel}","templated":true}]}}