{"id":579,"date":"2026-03-19T07:35:32","date_gmt":"2026-03-19T07:35:32","guid":{"rendered":"https:\/\/www.segasanitary.com\/?post_type=product&#038;p=579"},"modified":"2026-03-19T08:05:14","modified_gmt":"2026-03-19T08:05:14","slug":"one-piece-toilet-wholesale","status":"publish","type":"product","link":"https:\/\/www.segasanitary.com\/fr\/product\/one-piece-toilet-wholesale\/","title":{"rendered":"Toilettes monoblocs Wholesale, Toilettes modernes pour projets commerciaux et r\u00e9sidentiels Fournisseur"},"content":{"rendered":"<div class=\"wp-block-columns is-layout-flex wp-container-core-columns-is-layout-9d6595d7 wp-block-columns-is-layout-flex\">\n<div class=\"wp-block-column is-vertically-aligned-center is-layout-flow wp-block-column-is-layout-flow\">\n<h2 class=\"wp-block-heading\">Toilette monobloc Caract\u00e9ristiques :<\/h2>\n\n\n\n<p><strong>Rin\u00e7age siphonique Super Swirl :<\/strong> La puissante chasse d'eau centrifuge \u00e0 double buse assure une couverture \u00e0 360 degr\u00e9s, nettoyant efficacement l'ensemble de la cuvette tout en utilisant moins d'eau.<\/p>\n\n\n\n<p><strong>Conception int\u00e9gr\u00e9e en une seule pi\u00e8ce :<\/strong> Moul\u00e9 en une seule unit\u00e9 pour \u00e9liminer les interstices, pr\u00e9venir les fuites et faciliter consid\u00e9rablement l'entretien de la surface pour les utilisateurs finaux.<\/p>\n\n\n\n<p><strong>Surface Nano-Glaze :<\/strong> Appliqu\u00e9e par cuisson \u00e0 haute temp\u00e9rature, la gla\u00e7ure autonettoyante est ultra-lisse et antibact\u00e9rienne, emp\u00eachant les taches et les odeurs d'adh\u00e9rer.<\/p>\n\n\n\n<p><strong>Double chasse d'eau \u00c9conomies d'eau :<\/strong> Syst\u00e8me de chasse d'eau \u00e9cologique con\u00e7u pour r\u00e9pondre aux normes internationales de conservation de l'eau sans compromettre les performances.<\/p>\n\n\n\n<p><strong>Logistique pr\u00eate \u00e0 l'emploi :<\/strong> Disponible dans les options standard de 300\/400 mm pour s'adapter aux diverses exigences internationales en mati\u00e8re de plomberie.<\/p>\n<\/div>\n\n\n\n<div class=\"wp-block-column is-layout-flow wp-block-column-is-layout-flow\">\n<figure class=\"wp-block-image size-full\"><img decoding=\"async\" width=\"640\" height=\"640\" src=\"https:\/\/www.segasanitary.com\/wp-content\/uploads\/2026\/03\/one-piece-toilet-wholesale-modern-toilet-supplier.webp\" alt=\"Toilettes monoblocs grossiste Toilettes modernes fournisseur\" class=\"wp-image-582\" srcset=\"https:\/\/www.segasanitary.com\/wp-content\/uploads\/2026\/03\/one-piece-toilet-wholesale-modern-toilet-supplier.webp 640w, https:\/\/www.segasanitary.com\/wp-content\/uploads\/2026\/03\/one-piece-toilet-wholesale-modern-toilet-supplier-300x300.webp 300w, https:\/\/www.segasanitary.com\/wp-content\/uploads\/2026\/03\/one-piece-toilet-wholesale-modern-toilet-supplier-150x150.webp 150w, https:\/\/www.segasanitary.com\/wp-content\/uploads\/2026\/03\/one-piece-toilet-wholesale-modern-toilet-supplier-600x600.webp 600w, https:\/\/www.segasanitary.com\/wp-content\/uploads\/2026\/03\/one-piece-toilet-wholesale-modern-toilet-supplier-100x100.webp 100w\" sizes=\"(max-width: 640px) 100vw, 640px\" \/><\/figure>\n<\/div>\n<\/div>","protected":false},"excerpt":{"rendered":"<p>Toilettes monoblocs en gros avec chasse d'eau siphonique \u00e0 super tourbillon, double chasse d'eau \u00e0 \u00e9conomie d'eau et surface nano-glac\u00e9e. Facile \u00e0 entretenir, pr\u00eat \u00e0 l'emploi, support OEM\/ODM, id\u00e9al pour les h\u00f4tels et les appartements. Contactez-nous pour des devis en gros.\u00a0<\/p>\n<h2>Sp\u00e9cifications du produit :<\/h2>\n<table>\n<tbody>\n<tr>\n<td><strong>Attribut<\/strong><\/td>\n<td>\u00a0<span data-path-to-node=\"13,0,1,0\">Sp\u00e9cifications<\/span><\/td>\n<\/tr>\n<tr>\n<td><strong>Mod\u00e8le<\/strong><\/td>\n<td>M-9308<\/td>\n<\/tr>\n<tr>\n<td><strong>Type de produit<\/strong><\/td>\n<td>Toilettes en une pi\u00e8ce<\/td>\n<\/tr>\n<tr>\n<td><strong>Mat\u00e9riau<\/strong><\/td>\n<td>C\u00e9ramique<\/td>\n<\/tr>\n<tr>\n<td><strong>Couleur<\/strong><\/td>\n<td>Blanc (couleurs personnalis\u00e9es disponibles)<\/td>\n<\/tr>\n<tr>\n<td><strong>Syst\u00e8me de rin\u00e7age<\/strong><\/td>\n<td>Rin\u00e7age au vortex<\/td>\n<\/tr>\n<tr>\n<td><strong>Taille du produit<\/strong><\/td>\n<td>685 \u00d7 380 \u00d7 755 mm<\/td>\n<\/tr>\n<tr>\n<td><strong>Rough-in<\/strong><\/td>\n<td>300 \/ 400 mm<\/td>\n<\/tr>\n<tr>\n<td><strong>Type d'installation<\/strong><\/td>\n<td>Montage au sol<\/td>\n<\/tr>\n<\/tbody>\n<\/table>","protected":false},"featured_media":580,"comment_status":"closed","ping_status":"closed","template":"","meta":{"_acf_changed":false},"product_brand":[],"product_cat":[23,27],"product_tag":[],"class_list":{"0":"post-579","1":"product","2":"type-product","3":"status-publish","4":"has-post-thumbnail","6":"product_cat-wholesale-toilets","7":"product_cat-wholesale-one-piece-toilet","9":"first","10":"instock","11":"shipping-taxable","12":"product-type-simple"},"acf":[],"_links":{"self":[{"href":"https:\/\/www.segasanitary.com\/fr\/wp-json\/wp\/v2\/product\/579","targetHints":{"allow":["GET"]}}],"collection":[{"href":"https:\/\/www.segasanitary.com\/fr\/wp-json\/wp\/v2\/product"}],"about":[{"href":"https:\/\/www.segasanitary.com\/fr\/wp-json\/wp\/v2\/types\/product"}],"replies":[{"embeddable":true,"href":"https:\/\/www.segasanitary.com\/fr\/wp-json\/wp\/v2\/comments?post=579"}],"wp:featuredmedia":[{"embeddable":true,"href":"https:\/\/www.segasanitary.com\/fr\/wp-json\/wp\/v2\/media\/580"}],"wp:attachment":[{"href":"https:\/\/www.segasanitary.com\/fr\/wp-json\/wp\/v2\/media?parent=579"}],"wp:term":[{"taxonomy":"product_brand","embeddable":true,"href":"https:\/\/www.segasanitary.com\/fr\/wp-json\/wp\/v2\/product_brand?post=579"},{"taxonomy":"product_cat","embeddable":true,"href":"https:\/\/www.segasanitary.com\/fr\/wp-json\/wp\/v2\/product_cat?post=579"},{"taxonomy":"product_tag","embeddable":true,"href":"https:\/\/www.segasanitary.com\/fr\/wp-json\/wp\/v2\/product_tag?post=579"}],"curies":[{"name":"wp","href":"https:\/\/api.w.org\/{rel}","templated":true}]}}