{"id":572,"date":"2026-03-19T06:52:29","date_gmt":"2026-03-19T06:52:29","guid":{"rendered":"https:\/\/www.segasanitary.com\/?post_type=product&#038;p=572"},"modified":"2026-03-19T07:15:17","modified_gmt":"2026-03-19T07:15:17","slug":"wholesale-wall-mounted-toilet","status":"publish","type":"product","link":"https:\/\/www.segasanitary.com\/fr\/product\/wholesale-wall-mounted-toilet\/","title":{"rendered":"Wholesale Wall-Mounted Toilet, Black Tankless Toilet Suppliers"},"content":{"rendered":"<div class=\"wp-block-columns is-layout-flex wp-container-core-columns-is-layout-9d6595d7 wp-block-columns-is-layout-flex\">\n<div class=\"wp-block-column is-vertically-aligned-center is-layout-flow wp-block-column-is-layout-flow\">\n<h2 class=\"wp-block-heading\">Toilette murale Caract\u00e9ristiques :<\/h2>\n\n\n\n<p><strong>Finition noire mate de premi\u00e8re qualit\u00e9<\/strong>: Cuit deux fois \u00e0 1280\u00b0C avec un \u00e9mail de haute qualit\u00e9, il offre une surface lisse et mate qui r\u00e9siste aux taches et aux empreintes digitales - id\u00e9al pour les projets de salles de bains modernes et haut de gamme.<\/p>\n\n\n\n<p><strong>Conception murale ultra-compacte<\/strong>: La projection courte de 495 mm maximise l'efficacit\u00e9 de l'espace, tandis que la structure murale am\u00e9liore l'ouverture visuelle et simplifie le nettoyage du sol.<\/p>\n\n\n\n<p><strong>Chasse d'eau hygi\u00e9nique sans rebord<\/strong>: La technologie sans rebord garantit une couverture compl\u00e8te de la cuvette sans bords cach\u00e9s, r\u00e9duisant ainsi l'accumulation de bact\u00e9ries et les efforts de nettoyage dans les \u00e9tablissements commerciaux.<\/p>\n\n\n\n<p><strong>Compatibilit\u00e9 d'installation universelle<\/strong>: Le montage standard de 180 mm et la sortie de 100 mm s'adaptent parfaitement aux principaux syst\u00e8mes de r\u00e9servoirs de chasse encastr\u00e9s tels que Geberit et Grohe, garantissant ainsi une int\u00e9gration facile dans les projets globaux.<\/p>\n\n\n\n<p><strong>Performance des charges lourdes<\/strong>: Con\u00e7u pour \u00eatre robuste, il peut supporter une charge allant jusqu'\u00e0 400 kg lorsqu'il est associ\u00e9 \u00e0 un cadre ad\u00e9quat. Il r\u00e9pond aux exigences de s\u00e9curit\u00e9 pour une utilisation r\u00e9sidentielle et commerciale.<\/p>\n\n\n\n<p><strong>Soutien fiable \u00e0 la fabrication OEM\/ODM<\/strong>: Sega propose la personnalisation du logo, un contr\u00f4le coh\u00e9rent des couleurs d'un lot \u00e0 l'autre, un approvisionnement stable en vrac et une exp\u00e9rience \u00e0 long terme de l'exportation avec des conseils d'installation et une garantie compl\u00e8te.<\/p>\n<\/div>\n\n\n\n<div class=\"wp-block-column is-layout-flow wp-block-column-is-layout-flow\">\n<figure class=\"wp-block-image size-full\"><img decoding=\"async\" width=\"800\" height=\"800\" src=\"https:\/\/www.segasanitary.com\/wp-content\/uploads\/2026\/03\/wholesale-wall-mounted-toilet-black-tankless-toilet-suppliers.webp\" alt=\"wholesale wall mounted toilet, black tankless toilet suppliers\" class=\"wp-image-577\" srcset=\"https:\/\/www.segasanitary.com\/wp-content\/uploads\/2026\/03\/wholesale-wall-mounted-toilet-black-tankless-toilet-suppliers.webp 800w, https:\/\/www.segasanitary.com\/wp-content\/uploads\/2026\/03\/wholesale-wall-mounted-toilet-black-tankless-toilet-suppliers-300x300.webp 300w, https:\/\/www.segasanitary.com\/wp-content\/uploads\/2026\/03\/wholesale-wall-mounted-toilet-black-tankless-toilet-suppliers-150x150.webp 150w, https:\/\/www.segasanitary.com\/wp-content\/uploads\/2026\/03\/wholesale-wall-mounted-toilet-black-tankless-toilet-suppliers-768x768.webp 768w, https:\/\/www.segasanitary.com\/wp-content\/uploads\/2026\/03\/wholesale-wall-mounted-toilet-black-tankless-toilet-suppliers-600x600.webp 600w, https:\/\/www.segasanitary.com\/wp-content\/uploads\/2026\/03\/wholesale-wall-mounted-toilet-black-tankless-toilet-suppliers-100x100.webp 100w\" sizes=\"(max-width: 800px) 100vw, 800px\" \/><\/figure>\n<\/div>\n<\/div>","protected":false},"excerpt":{"rendered":"<p>Les toilettes murales Wholesale pr\u00e9sentent une finition noire mate de qualit\u00e9 sup\u00e9rieure, un design compact de 495 mm et une hygi\u00e8ne sans rebord pour un nettoyage facile. Id\u00e9al pour les h\u00f4tels, les appartements et les projets commerciaux. SEGA propose la personnalisation OEM\/ODM, un approvisionnement en vrac fiable et une assistance compl\u00e8te \u00e0 l'installation. Contactez-nous pour un devis en gros !<\/p>\n<h2>Sp\u00e9cifications du produit :<\/h2>\n<table>\n<tbody>\n<tr>\n<td><strong>Attribut<\/strong><\/td>\n<td>\u00a0<span data-path-to-node=\"13,0,1,0\">Sp\u00e9cifications<\/span><\/td>\n<\/tr>\n<tr>\n<td><strong>Mod\u00e8le<\/strong><\/td>\n<td>K-4881<\/td>\n<\/tr>\n<tr>\n<td><strong>Type de produit<\/strong><\/td>\n<td><span data-path-to-node=\"22,1,1,0\">Toilettes suspendues \/ flottantes<\/span><\/td>\n<\/tr>\n<tr>\n<td><strong>Mat\u00e9riau<\/strong><\/td>\n<td>C\u00e9ramique<\/td>\n<\/tr>\n<tr>\n<td><strong>Couleur<\/strong><\/td>\n<td>Noir mat (couleurs personnalis\u00e9es disponibles)<\/td>\n<\/tr>\n<tr>\n<td><strong>Syst\u00e8me de rin\u00e7age<\/strong><\/td>\n<td>\n<p><span style=\"font-family: inherit; font-size: inherit;\">Lavage \u00e0 sec<\/span><\/p>\n<\/td>\n<\/tr>\n<tr>\n<td><strong>Taille du produit<\/strong><\/td>\n<td>495 \u00d7 365 \u00d7 365 mm<\/td>\n<\/tr>\n<tr>\n<td><strong>Centres de r\u00e9paration<\/strong><\/td>\n<td>180 mm (standard)<\/td>\n<\/tr>\n<tr>\n<td><strong>Type d'installation<\/strong><\/td>\n<td>Accrochage mural \/ Montage mural<\/td>\n<\/tr>\n<\/tbody>\n<\/table>","protected":false},"featured_media":577,"comment_status":"closed","ping_status":"closed","template":"","meta":{"_acf_changed":false},"product_brand":[],"product_cat":[23,28],"product_tag":[],"class_list":{"0":"post-572","1":"product","2":"type-product","3":"status-publish","4":"has-post-thumbnail","6":"product_cat-wholesale-toilets","7":"product_cat-wholesale-wall-hung-toilet","9":"first","10":"instock","11":"shipping-taxable","12":"product-type-simple"},"acf":[],"_links":{"self":[{"href":"https:\/\/www.segasanitary.com\/fr\/wp-json\/wp\/v2\/product\/572","targetHints":{"allow":["GET"]}}],"collection":[{"href":"https:\/\/www.segasanitary.com\/fr\/wp-json\/wp\/v2\/product"}],"about":[{"href":"https:\/\/www.segasanitary.com\/fr\/wp-json\/wp\/v2\/types\/product"}],"replies":[{"embeddable":true,"href":"https:\/\/www.segasanitary.com\/fr\/wp-json\/wp\/v2\/comments?post=572"}],"wp:featuredmedia":[{"embeddable":true,"href":"https:\/\/www.segasanitary.com\/fr\/wp-json\/wp\/v2\/media\/577"}],"wp:attachment":[{"href":"https:\/\/www.segasanitary.com\/fr\/wp-json\/wp\/v2\/media?parent=572"}],"wp:term":[{"taxonomy":"product_brand","embeddable":true,"href":"https:\/\/www.segasanitary.com\/fr\/wp-json\/wp\/v2\/product_brand?post=572"},{"taxonomy":"product_cat","embeddable":true,"href":"https:\/\/www.segasanitary.com\/fr\/wp-json\/wp\/v2\/product_cat?post=572"},{"taxonomy":"product_tag","embeddable":true,"href":"https:\/\/www.segasanitary.com\/fr\/wp-json\/wp\/v2\/product_tag?post=572"}],"curies":[{"name":"wp","href":"https:\/\/api.w.org\/{rel}","templated":true}]}}