{"id":569,"date":"2026-03-19T06:11:45","date_gmt":"2026-03-19T06:11:45","guid":{"rendered":"https:\/\/www.segasanitary.com\/?post_type=product&#038;p=569"},"modified":"2026-03-19T06:33:18","modified_gmt":"2026-03-19T06:33:18","slug":"two-piece-toilet-custom","status":"publish","type":"product","link":"https:\/\/www.segasanitary.com\/fr\/product\/two-piece-toilet-custom\/","title":{"rendered":"Toilettes en deux parties sur mesure, fabricant de toilettes en c\u00e9ramique"},"content":{"rendered":"<div class=\"wp-block-columns is-layout-flex wp-container-core-columns-is-layout-9d6595d7 wp-block-columns-is-layout-flex\">\n<div class=\"wp-block-column is-vertically-aligned-center is-layout-flow wp-block-column-is-layout-flow\">\n<h2 class=\"wp-block-heading\">Toilettes deux pi\u00e8ces Caract\u00e9ristiques :<\/h2>\n\n\n\n<p><strong>Compatibilit\u00e9 avec le drainage flexible :<\/strong> Prend en charge les purgeurs en S (250 mm) et les purgeurs en P (180 mm), ce qui lui permet de s'adapter aux diverses normes de plomberie sur les march\u00e9s mondiaux tout en r\u00e9duisant la complexit\u00e9 des unit\u00e9s de stock pour les distributeurs.<\/p>\n\n\n\n<p><strong>C\u00e9ramique de qualit\u00e9 commerciale Durabilit\u00e9 :<\/strong> Cuit \u00e0 1280\u00b0C avec une absorption d'eau inf\u00e9rieure \u00e0 0,5%, ce qui garantit un corps dense, r\u00e9sistant aux fissures et ne jaunissant pas, adapt\u00e9 aux environnements commerciaux \u00e0 fort trafic.<\/p>\n\n\n\n<p><strong>Syst\u00e8me de lavage \u00e0 haute efficacit\u00e9<\/strong>: \u00c9quip\u00e9 d'une sortie de grand diam\u00e8tre et d'une puissante technologie de lavage, combin\u00e9e \u00e0 une double fonction de chasse d'eau pour \u00e9quilibrer les performances \u00e9lev\u00e9es et les exigences en mati\u00e8re d'\u00e9conomie d'eau.<\/p>\n\n\n\n<p><strong>Conception compacte et peu encombrante<\/strong>La projection courte de 650 mm optimise l'agencement des salles de bains, ce qui est id\u00e9al pour les h\u00f4tels, les appartements et les projets dont l'espace est limit\u00e9, sans compromettre le confort ou l'esth\u00e9tique.<\/p>\n\n\n\n<p><strong>Surface Nano Glaze facile \u00e0 nettoyer<\/strong>: Le gla\u00e7age nano autonettoyant avanc\u00e9 r\u00e9siste aux taches et \u00e0 l'accumulation de bact\u00e9ries, ce qui r\u00e9duit consid\u00e9rablement la fr\u00e9quence d'entretien et les co\u00fbts d'exploitation.<\/p>\n\n\n\n<p><strong>Un soutien solide \u00e0 la fabrication OEM\/ODM<\/strong>: Fabricant professionnel proposant la personnalisation du logo, la conception de l'emballage, la production en vrac et un soutien complet du projet avec un contr\u00f4le de qualit\u00e9 strict.<\/p>\n<\/div>\n\n\n\n<div class=\"wp-block-column is-layout-flow wp-block-column-is-layout-flow\">\n<figure class=\"wp-block-image size-full\"><img decoding=\"async\" width=\"800\" height=\"800\" src=\"https:\/\/www.segasanitary.com\/wp-content\/uploads\/2026\/03\/two-piece-toilet-custom-ceramic-toilet-manufacturers.webp\" alt=\"toilettes en deux parties toilettes en c\u00e9ramique fabriqu\u00e9es sur mesure\" class=\"wp-image-570\" srcset=\"https:\/\/www.segasanitary.com\/wp-content\/uploads\/2026\/03\/two-piece-toilet-custom-ceramic-toilet-manufacturers.webp 800w, https:\/\/www.segasanitary.com\/wp-content\/uploads\/2026\/03\/two-piece-toilet-custom-ceramic-toilet-manufacturers-300x300.webp 300w, https:\/\/www.segasanitary.com\/wp-content\/uploads\/2026\/03\/two-piece-toilet-custom-ceramic-toilet-manufacturers-150x150.webp 150w, https:\/\/www.segasanitary.com\/wp-content\/uploads\/2026\/03\/two-piece-toilet-custom-ceramic-toilet-manufacturers-768x768.webp 768w, https:\/\/www.segasanitary.com\/wp-content\/uploads\/2026\/03\/two-piece-toilet-custom-ceramic-toilet-manufacturers-600x600.webp 600w, https:\/\/www.segasanitary.com\/wp-content\/uploads\/2026\/03\/two-piece-toilet-custom-ceramic-toilet-manufacturers-100x100.webp 100w\" sizes=\"(max-width: 800px) 100vw, 800px\" \/><\/figure>\n<\/div>\n<\/div>","protected":false},"excerpt":{"rendered":"<p>Les toilettes personnalis\u00e9es \u00e0 deux pi\u00e8ces offrent une compatibilit\u00e9 globale avec les siphons S\/P, une c\u00e9ramique durable \u00e0 haute temp\u00e9rature, une double chasse d'eau efficace et une conception compacte. Soutenu par une fabrication OEM\/ODM fiable, il garantit une qualit\u00e9 constante et un approvisionnement en vrac stable. Directement de l'usine, certifi\u00e9 CUPC\/CE\/SASO, contactez-nous pour un devis comp\u00e9titif en gros.<\/p>\n<h2>Sp\u00e9cifications du produit :<\/h2>\n<table>\n<tbody>\n<tr>\n<td><strong>Attribut<\/strong><\/td>\n<td>\u00a0<span data-path-to-node=\"13,0,1,0\">Sp\u00e9cifications<\/span><\/td>\n<\/tr>\n<tr>\n<td><strong>Mod\u00e8le<\/strong><\/td>\n<td>M-5020<\/td>\n<\/tr>\n<tr>\n<td><strong>Type de produit<\/strong><\/td>\n<td>Toilettes deux pi\u00e8ces<\/td>\n<\/tr>\n<tr>\n<td><strong>Mat\u00e9riau<\/strong><\/td>\n<td>C\u00e9ramique<\/td>\n<\/tr>\n<tr>\n<td><strong>Couleur<\/strong><\/td>\n<td>Blanc (couleurs personnalis\u00e9es disponibles)<\/td>\n<\/tr>\n<tr>\n<td><strong>Syst\u00e8me de rin\u00e7age<\/strong><\/td>\n<td>Rin\u00e7age de l'installation de lavage<\/td>\n<\/tr>\n<tr>\n<td><strong>Taille du produit<\/strong><\/td>\n<td><span data-path-to-node=\"9,4,1,0\"><span class=\"math-inline\" data-math=\"650 \\times 340 \\times 770mm\" data-index-in-node=\"0\">650 x 340 x 770mm<\/span><\/span><\/td>\n<\/tr>\n<tr>\n<td><strong>Rough-in<\/strong><\/td>\n<td>\u00a0<span data-path-to-node=\"21,6,1,0\">Siphon en S : 250 mm \/ Siphon en P : 180 mm<\/span><\/td>\n<\/tr>\n<tr>\n<td><strong>Type d'installation<\/strong><\/td>\n<td>Montage au sol<\/td>\n<\/tr>\n<\/tbody>\n<\/table>","protected":false},"featured_media":570,"comment_status":"closed","ping_status":"closed","template":"","meta":{"_acf_changed":false},"product_brand":[],"product_cat":[23,29],"product_tag":[],"class_list":{"0":"post-569","1":"product","2":"type-product","3":"status-publish","4":"has-post-thumbnail","6":"product_cat-wholesale-toilets","7":"product_cat-wholesale-two-piece-toilet","9":"first","10":"instock","11":"shipping-taxable","12":"product-type-simple"},"acf":[],"_links":{"self":[{"href":"https:\/\/www.segasanitary.com\/fr\/wp-json\/wp\/v2\/product\/569","targetHints":{"allow":["GET"]}}],"collection":[{"href":"https:\/\/www.segasanitary.com\/fr\/wp-json\/wp\/v2\/product"}],"about":[{"href":"https:\/\/www.segasanitary.com\/fr\/wp-json\/wp\/v2\/types\/product"}],"replies":[{"embeddable":true,"href":"https:\/\/www.segasanitary.com\/fr\/wp-json\/wp\/v2\/comments?post=569"}],"wp:featuredmedia":[{"embeddable":true,"href":"https:\/\/www.segasanitary.com\/fr\/wp-json\/wp\/v2\/media\/570"}],"wp:attachment":[{"href":"https:\/\/www.segasanitary.com\/fr\/wp-json\/wp\/v2\/media?parent=569"}],"wp:term":[{"taxonomy":"product_brand","embeddable":true,"href":"https:\/\/www.segasanitary.com\/fr\/wp-json\/wp\/v2\/product_brand?post=569"},{"taxonomy":"product_cat","embeddable":true,"href":"https:\/\/www.segasanitary.com\/fr\/wp-json\/wp\/v2\/product_cat?post=569"},{"taxonomy":"product_tag","embeddable":true,"href":"https:\/\/www.segasanitary.com\/fr\/wp-json\/wp\/v2\/product_tag?post=569"}],"curies":[{"name":"wp","href":"https:\/\/api.w.org\/{rel}","templated":true}]}}